{"id":72384,"date":"2025-07-29T10:18:43","date_gmt":"2025-07-29T10:18:43","guid":{"rendered":"https:\/\/fv6qoy3ls0.wpdns.site\/produto\/sombrilla-falconeyes-puk-102gs-plata-oro-100cm\/"},"modified":"2026-01-31T01:42:26","modified_gmt":"2026-01-31T01:42:26","slug":"falconeyes-sombrilla-falconeyes-puk-102gs-plata-oro-100cm","status":"publish","type":"product","link":"https:\/\/hi-techwonder.com\/es\/producto\/falconeyes-sombrilla-falconeyes-puk-102gs-plata-oro-100cm\/","title":{"rendered":"Sombrilla FALCONEYES PUK-102GS Plata\/Oro 100cm"},"content":{"rendered":"<p><span style=\"font-size: small\">Este paraguas flash FalconEyes est\u00e1 hecho de un revestimiento blanco transl\u00facido (difuso). Adem\u00e1s del paraguas flash, se proporciona una cubierta suelta con un lado dorado y un lado plateado. Esta cubierta se puede utilizar para reflejar la luz. Al usar el lado dorado, el paraguas flash se puede usar para crear un efecto &#8216;c\u00e1lido&#8217;. El lado plateado crea una luz muy \u00abdura\u00bb.    <\/p>\n<p>Los paraguas de flash FalconEyes est\u00e1n s\u00f3lidamente construidos.<\/p>\n<p><strong>Recursos:<\/strong><\/p>\n<p>FalconEyes PUK-102GS Paraguas Oro\/Plata 100 cm (reversible)<br \/>Construcci\u00f3n s\u00f3lida<br \/>Se puede utilizar para la mayor\u00eda de los flashes de estudio y luces continuas<br \/>Plegable y f\u00e1cil de transportar<\/span><\/p>\n<p><span style=\"font-size: small\">&nbsp;<\/span><\/p>\n<p><span style=\"font-size: small\">Marca: Falcon Eyes<br \/>Tipo de paraguas: Paraguas de reflexi\u00f3n<br \/>Color interior: plata, dorado<br \/>Color exterior: Plata, Oro<br \/>Di\u00e1metro: 100 cm<br \/>Longitud de la varilla (cm): 71<br \/>Di\u00e1metro de la varilla (mm): 8<\/span><\/p>\n","protected":false},"excerpt":{"rendered":"<p>Este paraguas flash FalconEyes est\u00e1 hecho de un revestimiento blanco transl\u00facido (difuso). Adem\u00e1s del paraguas flash, se proporciona una cubierta<\/p>\n","protected":false},"featured_media":61531,"comment_status":"closed","ping_status":"open","template":"","meta":{"_acf_changed":false},"product_brand":[2579],"product_cat":[1017],"product_tag":[],"class_list":{"0":"post-72384","1":"product","2":"type-product","3":"status-publish","4":"has-post-thumbnail","6":"product_brand-falconeyes-es","7":"product_cat-reflectoras-es","9":"first","10":"instock","11":"taxable","12":"shipping-taxable","13":"purchasable","14":"product-type-simple"},"bundled_by":[],"bundle_stock_status":"instock","bundle_stock_quantity":1,"bundle_virtual":false,"bundle_layout":"","bundle_add_to_cart_form_location":"","bundle_editable_in_cart":false,"bundle_sold_individually_context":"","bundle_item_grouping":"","bundle_min_size":"","bundle_max_size":"","bundle_price":[],"bundled_items":[],"bundle_sell_ids":[],"acf":[],"_links":{"self":[{"href":"https:\/\/hi-techwonder.com\/es\/wp-json\/wp\/v2\/product\/72384","targetHints":{"allow":["GET"]}}],"collection":[{"href":"https:\/\/hi-techwonder.com\/es\/wp-json\/wp\/v2\/product"}],"about":[{"href":"https:\/\/hi-techwonder.com\/es\/wp-json\/wp\/v2\/types\/product"}],"replies":[{"embeddable":true,"href":"https:\/\/hi-techwonder.com\/es\/wp-json\/wp\/v2\/comments?post=72384"}],"wp:featuredmedia":[{"embeddable":true,"href":"https:\/\/hi-techwonder.com\/es\/wp-json\/wp\/v2\/media\/61531"}],"wp:attachment":[{"href":"https:\/\/hi-techwonder.com\/es\/wp-json\/wp\/v2\/media?parent=72384"}],"wp:term":[{"taxonomy":"product_brand","embeddable":true,"href":"https:\/\/hi-techwonder.com\/es\/wp-json\/wp\/v2\/product_brand?post=72384"},{"taxonomy":"product_cat","embeddable":true,"href":"https:\/\/hi-techwonder.com\/es\/wp-json\/wp\/v2\/product_cat?post=72384"},{"taxonomy":"product_tag","embeddable":true,"href":"https:\/\/hi-techwonder.com\/es\/wp-json\/wp\/v2\/product_tag?post=72384"}],"curies":[{"name":"wp","href":"https:\/\/api.w.org\/{rel}","templated":true}]}}