{"id":72386,"date":"2025-07-29T10:58:48","date_gmt":"2025-07-29T10:58:48","guid":{"rendered":"https:\/\/fv6qoy3ls0.wpdns.site\/produto\/feelworld-fw568-v3-4k-ips-6-monitor\/"},"modified":"2026-02-06T11:16:42","modified_gmt":"2026-02-06T11:16:42","slug":"feelworld-fw568-v3-4k-ips-6-monitor","status":"publish","type":"product","link":"https:\/\/hi-techwonder.com\/es\/producto\/feelworld-fw568-v3-4k-ips-6-monitor\/","title":{"rendered":"FEELWORLD FW568 V3 4K IPS 6&#8243; Monitor"},"content":{"rendered":"<p style=\"color: #333333; font-family: 'Open Sans'; font-size: 13px; margin: 0px; padding: 6px 0px; background-color: #ffffff;\"><strong>PEQUE\u00d1O EN TAMA\u00d1O, GRANDE EN VENTAJA<\/strong><br \/>El FW568 es peque\u00f1o, liviano y tiene una gran calidad de imagen.<br \/>El tama\u00f1o peque\u00f1o es extremadamente \u00fatil cuando se dispara en espacios reducidos y donde el peso es importante, como con los cardanes.<br \/>El FW568 es el monitor perfecto para aquellos que necesitan un monitor ligero y f\u00e1cil de usar en la c\u00e1mara, como los operadores de card\u00e1n o los tiradores que siempre est\u00e1n en movimiento.<\/p>\n<p style=\"color: #333333; font-family: 'Open Sans'; font-size: 13px; margin: 0px; padding: 6px 0px; background-color: #ffffff;\"><strong>CONTROLES Y MEN\u00daS<\/strong><br \/>Los controles del men\u00fa son intuitivos y f\u00e1ciles de usar.<br \/>En la parte superior del monitor, hay tres botones de funci\u00f3n personalizados que puede configurar como funciones comunes; Presione \u00ab&lt;\u00bb directamente para disminuir el volumen; presione \u00ab&gt;\u00bb directamente para aumentar el volumen.<br \/>El monitor guardar\u00e1 autom\u00e1ticamente los par\u00e1metros que estableciste anteriormente y mantendr\u00e1 la configuraci\u00f3n original cuando lo enciendas la pr\u00f3xima vez.<br \/>No es necesario restablecerlo, lo cual es conveniente y simple.<\/p>\n<p style=\"color: #333333; font-family: 'Open Sans'; font-size: 13px; margin: 0px; padding: 6px 0px; background-color: #ffffff;\"><strong>ALTA RESOLUCI\u00d3N, M\u00c1S BRILLANTE Y LLENA DE COLORES<\/strong><br \/>El FW568 V3 proporciona una imagen n\u00edtida, ideal para enfocar y analizar im\u00e1genes en el set y en el campo.<br \/>Con alta resoluci\u00f3n nativa de 1920&#215;1080 y pantalla de 16:9, brillo de 450cd\/m2, relaci\u00f3n de contraste de 1000:1, ofrece excelentes detalles, para que pueda disfrutar de im\u00e1genes con colores m\u00e1s claros y ricos, visualizaci\u00f3n uniforme a pantalla completa, sin diferencias, sin rastros.<br \/>Su tama\u00f1o, peso y resoluci\u00f3n lo convierten en una opci\u00f3n atractiva para los fot\u00f3grafos DSLR que desean conectarlo directamente a su c\u00e1mara.<\/p>\n<p style=\"color: #333333; font-family: 'Open Sans'; font-size: 13px; margin: 0px; padding: 6px 0px; background-color: #ffffff;\"><strong>AMPLIOS \u00c1NGULOS DE VISI\u00d3N PARA UNA VISIBILIDAD COMPLETA<\/strong><br \/>El monitor IPS le brinda una vista visual amplia para disfrutar, brinda claridad de imagen y colores consistentes desde un \u00e1ngulo de visi\u00f3n de 160 grados vertical y horizontalmente.<br \/>Y el amplio \u00e1ngulo de visi\u00f3n facilita que varios miembros de la tripulaci\u00f3n miren al mismo tiempo.<\/p>\n<p style=\"color: #333333; font-family: 'Open Sans'; font-size: 13px; margin: 0px; padding: 6px 0px; background-color: #ffffff;\"><strong>ENTRADA Y SALIDA DE BUCLE HDMI 4K<\/strong><br \/>El FW568 cuenta con entrada y salida de bucle HDMI 4K, lo que le permite no solo mostrar se\u00f1ales en vivo, sino tambi\u00e9n enviarlas a otros monitores simult\u00e1neamente.<br \/>Es la capacidad de mostrar im\u00e1genes en vivo en varios monitores al mismo tiempo mientras se mantiene la calidad de video original.<\/p>\n<p style=\"color: #333333; font-family: 'Open Sans'; font-size: 13px; margin: 0px; padding: 6px 0px; background-color: #ffffff;\"><strong>CONECTARSE A DIRECTOR MONITOR<\/strong><br \/>Muestre im\u00e1genes en vivo en varios monitores simult\u00e1neamente.<br \/>4k en el monitor de la c\u00e1mara<\/p>\n<p style=\"color: #333333; font-family: 'Open Sans'; font-size: 13px; margin: 0px; padding: 6px 0px; background-color: #ffffff;\"><strong>CONEXI\u00d3N AL PROYECTOR<\/strong><br \/>En concierto, transmisi\u00f3n en vivo, conferencia, puede conectarse para proyectar im\u00e1genes en tiempo real.<\/p>\n<p style=\"color: #333333; font-family: 'Open Sans'; font-size: 13px; margin: 0px; padding: 6px 0px; background-color: #ffffff;\"><strong>POTENCIA AUXILIAR<\/strong><br \/>Carga de energ\u00eda en tiempo real para c\u00e1maras<br \/>Un puerto de salida de CC le permite alimentar su c\u00e1mara directamente desde una bater\u00eda de la serie L o LP-E6 NP-F montada en el monitor, lo que aumenta el tiempo de ejecuci\u00f3n de las bater\u00edas est\u00e1ndar de muchas c\u00e1maras DSLR o sin espejo.<br \/>Adem\u00e1s, puede monitorear el audio usando el conector para auriculares est\u00e9reo de 3.5 mm.<\/p>\n<p style=\"color: #333333; font-family: 'Open Sans'; font-size: 13px; margin: 0px; padding: 6px 0px; background-color: #ffffff;\"><strong>M\u00daLTIPLES MODOS DE FUENTE DE ALIMENTACI\u00d3N<\/strong><br \/>Adem\u00e1s de la entrada de alimentaci\u00f3n de CC de 12 V (puede usar un adaptador de 12 V \/ 1.5 A), el FW568 V3 tambi\u00e9n tiene una placa de bater\u00eda de doble funci\u00f3n F970 \/ LP-E6 compatible y admite una entrada tipo C de 5 V que puede ser alimentada por cargadores de tel\u00e9fonos m\u00f3viles o bancos de energ\u00eda (al menos 5 V \/ 2 A).<\/p>\n<p style=\"color: #333333; font-family: 'Open Sans'; font-size: 13px; margin: 0px; padding: 6px 0px; background-color: #ffffff;\"><strong>MONITOR DE POTENCIA FLEXIBLE<\/strong><br \/>Color verdadero \u00b7 Calibraci\u00f3n de color profesional<br \/>Utilice el est\u00e1ndar de color Rec.709<br \/>FEELWORLD utiliza el est\u00e1ndar de color profesional Rec.709 HD y utiliza la tecnolog\u00eda de calibraci\u00f3n de color, con la calibraci\u00f3n profesional del instrumento en la f\u00e1brica, puede lograr la calibraci\u00f3n del monitor de manera eficiente y lograr una reproducci\u00f3n precisa del color f\u00e1cilmente, no distorsione el color, muestre la imagen real al grabar el video. <\/p>\n<p style=\"color: #333333; font-family: 'Open Sans'; font-size: 13px; margin: 0px; padding: 6px 0px; background-color: #ffffff;\"><strong>REPRODUCCI\u00d3N PRECISA DEL COLOR<\/strong><br \/>El monitor FEELWORLD es compatible con los est\u00e1ndares de la UIT y el espacio de color consistente est\u00e1ndar de video HD Rec.709, tecnolog\u00eda avanzada de procesamiento de im\u00e1genes, para que la imagen se presente claramente, el color sea extremadamente natural, para garantizar una reproducci\u00f3n precisa del color, para reproducir la naturaleza f\u00edsica de la toma, lo que permite a los usuarios evaluar con precisi\u00f3n la calidad de varias se\u00f1ales de video de entrada.<\/p>\n<p style=\"color: #333333; font-family: 'Open Sans'; font-size: 13px; margin: 0px; padding: 6px 0px; background-color: #ffffff;\"><strong>Contenido de la caja: <\/strong><br \/>1x monitor<br \/>1x Cable Micro HDMI<br \/>1x sombrilla<br \/>1x brazo basculante<br \/>1x Tipo-C a USB<br \/>1x Manual<\/p>\n<p style=\"color: #333333; font-family: 'Open Sans'; font-size: 13px; margin: 0px; padding: 6px 0px; background-color: #ffffff;\">Caracter\u00edsticas t\u00e9cnicas:<\/p>\n<div class=\"ty-product-feature\" style=\"-webkit-tap-highlight-color: rgba(0, 0, 0, 0); box-sizing: border-box; color: #666666; font-family: Arial, Helvetica, sans-serif; font-size: 13px; padding: 10px; letter-spacing: 0.007px; background-color: #ffffff;\"><span class=\"ty-product-feature__label\" style=\"-webkit-tap-highlight-color: rgba(0, 0, 0, 0); box-sizing: border-box; display: inline-block; width: 280px; vertical-align: top;\">Marca:&nbsp;<\/span><\/p>\n<div class=\"ty-product-feature__value\" style=\"-webkit-tap-highlight-color: rgba(0, 0, 0, 0); box-sizing: border-box; display: inline-block; margin-left: 5px;\">FEELWORLD<\/div>\n<\/div>\n<div class=\"ty-product-feature-group\" style=\"-webkit-tap-highlight-color: rgba(0, 0, 0, 0); box-sizing: border-box; color: #666666; font-family: Arial, Helvetica, sans-serif; font-size: 13px; margin-bottom: 10px; letter-spacing: 0.007px; background-color: #ffffff;\">\n<div class=\"ty-subheader\" style=\"-webkit-tap-highlight-color: rgba(0, 0, 0, 0); box-sizing: border-box; color: #45818e; font-size: 14px; font-weight: bold; margin: 0px; padding: 10px; letter-spacing: normal;\">V\u00eddeo<\/div>\n<div class=\"ty-product-feature\" style=\"-webkit-tap-highlight-color: rgba(0, 0, 0, 0); box-sizing: border-box; padding: 10px; background: #fafafa; display: flex; flex-flow: row; justify-content: flex-start; align-items: flex-start;\">Conexi\u00f3n:<\/p>\n<div class=\"ty-product-feature__value\" style=\"-webkit-tap-highlight-color: rgba(0, 0, 0, 0); box-sizing: border-box; display: inline-block; margin-left: 5px;\">1x Entrada HDMI | 1x salida HDMI \/ 1x salida DC<\/div>\n<\/div>\n<\/div>\n<div class=\"ty-product-feature-group\" style=\"-webkit-tap-highlight-color: rgba(0, 0, 0, 0); box-sizing: border-box; color: #666666; font-family: Arial, Helvetica, sans-serif; font-size: 13px; margin-bottom: 10px; letter-spacing: 0.007px; background-color: #ffffff;\">\n<div class=\"ty-subheader\" style=\"-webkit-tap-highlight-color: rgba(0, 0, 0, 0); box-sizing: border-box; color: #45818e; font-size: 14px; font-weight: bold; margin: 0px; padding: 10px; letter-spacing: normal;\">Visor, LCD y visor<\/div>\n<div class=\"ty-product-feature\" style=\"-webkit-tap-highlight-color: rgba(0, 0, 0, 0); box-sizing: border-box; padding: 10px; background: #fafafa; display: flex; flex-flow: row; justify-content: flex-start; align-items: flex-start;\">\u00c1ngulo:<\/p>\n<div class=\"ty-product-feature__value\" style=\"-webkit-tap-highlight-color: rgba(0, 0, 0, 0); box-sizing: border-box; display: inline-block; margin-left: 5px;\">80 \u00b0 \/ 80 \u00b0 (L \/ R) 80 \u00b0 \/ 80 \u00b0 (U \/ D)<\/div>\n<\/div>\n<div class=\"ty-product-feature\" style=\"-webkit-tap-highlight-color: rgba(0, 0, 0, 0); box-sizing: border-box; padding: 10px; display: flex; flex-flow: row; justify-content: flex-start; align-items: flex-start;\">Brillo:<\/p>\n<div class=\"ty-product-feature__value\" style=\"-webkit-tap-highlight-color: rgba(0, 0, 0, 0); box-sizing: border-box; display: inline-block; margin-left: 5px;\">450 cd\/m\u00b2<\/div>\n<\/div>\n<div class=\"ty-product-feature\" style=\"-webkit-tap-highlight-color: rgba(0, 0, 0, 0); box-sizing: border-box; padding: 10px; background: #fafafa; display: flex; flex-flow: row; justify-content: flex-start; align-items: flex-start;\">Contraste:<\/p>\n<div class=\"ty-product-feature__value\" style=\"-webkit-tap-highlight-color: rgba(0, 0, 0, 0); box-sizing: border-box; display: inline-block; margin-left: 5px;\">1000:1<\/div>\n<\/div>\n<div class=\"ty-product-feature\" style=\"-webkit-tap-highlight-color: rgba(0, 0, 0, 0); box-sizing: border-box; padding: 10px; display: flex; flex-flow: row; justify-content: flex-start; align-items: flex-start;\">Proporci\u00f3n:<\/p>\n<div class=\"ty-product-feature__value\" style=\"-webkit-tap-highlight-color: rgba(0, 0, 0, 0); box-sizing: border-box; display: inline-block; margin-left: 5px;\">16 : 9<\/div>\n<\/div>\n<div class=\"ty-product-feature\" style=\"-webkit-tap-highlight-color: rgba(0, 0, 0, 0); box-sizing: border-box; padding: 10px; background: #fafafa; display: flex; flex-flow: row; justify-content: flex-start; align-items: flex-start;\">Resoluci\u00f3n LCD:<\/p>\n<div class=\"ty-product-feature__value\" style=\"-webkit-tap-highlight-color: rgba(0, 0, 0, 0); box-sizing: border-box; display: inline-block; margin-left: 5px;\">1920&#215;1080 p\u00edxeles<\/div>\n<\/div>\n<\/div>\n","protected":false},"excerpt":{"rendered":"<p>PEQUE\u00d1O EN TAMA\u00d1O, GRANDE EN VENTAJAEl FW568 es peque\u00f1o, liviano y tiene una gran calidad de imagen.El tama\u00f1o peque\u00f1o es<\/p>\n","protected":false},"featured_media":70311,"comment_status":"closed","ping_status":"open","template":"","meta":{"_acf_changed":false},"product_brand":[2573],"product_cat":[1117],"product_tag":[],"class_list":{"0":"post-72386","1":"product","2":"type-product","3":"status-publish","4":"has-post-thumbnail","6":"product_brand-feelworld-es","7":"product_cat-monitores-grabadores","9":"first","10":"instock","11":"taxable","12":"shipping-taxable","13":"purchasable","14":"product-type-simple"},"bundled_by":[],"bundle_stock_status":"instock","bundle_stock_quantity":1,"bundle_virtual":false,"bundle_layout":"","bundle_add_to_cart_form_location":"","bundle_editable_in_cart":false,"bundle_sold_individually_context":"","bundle_item_grouping":"","bundle_min_size":"","bundle_max_size":"","bundle_price":[],"bundled_items":[],"bundle_sell_ids":[],"acf":[],"_links":{"self":[{"href":"https:\/\/hi-techwonder.com\/es\/wp-json\/wp\/v2\/product\/72386","targetHints":{"allow":["GET"]}}],"collection":[{"href":"https:\/\/hi-techwonder.com\/es\/wp-json\/wp\/v2\/product"}],"about":[{"href":"https:\/\/hi-techwonder.com\/es\/wp-json\/wp\/v2\/types\/product"}],"replies":[{"embeddable":true,"href":"https:\/\/hi-techwonder.com\/es\/wp-json\/wp\/v2\/comments?post=72386"}],"wp:featuredmedia":[{"embeddable":true,"href":"https:\/\/hi-techwonder.com\/es\/wp-json\/wp\/v2\/media\/70311"}],"wp:attachment":[{"href":"https:\/\/hi-techwonder.com\/es\/wp-json\/wp\/v2\/media?parent=72386"}],"wp:term":[{"taxonomy":"product_brand","embeddable":true,"href":"https:\/\/hi-techwonder.com\/es\/wp-json\/wp\/v2\/product_brand?post=72386"},{"taxonomy":"product_cat","embeddable":true,"href":"https:\/\/hi-techwonder.com\/es\/wp-json\/wp\/v2\/product_cat?post=72386"},{"taxonomy":"product_tag","embeddable":true,"href":"https:\/\/hi-techwonder.com\/es\/wp-json\/wp\/v2\/product_tag?post=72386"}],"curies":[{"name":"wp","href":"https:\/\/api.w.org\/{rel}","templated":true}]}}