{"id":72390,"date":"2025-07-29T10:57:16","date_gmt":"2025-07-29T10:57:16","guid":{"rendered":"https:\/\/fv6qoy3ls0.wpdns.site\/produto\/micro-tripode-feiyutech-para-spg-vimble2-g5-g6-g6plus\/"},"modified":"2026-01-31T01:20:55","modified_gmt":"2026-01-31T01:20:55","slug":"feiyutech-micro-tripode-feiyutech-para-spg-vimble2-g5-g6-g6plus","status":"publish","type":"product","link":"https:\/\/hi-techwonder.com\/es\/producto\/feiyutech-micro-tripode-feiyutech-para-spg-vimble2-g5-g6-g6plus\/","title":{"rendered":"Micro tr\u00edpode FEIYUTECH para SPG \/ Vimble2 \/ G5 \/ G6 \/ G6Plus"},"content":{"rendered":"<div id=\"_mcePaste\" style=\"position: absolute;left: -10000px;top: 0px;width: 1px;height: 1px;overflow: hidden\">Este tr\u00edpode es bastante estable, liviano y f\u00e1cil de transportar. Es ideal para apoyar su card\u00e1n cuando desea operarlo de forma remota a trav\u00e9s de la aplicaci\u00f3n, el control remoto o durante la operaci\u00f3n de instalaci\u00f3n de la c\u00e1mara o el tel\u00e9fono inteligente. <\/div>\n<div id=\"_mcePaste\" style=\"position: absolute;left: -10000px;top: 0px;width: 1px;height: 1px;overflow: hidden\">Es compatible con Feiyutech SPG, Vimble2, G5, G6 y G6Plus. Al tener la rosca \u00abuniversal\u00bb, tambi\u00e9n puede usarlo como tr\u00edpode para su c\u00e1mara digital compacta o de acci\u00f3n. <\/div>\n<p><span style=\"color: #000000\">Este tr\u00edpode es bastante estable, liviano y f\u00e1cil de transportar. Es ideal para apoyar su card\u00e1n cuando desea operarlo de forma remota a trav\u00e9s de la aplicaci\u00f3n, el control remoto o durante la operaci\u00f3n de instalaci\u00f3n de la c\u00e1mara o el tel\u00e9fono inteligente. <\/span><\/p>\n<p><span style=\"color: #000000\">&nbsp;<\/span><\/p>\n<p><span style=\"color: #000000\">Es compatible con Feiyutech SPG, Vimble2, G5, G6 y G6Plus. Al tener la rosca \u00abuniversal\u00bb, tambi\u00e9n puede usarlo como tr\u00edpode para su c\u00e1mara digital compacta o de acci\u00f3n. <\/span><\/p>\n","protected":false},"excerpt":{"rendered":"<p>Este tr\u00edpode es bastante estable, liviano y f\u00e1cil de transportar. Es ideal para apoyar su card\u00e1n cuando desea operarlo de<\/p>\n","protected":false},"featured_media":69966,"comment_status":"closed","ping_status":"open","template":"","meta":{"_acf_changed":false},"product_brand":[2718],"product_cat":[1113],"product_tag":[],"class_list":{"0":"post-72390","1":"product","2":"type-product","3":"status-publish","4":"has-post-thumbnail","6":"product_brand-feiyutech-es","7":"product_cat-accesorios-gimbals-video","9":"first","10":"instock","11":"taxable","12":"shipping-taxable","13":"purchasable","14":"product-type-simple"},"bundled_by":[],"bundle_stock_status":"instock","bundle_stock_quantity":1,"bundle_virtual":false,"bundle_layout":"","bundle_add_to_cart_form_location":"","bundle_editable_in_cart":false,"bundle_sold_individually_context":"","bundle_item_grouping":"","bundle_min_size":"","bundle_max_size":"","bundle_price":[],"bundled_items":[],"bundle_sell_ids":[],"acf":[],"_links":{"self":[{"href":"https:\/\/hi-techwonder.com\/es\/wp-json\/wp\/v2\/product\/72390","targetHints":{"allow":["GET"]}}],"collection":[{"href":"https:\/\/hi-techwonder.com\/es\/wp-json\/wp\/v2\/product"}],"about":[{"href":"https:\/\/hi-techwonder.com\/es\/wp-json\/wp\/v2\/types\/product"}],"replies":[{"embeddable":true,"href":"https:\/\/hi-techwonder.com\/es\/wp-json\/wp\/v2\/comments?post=72390"}],"wp:featuredmedia":[{"embeddable":true,"href":"https:\/\/hi-techwonder.com\/es\/wp-json\/wp\/v2\/media\/69966"}],"wp:attachment":[{"href":"https:\/\/hi-techwonder.com\/es\/wp-json\/wp\/v2\/media?parent=72390"}],"wp:term":[{"taxonomy":"product_brand","embeddable":true,"href":"https:\/\/hi-techwonder.com\/es\/wp-json\/wp\/v2\/product_brand?post=72390"},{"taxonomy":"product_cat","embeddable":true,"href":"https:\/\/hi-techwonder.com\/es\/wp-json\/wp\/v2\/product_cat?post=72390"},{"taxonomy":"product_tag","embeddable":true,"href":"https:\/\/hi-techwonder.com\/es\/wp-json\/wp\/v2\/product_tag?post=72390"}],"curies":[{"name":"wp","href":"https:\/\/api.w.org\/{rel}","templated":true}]}}