{"id":72392,"date":"2025-07-29T11:01:10","date_gmt":"2025-07-29T11:01:10","guid":{"rendered":"https:\/\/fv6qoy3ls0.wpdns.site\/produto\/feelworld-tp2a-teleprompter-smartphone-tablet-a-dslr-telefono-movil\/"},"modified":"2026-04-01T16:53:41","modified_gmt":"2026-04-01T15:53:41","slug":"feelworld-tp2a-teleprompter-smartphone-tablet-a-dslr-telefono-movil","status":"publish","type":"product","link":"https:\/\/hi-techwonder.com\/es\/producto\/feelworld-tp2a-teleprompter-smartphone-tablet-a-dslr-telefono-movil\/","title":{"rendered":"FEELWORLD TP2A Teleprompter Smartphone\/Tablet a DSLR\/Tel\u00e9fono m\u00f3vil"},"content":{"rendered":"<p><strong>FEELWORLD TP2A Teleprompter Smartphone\/Tablet a DSLR\/Tel\u00e9fono m\u00f3vil<\/strong><\/p>\n<p>El TP2A de Feelworld es un teleprompter port\u00e1til y ligero dise\u00f1ado para creadores de contenido. Se usa junto con un tel\u00e9fono inteligente o tableta mientras su c\u00e1mara DSLR o tel\u00e9fono est\u00e1 grabando, y le permite leer texto claramente sobre la marcha mientras mira directamente a la c\u00e1mara o al tel\u00e9fono. <\/p>\n<p><strong>Construcci\u00f3n robusta y f\u00e1cil montaje<\/strong><\/p>\n<p>TP2A utiliza material pl\u00e1stico industrial ABS ecol\u00f3gico, que es altamente resistente y robusto. Tiene un dise\u00f1o compacto y port\u00e1til, es f\u00e1cil de transportar y adecuado para un montaje r\u00e1pido y f\u00e1cil. <\/p>\n<p><strong>Teleprompter de la aplicaci\u00f3n + control remoto Bluetooth<\/strong><\/p>\n<p>TP2A tiene una aplicaci\u00f3n para smartphone o tablet compatible con los sistemas operativos iOS y Android. Con el mando a distancia Bluetooth incluido, tambi\u00e9n puedes reproducir y pausar c\u00f3modamente, as\u00ed como ralentizar o acelerar el movimiento de los textos, el color de fondo, etc. <\/p>\n<p><strong>Instalaci\u00f3n mediante racor roscado de 1\/4&#8243;<\/strong><\/p>\n<p>En la parte inferior del teleprompter hay una rosca est\u00e1ndar de 1\/4&#8243; para montaje y compatibilidad con cualquier tr\u00edpode o soporte de luz.<\/p>\n<p><strong>Compacto, ligero y f\u00e1cil de transportar<\/strong><\/p>\n<p>TP2A es extremadamente compacto, con un peso de solo 300 gramos. Incluye una bolsa de tela para protecci\u00f3n y transporte c\u00f3modo, y un pa\u00f1o de microfibra para mantener el equipo limpio en todo momento. <\/p>\n<p><iframe loading=\"lazy\" style=\"min-height: 500px; width: 100%; height: auto;\" src=\"https:\/\/www.youtube.com\/embed\/5yaw_xljTrs\" width=\"560\" height=\"314\" allowfullscreen=\"allowfullscreen\"><\/iframe><\/p>\n<p><strong>Caracter\u00edsticas t\u00e9cnicas<\/strong><\/p>\n<ul>\n<li>Material: ABS<\/li>\n<li>Abrazadera\/soporte para smartphone o tableta de hasta 8 pulgadas<\/li>\n<li>Soporte magn\u00e9tico para grabar desde un tel\u00e9fono inteligente que admite orientaci\u00f3n vertical u horizontal<\/li>\n<li>Con ocho anillos adaptadores de objetivo de 49, 52, 55, 58, 58, 62, 67, 72, 72 y 77 mm<\/li>\n<li>Distancia focal recomendada: no menos de 35 mm<\/li>\n<li>Compatibilidad con iOS y Android<\/li>\n<li>Aplicaci\u00f3n de control remoto Bluetooth<\/li>\n<li>Dimensiones: 205x97x171 mm<\/li>\n<li>Peso: 300 gramos<\/li>\n<\/ul>\n<p><strong>Instrucciones:<\/strong><\/p>\n<p><strong><iframe loading=\"lazy\" style=\"min-height: 500px; width: 100%; height: auto;\" src=\"https:\/\/www.youtube.com\/embed\/uJFvIxp935U\" width=\"560\" height=\"314\" allowfullscreen=\"allowfullscreen\"><\/iframe><\/strong><\/p>\n","protected":false},"excerpt":{"rendered":"<p>FEELWORLD TP2A Teleprompter Smartphone\/Tablet a DSLR\/Tel\u00e9fono m\u00f3vil El TP2A de Feelworld es un teleprompter port\u00e1til y ligero dise\u00f1ado para creadores<\/p>\n","protected":false},"featured_media":70874,"comment_status":"closed","ping_status":"open","template":"","meta":{"_acf_changed":false},"product_brand":[2573],"product_cat":[1119],"product_tag":[],"class_list":{"0":"post-72392","1":"product","2":"type-product","3":"status-publish","4":"has-post-thumbnail","6":"product_brand-feelworld-es","7":"product_cat-teleprompter","9":"first","10":"instock","11":"taxable","12":"shipping-taxable","13":"purchasable","14":"product-type-simple"},"bundled_by":[],"bundle_stock_status":"instock","bundle_stock_quantity":2,"bundle_virtual":false,"bundle_layout":"","bundle_add_to_cart_form_location":"","bundle_editable_in_cart":false,"bundle_sold_individually_context":"","bundle_item_grouping":"","bundle_min_size":"","bundle_max_size":"","bundle_price":[],"bundled_items":[],"bundle_sell_ids":[],"acf":[],"_links":{"self":[{"href":"https:\/\/hi-techwonder.com\/es\/wp-json\/wp\/v2\/product\/72392","targetHints":{"allow":["GET"]}}],"collection":[{"href":"https:\/\/hi-techwonder.com\/es\/wp-json\/wp\/v2\/product"}],"about":[{"href":"https:\/\/hi-techwonder.com\/es\/wp-json\/wp\/v2\/types\/product"}],"replies":[{"embeddable":true,"href":"https:\/\/hi-techwonder.com\/es\/wp-json\/wp\/v2\/comments?post=72392"}],"wp:featuredmedia":[{"embeddable":true,"href":"https:\/\/hi-techwonder.com\/es\/wp-json\/wp\/v2\/media\/70874"}],"wp:attachment":[{"href":"https:\/\/hi-techwonder.com\/es\/wp-json\/wp\/v2\/media?parent=72392"}],"wp:term":[{"taxonomy":"product_brand","embeddable":true,"href":"https:\/\/hi-techwonder.com\/es\/wp-json\/wp\/v2\/product_brand?post=72392"},{"taxonomy":"product_cat","embeddable":true,"href":"https:\/\/hi-techwonder.com\/es\/wp-json\/wp\/v2\/product_cat?post=72392"},{"taxonomy":"product_tag","embeddable":true,"href":"https:\/\/hi-techwonder.com\/es\/wp-json\/wp\/v2\/product_tag?post=72392"}],"curies":[{"name":"wp","href":"https:\/\/api.w.org\/{rel}","templated":true}]}}