{"id":72394,"date":"2025-07-29T11:01:10","date_gmt":"2025-07-29T11:01:10","guid":{"rendered":"https:\/\/fv6qoy3ls0.wpdns.site\/produto\/feelworld-tp10-teleprompter\/"},"modified":"2026-04-23T12:05:43","modified_gmt":"2026-04-23T11:05:43","slug":"feelworld-tp10-teleprompter","status":"publish","type":"product","link":"https:\/\/hi-techwonder.com\/es\/producto\/feelworld-tp10-teleprompter\/","title":{"rendered":"FEELWORLD TP10 Teleprompter"},"content":{"rendered":"<p><strong><span style=\"color: #535353; font-family: Muli, sans-serif;\"><span style=\"font-size: 15px;\">Feelworld TP10 Teleprompter<\/span><\/span><\/strong><\/p>\n<p><strong><span style=\"font-family: Muli, sans-serif; font-size: 15px; text-align: center; background-color: #ffffff;\">Funciones:<\/strong><\/span><\/p>\n<div style=\"box-sizing: inherit; margin-bottom: 1rem; color: #535353; font-family: Muli, sans-serif; font-size: 15px; background-color: #ffffff; text-align: left;\">\n<ul style=\"color: #535353; font-family: Muli, sans-serif; font-size: 15px;\">\n<li style=\"box-sizing: inherit;\">Dise\u00f1o plegable, conveniente para el almacenamiento<\/li>\n<li style=\"box-sizing: inherit;\">Vidrio dividido de haz est\u00e1ndar de 10 pulgadas con transmisi\u00f3n de luz visible 50\/50<\/li>\n<li style=\"box-sizing: inherit;\">Compatible con tableta\/tel\u00e9fono, DSLR\/tel\u00e9fono horizontal y disparo vertical<\/li>\n<li style=\"box-sizing: inherit;\">Admite disparos con lentes gran angular de hasta 24 mm, le brinda una vista m\u00e1s amplia<\/li>\n<li style=\"box-sizing: inherit;\">Se pueden instalar r\u00e1pidamente m\u00faltiples roscas de montaje est\u00e1ndar de 1\/4&#8243; con micr\u00f3fono, luz de relleno y otros equipos.<\/li>\n<li style=\"box-sizing: inherit;\">Solicitud de aplicaci\u00f3n \u00fanica, control remoto bluetooth, f\u00e1cil de operar<\/li>\n<li style=\"box-sizing: inherit;\">Bolsa de transporte port\u00e1til, protege mejor el dispositivo y es m\u00e1s conveniente moverlo<\/li>\n<\/ul>\n<div style=\"box-sizing: inherit; margin-bottom: 1rem;\">&nbsp;<\/div>\n<div style=\"box-sizing: inherit; margin-bottom: 1rem;\">\n<div style=\"box-sizing: inherit; margin-bottom: 1rem;\"><strong>Contenido del paquete:<\/strong><\/div>\n<ul>\n<li style=\"box-sizing: inherit;\">1 \u00d7 teleprompter<\/li>\n<li style=\"box-sizing: inherit;\">1 abrazadera \u00d7 para tel\u00e9fono \/ tableta<\/li>\n<li style=\"box-sizing: inherit;\">1 \u00d7 Accesorio de montaje r\u00e1pido<\/li>\n<li style=\"box-sizing: inherit;\">1 \u00d7 abrazadera para tel\u00e9fono<\/li>\n<li style=\"box-sizing: inherit;\">1 \u00d7 Accesorio de abrazadera para tel\u00e9fono<\/li>\n<li style=\"box-sizing: inherit;\">Adaptador de lente de 8 \u00d7<\/li>\n<li style=\"box-sizing: inherit;\">2 \u00d7 Anillos de espuma<\/li>\n<li style=\"box-sizing: inherit;\">1 \u00d7 Mando a distancia<\/li>\n<li style=\"box-sizing: inherit;\">1 \u00d7 sombrilla<\/li>\n<li style=\"box-sizing: inherit;\">1 pa\u00f1o de microfibra \u00d7<\/li>\n<li style=\"box-sizing: inherit;\">Tornillo de anillo C de 3 \u00d7 1\/4<\/li>\n<li style=\"box-sizing: inherit;\">1 \u00d7 estuche de transporte<\/li>\n<\/ul>\n<p><iframe loading=\"lazy\" style=\"min-height: 500px; width: 100%; height: auto;\" src=\"https:\/\/www.youtube.com\/embed\/wl4soF6jfiA\" width=\"560\" height=\"314\" allowfullscreen=\"allowfullscreen\"><\/iframe><\/p>\n<\/div>\n<div style=\"box-sizing: inherit; margin-bottom: 1rem;\"><span style=\"color: #535353; font-family: Muli, sans-serif;\"><span style=\"font-size: 15px;\">FEELWORLD TP10 es un teleprompter plegable y port\u00e1til con un divisor de haz est\u00e1ndar de 10 pulgadas que le permite leer claramente el texto que se desplaza mientras mira directamente a la c\u00e1mara, perfecto para vlogging, transmisi\u00f3n en vivo, clases en l\u00ednea, grabaci\u00f3n de video, entrevistas, estudio de video, noticias y presentaciones. \u00a1No es necesario recitar el gui\u00f3n, confianza y encanto! Se puede solicitar a trav\u00e9s de un tel\u00e9fono inteligente o tableta mientras la c\u00e1mara DSLR o el tel\u00e9fono est\u00e1n grabando. Admite lente gran angular, aplicaci\u00f3n Android \/ iOS, control remoto Bluetooth, f\u00e1cil de operar, hace que la producci\u00f3n de video sea m\u00e1s eficiente. \u00daselo con una exquisita caja de almacenamiento especial, m\u00e1s conveniente de llevar. Es ideal para video, creador de programas.     <\/span><\/span><\/div>\n<div style=\"box-sizing: inherit; margin-bottom: 1rem;\">&nbsp;<\/div>\n<div style=\"box-sizing: inherit; margin-bottom: 1rem;\"><strong><span style=\"box-sizing: inherit;\">Especificaciones t\u00e9cnicas:<\/strong><\/span><\/div>\n<div style=\"box-sizing: inherit; margin-bottom: 1rem;\">\n<table style=\"box-sizing: inherit; border-spacing: 0px; margin-bottom: 1rem; width: 660px;\" border=\"0\" cellspacing=\"0\">\n<tbody style=\"box-sizing: inherit;\">\n<tr style=\"box-sizing: inherit;\">\n<td style=\"box-sizing: inherit; border: 1px solid transparent; height: 48px; transition: all 0.3s ease-in-out 0s; padding: 0px 12px; background: #e4e4e4;\"> Modelo<\/td>\n<td style=\"box-sizing: inherit; border: 1px solid transparent; height: 48px; transition: all 0.3s ease-in-out 0s; padding: 0px 12px; background: #e4e4e4;\"> TP10<\/td>\n<\/tr>\n<tr style=\"box-sizing: inherit;\">\n<td style=\"box-sizing: inherit; border: 1px solid transparent; height: 48px; transition: all 0.3s ease-in-out 0s; padding: 0px 12px; background: #f5f5f5;\"> Material<\/td>\n<p> principal<\/p>\n<td style=\"box-sizing: inherit; border: 1px solid transparent; height: 48px; transition: all 0.3s ease-in-out 0s; padding: 0px 12px; background: #f5f5f5;\"> ABS<\/td>\n<\/tr>\n<tr style=\"box-sizing: inherit;\">\n<td style=\"box-sizing: inherit; border: 1px solid transparent; height: 48px; transition: all 0.3s ease-in-out 0s; padding: 0px 12px; background: #e4e4e4;\"> Relaci\u00f3n transmisi\u00f3n\/reflexi\u00f3n del divisor<\/td>\n<p> de haz <\/p>\n<td style=\"box-sizing: inherit; border: 1px solid transparent; height: 48px; transition: all 0.3s ease-in-out 0s; padding: 0px 12px; background: #e4e4e4;\"> 50\/50<\/td>\n<\/tr>\n<tr style=\"box-sizing: inherit;\">\n<td style=\"box-sizing: inherit; border: 1px solid transparent; height: 48px; transition: all 0.3s ease-in-out 0s; padding: 0px 12px; background: #f5f5f5;\"> Distancia focal de disparo<\/td>\n<td style=\"box-sizing: inherit; border: 1px solid transparent; height: 48px; transition: all 0.3s ease-in-out 0s; padding: 0px 12px; background: #f5f5f5;\"> M\u00e1s de 24 mm<\/td>\n<\/tr>\n<tr style=\"box-sizing: inherit;\">\n<td style=\"box-sizing: inherit; border: 1px solid transparent; height: 48px; transition: all 0.3s ease-in-out 0s; padding: 0px 12px; background: #e4e4e4;\"> Control remoto a distancia<\/td>\n<td style=\"box-sizing: inherit; border: 1px solid transparent; height: 48px; transition: all 0.3s ease-in-out 0s; padding: 0px 12px; background: #e4e4e4;\"> 100 metros<\/td>\n<\/tr>\n<tr style=\"box-sizing: inherit;\">\n<td style=\"box-sizing: inherit; border: 1px solid transparent; height: 48px; transition: all 0.3s ease-in-out 0s; padding: 0px 12px; background: #f5f5f5;\"> Tel\u00e9fono compatible<\/td>\n<td style=\"box-sizing: inherit; border: 1px solid transparent; height: 48px; transition: all 0.3s ease-in-out 0s; padding: 0px 12px; background: #f5f5f5;\"> 59-90 mm<\/td>\n<\/tr>\n<tr style=\"box-sizing: inherit;\">\n<td style=\"box-sizing: inherit; border: 1px solid transparent; height: 48px; transition: all 0.3s ease-in-out 0s; padding: 0px 12px; background: #e4e4e4;\"> Distancia <\/td>\n<p> focal<\/p>\n<td style=\"box-sizing: inherit; border: 1px solid transparent; height: 48px; transition: all 0.3s ease-in-out 0s; padding: 0px 12px; background: #e4e4e4;\"> 110-190 mm<\/td>\n<\/tr>\n<tr style=\"box-sizing: inherit;\">\n<td style=\"box-sizing: inherit; border: 1px solid transparent; height: 48px; transition: all 0.3s ease-in-out 0s; padding: 0px 12px; background: #f5f5f5;\"> Soporte del sistema<\/td>\n<td style=\"box-sizing: inherit; border: 1px solid transparent; height: 48px; transition: all 0.3s ease-in-out 0s; padding: 0px 12px; background: #f5f5f5;\"> Android, IOS<\/td>\n<\/tr>\n<tr style=\"box-sizing: inherit;\">\n<td style=\"box-sizing: inherit; border: 1px solid transparent; height: 48px; transition: all 0.3s ease-in-out 0s; padding: 0px 12px; background: #e4e4e4;\"> Control de v\u00edas<\/td>\n<td style=\"box-sizing: inherit; border: 1px solid transparent; height: 48px; transition: all 0.3s ease-in-out 0s; padding: 0px 12px; background: #e4e4e4;\"> APP, mando a distancia Bluetooth<\/td>\n<\/tr>\n<tr style=\"box-sizing: inherit;\">\nTama\u00f1o <\/p>\n<td style=\"box-sizing: inherit; border: 1px solid transparent; height: 48px; transition: all 0.3s ease-in-out 0s; padding: 0px 12px; background: #f5f5f5;\"> de la unidad<\/td>\n<td style=\"box-sizing: inherit; border: 1px solid transparent; height: 48px; transition: all 0.3s ease-in-out 0s; padding: 0px 12px; background: #f5f5f5;\"> 216 * 180 * 27 * (mm)<\/td>\n<\/tr>\n<tr style=\"box-sizing: inherit;\">\n<td style=\"box-sizing: inherit; border: 1px solid transparent; height: 48px; transition: all 0.3s ease-in-out 0s; padding: 0px 12px; background: #e4e4e4;\"> Peso<\/td>\n<td style=\"box-sizing: inherit; border: 1px solid transparent; height: 48px; transition: all 0.3s ease-in-out 0s; padding: 0px 12px; background: #e4e4e4;\"> 315 gramos<\/td>\n<\/tr>\n<\/tbody>\n<\/table>\n<\/div>\n<div style=\"box-sizing: inherit; margin-bottom: 1rem;\">&nbsp;<\/div>\n<\/div>\n<div style=\"box-sizing: inherit; margin-bottom: 1rem; color: #535353; font-family: Muli, sans-serif; font-size: 15px; background-color: #ffffff; text-align: left;\">&nbsp;<\/div>\n","protected":false},"excerpt":{"rendered":"<p>Feelworld TP10 Teleprompter Funciones: Dise\u00f1o plegable, conveniente para el almacenamiento Vidrio dividido de haz est\u00e1ndar de 10 pulgadas con transmisi\u00f3n<\/p>\n","protected":false},"featured_media":70895,"comment_status":"closed","ping_status":"open","template":"","meta":{"_acf_changed":false},"product_brand":[2573],"product_cat":[1119],"product_tag":[],"class_list":{"0":"post-72394","1":"product","2":"type-product","3":"status-publish","4":"has-post-thumbnail","6":"product_brand-feelworld-es","7":"product_cat-teleprompter","9":"first","10":"instock","11":"taxable","12":"shipping-taxable","13":"purchasable","14":"product-type-simple"},"bundled_by":[],"bundle_stock_status":"instock","bundle_stock_quantity":3,"bundle_virtual":false,"bundle_layout":"","bundle_add_to_cart_form_location":"","bundle_editable_in_cart":false,"bundle_sold_individually_context":"","bundle_item_grouping":"","bundle_min_size":"","bundle_max_size":"","bundle_price":[],"bundled_items":[],"bundle_sell_ids":[],"acf":[],"_links":{"self":[{"href":"https:\/\/hi-techwonder.com\/es\/wp-json\/wp\/v2\/product\/72394","targetHints":{"allow":["GET"]}}],"collection":[{"href":"https:\/\/hi-techwonder.com\/es\/wp-json\/wp\/v2\/product"}],"about":[{"href":"https:\/\/hi-techwonder.com\/es\/wp-json\/wp\/v2\/types\/product"}],"replies":[{"embeddable":true,"href":"https:\/\/hi-techwonder.com\/es\/wp-json\/wp\/v2\/comments?post=72394"}],"wp:featuredmedia":[{"embeddable":true,"href":"https:\/\/hi-techwonder.com\/es\/wp-json\/wp\/v2\/media\/70895"}],"wp:attachment":[{"href":"https:\/\/hi-techwonder.com\/es\/wp-json\/wp\/v2\/media?parent=72394"}],"wp:term":[{"taxonomy":"product_brand","embeddable":true,"href":"https:\/\/hi-techwonder.com\/es\/wp-json\/wp\/v2\/product_brand?post=72394"},{"taxonomy":"product_cat","embeddable":true,"href":"https:\/\/hi-techwonder.com\/es\/wp-json\/wp\/v2\/product_cat?post=72394"},{"taxonomy":"product_tag","embeddable":true,"href":"https:\/\/hi-techwonder.com\/es\/wp-json\/wp\/v2\/product_tag?post=72394"}],"curies":[{"name":"wp","href":"https:\/\/api.w.org\/{rel}","templated":true}]}}