{"id":72395,"date":"2025-07-28T23:54:00","date_gmt":"2025-07-28T23:54:00","guid":{"rendered":"https:\/\/fv6qoy3ls0.wpdns.site\/produto\/fonestar-mt-4b-cubo-blanco-para-microfono-de-mano\/"},"modified":"2025-09-04T07:50:03","modified_gmt":"2025-09-04T07:50:03","slug":"fonestar-mt-4b-cubo-blanco-para-microfono-de-mano","status":"publish","type":"product","link":"https:\/\/hi-techwonder.com\/es\/producto\/fonestar-mt-4b-cubo-blanco-para-microfono-de-mano\/","title":{"rendered":"FONESTAR MT-4B Cubo blanco para micr\u00f3fono de mano"},"content":{"rendered":"<p><strong>Cubo de micr\u00f3fono de mano FONESTAR MT-4B<\/strong><\/p>\n<p><span style=\"color: #ff0000;\">(No incluye micr\u00f3fono)<\/p>\n<p>Cubo de micr\u00f3fono de mano, con esponja en su interior, flexible y ajustable de 33 a 44mm.<\/p>\n<p><strong>Contenido del paquete:<\/strong><br \/><\/span><\/p>\n<ul>\n<li>1 x Cubo de micr\u00f3fono de mano FONESTAR MT-4B<\/li>\n<\/ul>\n<p><strong>Caracter\u00edsticas t\u00e9cnicas:<\/strong><\/p>\n<ul>\n<li>Color: Blanco<\/li>\n<li>Dimensiones exteriores: 57 x 56 x 57 mm<\/li>\n<li>Dimensiones interiores: \u00d8 interior ajustable de 33 a 44 mm<\/li>\n<\/ul>\n<div id=\"_mcePaste\" style=\"position: absolute; left: -10000px; top: 0px; width: 1px; height: 1px; overflow: hidden;\">(No incluye micr\u00f3fono)<\/div>\n","protected":false},"excerpt":{"rendered":"<p>Cubo de micr\u00f3fono de mano FONESTAR MT-4B (No incluye micr\u00f3fono) Cubo de micr\u00f3fono de mano, con esponja en su interior,<\/p>\n","protected":false},"featured_media":29584,"comment_status":"closed","ping_status":"open","template":"","meta":{"_acf_changed":false},"product_brand":[2626],"product_cat":[899],"product_tag":[],"class_list":{"0":"post-72395","1":"product","2":"type-product","3":"status-publish","4":"has-post-thumbnail","6":"product_brand-fonestar-es","7":"product_cat-otros-accesorios","9":"first","10":"instock","11":"taxable","12":"shipping-taxable","13":"purchasable","14":"product-type-simple"},"bundled_by":[],"bundle_stock_status":"instock","bundle_stock_quantity":1,"bundle_virtual":false,"bundle_layout":"","bundle_add_to_cart_form_location":"","bundle_editable_in_cart":false,"bundle_sold_individually_context":"","bundle_item_grouping":"","bundle_min_size":"","bundle_max_size":"","bundle_price":[],"bundled_items":[],"bundle_sell_ids":[],"acf":[],"_links":{"self":[{"href":"https:\/\/hi-techwonder.com\/es\/wp-json\/wp\/v2\/product\/72395","targetHints":{"allow":["GET"]}}],"collection":[{"href":"https:\/\/hi-techwonder.com\/es\/wp-json\/wp\/v2\/product"}],"about":[{"href":"https:\/\/hi-techwonder.com\/es\/wp-json\/wp\/v2\/types\/product"}],"replies":[{"embeddable":true,"href":"https:\/\/hi-techwonder.com\/es\/wp-json\/wp\/v2\/comments?post=72395"}],"wp:featuredmedia":[{"embeddable":true,"href":"https:\/\/hi-techwonder.com\/es\/wp-json\/wp\/v2\/media\/29584"}],"wp:attachment":[{"href":"https:\/\/hi-techwonder.com\/es\/wp-json\/wp\/v2\/media?parent=72395"}],"wp:term":[{"taxonomy":"product_brand","embeddable":true,"href":"https:\/\/hi-techwonder.com\/es\/wp-json\/wp\/v2\/product_brand?post=72395"},{"taxonomy":"product_cat","embeddable":true,"href":"https:\/\/hi-techwonder.com\/es\/wp-json\/wp\/v2\/product_cat?post=72395"},{"taxonomy":"product_tag","embeddable":true,"href":"https:\/\/hi-techwonder.com\/es\/wp-json\/wp\/v2\/product_tag?post=72395"}],"curies":[{"name":"wp","href":"https:\/\/api.w.org\/{rel}","templated":true}]}}