{"id":72408,"date":"2025-07-28T23:45:27","date_gmt":"2025-07-28T23:45:27","guid":{"rendered":"https:\/\/fv6qoy3ls0.wpdns.site\/produto\/kit-de-proceso-de-cianotipia-fotospeed\/"},"modified":"2026-03-02T17:32:59","modified_gmt":"2026-03-02T17:32:59","slug":"fotospeed-kit-de-proceso-de-cianotipia-fotospeed","status":"publish","type":"product","link":"https:\/\/hi-techwonder.com\/es\/producto\/fotospeed-kit-de-proceso-de-cianotipia-fotospeed\/","title":{"rendered":"Kit de proceso de cianotipia FOTOSPEED"},"content":{"rendered":"<p><strong>Kit de proceso de cianotipia Fotospeed<\/strong><\/p>\n<p>Cianotop\u00eda en un solo set y en una versi\u00f3n actualizada del proceso original. Usando oxalato de amonio f\u00e9rrico para dar un azul agradable que no se desvanece, esta soluci\u00f3n es dos veces m\u00e1s sensible a los rayos UV que la versi\u00f3n tradicional. El desarrollo en agua y \u00e1cido c\u00edtrico se puede utilizar para manipular el contraste. Todas las im\u00e1genes son realizadas por el sistema de contacto, donde la imagen depende de un negativo del tama\u00f1o adecuado. El kit viene con todo lo necesario para hacer cianotipos.    <\/p>\n<p><strong><iframe loading=\"lazy\" src=\"https:\/\/www.youtube.com\/embed\/dkLlAaE7NUA?t=6s\" width=\"560\" height=\"314\" allowfullscreen=\"allowfullscreen\"><\/iframe><\/strong><\/p>\n<p><strong>Caracter\u00edsticas principales:<\/strong><\/p>\n<ul>\n<li>La cianotop\u00eda es un proceso alternativo de exposici\u00f3n a los rayos ultravioleta\/luz solar, mediante el uso de negativos de contacto, para producir una imagen azul en papel art\u00edstico de su elecci\u00f3n.<\/li>\n<li>Usando oxalato de amonio f\u00e9rrico para dar un azul agradable que no se desvanece, esta soluci\u00f3n es dos veces m\u00e1s sensible a los rayos UV que la versi\u00f3n tradicional.<\/li>\n<li>El desarrollo en agua y \u00e1cido c\u00edtrico se puede utilizar para manipular el contraste.<\/li>\n<li>Todas las im\u00e1genes se realizan utilizando el sistema de contacto, en el que la imagen depende de un negativo del tama\u00f1o adecuado.<\/li>\n<\/ul>\n<p><strong>Consulte el manual de instrucciones:<\/strong><\/p>\n<p><a href=\"https:\/\/issuu.com\/fotospeed\/docs\/cyanotype_brochure?utm_medium=referral&amp;utm_source=fotospeed.com\" target=\"_blank\" rel=\"noopener\">https:\/\/issuu.com\/fotospeed\/docs\/cyanotype_brochure?utm_medium=referral&amp;utm_source=fotospeed.com<\/a><\/p>\n<p><strong>Descubre c\u00f3mo hacer impresiones de cianotipia:<\/strong><\/p>\n<p><a href=\"https:\/\/fotospeed.com\/blog\/post\/worldcyanotypeday-how-to-create-a-cyanotype-print\/\" target=\"_blank\" rel=\"noopener\">https:\/\/fotospeed.com\/blog\/post\/worldcyanotypeday-how-to-create-a-cyanotype-print\/<\/a><\/p>\n<p><strong>Contenido del kit:<\/strong><\/p>\n<p>1x Sensibilizador de cianotipo (soluci\u00f3n l\u00edquida \u00fanica) &#8211; 50ml<\/p>\n<p>1x \u00c1cido c\u00edtrico en polvo &#8211; 100gr<\/p>\n<p>1x cepillo de espuma<\/p>\n<p>1x jeringa dosificadora<\/p>\n<p>1x Guantes protectores (sin l\u00e1tex)<\/p>\n<p>5x Hojas de papel Fabriano A4<\/p>\n<p>5x Hojas de pel\u00edcula de contacto digital A4<\/p>\n","protected":false},"excerpt":{"rendered":"<p>Kit de proceso de cianotipia Fotospeed Cianotop\u00eda en un solo set y en una versi\u00f3n actualizada del proceso original. Usando<\/p>\n","protected":false},"featured_media":27253,"comment_status":"closed","ping_status":"open","template":"","meta":{"_acf_changed":false},"product_brand":[2611],"product_cat":[886],"product_tag":[],"class_list":{"0":"post-72408","1":"product","2":"type-product","3":"status-publish","4":"has-post-thumbnail","6":"product_brand-fotospeed-es","7":"product_cat-quimicos-es","9":"first","10":"instock","11":"taxable","12":"shipping-taxable","13":"purchasable","14":"product-type-simple"},"bundled_by":[],"bundle_stock_status":"instock","bundle_stock_quantity":1,"bundle_virtual":false,"bundle_layout":"","bundle_add_to_cart_form_location":"","bundle_editable_in_cart":false,"bundle_sold_individually_context":"","bundle_item_grouping":"","bundle_min_size":"","bundle_max_size":"","bundle_price":[],"bundled_items":[],"bundle_sell_ids":[],"acf":[],"_links":{"self":[{"href":"https:\/\/hi-techwonder.com\/es\/wp-json\/wp\/v2\/product\/72408","targetHints":{"allow":["GET"]}}],"collection":[{"href":"https:\/\/hi-techwonder.com\/es\/wp-json\/wp\/v2\/product"}],"about":[{"href":"https:\/\/hi-techwonder.com\/es\/wp-json\/wp\/v2\/types\/product"}],"replies":[{"embeddable":true,"href":"https:\/\/hi-techwonder.com\/es\/wp-json\/wp\/v2\/comments?post=72408"}],"wp:featuredmedia":[{"embeddable":true,"href":"https:\/\/hi-techwonder.com\/es\/wp-json\/wp\/v2\/media\/27253"}],"wp:attachment":[{"href":"https:\/\/hi-techwonder.com\/es\/wp-json\/wp\/v2\/media?parent=72408"}],"wp:term":[{"taxonomy":"product_brand","embeddable":true,"href":"https:\/\/hi-techwonder.com\/es\/wp-json\/wp\/v2\/product_brand?post=72408"},{"taxonomy":"product_cat","embeddable":true,"href":"https:\/\/hi-techwonder.com\/es\/wp-json\/wp\/v2\/product_cat?post=72408"},{"taxonomy":"product_tag","embeddable":true,"href":"https:\/\/hi-techwonder.com\/es\/wp-json\/wp\/v2\/product_tag?post=72408"}],"curies":[{"name":"wp","href":"https:\/\/api.w.org\/{rel}","templated":true}]}}