{"id":72409,"date":"2025-07-29T10:26:54","date_gmt":"2025-07-29T10:26:54","guid":{"rendered":"https:\/\/fv6qoy3ls0.wpdns.site\/produto\/zapata-de-liberacion-vertical-fotopro-qal-f\/"},"modified":"2026-01-31T01:35:39","modified_gmt":"2026-01-31T01:35:39","slug":"fotopro-zapata-de-liberacion-vertical-fotopro-qal-f","status":"publish","type":"product","link":"https:\/\/hi-techwonder.com\/es\/producto\/fotopro-zapata-de-liberacion-vertical-fotopro-qal-f\/","title":{"rendered":"Zapata de liberaci\u00f3n vertical FOTOPRO QAL-F"},"content":{"rendered":"<h3><strong>Zapata de liberaci\u00f3n vertical FOTOPRO QAL-F&nbsp;<\/strong><\/h3>\n<p><iframe loading=\"lazy\" src=\"https:\/\/www.youtube.com\/embed\/4nR0YSvqVgo\" width=\"560\" height=\"314\" allowfullscreen=\"allowfullscreen\"><\/iframe><\/p>\n<p>La zapata QAL-F es una placa de liberaci\u00f3n vertical. Esto le permite cambiar f\u00e1cilmente entre disparos verticales y horizontales gracias al mecanismo de bisagra. Es peque\u00f1o, f\u00e1cil de transportar y te da una flexibilidad adicional a la hora de disparar. Tambi\u00e9n tiene un cofre suizo para que puedas colocarlo f\u00e1cil y r\u00e1pidamente y un acolchado de goma en la parte superior para evitar ara\u00f1azos en la c\u00e1mara.   <\/p>\n<p>Adem\u00e1s, tambi\u00e9n cuenta con conexiones de 1\/4&#8243; y 3\/8&#8243; para que se pueda conectar, por ejemplo, a un cabezal de v\u00eddeo pesado y fluido.<\/p>\n<p><strong>Funciones<\/strong><\/p>\n<ul>\n<li>Modelo: QAL-F<\/li>\n<li>Cambia f\u00e1cilmente de disparo horizontal a vertical<\/li>\n<li>Arca-swiss<\/li>\n<li>Conexiones: interfaz universal de 1\/4&#8243; y 3\/8&#8243;<\/li>\n<li>Material: proceso de anodizado de mecanizado CNC<\/li>\n<li>Dimensi\u00f3n: 64x42x16mm<\/li>\n<li>Peso: 0,08 kg<\/li>\n<li>Altura extendida: 68 mm<\/li>\n<li>2 a\u00f1os de garant\u00eda<\/li>\n<\/ul>\n","protected":false},"excerpt":{"rendered":"<p>Zapata de liberaci\u00f3n vertical FOTOPRO QAL-F&nbsp; La zapata QAL-F es una placa de liberaci\u00f3n vertical. Esto le permite cambiar f\u00e1cilmente<\/p>\n","protected":false},"featured_media":63452,"comment_status":"closed","ping_status":"open","template":"","meta":{"_acf_changed":false},"product_brand":[2702],"product_cat":[1087],"product_tag":[],"class_list":{"0":"post-72409","1":"product","2":"type-product","3":"status-publish","4":"has-post-thumbnail","6":"product_brand-fotopro-es","7":"product_cat-zapatas-y-tornillos","9":"first","10":"instock","11":"taxable","12":"shipping-taxable","13":"purchasable","14":"product-type-simple"},"bundled_by":[],"bundle_stock_status":"instock","bundle_stock_quantity":1,"bundle_virtual":false,"bundle_layout":"","bundle_add_to_cart_form_location":"","bundle_editable_in_cart":false,"bundle_sold_individually_context":"","bundle_item_grouping":"","bundle_min_size":"","bundle_max_size":"","bundle_price":[],"bundled_items":[],"bundle_sell_ids":[],"acf":[],"_links":{"self":[{"href":"https:\/\/hi-techwonder.com\/es\/wp-json\/wp\/v2\/product\/72409","targetHints":{"allow":["GET"]}}],"collection":[{"href":"https:\/\/hi-techwonder.com\/es\/wp-json\/wp\/v2\/product"}],"about":[{"href":"https:\/\/hi-techwonder.com\/es\/wp-json\/wp\/v2\/types\/product"}],"replies":[{"embeddable":true,"href":"https:\/\/hi-techwonder.com\/es\/wp-json\/wp\/v2\/comments?post=72409"}],"wp:featuredmedia":[{"embeddable":true,"href":"https:\/\/hi-techwonder.com\/es\/wp-json\/wp\/v2\/media\/63452"}],"wp:attachment":[{"href":"https:\/\/hi-techwonder.com\/es\/wp-json\/wp\/v2\/media?parent=72409"}],"wp:term":[{"taxonomy":"product_brand","embeddable":true,"href":"https:\/\/hi-techwonder.com\/es\/wp-json\/wp\/v2\/product_brand?post=72409"},{"taxonomy":"product_cat","embeddable":true,"href":"https:\/\/hi-techwonder.com\/es\/wp-json\/wp\/v2\/product_cat?post=72409"},{"taxonomy":"product_tag","embeddable":true,"href":"https:\/\/hi-techwonder.com\/es\/wp-json\/wp\/v2\/product_tag?post=72409"}],"curies":[{"name":"wp","href":"https:\/\/api.w.org\/{rel}","templated":true}]}}