{"id":72415,"date":"2025-07-29T00:16:59","date_gmt":"2025-07-29T00:16:59","guid":{"rendered":"https:\/\/fv6qoy3ls0.wpdns.site\/produto\/estuche-fujifilm-fuji-instax-square-sq1-azul-glaciar\/"},"modified":"2026-01-31T03:05:27","modified_gmt":"2026-01-31T03:05:27","slug":"fujifilm-estuche-fujifilm-fuji-instax-square-sq1-azul-glaciar","status":"publish","type":"product","link":"https:\/\/hi-techwonder.com\/es\/producto\/fujifilm-estuche-fujifilm-fuji-instax-square-sq1-azul-glaciar\/","title":{"rendered":"Estuche FUJIFILM Fuji Instax Square SQ1 &#8211; Azul glaciar"},"content":{"rendered":"<p><strong>Bolsa Fujifilm Fuji Instax Square SQ1 &#8211; Azul glaciar<\/strong><\/p>\n<p>Lleva tu c\u00e1mara con protecci\u00f3n, para que el polvo y la suciedad no contaminen tu Instax SQ1, tenemos bolsas para c\u00e1maras instax listas para todos los gustos y estilos.<\/p>\n<p>Fabricada en poliuretano de alta calidad y dise\u00f1os modernos, tu Instax SQ1 estar\u00e1 bien protegida.<\/p>\n<p><strong><em>Instax SQ1 no incluido<\/em><\/strong><\/p>\n","protected":false},"excerpt":{"rendered":"<p>Bolsa Fujifilm Fuji Instax Square SQ1 &#8211; Azul glaciar Lleva tu c\u00e1mara con protecci\u00f3n, para que el polvo y la<\/p>\n","protected":false},"featured_media":37071,"comment_status":"closed","ping_status":"open","template":"","meta":{"_acf_changed":false},"product_brand":[2539],"product_cat":[908],"product_tag":[],"class_list":{"0":"post-72415","1":"product","2":"type-product","3":"status-publish","4":"has-post-thumbnail","6":"product_brand-fujifilm-es","7":"product_cat-organizadores-es","9":"first","10":"instock","11":"taxable","12":"shipping-taxable","13":"purchasable","14":"product-type-simple"},"bundled_by":[],"bundle_stock_status":"instock","bundle_stock_quantity":1,"bundle_virtual":false,"bundle_layout":"","bundle_add_to_cart_form_location":"","bundle_editable_in_cart":false,"bundle_sold_individually_context":"","bundle_item_grouping":"","bundle_min_size":"","bundle_max_size":"","bundle_price":[],"bundled_items":[],"bundle_sell_ids":[],"acf":[],"_links":{"self":[{"href":"https:\/\/hi-techwonder.com\/es\/wp-json\/wp\/v2\/product\/72415","targetHints":{"allow":["GET"]}}],"collection":[{"href":"https:\/\/hi-techwonder.com\/es\/wp-json\/wp\/v2\/product"}],"about":[{"href":"https:\/\/hi-techwonder.com\/es\/wp-json\/wp\/v2\/types\/product"}],"replies":[{"embeddable":true,"href":"https:\/\/hi-techwonder.com\/es\/wp-json\/wp\/v2\/comments?post=72415"}],"wp:featuredmedia":[{"embeddable":true,"href":"https:\/\/hi-techwonder.com\/es\/wp-json\/wp\/v2\/media\/37071"}],"wp:attachment":[{"href":"https:\/\/hi-techwonder.com\/es\/wp-json\/wp\/v2\/media?parent=72415"}],"wp:term":[{"taxonomy":"product_brand","embeddable":true,"href":"https:\/\/hi-techwonder.com\/es\/wp-json\/wp\/v2\/product_brand?post=72415"},{"taxonomy":"product_cat","embeddable":true,"href":"https:\/\/hi-techwonder.com\/es\/wp-json\/wp\/v2\/product_cat?post=72415"},{"taxonomy":"product_tag","embeddable":true,"href":"https:\/\/hi-techwonder.com\/es\/wp-json\/wp\/v2\/product_tag?post=72415"}],"curies":[{"name":"wp","href":"https:\/\/api.w.org\/{rel}","templated":true}]}}