{"id":72416,"date":"2025-07-29T00:16:49","date_gmt":"2025-07-29T00:16:49","guid":{"rendered":"https:\/\/fv6qoy3ls0.wpdns.site\/produto\/estuche-negro-fujifilm-lc-x100\/"},"modified":"2026-01-31T03:05:30","modified_gmt":"2026-01-31T03:05:30","slug":"fujifilm-estuche-negro-fujifilm-lc-x100","status":"publish","type":"product","link":"https:\/\/hi-techwonder.com\/es\/producto\/fujifilm-estuche-negro-fujifilm-lc-x100\/","title":{"rendered":"Estuche negro FUJIFILM LC-X100"},"content":{"rendered":"<p>Dedicado a la c\u00e1mara digital <strong>Fujifilm X100<\/strong> , el estuche de <strong>cuero negro LC-X100 tiene un dise\u00f1o ajustado<\/strong> que protege la c\u00e1mara de impactos ligeros y ara\u00f1azos y mejora el agarre al manipular y disparar. Est\u00e1 hecho de cuero para una sensaci\u00f3n lujosa y mantiene el acceso a la bater\u00eda y la ranura para tarjetas de memoria mientras est\u00e1 enchufado. <\/p>\n<h2>Especificaciones de Fujifilm LC-X100<\/h2>\n<table style=\"width: 322px\" border=\"0\" cellspacing=\"0\" cellpadding=\"2\">\n<colgroup>\n<col width=\"181\">\n<col width=\"132\"><\/colgroup>\n<tbody>\n<tr>\n<th colspan=\"2\" width=\"318\">\n<p><a name=\"242282\"><\/a>Exterior<\/p>\n<\/th>\n<\/tr>\n<tr>\n<td width=\"181\">\n<p>Material externo<\/p>\n<\/td>\n<td width=\"132\">\n<p>Cuero<\/p>\n<\/td>\n<\/tr>\n<tr>\n<td width=\"181\">\n<p>Tipo de cierre<\/p>\n<\/td>\n<td width=\"132\">\n<p>Cierre magn\u00e9tico<\/p>\n<\/td>\n<\/tr>\n<\/tbody>\n<\/table>\n<table style=\"width: 321px\" border=\"0\" cellspacing=\"0\" cellpadding=\"2\">\n<colgroup>\n<col width=\"180\">\n<col width=\"132\"><\/colgroup>\n<tbody>\n<tr>\n<th colspan=\"2\" width=\"317\">\n<p><a name=\"shipping\"><\/a>Informaci\u00f3n de embalaje<\/p>\n<\/th>\n<\/tr>\n<tr>\n<td width=\"180\">\n<p>Peso del paquete<\/p>\n<\/td>\n<td width=\"132\">\n<p>227 gramos<\/p>\n<\/td>\n<\/tr>\n<tr>\n<td width=\"180\">\n<p>Dimensiones de la caja (LxWxH)<\/p>\n<\/td>\n<td width=\"132\">\n<p>14,5 x 10,2 x 7,9 cm<\/p>\n<\/td>\n<\/tr>\n<\/tbody>\n<\/table>\n","protected":false},"excerpt":{"rendered":"<p>Dedicado a la c\u00e1mara digital Fujifilm X100 , el estuche de cuero negro LC-X100 tiene un dise\u00f1o ajustado que protege<\/p>\n","protected":false},"featured_media":37059,"comment_status":"closed","ping_status":"open","template":"","meta":{"_acf_changed":false},"product_brand":[2539],"product_cat":[908],"product_tag":[],"class_list":{"0":"post-72416","1":"product","2":"type-product","3":"status-publish","4":"has-post-thumbnail","6":"product_brand-fujifilm-es","7":"product_cat-organizadores-es","9":"first","10":"instock","11":"taxable","12":"shipping-taxable","13":"purchasable","14":"product-type-simple"},"bundled_by":[],"bundle_stock_status":"instock","bundle_stock_quantity":1,"bundle_virtual":false,"bundle_layout":"","bundle_add_to_cart_form_location":"","bundle_editable_in_cart":false,"bundle_sold_individually_context":"","bundle_item_grouping":"","bundle_min_size":"","bundle_max_size":"","bundle_price":[],"bundled_items":[],"bundle_sell_ids":[],"acf":[],"_links":{"self":[{"href":"https:\/\/hi-techwonder.com\/es\/wp-json\/wp\/v2\/product\/72416","targetHints":{"allow":["GET"]}}],"collection":[{"href":"https:\/\/hi-techwonder.com\/es\/wp-json\/wp\/v2\/product"}],"about":[{"href":"https:\/\/hi-techwonder.com\/es\/wp-json\/wp\/v2\/types\/product"}],"replies":[{"embeddable":true,"href":"https:\/\/hi-techwonder.com\/es\/wp-json\/wp\/v2\/comments?post=72416"}],"wp:featuredmedia":[{"embeddable":true,"href":"https:\/\/hi-techwonder.com\/es\/wp-json\/wp\/v2\/media\/37059"}],"wp:attachment":[{"href":"https:\/\/hi-techwonder.com\/es\/wp-json\/wp\/v2\/media?parent=72416"}],"wp:term":[{"taxonomy":"product_brand","embeddable":true,"href":"https:\/\/hi-techwonder.com\/es\/wp-json\/wp\/v2\/product_brand?post=72416"},{"taxonomy":"product_cat","embeddable":true,"href":"https:\/\/hi-techwonder.com\/es\/wp-json\/wp\/v2\/product_cat?post=72416"},{"taxonomy":"product_tag","embeddable":true,"href":"https:\/\/hi-techwonder.com\/es\/wp-json\/wp\/v2\/product_tag?post=72416"}],"curies":[{"name":"wp","href":"https:\/\/api.w.org\/{rel}","templated":true}]}}