{"id":72417,"date":"2025-07-28T23:33:25","date_gmt":"2025-07-28T23:33:25","guid":{"rendered":"https:\/\/fv6qoy3ls0.wpdns.site\/produto\/cargador-de-bateria-doble-fujifilm-bc-w235\/"},"modified":"2026-02-19T15:15:33","modified_gmt":"2026-02-19T15:15:33","slug":"fujifilm-cargador-de-bateria-doble-fujifilm-bc-w235","status":"publish","type":"product","link":"https:\/\/hi-techwonder.com\/es\/producto\/fujifilm-cargador-de-bateria-doble-fujifilm-bc-w235\/","title":{"rendered":"FUJIFILM Cargador de bater\u00eda doble BC-W235"},"content":{"rendered":"<p><strong>LUCES<\/strong><\/p>\n<ul>\n<li>Carga simult\u00e1nea de 2 x NP-W235<\/li>\n<li>Pantalla de estado de carga retroiluminada<\/li>\n<\/ul>\n<p>Aumente su eficiencia de carga con este cargador de bater\u00eda dual FUJIFILM BC-W235, que es capaz de cargar dos bater\u00edas NP-W235 a la vez. Una pantalla retroiluminada integrada tambi\u00e9n muestra el estado de carga de ambas bater\u00edas. <\/p>\n<p style=\"margin-bottom: 0cm;border-top: none;border-bottom: 1pt solid #cdcdcd;border-left: none;border-right: none;padding: 0cm 0cm 0.05cm;line-height: 200%\"><span style=\"font-family: OpenSans, Segoe UI, Helvetica, Roboto, Arial, sans-serif\">Cargador<\/span><\/p>\n<table border=\"0\" width=\"442\" cellspacing=\"0\" cellpadding=\"2\">\n<colgroup>\n<col width=\"180\">\n<col width=\"255\"><\/colgroup>\n<tbody>\n<tr>\n<td width=\"180\">\n<p style=\"border: none;padding: 0cm\" align=\"LEFT\">Alimentaci\u00f3n de entrada de CA<\/p>\n<\/td>\n<td width=\"255\">\n<p style=\"border: none;padding: 0cm\">De 120 a 240 VCA, de 50\/60 Hz a 1,125 A<\/p>\n<\/td>\n<\/tr>\n<tr>\n<td width=\"180\">\n<p style=\"border: none;padding: 0cm\" align=\"LEFT\">Voltaje de salida<\/p>\n<\/td>\n<td width=\"255\">\n<p style=\"border: none;padding: 0cm\">8.4VDC<\/p>\n<\/td>\n<\/tr>\n<tr>\n<td width=\"180\">\n<p style=\"border: none;padding: 0cm\" align=\"LEFT\">N\u00famero de compartimentos de bater\u00eda<\/p>\n<\/td>\n<td width=\"255\">\n<p style=\"border: none;padding: 0cm\">2<\/p>\n<\/td>\n<\/tr>\n<tr>\n<td width=\"180\">\n<p style=\"border: none;padding: 0cm\" align=\"LEFT\">Modos de carga de varias bah\u00edas<\/p>\n<\/td>\n<td width=\"255\">\n<p style=\"border: none;padding: 0cm\">Independiente, Simult\u00e1neo<\/p>\n<\/td>\n<\/tr>\n<tr>\n<td width=\"180\">\n<p style=\"border: none;padding: 0cm\" align=\"LEFT\">Indicador<\/p>\n<\/td>\n<td width=\"255\">\n<p style=\"border: none;padding: 0cm\">LED<\/p>\n<\/td>\n<\/tr>\n<tr>\n<td width=\"180\">\n<p style=\"border: none;padding: 0cm\" align=\"LEFT\">Puerto USB<\/p>\n<\/td>\n<td width=\"255\">\n<p style=\"border: none;padding: 0cm\"><strong>1 x<\/strong> USB tipo C<\/p>\n<\/td>\n<\/tr>\n<tr>\n<td width=\"180\">\n<p style=\"border: none;padding: 0cm\" align=\"LEFT\">Dimensiones (ancho x alto x profundidad)<\/p>\n<\/td>\n<td width=\"255\">\n<p style=\"border: none;padding: 0cm\">2,4 x 3,1 x 1,5&#8243; \/ 62,0 x 80,0 x 37,5 mm<\/p>\n<\/td>\n<\/tr>\n<tr>\n<td width=\"180\">\n<p style=\"border: none;padding: 0cm\" align=\"LEFT\">Peso<\/p>\n<\/td>\n<td width=\"255\">\n<p style=\"border: none;padding: 0cm\">3.35 onzas \/ 95 g<\/p>\n<\/td>\n<\/tr>\n<\/tbody>\n<\/table>\n","protected":false},"excerpt":{"rendered":"<p>LUCES Carga simult\u00e1nea de 2 x NP-W235 Pantalla de estado de carga retroiluminada Aumente su eficiencia de carga con este<\/p>\n","protected":false},"featured_media":23821,"comment_status":"closed","ping_status":"closed","template":"","meta":{"_acf_changed":false},"product_brand":[2539],"product_cat":[869],"product_tag":[],"class_list":{"0":"post-72417","1":"product","2":"type-product","3":"status-publish","4":"has-post-thumbnail","6":"product_brand-fujifilm-es","7":"product_cat-fujifilm-cargadores","9":"first","10":"instock","11":"taxable","12":"shipping-taxable","13":"purchasable","14":"product-type-simple"},"bundled_by":[],"bundle_stock_status":"instock","bundle_stock_quantity":1,"bundle_virtual":false,"bundle_layout":"","bundle_add_to_cart_form_location":"","bundle_editable_in_cart":false,"bundle_sold_individually_context":"","bundle_item_grouping":"","bundle_min_size":"","bundle_max_size":"","bundle_price":[],"bundled_items":[],"bundle_sell_ids":[],"acf":[],"_links":{"self":[{"href":"https:\/\/hi-techwonder.com\/es\/wp-json\/wp\/v2\/product\/72417","targetHints":{"allow":["GET"]}}],"collection":[{"href":"https:\/\/hi-techwonder.com\/es\/wp-json\/wp\/v2\/product"}],"about":[{"href":"https:\/\/hi-techwonder.com\/es\/wp-json\/wp\/v2\/types\/product"}],"replies":[{"embeddable":true,"href":"https:\/\/hi-techwonder.com\/es\/wp-json\/wp\/v2\/comments?post=72417"}],"wp:featuredmedia":[{"embeddable":true,"href":"https:\/\/hi-techwonder.com\/es\/wp-json\/wp\/v2\/media\/23821"}],"wp:attachment":[{"href":"https:\/\/hi-techwonder.com\/es\/wp-json\/wp\/v2\/media?parent=72417"}],"wp:term":[{"taxonomy":"product_brand","embeddable":true,"href":"https:\/\/hi-techwonder.com\/es\/wp-json\/wp\/v2\/product_brand?post=72417"},{"taxonomy":"product_cat","embeddable":true,"href":"https:\/\/hi-techwonder.com\/es\/wp-json\/wp\/v2\/product_cat?post=72417"},{"taxonomy":"product_tag","embeddable":true,"href":"https:\/\/hi-techwonder.com\/es\/wp-json\/wp\/v2\/product_tag?post=72417"}],"curies":[{"name":"wp","href":"https:\/\/api.w.org\/{rel}","templated":true}]}}