{"id":72419,"date":"2025-07-28T23:30:24","date_gmt":"2025-07-28T23:30:24","guid":{"rendered":"https:\/\/fv6qoy3ls0.wpdns.site\/produto\/bateria-fujifilm-np-w126s-1260mah\/"},"modified":"2026-01-31T03:52:51","modified_gmt":"2026-01-31T03:52:51","slug":"fujifilm-bateria-fujifilm-np-w126s-1260mah","status":"publish","type":"product","link":"https:\/\/hi-techwonder.com\/es\/producto\/fujifilm-bateria-fujifilm-np-w126s-1260mah\/","title":{"rendered":"Bater\u00eda FUJIFILM NP-W126S &#8211; 1260mAh"},"content":{"rendered":"<div>\n<div>\n<p>Para aprovechar al m\u00e1ximo la potencia de su c\u00e1mara mirrorless X-T2 o X-Pro2, la <strong>bater\u00eda de iones de litio Fujifilm NP-W126S<\/strong> est\u00e1 dise\u00f1ada para gestionar mejor el calor y garantizar un rendimiento de la c\u00e1mara ultrarr\u00e1pido. Esta bater\u00eda tambi\u00e9n es compatible con c\u00e1maras m\u00e1s antiguas que usan la bater\u00eda NP-W126, pero los usuarios no ver\u00e1n ninguna ventaja de rendimiento en estos cuerpos. <\/p>\n<\/p><\/div>\n<div>\n<dl>\n<dt>Compatibilidad<\/dt>\n<dd>X-T2<br \/>X-Pro2<\/dd>\n<\/dl>\n<\/div>\n<\/div>\n<table border=\"0\">\n<tbody>\n<tr>\n<td>Qu\u00edmica<\/td>\n<td>Bater\u00eda recargable de iones de litio.<\/td>\n<\/tr>\n<tr>\n<td>Capacidad<\/td>\n<td>1260mAh<\/td>\n<\/tr>\n<tr>\n<td>Voltaje de salida<\/td>\n<td>7,2 V<\/td>\n<\/tr>\n<tr>\n<td>Vatios-hora<\/td>\n<td>8,7 W<\/td>\n<\/tr>\n<\/tbody>\n<\/table>\n","protected":false},"excerpt":{"rendered":"<p>Para aprovechar al m\u00e1ximo la potencia de su c\u00e1mara mirrorless X-T2 o X-Pro2, la bater\u00eda de iones de litio Fujifilm<\/p>\n","protected":false},"featured_media":23009,"comment_status":"closed","ping_status":"closed","template":"","meta":{"_acf_changed":false},"product_brand":[2539],"product_cat":[858],"product_tag":[],"class_list":{"0":"post-72419","1":"product","2":"type-product","3":"status-publish","4":"has-post-thumbnail","6":"product_brand-fujifilm-es","7":"product_cat-fujifilm-es","9":"first","10":"instock","11":"taxable","12":"shipping-taxable","13":"purchasable","14":"product-type-simple"},"bundled_by":[],"bundle_stock_status":"instock","bundle_stock_quantity":2,"bundle_virtual":false,"bundle_layout":"","bundle_add_to_cart_form_location":"","bundle_editable_in_cart":false,"bundle_sold_individually_context":"","bundle_item_grouping":"","bundle_min_size":"","bundle_max_size":"","bundle_price":[],"bundled_items":[],"bundle_sell_ids":[],"acf":[],"_links":{"self":[{"href":"https:\/\/hi-techwonder.com\/es\/wp-json\/wp\/v2\/product\/72419","targetHints":{"allow":["GET"]}}],"collection":[{"href":"https:\/\/hi-techwonder.com\/es\/wp-json\/wp\/v2\/product"}],"about":[{"href":"https:\/\/hi-techwonder.com\/es\/wp-json\/wp\/v2\/types\/product"}],"replies":[{"embeddable":true,"href":"https:\/\/hi-techwonder.com\/es\/wp-json\/wp\/v2\/comments?post=72419"}],"wp:featuredmedia":[{"embeddable":true,"href":"https:\/\/hi-techwonder.com\/es\/wp-json\/wp\/v2\/media\/23009"}],"wp:attachment":[{"href":"https:\/\/hi-techwonder.com\/es\/wp-json\/wp\/v2\/media?parent=72419"}],"wp:term":[{"taxonomy":"product_brand","embeddable":true,"href":"https:\/\/hi-techwonder.com\/es\/wp-json\/wp\/v2\/product_brand?post=72419"},{"taxonomy":"product_cat","embeddable":true,"href":"https:\/\/hi-techwonder.com\/es\/wp-json\/wp\/v2\/product_cat?post=72419"},{"taxonomy":"product_tag","embeddable":true,"href":"https:\/\/hi-techwonder.com\/es\/wp-json\/wp\/v2\/product_tag?post=72419"}],"curies":[{"name":"wp","href":"https:\/\/api.w.org\/{rel}","templated":true}]}}