{"id":72423,"date":"2025-07-29T08:51:38","date_gmt":"2025-07-29T08:51:38","guid":{"rendered":"https:\/\/fv6qoy3ls0.wpdns.site\/produto\/album-fujifilm-instax-mini-11-sky-blue\/"},"modified":"2026-01-31T02:55:17","modified_gmt":"2026-01-31T02:55:17","slug":"fujifilm-album-fujifilm-instax-mini-11-sky-blue","status":"publish","type":"product","link":"https:\/\/hi-techwonder.com\/es\/producto\/fujifilm-album-fujifilm-instax-mini-11-sky-blue\/","title":{"rendered":"\u00c1lbum FUJIFILM Instax Mini 11 Sky Blue"},"content":{"rendered":"<p><strong>Fujifilm Instax Mini 11 \u00c1lbum Azul Cielo<\/strong><\/p>\n<p>\u00c1lbum para 108 fotos en color Sky Blue<\/p>\n<p>\u00c1lbum de fotos adecuado para fotos Instax mini 11<br style=\"color: #888888;font-family: 'Open Sans', sans-serif;font-size: 15px;background-color: #ffffff\">Ancho (mm) 125<br style=\"color: #888888;font-family: 'Open Sans', sans-serif;font-size: 15px;background-color: #ffffff\">Longitud (mm) 230<br style=\"color: #888888;font-family: 'Open Sans', sans-serif;font-size: 15px;background-color: #ffffff\">Altura (mm) 25<br style=\"color: #888888;font-family: 'Open Sans', sans-serif;font-size: 15px;background-color: #ffffff\">Peso (g) 169<\/p>\n","protected":false},"excerpt":{"rendered":"<p>Fujifilm Instax Mini 11 \u00c1lbum Azul Cielo \u00c1lbum para 108 fotos en color Sky Blue \u00c1lbum de fotos adecuado para<\/p>\n","protected":false},"featured_media":41907,"comment_status":"closed","ping_status":"open","template":"","meta":{"_acf_changed":false},"product_brand":[2539],"product_cat":[931],"product_tag":[],"class_list":{"0":"post-72423","1":"product","2":"type-product","3":"status-publish","4":"has-post-thumbnail","6":"product_brand-fujifilm-es","7":"product_cat-instantaneas-es","9":"first","10":"instock","11":"taxable","12":"shipping-taxable","13":"purchasable","14":"product-type-simple"},"bundled_by":[],"bundle_stock_status":"instock","bundle_stock_quantity":1,"bundle_virtual":false,"bundle_layout":"","bundle_add_to_cart_form_location":"","bundle_editable_in_cart":false,"bundle_sold_individually_context":"","bundle_item_grouping":"","bundle_min_size":"","bundle_max_size":"","bundle_price":[],"bundled_items":[],"bundle_sell_ids":[],"acf":[],"_links":{"self":[{"href":"https:\/\/hi-techwonder.com\/es\/wp-json\/wp\/v2\/product\/72423","targetHints":{"allow":["GET"]}}],"collection":[{"href":"https:\/\/hi-techwonder.com\/es\/wp-json\/wp\/v2\/product"}],"about":[{"href":"https:\/\/hi-techwonder.com\/es\/wp-json\/wp\/v2\/types\/product"}],"replies":[{"embeddable":true,"href":"https:\/\/hi-techwonder.com\/es\/wp-json\/wp\/v2\/comments?post=72423"}],"wp:featuredmedia":[{"embeddable":true,"href":"https:\/\/hi-techwonder.com\/es\/wp-json\/wp\/v2\/media\/41907"}],"wp:attachment":[{"href":"https:\/\/hi-techwonder.com\/es\/wp-json\/wp\/v2\/media?parent=72423"}],"wp:term":[{"taxonomy":"product_brand","embeddable":true,"href":"https:\/\/hi-techwonder.com\/es\/wp-json\/wp\/v2\/product_brand?post=72423"},{"taxonomy":"product_cat","embeddable":true,"href":"https:\/\/hi-techwonder.com\/es\/wp-json\/wp\/v2\/product_cat?post=72423"},{"taxonomy":"product_tag","embeddable":true,"href":"https:\/\/hi-techwonder.com\/es\/wp-json\/wp\/v2\/product_tag?post=72423"}],"curies":[{"name":"wp","href":"https:\/\/api.w.org\/{rel}","templated":true}]}}