{"id":72427,"date":"2025-07-29T09:26:49","date_gmt":"2025-07-29T09:26:49","guid":{"rendered":"https:\/\/fv6qoy3ls0.wpdns.site\/produto\/fujifilm-gf-45-100mm-f-4-r-lm-ois-wr-fujifilm-g\/"},"modified":"2025-12-22T12:31:39","modified_gmt":"2025-12-22T12:31:39","slug":"fujifilm-gf-45-100mm-f-4-r-lm-ois-wr-fujifilm-g","status":"publish","type":"product","link":"https:\/\/hi-techwonder.com\/es\/producto\/fujifilm-gf-45-100mm-f-4-r-lm-ois-wr-fujifilm-g\/","title":{"rendered":"FUJIFILM GF 45-100mm f\/4 R LM OIS WR &#8211; Fujifilm G"},"content":{"rendered":"<h3><strong>Fujifilm GF 45-100mm f\/4 R LM OIS WR &#8211; Fujifilm G<\/strong><\/h3>\n<hr>\n<h4><strong>Funciones<\/strong><\/h4>\n<ul>\n<li><strong>Distancia focal flexible<\/strong><br \/>Zoom est\u00e1ndar de 45-100 mm (equivalente a 36-79 mm en formato de 35 mm), ideal para retratos, paisajes y fotograf\u00eda callejera.<\/li>\n<li><strong>Apertura constante de f\/4<\/strong><br \/>Ofrece un rendimiento constante en todo el rango de zoom, lo que garantiza un excelente control de la profundidad de campo.<\/li>\n<li><strong>Estabilizaci\u00f3n \u00f3ptica de imagen (OIS)<\/strong><br \/>Compensa hasta 5 paradas de movimiento, lo que permite tomas n\u00edtidas incluso en condiciones de poca luz o con velocidades de obturaci\u00f3n m\u00e1s lentas.<\/li>\n<li><strong>Motor lineal para enfoque autom\u00e1tico (LM)<\/strong><br \/>R\u00e1pido, silencioso y preciso, ideal para capturar sujetos en movimiento.<\/li>\n<li><strong>Resistencia a la intemperie (WR)<\/strong><br \/>Sellado contra el polvo, la humedad y las temperaturas de hasta -10 \u00b0C, lo que garantiza la fiabilidad en condiciones adversas.<\/li>\n<li><strong>\u00d3ptica de alto rendimiento<\/strong><br \/>La construcci\u00f3n \u00f3ptica avanzada con elementos asf\u00e9ricos y ED minimiza las aberraciones crom\u00e1ticas, asegurando im\u00e1genes n\u00edtidas y colores fieles.<\/li>\n<\/ul>\n<p><iframe loading=\"lazy\" frameborder=\"0\" src=\"https:\/\/www.youtube.com\/embed\/UfpZEjwR8CI?start=10\" width=\"640\" height=\"360\" class=\"note-video-clip\" referrerpolicy=\"strict-origin-when-cross-origin\"><\/iframe><\/p>\n<hr>\n<h4><strong>Contenido del paquete<\/strong><\/h4>\n<ul>\n<li>1 \u00d7 <strong>Objetivo Fujifilm GF 45-100mm f\/4 R LM OIS WR<\/strong><\/li>\n<li>1 \u00d7 Tapa frontal del objetivo (FLCP-82)<\/li>\n<li>1 \u00d7 Tapa trasera del objetivo (RLCP-002)<\/li>\n<li>1 \u00d7 Parasol (LH-GF45100)<\/li>\n<li>1 \u00d7 Bolsa protectora<\/li>\n<li>1 \u00d7 Manual de usuario<\/li>\n<\/ul>\n<hr>\n<h4><strong>Descripci\u00f3n<\/strong><\/h4>\n<p>El <strong>Fujifilm GF 45-100mm f\/4 R LM OIS WR<\/strong> es un objetivo zoom est\u00e1ndar vers\u00e1til para el sistema de c\u00e1mara de formato medio GFX. Dise\u00f1ado para fot\u00f3grafos que exigen un rendimiento \u00f3ptico y versatilidad impecables, este objetivo cubre una amplia gama de distancias focales, lo que lo hace ideal para diferentes escenarios, desde retratos hasta paisajes y fotograf\u00eda de viajes. <\/p>\n<p>La combinaci\u00f3n de estabilizaci\u00f3n \u00f3ptica de imagen de 5 pasos, motor de enfoque lineal y dise\u00f1o resistente a la intemperie lo convierte en un socio confiable, incluso en las condiciones m\u00e1s exigentes. Su \u00f3ptica avanzada garantiza una nitidez excepcional y una reproducci\u00f3n precisa del color, al tiempo que mantiene el est\u00e1ndar de calidad superior de la serie GF. <\/p>\n<hr>\n<h4><strong>Especificaciones t\u00e9cnicas<\/strong><\/h4>\n<ul>\n<li><strong>Distancia focal:<\/strong> 45-100 mm (equivalente a 36-79 mm en formato de 35 mm).<\/li>\n<li><strong>Apertura m\u00e1xima:<\/strong> f\/4.<\/li>\n<li><strong>Apertura m\u00ednima:<\/strong> f\/32.<\/li>\n<li><strong>Construcci\u00f3n \u00f3ptica:<\/strong> 16 elementos en 12 grupos (incluidos 3 elementos asf\u00e9ricos, 1 elemento Super ED y 1 elemento ED).<\/li>\n<li><strong>Di\u00e1metro del filtro:<\/strong> 82 mm.<\/li>\n<li><strong>Distancia m\u00ednima de enfoque:<\/strong> 65 cm.<\/li>\n<li><strong>Aumento m\u00e1ximo:<\/strong> 0.13x.<\/li>\n<li><strong>Diafragma:<\/strong> 9 hojas redondeadas.<\/li>\n<li><strong>Peso:<\/strong> Aproximadamente 1.005 g.<\/li>\n<li><strong>Dimensiones:<\/strong> 144,5 mm x 93 mm.<\/li>\n<li><strong>Estabilizaci\u00f3n \u00f3ptica (OIS):<\/strong> Hasta 5 paradas.<\/li>\n<li><strong>Motor de enfoque:<\/strong> Motor lineal (LM).<\/li>\n<li><strong>Sellado (WR):<\/strong> Resistente al polvo, a las salpicaduras y a temperaturas de hasta -10\u00b0C.<\/li>\n<li><strong>Montura:<\/strong> Montura GF (compatible con c\u00e1maras Fujifilm GFX).<\/li>\n<\/ul>\n<hr>\n<h4><strong>Informaci\u00f3n adicional<\/strong><\/h4>\n<p>Nota: Im\u00e1genes ilustrativas. Equipo adicional no incluido. Consulte el contenido del paquete y las especificaciones para obtener detalles del fabricante.  <\/p>\n","protected":false},"excerpt":{"rendered":"<p>Fujifilm GF 45-100mm f\/4 R LM OIS WR &#8211; Fujifilm G Funciones Distancia focal flexibleZoom est\u00e1ndar de 45-100 mm (equivalente<\/p>\n","protected":false},"featured_media":49083,"comment_status":"closed","ping_status":"closed","template":"","meta":{"_acf_changed":false},"product_brand":[2539],"product_cat":[1062],"product_tag":[],"class_list":{"0":"post-72427","1":"product","2":"type-product","3":"status-publish","4":"has-post-thumbnail","6":"product_brand-fujifilm-es","7":"product_cat-mirrorless-objectivos","8":"pa_abertura-maxima-f-4-es","9":"pa_cor-negro","10":"pa_diametro-82mm-es","11":"pa_estabilizacao-de-imagem-si","12":"pa_montagem-da-objetiva-fujifilm-g-es","13":"pa_sensor-formato-medio","14":"pa_tipo-de-foco-enfoque-automatico","15":"pa_tipo-de-objetiva-estandar","16":"pa_tipo-de-objetiva-teleobjetivo","17":"pa_zoom-fixa-zoom-externo-es","18":"custom-price-on-request","20":"first","21":"onbackorder","22":"taxable","23":"shipping-taxable","24":"product-type-simple"},"bundled_by":[],"bundle_stock_status":"onbackorder","bundle_stock_quantity":null,"bundle_virtual":false,"bundle_layout":"","bundle_add_to_cart_form_location":"","bundle_editable_in_cart":false,"bundle_sold_individually_context":"","bundle_item_grouping":"","bundle_min_size":"","bundle_max_size":"","bundle_price":[],"bundled_items":[],"bundle_sell_ids":[],"acf":[],"_links":{"self":[{"href":"https:\/\/hi-techwonder.com\/es\/wp-json\/wp\/v2\/product\/72427","targetHints":{"allow":["GET"]}}],"collection":[{"href":"https:\/\/hi-techwonder.com\/es\/wp-json\/wp\/v2\/product"}],"about":[{"href":"https:\/\/hi-techwonder.com\/es\/wp-json\/wp\/v2\/types\/product"}],"replies":[{"embeddable":true,"href":"https:\/\/hi-techwonder.com\/es\/wp-json\/wp\/v2\/comments?post=72427"}],"wp:featuredmedia":[{"embeddable":true,"href":"https:\/\/hi-techwonder.com\/es\/wp-json\/wp\/v2\/media\/49083"}],"wp:attachment":[{"href":"https:\/\/hi-techwonder.com\/es\/wp-json\/wp\/v2\/media?parent=72427"}],"wp:term":[{"taxonomy":"product_brand","embeddable":true,"href":"https:\/\/hi-techwonder.com\/es\/wp-json\/wp\/v2\/product_brand?post=72427"},{"taxonomy":"product_cat","embeddable":true,"href":"https:\/\/hi-techwonder.com\/es\/wp-json\/wp\/v2\/product_cat?post=72427"},{"taxonomy":"product_tag","embeddable":true,"href":"https:\/\/hi-techwonder.com\/es\/wp-json\/wp\/v2\/product_tag?post=72427"}],"curies":[{"name":"wp","href":"https:\/\/api.w.org\/{rel}","templated":true}]}}