{"id":72432,"date":"2025-07-29T09:27:00","date_gmt":"2025-07-29T09:27:00","guid":{"rendered":"https:\/\/fv6qoy3ls0.wpdns.site\/produto\/fujifilm-gf-120mm-f-4-r-lm-ois-wr-macro-fujifilm-g\/"},"modified":"2025-12-22T14:33:21","modified_gmt":"2025-12-22T14:33:21","slug":"fujifilm-gf-120mm-f-4-r-lm-ois-wr-macro-fujifilm-g","status":"publish","type":"product","link":"https:\/\/hi-techwonder.com\/es\/producto\/fujifilm-gf-120mm-f-4-r-lm-ois-wr-macro-fujifilm-g\/","title":{"rendered":"FUJIFILM GF 120mm f\/4 R LM OIS WR Macro &#8211; Fujifilm G"},"content":{"rendered":"<h3><strong>Fujifilm GF 120mm f\/4 R LM OIS WR Macro &#8211; Fujifilm G<\/strong><\/h3>\n<hr>\n<h4><strong>Funciones<\/strong><\/h4>\n<ul>\n<li><strong>Distancia focal de 120 mm<\/strong><br \/>Equivalente a 95mm en formato 35mm, ideal para fotograf\u00eda macro, retratos y detalles.<\/li>\n<li><strong>Aumento 1:2<\/strong><br \/>Le permite capturar detalles incre\u00edbles con medio aumento de tama\u00f1o real.<\/li>\n<li><strong>Apertura m\u00e1xima de f\/4<\/strong><br \/>Ideal para controlar la profundidad de campo y mantener una alta nitidez.<\/li>\n<li><strong>Estabilizaci\u00f3n \u00f3ptica de imagen (OIS)<\/strong><br \/>Compensa hasta 5 puntos de sacudida, lo que permite tomas claras en condiciones de poca luz.<\/li>\n<li><strong>Enfoque autom\u00e1tico r\u00e1pido y preciso<\/strong><br \/>Equipado con un motor lineal (LM) para un enfoque silencioso y eficiente.<\/li>\n<li><strong>Construcci\u00f3n resistente a la intemperie (WR)<\/strong><br \/>Sellado contra el polvo, la humedad y temperaturas de hasta -10 \u00b0C.<\/li>\n<\/ul>\n<p><iframe loading=\"lazy\" frameborder=\"0\" src=\"https:\/\/www.youtube.com\/embed\/t6keyZI8wBU\" width=\"640\" height=\"360\" class=\"note-video-clip\" referrerpolicy=\"strict-origin-when-cross-origin\"><\/iframe><\/p>\n<ul>\n<\/ul>\n<hr>\n<h4><strong>Contenido del paquete<\/strong><\/h4>\n<ul>\n<li>1 \u00d7 <strong>Objetivo macro Fujifilm GF 120mm f\/4 R LM OIS WR<\/strong><\/li>\n<li>1 \u00d7 Tapa frontal del objetivo (FLCP-72)<\/li>\n<li>1 \u00d7 Tapa trasera del objetivo (RLCP-002)<\/li>\n<li>1 \u00d7 Parasol (LH-GF120)<\/li>\n<li>1 \u00d7 Bolsa protectora<\/li>\n<li>1 \u00d7 Manual de usuario<\/li>\n<\/ul>\n<hr>\n<h4><strong>Descripci\u00f3n<\/strong><\/h4>\n<p>El <strong>Fujifilm GF 120mm f\/4 R LM OIS WR Macro<\/strong> es un objetivo macro de alto rendimiento desarrollado para el sistema de c\u00e1mara de formato medio Fujifilm GFX. Con una distancia focal equivalente a 95 mm en el formato de 35 mm, ofrece una combinaci\u00f3n de rango y calidad \u00f3ptica ideal para capturar detalles sorprendentes, desde flores e insectos hasta retratos expresivos. <\/p>\n<p>El dise\u00f1o \u00f3ptico avanzado con 14 elementos en 9 grupos, incluidos los elementos ED, reduce las aberraciones crom\u00e1ticas para obtener colores precisos y una nitidez impecable. La estabilizaci\u00f3n \u00f3ptica de imagen (OIS) compensa hasta 5 paradas de movimiento, mientras que el motor lineal (LM) garantiza un enfoque r\u00e1pido y silencioso. <\/p>\n<p>La construcci\u00f3n resistente a la intemperie protege contra el polvo, la humedad y las bajas temperaturas, lo que convierte a este objetivo en una herramienta fiable para la fotograf\u00eda macro y de retratos, incluso en entornos hostiles.<\/p>\n<hr>\n<h4><strong>Especificaciones t\u00e9cnicas<\/strong><\/h4>\n<ul>\n<li><strong>Distancia focal:<\/strong> 120 mm (equivalente a 95 mm en formato de 35 mm).<\/li>\n<li><strong>Apertura m\u00e1xima:<\/strong> f\/4.<\/li>\n<li><strong>Apertura m\u00ednima:<\/strong> f\/32.<\/li>\n<li><strong>Construcci\u00f3n \u00f3ptica:<\/strong> 14 elementos en 9 grupos (incluidos 3 elementos ED).<\/li>\n<li><strong>Aumento m\u00e1ximo:<\/strong> 1:2 (aumento de tama\u00f1o completo).<\/li>\n<li><strong>Distancia m\u00ednima de enfoque:<\/strong> 45 cm.<\/li>\n<li><strong>Di\u00e1metro del filtro:<\/strong> 72 mm.<\/li>\n<li><strong>Estabilizaci\u00f3n \u00f3ptica:<\/strong> Hasta 5 puntos (seg\u00fan normas CIPA).<\/li>\n<li><strong>Motor de enfoque:<\/strong> Motor lineal (LM).<\/li>\n<li><strong>Diafragma:<\/strong> 9 hojas redondeadas.<\/li>\n<li><strong>Peso:<\/strong> Aproximadamente 980 g (sin accesorios).<\/li>\n<li><strong>Dimensiones:<\/strong> 89,2 mm (di\u00e1metro) x 152,5 mm (longitud).<\/li>\n<li><strong>Montura:<\/strong> Montura GF (compatible con c\u00e1maras Fujifilm GFX).<\/li>\n<li><strong>Sellado (WR):<\/strong> Resistente al polvo, la humedad y las temperaturas de hasta -10 \u00b0C.<\/li>\n<\/ul>\n<hr>\n<h4><strong>Informaci\u00f3n adicional<\/strong><\/h4>\n<p>Nota: Im\u00e1genes ilustrativas. Equipo adicional no incluido. Consulte el contenido del paquete y las especificaciones para obtener detalles del fabricante.  <\/p>\n","protected":false},"excerpt":{"rendered":"<p>Fujifilm GF 120mm f\/4 R LM OIS WR Macro &#8211; Fujifilm G Funciones Distancia focal de 120 mmEquivalente a 95mm<\/p>\n","protected":false},"featured_media":49115,"comment_status":"closed","ping_status":"closed","template":"","meta":{"_acf_changed":false},"product_brand":[2539],"product_cat":[1062],"product_tag":[],"class_list":{"0":"post-72432","1":"product","2":"type-product","3":"status-publish","4":"has-post-thumbnail","6":"product_brand-fujifilm-es","7":"product_cat-mirrorless-objectivos","8":"pa_abertura-maxima-f-4-es","9":"pa_cor-negro","10":"pa_designs-especiais-macro-es","11":"pa_diametro-72mm-es","12":"pa_estabilizacao-de-imagem-si","13":"pa_montagem-da-objetiva-fujifilm-g-es","14":"pa_sensor-formato-medio","15":"pa_tipo-de-foco-enfoque-automatico","16":"pa_tipo-de-objetiva-teleobjetivo","17":"pa_zoom-fixa-fijo","18":"custom-price-on-request","20":"first","21":"onbackorder","22":"taxable","23":"shipping-taxable","24":"product-type-simple"},"bundled_by":[],"bundle_stock_status":"onbackorder","bundle_stock_quantity":null,"bundle_virtual":false,"bundle_layout":"","bundle_add_to_cart_form_location":"","bundle_editable_in_cart":false,"bundle_sold_individually_context":"","bundle_item_grouping":"","bundle_min_size":"","bundle_max_size":"","bundle_price":[],"bundled_items":[],"bundle_sell_ids":[],"acf":[],"_links":{"self":[{"href":"https:\/\/hi-techwonder.com\/es\/wp-json\/wp\/v2\/product\/72432","targetHints":{"allow":["GET"]}}],"collection":[{"href":"https:\/\/hi-techwonder.com\/es\/wp-json\/wp\/v2\/product"}],"about":[{"href":"https:\/\/hi-techwonder.com\/es\/wp-json\/wp\/v2\/types\/product"}],"replies":[{"embeddable":true,"href":"https:\/\/hi-techwonder.com\/es\/wp-json\/wp\/v2\/comments?post=72432"}],"wp:featuredmedia":[{"embeddable":true,"href":"https:\/\/hi-techwonder.com\/es\/wp-json\/wp\/v2\/media\/49115"}],"wp:attachment":[{"href":"https:\/\/hi-techwonder.com\/es\/wp-json\/wp\/v2\/media?parent=72432"}],"wp:term":[{"taxonomy":"product_brand","embeddable":true,"href":"https:\/\/hi-techwonder.com\/es\/wp-json\/wp\/v2\/product_brand?post=72432"},{"taxonomy":"product_cat","embeddable":true,"href":"https:\/\/hi-techwonder.com\/es\/wp-json\/wp\/v2\/product_cat?post=72432"},{"taxonomy":"product_tag","embeddable":true,"href":"https:\/\/hi-techwonder.com\/es\/wp-json\/wp\/v2\/product_tag?post=72432"}],"curies":[{"name":"wp","href":"https:\/\/api.w.org\/{rel}","templated":true}]}}