{"id":72434,"date":"2025-07-29T09:26:27","date_gmt":"2025-07-29T09:26:27","guid":{"rendered":"https:\/\/fv6qoy3ls0.wpdns.site\/produto\/fujifilm-gf-110mm-f-5-6-t-s-macro-fujifilm-g\/"},"modified":"2025-12-22T12:06:38","modified_gmt":"2025-12-22T12:06:38","slug":"fujifilm-gf-110mm-f-5-6-t-s-macro-fujifilm-g","status":"publish","type":"product","link":"https:\/\/hi-techwonder.com\/es\/producto\/fujifilm-gf-110mm-f-5-6-t-s-macro-fujifilm-g\/","title":{"rendered":"FUJIFILM GF 110mm f\/5.6 T\/S Macro &#8211; Fujifilm G"},"content":{"rendered":"<h3><strong>Fujifilm GF 110mm f\/5.6 T\/S Macro &#8211; Fujifilm G<\/strong><\/h3>\n<hr>\n<h4><strong>Funciones<\/strong><\/h4>\n<ul>\n<li><strong>Lente de cambio de inclinaci\u00f3n de gran formato (montura G):<\/strong> Dise\u00f1ado para c\u00e1maras Fujifilm GFX, ofrece un control creativo avanzado de la perspectiva, el enfoque selectivo y la correcci\u00f3n de l\u00ednea.<\/li>\n<li><strong>Distancia focal de 110 mm:<\/strong> Ideal para retratos, fotograf\u00eda macro y aplicaciones que requieren un alto aislamiento del sujeto mientras se mantiene una alta calidad de imagen en formato medio.<\/li>\n<li><strong>Apertura m\u00e1xima de f\/5.6:<\/strong> Combina nitidez y suavidad del fondo, lo que le permite concentrarse en los detalles con profundidad de campo controlada.<\/li>\n<li><strong>Mecanismos de inclinaci\u00f3n y desplazamiento:<\/strong> Ajuste la inclinaci\u00f3n del plano de enfoque para obtener efectos creativos o corrija convergencias en fotograf\u00eda de arquitectura y productos.<\/li>\n<li><strong>Macro de alta precisi\u00f3n:<\/strong> Posibilidad de enfoque a corta distancia y aumento considerable, capturando detalles minuciosos en formato medio.<\/li>\n<li><strong>Construcci\u00f3n \u00f3ptica avanzada:<\/strong> Cuenta con elementos y recubrimientos de correcci\u00f3n de aberraciones de alta calidad para garantizar la claridad y la fidelidad del color.<\/li>\n<li><strong>Anillo de apertura con incrementos de 1\/3 EV:<\/strong> Proporciona un control preciso de la exposici\u00f3n manual, incluida una posici\u00f3n \u00abC\u00bb para el ajuste a trav\u00e9s del cuerpo de la c\u00e1mara.<\/li>\n<li><strong>Dise\u00f1o resistente:<\/strong> Tiene sellos (WR \u2013 Weather Resistant) contra el polvo, las salpicaduras de agua y las bajas temperaturas, lo que lo hace confiable para uso en exteriores.<\/li>\n<\/ul>\n<p><iframe loading=\"lazy\" frameborder=\"0\" src=\"https:\/\/www.youtube.com\/embed\/OqBcb82aG6c\" width=\"640\" height=\"360\" class=\"note-video-clip\" referrerpolicy=\"strict-origin-when-cross-origin\"><\/iframe><\/p>\n<ul>\n<\/ul>\n<hr>\n<h4><strong>Contenido del paquete<\/strong><\/h4>\n<ul>\n<li>1 \u00d7 <strong>Lente macro Fujifilm GF 110mm f\/5.6 T\/S<\/strong><\/li>\n<li>1 \u00d7 Tapa frontal del objetivo<\/li>\n<li>1 \u00d7 Tapa trasera del objetivo<\/li>\n<li>1 \u00d7 Parasol (si corresponde)<\/li>\n<li>1 \u00d7 Bolsa de transporte o estuche (seg\u00fan el juego oficial)<\/li>\n<li>1 \u00d7 Documentaci\u00f3n y manual de usuario<\/li>\n<\/ul>\n<hr>\n<h4><strong>Descripci\u00f3n<\/strong><\/h4>\n<p>El <strong>Fujifilm GF 110mm f\/5.6 T\/S Macro ampl\u00eda<\/strong> las posibilidades creativas en el sistema GFX, ofreciendo funciones de inclinaci\u00f3n y desplazamiento que permiten el control creativo de la perspectiva, la profundidad de campo y la correcci\u00f3n de la distorsi\u00f3n. Desarrollada para capturar detalles con alta precisi\u00f3n, la funci\u00f3n macro garantiza resultados sobresalientes en productos, retratos y fotograf\u00eda de estudio. <\/p>\n<p>La articulaci\u00f3n de inclinaci\u00f3n permite ajustar el plano de enfoque para obtener efectos selectivos o ampliar la profundidad de campo, mientras que el desplazamiento corrige las l\u00edneas convergentes y ayuda a componer im\u00e1genes arquitect\u00f3nicas sin distorsiones. Hecho para hacer frente a los entornos m\u00e1s exigentes, este objetivo cuenta con un dise\u00f1o WR (resistente a la intemperie), lo que garantiza una mayor fiabilidad en condiciones adversas. Adem\u00e1s, el mecanismo de enfoque y la construcci\u00f3n \u00f3ptica garantizan la nitidez, el color y el contraste caracter\u00edsticos del sistema GF.  <\/p>\n<hr>\n<h4><strong>Especificaciones t\u00e9cnicas<\/strong><\/h4>\n<ul>\n<li><strong>Distancia focal:<\/strong> 110 mm (en montura GF)<\/li>\n<li><strong>Apertura m\u00e1xima:<\/strong> f\/5.6<\/li>\n<li><strong>Apertura m\u00ednima:<\/strong> f\/32 (aprox.)<\/li>\n<li><strong>Mecanismo de inclinaci\u00f3n:<\/strong> \u00b1 grado de inclinaci\u00f3n&nbsp;<\/li>\n<li><strong>Mecanismo de cambio:<\/strong> \u00b1 mm de recorrido&nbsp;<\/li>\n<li><strong>Angulaci\u00f3n de rotaci\u00f3n de inclinaci\u00f3n \/ desplazamiento:<\/strong> Posibilidad de girar la lente para ajustar la direcci\u00f3n de inclinaci\u00f3n \/ desplazamiento<\/li>\n<li><strong>Estructura \u00f3ptica:<\/strong> N\u00ba de elementos y grupos (con elementos de correcci\u00f3n especializados)<\/li>\n<li><strong>Campo de enfoque macro:<\/strong> Distancia m\u00ednima de enfoque y relaci\u00f3n de aumento a confirmar, adecuada para fotograf\u00eda de proximidad<\/li>\n<li><strong>Recubrimientos de lentes:<\/strong> Recubrimientos antirreflectantes para minimizar las im\u00e1genes fantasma y los destellos<\/li>\n<li><strong>Dimensiones\/Peso:<\/strong> Valores exactos seg\u00fan la hoja de datos oficial de Fujifilm<\/li>\n<li><strong>Sellado (WR):<\/strong> Resistente al polvo, salpicaduras y bajas temperaturas<\/li>\n<li><strong>Montura:<\/strong> Montura G (compatibilidad con c\u00e1maras Fujifilm GFX)<\/li>\n<\/ul>\n<hr>\n<h4><strong>Informaci\u00f3n adicional<\/strong><\/h4>\n<p>Nota: Im\u00e1genes ilustrativas. Equipo adicional no incluido. Consulte el contenido del paquete y las especificaciones para obtener detalles del fabricante.  <\/p>\n","protected":false},"excerpt":{"rendered":"<p>Fujifilm GF 110mm f\/5.6 T\/S Macro &#8211; Fujifilm G Funciones Lente de cambio de inclinaci\u00f3n de gran formato (montura G):<\/p>\n","protected":false},"featured_media":49010,"comment_status":"closed","ping_status":"closed","template":"","meta":{"_acf_changed":false},"product_brand":[2539],"product_cat":[1062],"product_tag":[],"class_list":{"0":"post-72434","1":"product","2":"type-product","3":"status-publish","4":"has-post-thumbnail","6":"product_brand-fujifilm-es","7":"product_cat-mirrorless-objectivos","8":"pa_abertura-maxima-f-5-6-es","9":"pa_cor-negro","10":"pa_designs-especiais-macro-es","11":"pa_designs-especiais-tilt-shift-es","12":"pa_diametro-72mm-es","13":"pa_estabilizacao-de-imagem-no","14":"pa_montagem-da-objetiva-fujifilm-g-es","15":"pa_sensor-formato-medio","16":"pa_tipo-de-foco-enfoque-automatico","17":"pa_tipo-de-objetiva-teleobjetivo","18":"pa_zoom-fixa-fijo","19":"custom-price-on-request","21":"first","22":"onbackorder","23":"taxable","24":"shipping-taxable","25":"product-type-simple"},"bundled_by":[],"bundle_stock_status":"onbackorder","bundle_stock_quantity":null,"bundle_virtual":false,"bundle_layout":"","bundle_add_to_cart_form_location":"","bundle_editable_in_cart":false,"bundle_sold_individually_context":"","bundle_item_grouping":"","bundle_min_size":"","bundle_max_size":"","bundle_price":[],"bundled_items":[],"bundle_sell_ids":[],"acf":[],"_links":{"self":[{"href":"https:\/\/hi-techwonder.com\/es\/wp-json\/wp\/v2\/product\/72434","targetHints":{"allow":["GET"]}}],"collection":[{"href":"https:\/\/hi-techwonder.com\/es\/wp-json\/wp\/v2\/product"}],"about":[{"href":"https:\/\/hi-techwonder.com\/es\/wp-json\/wp\/v2\/types\/product"}],"replies":[{"embeddable":true,"href":"https:\/\/hi-techwonder.com\/es\/wp-json\/wp\/v2\/comments?post=72434"}],"wp:featuredmedia":[{"embeddable":true,"href":"https:\/\/hi-techwonder.com\/es\/wp-json\/wp\/v2\/media\/49010"}],"wp:attachment":[{"href":"https:\/\/hi-techwonder.com\/es\/wp-json\/wp\/v2\/media?parent=72434"}],"wp:term":[{"taxonomy":"product_brand","embeddable":true,"href":"https:\/\/hi-techwonder.com\/es\/wp-json\/wp\/v2\/product_brand?post=72434"},{"taxonomy":"product_cat","embeddable":true,"href":"https:\/\/hi-techwonder.com\/es\/wp-json\/wp\/v2\/product_cat?post=72434"},{"taxonomy":"product_tag","embeddable":true,"href":"https:\/\/hi-techwonder.com\/es\/wp-json\/wp\/v2\/product_tag?post=72434"}],"curies":[{"name":"wp","href":"https:\/\/api.w.org\/{rel}","templated":true}]}}