{"id":72448,"date":"2025-07-29T10:20:48","date_gmt":"2025-07-29T10:20:48","guid":{"rendered":"https:\/\/fv6qoy3ls0.wpdns.site\/produto\/godox-bdr-c550-panal-para-beauty-dish-55cm\/"},"modified":"2026-02-09T14:32:58","modified_gmt":"2026-02-09T14:32:58","slug":"godox-bdr-c550-panal-para-beauty-dish-55cm","status":"publish","type":"product","link":"https:\/\/hi-techwonder.com\/es\/producto\/godox-bdr-c550-panal-para-beauty-dish-55cm\/","title":{"rendered":"GODOX BDR-C550 Panal para Beauty Dish 55cm"},"content":{"rendered":"<h3><b>Godox BDR-C550 Rejilla de nido de abeja &#8211; Rejilla de nido de abeja para plato de belleza 55cm<\/b><\/h3>\n<h5><\/h5>\n<h5><\/h5>\n<h4><b>Descripci\u00f3n<\/b><\/h4>\n<p><strong data-start=\"1040\" data-end=\"1073\">La Godox BDR-C550 <\/strong> es una colmena dise\u00f1ada para el Beauty Dish &nbsp;<strong data-start=\"1171\" data-end=\"1188\">55 cm (21,6&#8243;).<\/strong> Este accesorio encaja directamente en la parte frontal del Beauty Dish, estrecha la luz y ofrece un &nbsp;<strong data-start=\"1304\" data-end=\"1336\">Control total de la iluminaci\u00f3n y el<\/strong> contraste. Su uso da como resultado una <strong data-start=\"1386\" data-end=\"1429\">iluminaci\u00f3n m\u00e1s dram\u00e1tica y concentrada<\/strong>, perfecta para realzar detalles y crear atm\u00f3sferas intensas. Ideal para fot\u00f3grafos que buscan un aspecto m\u00e1s <strong data-start=\"1542\" data-end=\"1573\">cinematogr\u00e1fico y art\u00edstico<\/strong> en sus producciones. La construcci\u00f3n ligera y robusta garantiza durabilidad y facilidad de transporte.   <\/p>\n<p><\/p>\n<h4><b>Caracter\u00edsticas t\u00e9cnicas<\/b><\/h4>\n<p><strong data-start=\"1910\" data-end=\"1923\"><br \/><\/strong><\/p>\n<p><strong data-start=\"1910\" data-end=\"1923\">Di\u00e1metro:<\/strong> 55 cm \/ 21,6&#8243;<br data-start=\"1937\" data-end=\"1940\"><strong data-start=\"1940\" data-end=\"1954\">Espesor:<\/strong> 1,5 cm \/ 0,6&#8243;<br data-start=\"1968\" data-end=\"1971\"><strong data-start=\"1971\" data-end=\"1993\">Tipo de accesorio: <\/strong>Colmena<br data-start=\"2015\" data-end=\"2018\"><strong data-start=\"2018\" data-end=\"2029\">Funci\u00f3n:<\/strong> Direcci\u00f3n de la luz, control de contraste, eliminaci\u00f3n de luz par\u00e1sita<br data-start=\"2102\" data-end=\"2105\"><strong data-start=\"2105\" data-end=\"2118\">Material:<\/strong> Metal<br data-start=\"2151\" data-end=\"2154\" data-is-only-node=\"\"><strong data-start=\"2154\" data-end=\"2162\">Color:<\/strong> Negro<\/p>\n<h4><b><br \/><\/b><\/h4>\n<h4><b>Informaci\u00f3n de embalaje<\/b><\/h4>\n<h3>\n<h5><strong data-start=\"190\" data-end=\"212\">Peso del paquete:<\/strong> 1,14 kg<br \/><strong data-start=\"223\" data-end=\"254\">Dimensiones de la caja (LxAxA):<\/strong> 58,4 x 57,2 x 4,4 cm<\/h5>\n<\/h3>\n<h4><b><br \/><\/b><\/h4>\n<h4><b>Contenido del paquete&nbsp;<\/b><\/h4>\n<ul>\n<li>Panal Godox BDR-C550<\/li>\n<\/ul>\n<p><\/p>\n<p><\/p>\n<p>Las im\u00e1genes son solo para fines ilustrativos. Equipo de iluminaci\u00f3n no incluido. Consulte el contenido del paquete y los detalles en las especificaciones del producto.  <\/p>\n<p><\/p>\n<p><\/p>\n<p><\/p>\n<p><\/p>\n<p><\/p>\n","protected":false},"excerpt":{"rendered":"<p>Godox BDR-C550 Rejilla de nido de abeja &#8211; Rejilla de nido de abeja para plato de belleza 55cm Descripci\u00f3n La<\/p>\n","protected":false},"featured_media":61984,"comment_status":"closed","ping_status":"open","template":"","meta":{"_acf_changed":false},"product_brand":[2555],"product_cat":[1005],"product_tag":[],"class_list":{"0":"post-72448","1":"product","2":"type-product","3":"status-publish","4":"has-post-thumbnail","6":"product_brand-godox-es","7":"product_cat-otros-otros-modificadores","9":"first","10":"onbackorder","11":"taxable","12":"shipping-taxable","13":"purchasable","14":"product-type-simple"},"bundled_by":[],"bundle_stock_status":"onbackorder","bundle_stock_quantity":null,"bundle_virtual":false,"bundle_layout":"","bundle_add_to_cart_form_location":"","bundle_editable_in_cart":false,"bundle_sold_individually_context":"","bundle_item_grouping":"","bundle_min_size":"","bundle_max_size":"","bundle_price":[],"bundled_items":[],"bundle_sell_ids":[],"acf":[],"_links":{"self":[{"href":"https:\/\/hi-techwonder.com\/es\/wp-json\/wp\/v2\/product\/72448","targetHints":{"allow":["GET"]}}],"collection":[{"href":"https:\/\/hi-techwonder.com\/es\/wp-json\/wp\/v2\/product"}],"about":[{"href":"https:\/\/hi-techwonder.com\/es\/wp-json\/wp\/v2\/types\/product"}],"replies":[{"embeddable":true,"href":"https:\/\/hi-techwonder.com\/es\/wp-json\/wp\/v2\/comments?post=72448"}],"wp:featuredmedia":[{"embeddable":true,"href":"https:\/\/hi-techwonder.com\/es\/wp-json\/wp\/v2\/media\/61984"}],"wp:attachment":[{"href":"https:\/\/hi-techwonder.com\/es\/wp-json\/wp\/v2\/media?parent=72448"}],"wp:term":[{"taxonomy":"product_brand","embeddable":true,"href":"https:\/\/hi-techwonder.com\/es\/wp-json\/wp\/v2\/product_brand?post=72448"},{"taxonomy":"product_cat","embeddable":true,"href":"https:\/\/hi-techwonder.com\/es\/wp-json\/wp\/v2\/product_cat?post=72448"},{"taxonomy":"product_tag","embeddable":true,"href":"https:\/\/hi-techwonder.com\/es\/wp-json\/wp\/v2\/product_tag?post=72448"}],"curies":[{"name":"wp","href":"https:\/\/api.w.org\/{rel}","templated":true}]}}