{"id":72449,"date":"2025-07-29T10:00:24","date_gmt":"2025-07-29T10:00:24","guid":{"rendered":"https:\/\/fv6qoy3ls0.wpdns.site\/produto\/panal-godox-para-flash-compacto\/"},"modified":"2026-01-31T01:52:00","modified_gmt":"2026-01-31T01:52:00","slug":"godox-panal-godox-para-flash-compacto","status":"publish","type":"product","link":"https:\/\/hi-techwonder.com\/es\/producto\/godox-panal-godox-para-flash-compacto\/","title":{"rendered":"Panal GODOX para flash compacto"},"content":{"rendered":"<p>La colmena crea una iluminaci\u00f3n m\u00e1s espec\u00edfica y proporciona una luz m\u00e1s dura y brillante.<\/p>\n<p><strong>Contenido de la caja:<\/strong><\/p>\n<ul>\n<li>1x Panal (86x54x12mm)<\/li>\n<\/ul>\n<div>&nbsp;<\/div>\n","protected":false},"excerpt":{"rendered":"<p>La colmena crea una iluminaci\u00f3n m\u00e1s espec\u00edfica y proporciona una luz m\u00e1s dura y brillante. Contenido de la caja: 1x<\/p>\n","protected":false},"featured_media":57012,"comment_status":"closed","ping_status":"open","template":"","meta":{"_acf_changed":false},"product_brand":[2555],"product_cat":[1023],"product_tag":[],"class_list":{"0":"post-72449","1":"product","2":"type-product","3":"status-publish","4":"has-post-thumbnail","6":"product_brand-godox-es","7":"product_cat-modificadores-de-luz-es","9":"first","10":"instock","11":"taxable","12":"shipping-taxable","13":"purchasable","14":"product-type-simple"},"bundled_by":[],"bundle_stock_status":"instock","bundle_stock_quantity":2,"bundle_virtual":false,"bundle_layout":"","bundle_add_to_cart_form_location":"","bundle_editable_in_cart":false,"bundle_sold_individually_context":"","bundle_item_grouping":"","bundle_min_size":"","bundle_max_size":"","bundle_price":[],"bundled_items":[],"bundle_sell_ids":[],"acf":[],"_links":{"self":[{"href":"https:\/\/hi-techwonder.com\/es\/wp-json\/wp\/v2\/product\/72449","targetHints":{"allow":["GET"]}}],"collection":[{"href":"https:\/\/hi-techwonder.com\/es\/wp-json\/wp\/v2\/product"}],"about":[{"href":"https:\/\/hi-techwonder.com\/es\/wp-json\/wp\/v2\/types\/product"}],"replies":[{"embeddable":true,"href":"https:\/\/hi-techwonder.com\/es\/wp-json\/wp\/v2\/comments?post=72449"}],"wp:featuredmedia":[{"embeddable":true,"href":"https:\/\/hi-techwonder.com\/es\/wp-json\/wp\/v2\/media\/57012"}],"wp:attachment":[{"href":"https:\/\/hi-techwonder.com\/es\/wp-json\/wp\/v2\/media?parent=72449"}],"wp:term":[{"taxonomy":"product_brand","embeddable":true,"href":"https:\/\/hi-techwonder.com\/es\/wp-json\/wp\/v2\/product_brand?post=72449"},{"taxonomy":"product_cat","embeddable":true,"href":"https:\/\/hi-techwonder.com\/es\/wp-json\/wp\/v2\/product_cat?post=72449"},{"taxonomy":"product_tag","embeddable":true,"href":"https:\/\/hi-techwonder.com\/es\/wp-json\/wp\/v2\/product_tag?post=72449"}],"curies":[{"name":"wp","href":"https:\/\/api.w.org\/{rel}","templated":true}]}}