{"id":72451,"date":"2025-07-29T10:20:31","date_gmt":"2025-07-29T10:20:31","guid":{"rendered":"https:\/\/fv6qoy3ls0.wpdns.site\/produto\/godox-panal-para-beauty-dish-55cm\/"},"modified":"2025-07-29T10:20:31","modified_gmt":"2025-07-29T10:20:31","slug":"godox-panal-para-beauty-dish-55cm","status":"publish","type":"product","link":"https:\/\/hi-techwonder.com\/es\/producto\/godox-panal-para-beauty-dish-55cm\/","title":{"rendered":"GODOX Panal para Beauty Dish 55cm"},"content":{"rendered":"<p><span style=\"font-size: small;\">La colmena Beauty Dish crea una iluminaci\u00f3n m\u00e1s espec\u00edfica y proporciona una luz m\u00e1s dura y brillante.<\/p>\n<p><strong>Contenido de la caja:<\/strong><br \/><\/span><\/p>\n<ul>\n<li><span style=\"font-size: small;\">1x Panal para Beauty Dish 55cm<\/span><\/li>\n<\/ul>\n<div><span style=\"font-size: small;\">&nbsp;<\/span><\/div>\n<div>\n<table style=\"border-collapse: collapse; border-spacing: 0px; color: #434343; font-size: 14px; font-style: normal; font-variant-ligatures: normal; font-variant-caps: normal; font-weight: 400; letter-spacing: normal; text-align: start; text-indent: 0px; text-transform: none; white-space: normal; word-spacing: 0px; -webkit-text-stroke-width: 0px; background-color: #ffffff; text-decoration-style: initial; text-decoration-color: initial; width: 800px;\" border=\"0\">\n<tbody>\n<tr style=\"border: 1px solid #b8b8b8;\">\n<td style=\"border: 1px solid #b8b8b8; padding: 5px;\" width=\"243\">\n<p style=\"font-style: normal; font-weight: normal; margin: 0px; padding: 6px 0px;\"><span style=\"font-size: small;\">Dimensiones (cm):<\/span><\/p>\n<\/td>\n<td style=\"border: 1px solid #b8b8b8; padding: 5px;\" width=\"447\">\n<p style=\"font-style: normal; font-weight: normal; margin: 0px; padding: 6px 0px;\"><span style=\"font-size: small;\">Di\u00e1metro : 55<\/span><\/p>\n<\/td>\n<\/tr>\n<tr style=\"border: 1px solid #b8b8b8;\">\n<td style=\"border: 1px solid #b8b8b8; padding: 5px;\" width=\"243\">\n<p style=\"font-style: normal; font-weight: normal; margin: 0px; padding: 6px 0px;\"><span style=\"font-size: small;\">Espesor:&nbsp;<\/span><\/p>\n<\/td>\n<td style=\"border: 1px solid #b8b8b8; padding: 5px;\" width=\"447\">\n<p style=\"font-style: normal; font-weight: normal; margin: 0px; padding: 6px 0px;\"><span style=\"font-size: small;\">15 mm<\/span><\/p>\n<\/td>\n<\/tr>\n<\/tbody>\n<\/table>\n<\/div>\n","protected":false},"excerpt":{"rendered":"<p>La colmena Beauty Dish crea una iluminaci\u00f3n m\u00e1s espec\u00edfica y proporciona una luz m\u00e1s dura y brillante. Contenido de la<\/p>\n","protected":false},"featured_media":61922,"comment_status":"closed","ping_status":"open","template":"","meta":{"_acf_changed":false},"product_brand":[2555],"product_cat":[1005],"product_tag":[],"class_list":{"0":"post-72451","1":"product","2":"type-product","3":"status-publish","4":"has-post-thumbnail","6":"product_brand-godox-es","7":"product_cat-otros-otros-modificadores","9":"first","10":"pre-order","11":"taxable","12":"shipping-taxable","13":"purchasable","14":"product-type-simple"},"bundled_by":[],"bundle_stock_status":"pre-order","bundle_stock_quantity":0,"bundle_virtual":false,"bundle_layout":"","bundle_add_to_cart_form_location":"","bundle_editable_in_cart":false,"bundle_sold_individually_context":"","bundle_item_grouping":"","bundle_min_size":"","bundle_max_size":"","bundle_price":[],"bundled_items":[],"bundle_sell_ids":[],"acf":[],"_links":{"self":[{"href":"https:\/\/hi-techwonder.com\/es\/wp-json\/wp\/v2\/product\/72451","targetHints":{"allow":["GET"]}}],"collection":[{"href":"https:\/\/hi-techwonder.com\/es\/wp-json\/wp\/v2\/product"}],"about":[{"href":"https:\/\/hi-techwonder.com\/es\/wp-json\/wp\/v2\/types\/product"}],"replies":[{"embeddable":true,"href":"https:\/\/hi-techwonder.com\/es\/wp-json\/wp\/v2\/comments?post=72451"}],"wp:featuredmedia":[{"embeddable":true,"href":"https:\/\/hi-techwonder.com\/es\/wp-json\/wp\/v2\/media\/61922"}],"wp:attachment":[{"href":"https:\/\/hi-techwonder.com\/es\/wp-json\/wp\/v2\/media?parent=72451"}],"wp:term":[{"taxonomy":"product_brand","embeddable":true,"href":"https:\/\/hi-techwonder.com\/es\/wp-json\/wp\/v2\/product_brand?post=72451"},{"taxonomy":"product_cat","embeddable":true,"href":"https:\/\/hi-techwonder.com\/es\/wp-json\/wp\/v2\/product_cat?post=72451"},{"taxonomy":"product_tag","embeddable":true,"href":"https:\/\/hi-techwonder.com\/es\/wp-json\/wp\/v2\/product_tag?post=72451"}],"curies":[{"name":"wp","href":"https:\/\/api.w.org\/{rel}","templated":true}]}}