{"id":72453,"date":"2025-07-29T00:03:38","date_gmt":"2025-07-29T00:03:38","guid":{"rendered":"https:\/\/fv6qoy3ls0.wpdns.site\/produto\/bolsa-para-equipo-de-estudio-godox-cb-32\/"},"modified":"2026-03-26T14:17:15","modified_gmt":"2026-03-26T14:17:15","slug":"godox-bolsa-para-equipo-de-estudio-godox-cb-32","status":"publish","type":"product","link":"https:\/\/hi-techwonder.com\/es\/producto\/godox-bolsa-para-equipo-de-estudio-godox-cb-32\/","title":{"rendered":"Bolsa para equipo de estudio GODOX CB-32"},"content":{"rendered":"<p><strong>Bolsa para equipo de estudio<\/strong> <strong>GODOX CB32 <\/strong><\/p>\n<p><strong>Funciones:<\/strong><\/p>\n<ul>\n<li>Bolsa con cremallera y compartimentos dedicados para el kit de iluminaci\u00f3n LED<\/li>\n<li>Con divisores extra\u00edbles<\/li>\n<li>Con correa para el hombro<\/li>\n<li>Equipado con un asa<\/li>\n<\/ul>\n<p><strong>Contenido del paquete:<\/strong><\/p>\n<ul>\n<li>Estuche de transporte GODOX CB32<\/li>\n<\/ul>\n<p><img decoding=\"async\" src=\"https:\/\/hi-techwonder.com\/images\/19962\/godoxcb32bolsapkitsdeiluminacaoml30k2_ml30b_3.jpg\" alt=\"Bolsa GODOX CB-32 para kits de iluminaci\u00f3n ML30-K2 + ML30B\"><\/p>\n<p><strong>Descripci\u00f3n:<\/strong><\/p>\n<ul>\n<li>La bolsa de transporte CB32 es la misma bolsa incluida en los kits de iluminaci\u00f3n Godox ML30-K2 y ML30Bi-K2. Es una bolsa con cremallera con asas de transporte dobles y compartimentos. <\/li>\n<li>La bolsa de transporte Godox CB-32 es una soluci\u00f3n vers\u00e1til para proteger y almacenar su equipo. Ofrece la combinaci\u00f3n perfecta de protecci\u00f3n y almacenamiento. <\/li>\n<li>Los lados y los divisores est\u00e1n acolchados para mantener su equipo seguro durante el transporte. Los divisores extra\u00edbles con cierre de velcro le permiten dividir el espacio como desee. La bolsa se puede transportar por las dos asas en el lado largo de la bolsa.\n<p><\/li>\n<\/ul>\n<p><strong>Caracter\u00edsticas t\u00e9cnicas:<\/strong><\/p>\n<div class=\"group_fDXOr6EpR9\" style=\"margin-bottom: 2.1875rem;font-family: OpenSans, 'Segoe UI', Helvetica, Roboto, Arial, sans-serif;font-size: 16px;background-color: #ffffff\">\n<div class=\"name_fDXOr6EpR9\" style=\"border-bottom: 0.125rem solid #cccccc;color: #3f9a59;font-size: 2rem;line-height: 2rem;padding: 1rem 0px 0.875rem\" data-selenium=\"specsItemGroupName\"><strong><span style=\"vertical-align: inherit\">General<\/strong><\/span><\/div>\n<table class=\"table_fDXOr6EpR9\" style=\"width: 936.656px\" data-selenium=\"specsItemGroupTable\">\n<tbody>\n<tr class=\"pair_KqJ3Q3GPKv\" style=\"border-bottom: 0.0625rem solid #e5e5e5\" data-selenium=\"specsItemGroupTableRow\">\n<td class=\"label_KqJ3Q3GPKv \" style=\"border-top: none;padding: 1.25rem 0px;width: 355.922px;color: #666666;font-size: 1.125rem;line-height: 1.375rem;vertical-align: baseline\" data-selenium=\"specsItemGroupTableColumnLabel\"><span style=\"vertical-align: inherit\">Interior acolchado<\/span><\/td>\n<td class=\"value_KqJ3Q3GPKv \" style=\"color: #666666;font-size: 1.125rem;line-height: 1.375rem;vertical-align: baseline;padding: 1.25rem 0px 1.25rem 2.5rem\" data-selenium=\"specsItemGroupTableColumnValue\">\n<div class=\"expandableValue_KqJ3Q3GPKv\">S\u00ed<\/div>\n<\/td>\n<\/tr>\n<\/tbody>\n<\/table>\n<\/div>\n<div class=\"group_fDXOr6EpR9\" style=\"margin-bottom: 2.1875rem;font-family: OpenSans, 'Segoe UI', Helvetica, Roboto, Arial, sans-serif;font-size: 16px;background-color: #ffffff\">\n<div class=\"name_fDXOr6EpR9\" style=\"border-bottom: 0.125rem solid #cccccc;color: #3f9a59;font-size: 2rem;line-height: 2rem;padding: 1rem 0px 0.875rem\" data-selenium=\"specsItemGroupName\"><strong><span style=\"vertical-align: inherit\">Dimensiones:<\/span><\/strong><\/div>\n<table class=\"table_fDXOr6EpR9\" style=\"width: 936.656px\" data-selenium=\"specsItemGroupTable\">\n<tbody>\n<tr class=\"pair_KqJ3Q3GPKv\" style=\"border-bottom: 0.0625rem solid #e5e5e5\" data-selenium=\"specsItemGroupTableRow\">\n<td class=\"label_KqJ3Q3GPKv \" style=\"border-top: none;padding: 1.25rem 0px;width: 355.922px;color: #666666;font-size: 1.125rem;line-height: 1.375rem;vertical-align: baseline\" data-selenium=\"specsItemGroupTableColumnLabel\">\n<p><span style=\"vertical-align: inherit\">Dimensiones exteriores<\/span><\/p>\n<p><span style=\"vertical-align: inherit\">Peso:<\/span><\/p>\n<\/td>\n<td class=\"value_KqJ3Q3GPKv \" style=\"color: #666666;font-size: 1.125rem;line-height: 1.375rem;vertical-align: baseline;padding: 1.25rem 0px 1.25rem 2.5rem\" data-selenium=\"specsItemGroupTableColumnValue\">\n<div class=\"expandableValue_KqJ3Q3GPKv\">32 x 44 x 22 cm<\/div>\n<div class=\"expandableValue_KqJ3Q3GPKv\">&nbsp;<\/div>\n<div class=\"expandableValue_KqJ3Q3GPKv\">5 kg<\/div>\n<\/td>\n<\/tr>\n<tr class=\"pair_KqJ3Q3GPKv\" style=\"border-bottom: 0.0625rem solid #e5e5e5\" data-selenium=\"specsItemGroupTableRow\">\n<td class=\"label_KqJ3Q3GPKv\" style=\"border-top: none;padding: 1.25rem 0px;width: 355.922px;color: #666666;font-size: 1.125rem;line-height: 1.375rem;vertical-align: baseline\" data-selenium=\"specsItemGroupTableColumnLabel\"><span style=\"vertical-align: inherit\">Dimensiones interiores<\/span><\/td>\n<td class=\"value_KqJ3Q3GPKv\" style=\"color: #666666;font-size: 1.125rem;line-height: 1.375rem;vertical-align: baseline;padding: 1.25rem 0px 1.25rem 2.5rem\" data-selenium=\"specsItemGroupTableColumnValue\">\n<div class=\"expandableValue_KqJ3Q3GPKv\">30 x 40 x 18 cm<\/div>\n<\/td>\n<\/tr>\n<\/tbody>\n<\/table>\n<\/div>\n","protected":false},"excerpt":{"rendered":"<p>Bolsa para equipo de estudio GODOX CB32 Funciones: Bolsa con cremallera y compartimentos dedicados para el kit de iluminaci\u00f3n LED<\/p>\n","protected":false},"featured_media":32762,"comment_status":"closed","ping_status":"open","template":"","meta":{"_acf_changed":false},"product_brand":[2555],"product_cat":[911],"product_tag":[],"class_list":{"0":"post-72453","1":"product","2":"type-product","3":"status-publish","4":"has-post-thumbnail","6":"product_brand-godox-es","7":"product_cat-para-estudio-es","9":"first","10":"instock","11":"taxable","12":"shipping-taxable","13":"purchasable","14":"product-type-simple"},"bundled_by":[],"bundle_stock_status":"instock","bundle_stock_quantity":1,"bundle_virtual":false,"bundle_layout":"","bundle_add_to_cart_form_location":"","bundle_editable_in_cart":false,"bundle_sold_individually_context":"","bundle_item_grouping":"","bundle_min_size":"","bundle_max_size":"","bundle_price":[],"bundled_items":[],"bundle_sell_ids":[],"acf":[],"_links":{"self":[{"href":"https:\/\/hi-techwonder.com\/es\/wp-json\/wp\/v2\/product\/72453","targetHints":{"allow":["GET"]}}],"collection":[{"href":"https:\/\/hi-techwonder.com\/es\/wp-json\/wp\/v2\/product"}],"about":[{"href":"https:\/\/hi-techwonder.com\/es\/wp-json\/wp\/v2\/types\/product"}],"replies":[{"embeddable":true,"href":"https:\/\/hi-techwonder.com\/es\/wp-json\/wp\/v2\/comments?post=72453"}],"wp:featuredmedia":[{"embeddable":true,"href":"https:\/\/hi-techwonder.com\/es\/wp-json\/wp\/v2\/media\/32762"}],"wp:attachment":[{"href":"https:\/\/hi-techwonder.com\/es\/wp-json\/wp\/v2\/media?parent=72453"}],"wp:term":[{"taxonomy":"product_brand","embeddable":true,"href":"https:\/\/hi-techwonder.com\/es\/wp-json\/wp\/v2\/product_brand?post=72453"},{"taxonomy":"product_cat","embeddable":true,"href":"https:\/\/hi-techwonder.com\/es\/wp-json\/wp\/v2\/product_cat?post=72453"},{"taxonomy":"product_tag","embeddable":true,"href":"https:\/\/hi-techwonder.com\/es\/wp-json\/wp\/v2\/product_tag?post=72453"}],"curies":[{"name":"wp","href":"https:\/\/api.w.org\/{rel}","templated":true}]}}