{"id":72474,"date":"2025-07-29T09:54:39","date_gmt":"2025-07-29T09:54:39","guid":{"rendered":"https:\/\/fv6qoy3ls0.wpdns.site\/produto\/godox-witstro-ar400-flash-de-anillo\/"},"modified":"2025-07-29T09:54:39","modified_gmt":"2025-07-29T09:54:39","slug":"godox-witstro-ar400-flash-de-anillo","status":"publish","type":"product","link":"https:\/\/hi-techwonder.com\/es\/producto\/godox-witstro-ar400-flash-de-anillo\/","title":{"rendered":"GODOX Witstro AR400 Flash de anillo"},"content":{"rendered":"<h3><strong>GODOX Witstro AR400 Flash de anillo<\/strong><\/h3>\n<ul>\n<li>Combo de cabezal de flash de 400 Ws y luz LED<\/li>\n<li>N\u00famero de gu\u00eda: 36, temperatura de color de 5600K<\/li>\n<li>Tiempo de reciclaje: 0.05 a 3.4 segundos<\/li>\n<li>Bater\u00eda recargable de iones de litio con cargador<\/li>\n<li>245 destellos a plena potencia con una sola carga<\/li>\n<li>Soporte de c\u00e1mara, cubierta de difusi\u00f3n<\/li>\n<li>Soporte para paraguas<\/li>\n<li>Mando a distancia opcional<\/li>\n<\/ul>\n<p><iframe loading=\"lazy\" src=\"https:\/\/www.youtube.com\/embed\/Q4GeagNSYLM\" width=\"560\" height=\"314\" allowfullscreen=\"allowfullscreen\"><\/iframe><\/p>\n<p>Una herramienta de iluminaci\u00f3n vers\u00e1til, el Godox Witstro Ring Flash AR400 es una fuente de luz distintiva con una apariencia casi sin sombras que no solo es una unidad de flash sino tambi\u00e9n una luz LED. El soporte de c\u00e1mara incluido le permite colocar la lente de su DSLR en el centro abierto para aprovechar al m\u00e1ximo los efectos del flash. La cobertura de difusi\u00f3n del AR400 se proporciona para aquellos que desean una representaci\u00f3n m\u00e1s fluida.  <\/p>\n<p>Como flash de anillo, el AR400 tiene 400 W de potencia con un n\u00famero gu\u00eda de 36 m, reciclando en 0,05 a 3,4 segundos y una potencia variable de 1\/1 a 1\/128. Gracias a sus LED integrados, tambi\u00e9n se puede utilizar como una luz de video de 5600K con una salida de 440 lux a 0,5 metros. Los ajustes se muestran en el panel de control LCD de la luz. El AR400 Flash funciona con una bater\u00eda interna de iones de litio que ofrece hasta 245 flashes a plena potencia con una carga completa. Un control remoto XT-16 opcional est\u00e1 disponible para control inal\u00e1mbrico.    <\/p>\n<p><em>Combinaci\u00f3n de cabezal de flash y luz LED<\/em><\/p>\n<p>El AR400 es un cabezal de flash sin sombras, de centro abierto y en forma de anillo que puede disparar con su lente DSLR. Tambi\u00e9n es una luz de v\u00eddeo regulable gracias a sus LEDs integrados. <\/p>\n<p><em>Potencia y rendimiento multifuncionales<\/em><\/p>\n<p>El flash AR400 de 400 W tiene 22 pasos de control de potencia (1\/1 a 1\/128). Admite disparo esclavo S1 \/ S2, flash estrobosc\u00f3pico RPT y sincronizaci\u00f3n de alta velocidad. <\/p>\n<p><em>Bater\u00eda de litio<\/em><\/p>\n<p>La bater\u00eda de iones de litio de 11,1 V\/4500 mAh del AR400 proporciona hasta 450 flashes a plena potencia con un tiempo de reciclaje de 0,05 a 3,4 segundos.<\/p>\n<p><strong>En la caja<\/strong><\/p>\n<ul>\n<li>Soporte de montaje plegable<\/li>\n<li>Bater\u00eda de iones de litio AR-B4500 (4500 mAh)<\/li>\n<li>Cargador de bater\u00eda<\/li>\n<li>Filtro difuso<\/li>\n<li>Manual<\/li>\n<\/ul>\n<p><strong>Caracter\u00edsticas t\u00e9cnicas:<\/strong><\/p>\n<p><em>Flash<\/em><\/p>\n<ul>\n<li>N\u00famero de gu\u00eda: 36 m en ISO 100<\/li>\n<li>Duraci\u00f3n del flash: 1\/300 a 1\/10000 segundos<\/li>\n<li>Tiempo de reciclaje: Aprox. 0,05 a 3,4 segundos <\/li>\n<li>Control de exposici\u00f3n: Manual<\/li>\n<li>Rango de potencia: 1\/1 a 1\/128 (manual)<\/li>\n<li>Iluminaci\u00f3n secundaria: Luz de modelado<\/li>\n<\/ul>\n<p><em>Inal\u00e1mbrico<\/em><\/p>\n<ul>\n<li>Temperatura de color: 5600K<\/li>\n<\/ul>\n<p><em>Energ\u00eda<\/em><\/p>\n<ul>\n<li>Alimentaci\u00f3n interna: 1 x recargable, 4500 mAh (245 flashes a plena potencia)<\/li>\n<\/ul>\n<p><em>Generalmente<\/em><\/p>\n<ul>\n<li>Montaje: Base<\/li>\n<li>Pantalla: LCD<\/li>\n<li>Terminal fuera de la c\u00e1mara: 3,5 mm<\/li>\n<li>Dimensiones (ancho x alto x profundidad): 22,5 x 23,0 x 7,0 cm (anillo)<\/li>\n<li>Peso: 1,3 kg<\/li>\n<\/ul>\n","protected":false},"excerpt":{"rendered":"<p>GODOX Witstro AR400 Flash de anillo Combo de cabezal de flash de 400 Ws y luz LED N\u00famero de gu\u00eda:<\/p>\n","protected":false},"featured_media":55763,"comment_status":"closed","ping_status":"open","template":"","meta":{"_acf_changed":false},"product_brand":[2555],"product_cat":[986],"product_tag":[],"class_list":{"0":"post-72474","1":"product","2":"type-product","3":"status-publish","4":"has-post-thumbnail","6":"product_brand-godox-es","7":"product_cat-a-bateria-es","9":"first","10":"onbackorder","11":"taxable","12":"shipping-taxable","13":"purchasable","14":"product-type-simple"},"bundled_by":[],"bundle_stock_status":"onbackorder","bundle_stock_quantity":0,"bundle_virtual":false,"bundle_layout":"","bundle_add_to_cart_form_location":"","bundle_editable_in_cart":false,"bundle_sold_individually_context":"","bundle_item_grouping":"","bundle_min_size":"","bundle_max_size":"","bundle_price":[],"bundled_items":[],"bundle_sell_ids":[],"acf":[],"_links":{"self":[{"href":"https:\/\/hi-techwonder.com\/es\/wp-json\/wp\/v2\/product\/72474","targetHints":{"allow":["GET"]}}],"collection":[{"href":"https:\/\/hi-techwonder.com\/es\/wp-json\/wp\/v2\/product"}],"about":[{"href":"https:\/\/hi-techwonder.com\/es\/wp-json\/wp\/v2\/types\/product"}],"replies":[{"embeddable":true,"href":"https:\/\/hi-techwonder.com\/es\/wp-json\/wp\/v2\/comments?post=72474"}],"wp:featuredmedia":[{"embeddable":true,"href":"https:\/\/hi-techwonder.com\/es\/wp-json\/wp\/v2\/media\/55763"}],"wp:attachment":[{"href":"https:\/\/hi-techwonder.com\/es\/wp-json\/wp\/v2\/media?parent=72474"}],"wp:term":[{"taxonomy":"product_brand","embeddable":true,"href":"https:\/\/hi-techwonder.com\/es\/wp-json\/wp\/v2\/product_brand?post=72474"},{"taxonomy":"product_cat","embeddable":true,"href":"https:\/\/hi-techwonder.com\/es\/wp-json\/wp\/v2\/product_cat?post=72474"},{"taxonomy":"product_tag","embeddable":true,"href":"https:\/\/hi-techwonder.com\/es\/wp-json\/wp\/v2\/product_tag?post=72474"}],"curies":[{"name":"wp","href":"https:\/\/api.w.org\/{rel}","templated":true}]}}