{"id":72475,"date":"2025-07-29T10:05:40","date_gmt":"2025-07-29T10:05:40","guid":{"rendered":"https:\/\/fv6qoy3ls0.wpdns.site\/produto\/kit-de-luces-led-godox-es45-e-sports-bicolor\/"},"modified":"2026-01-31T01:48:53","modified_gmt":"2026-01-31T01:48:53","slug":"godox-kit-de-luces-led-godox-es45-e-sports-bicolor","status":"publish","type":"product","link":"https:\/\/hi-techwonder.com\/es\/producto\/godox-kit-de-luces-led-godox-es45-e-sports-bicolor\/","title":{"rendered":"Kit de luces LED GODOX ES45 E-Sports (bicolor)"},"content":{"rendered":"<p>Dise\u00f1ado para vlogging, transmisi\u00f3n en vivo y otros tipos de actividades en l\u00ednea, este kit de luces LED ES45 E-Sport de Godox contiene un panel de 37x23x4.6cm que emite una luz suave que es especialmente favorecedora para los tonos de piel. El ES45 tiene una temperatura de color variable de 2800 a 6500K con una alta clasificaci\u00f3n de color CRI \/ TLCI de 96\/97 para crear muchos efectos para que siempre se vea lo mejor posible. El panel tambi\u00e9n se puede atenuar de 0 a 100 por ciento de brillo, y aunque le permite realizar ajustes de color y brillo en el panel al mismo tiempo, Godox tiene algunas formas inteligentes de hacerlos inal\u00e1mbricos. Su controlador de 2,4 GHz es extra\u00edble del ES45 y, al ser magn\u00e9tico, se puede volver a conectar en segundos para recargarlo. Tambi\u00e9n puede controlar el ES45 a trav\u00e9s de la aplicaci\u00f3n gratuita en su tel\u00e9fono inteligente o tableta iOS o Android. El ES45 funciona con una bater\u00eda incorporada y viene con un transformador de CA. El color, el brillo y las opciones de control remoto hacen que el E-Sports ES45 sea una excelente opci\u00f3n.     <\/p>\n<p><iframe loading=\"lazy\" src=\"https:\/\/www.youtube.com\/embed\/X4UPmfoV_2I\" width=\"1280\" height=\"720\" frameborder=\"0\" allowfullscreen=\"allowfullscreen\"><\/iframe><\/p>\n<p><strong>Mando a distancia magn\u00e9tico de carga autom\u00e1tica<\/strong><\/p>\n<p>Ajusta el color y el brillo con el mando inal\u00e1mbrico de 2,4 GHz. Es desmontable de la luz y se vuelve a conectar magn\u00e9ticamente para cargar. <\/p>\n<p><strong>Control inal\u00e1mbrico de tel\u00e9fonos inteligentes iOS y Android<\/strong><\/p>\n<p>Utilice la aplicaci\u00f3n gratuita Godox desde su tel\u00e9fono inteligente o tableta iOS o Android para controlar una o varias luces de forma inal\u00e1mbrica.<\/p>\n<p><strong>Especialmente halagador<\/strong><\/p>\n<p>El ES45 produce una luz suave que es especialmente favorecedora para los tonos de piel y la tez, por lo que siempre lucir\u00e1s lo mejor posible.<\/p>\n<p><strong>En la caja<\/strong><\/p>\n<ul>\n<li>Kit de luces LED Godox ES45 E-Sport<\/li>\n<li>Luz LED<\/li>\n<li>Varilla de montaje<\/li>\n<li>Adaptador de corriente<\/li>\n<li>Panel desmontable<\/li>\n<li>Cable de alimentaci\u00f3n<\/li>\n<\/ul>\n<h2 class=\"western\" style=\"font-style: normal;font-weight: normal\"><strong><span style=\"font-family: OpenSans, Segoe UI, Helvetica, Roboto, Arial, sans-serif\"><span style=\"font-size: medium\">Especificaciones de Godox ES45<\/span><\/span><\/strong><\/h2>\n<p style=\"margin-bottom: 0cm;border-top: none;border-bottom: 1.00pt solid #cdcdcd;border-left: none;border-right: none;font-style: normal;font-weight: normal;line-height: 200%;padding: 0cm 0cm 0.05cm 0cm\"><strong> <span style=\"font-family: OpenSans, Segoe UI, Helvetica, Roboto, Arial, sans-serif\"><span style=\"font-size: medium\">L\u00e1mpara<\/span><\/span><\/strong><\/p>\n<table border=\"0\" width=\"452\" cellspacing=\"0\" cellpadding=\"2\">\n<colgroup>\n<col width=\"165\">\n<col width=\"279\"> <\/colgroup>\n<tbody>\n<tr>\n<td width=\"165\">\n<p style=\"border: none;padding: 0cm;font-weight: normal\" align=\"LEFT\">Temperatura de color<\/p>\n<\/td>\n<td width=\"279\">\n<p style=\"border: none;padding: 0cm;font-weight: normal\">De 2800 a 6500K<\/p>\n<\/td>\n<\/tr>\n<tr>\n<td width=\"165\">\n<p style=\"border: none;padding: 0cm;font-weight: normal\" align=\"LEFT\">Est\u00e1ndar de precisi\u00f3n de color<\/p>\n<\/td>\n<td width=\"279\">\n<p style=\"border: none;padding: 0cm;font-weight: normal\">CRI 96<br \/>TLCI 97<\/p>\n<\/td>\n<\/tr>\n<tr>\n<td width=\"165\">\n<p style=\"border: none;padding: 0cm;font-weight: normal\" align=\"LEFT\">Sistema de enfriamiento<\/p>\n<\/td>\n<td width=\"279\">\n<p style=\"border: none;padding: 0cm;font-weight: normal\">Pasivo<\/p>\n<\/td>\n<\/tr>\n<tr>\n<td width=\"165\">\n<p style=\"border: none;padding: 0cm;font-weight: normal\" align=\"LEFT\">Atenuaci\u00f3n<\/p>\n<\/td>\n<td width=\"279\">\n<p style=\"border: none;padding: 0cm;font-weight: normal\">S\u00ed, de 0 a 100%<\/p>\n<\/td>\n<\/tr>\n<tr>\n<td width=\"165\">\n<p style=\"border: none;padding: 0cm;font-weight: normal\" align=\"LEFT\">Monitor<\/p>\n<\/td>\n<td width=\"279\">\n<p style=\"border: none;padding: 0cm;font-weight: normal\">LED<\/p>\n<\/td>\n<\/tr>\n<tr>\n<td width=\"165\">\n<p style=\"border: none;padding: 0cm;font-weight: normal\" align=\"LEFT\">L\u00famenes<\/p>\n<\/td>\n<td width=\"279\">\n<p style=\"border: none;padding: 0cm;font-weight: normal\">2500<\/p>\n<\/td>\n<\/tr>\n<tr>\n<td width=\"165\">\n<p style=\"border: none;padding: 0cm;font-weight: normal\" align=\"LEFT\">N\u00famero de LED<\/p>\n<\/td>\n<td width=\"279\">\n<p style=\"border: none;padding: 0cm;font-weight: normal\">176<\/p>\n<\/td>\n<\/tr>\n<tr>\n<td width=\"165\">\n<p style=\"border: none;padding: 0cm;font-weight: normal\" align=\"LEFT\">Dimensiones de la luminaria<\/p>\n<\/td>\n<td width=\"279\">\n<p style=\"border: none;padding: 0cm;font-weight: normal\">14,4 x 9,1 x 1,8&#8243; \/ 367,0 x 230,0 x 45,9 mm<\/p>\n<\/td>\n<\/tr>\n<tr>\n<td width=\"165\">\n<p style=\"border: none;padding: 0cm;font-weight: normal\" align=\"LEFT\">Peso del accesorio<\/p>\n<\/td>\n<td width=\"279\">\n<p style=\"border: none;padding: 0cm;font-weight: normal\">2,93 lb \/ 1,33 kg<\/p>\n<\/td>\n<\/tr>\n<\/tbody>\n<\/table>\n<p style=\"margin-bottom: 0cm;border-top: none;border-bottom: 1.00pt solid #cdcdcd;border-left: none;border-right: none;font-style: normal;font-weight: normal;line-height: 200%;padding: 0cm 0cm 0.05cm 0cm\"><strong> <span style=\"font-family: OpenSans, Segoe UI, Helvetica, Roboto, Arial, sans-serif\"><span style=\"font-size: medium\">Conectores<\/span><\/span><\/strong><\/p>\n<table border=\"0\" width=\"134\" cellspacing=\"0\" cellpadding=\"2\">\n<colgroup>\n<col width=\"86\">\n<col width=\"40\"> <\/colgroup>\n<tbody>\n<tr>\n<td width=\"86\">\n<p style=\"border: none;padding: 0cm;font-weight: normal\" align=\"LEFT\">Placa de bater\u00eda<\/p>\n<\/td>\n<td width=\"40\">\n<p style=\"border: none;padding: 0cm;font-weight: normal\"><em>Ninguno<\/em><\/p>\n<\/td>\n<\/tr>\n<\/tbody>\n<\/table>\n<p style=\"margin-bottom: 0cm;border-top: none;border-bottom: 1.00pt solid #cdcdcd;border-left: none;border-right: none;font-style: normal;font-weight: normal;line-height: 200%;padding: 0cm 0cm 0.05cm 0cm\"><strong> <span style=\"font-family: OpenSans, Segoe UI, Helvetica, Roboto, Arial, sans-serif\"><span style=\"font-size: medium\">Montura<\/span><\/span><\/strong><\/p>\n<table border=\"0\" width=\"144\" cellspacing=\"0\" cellpadding=\"2\">\n<colgroup>\n<col width=\"96\">\n<col width=\"40\"> <\/colgroup>\n<tbody>\n<tr>\n<td width=\"96\">\n<p style=\"border: none;padding: 0cm;font-weight: normal\" align=\"LEFT\">Montaje de accesorio<\/p>\n<\/td>\n<td width=\"40\">\n<p style=\"border: none;padding: 0cm;font-weight: normal\"><em>Ninguno<\/em><\/p>\n<\/td>\n<\/tr>\n<\/tbody>\n<\/table>\n<p style=\"margin-bottom: 0cm;border-top: none;border-bottom: 1.00pt solid #cdcdcd;border-left: none;border-right: none;font-style: normal;font-weight: normal;line-height: 200%;padding: 0cm 0cm 0.05cm 0cm\"><strong> <span style=\"font-family: OpenSans, Segoe UI, Helvetica, Roboto, Arial, sans-serif\"><span style=\"font-size: medium\">Operaci\u00f3n remota<\/span><\/span><\/strong><\/p>\n<table border=\"0\" width=\"262\" cellspacing=\"0\" cellpadding=\"2\">\n<colgroup>\n<col width=\"141\">\n<col width=\"113\"> <\/colgroup>\n<tbody>\n<tr>\n<td width=\"141\">\n<p style=\"border: none;padding: 0cm;font-weight: normal\" align=\"LEFT\">Tipo de control remoto<\/p>\n<\/td>\n<td width=\"113\">\n<p style=\"border: none;padding: 0cm;font-weight: normal\">Bluetooth, Wi-Fi<\/p>\n<\/td>\n<\/tr>\n<\/tbody>\n<\/table>\n<p style=\"margin-bottom: 0cm;border-top: none;border-bottom: 1.00pt solid #cdcdcd;border-left: none;border-right: none;font-style: normal;font-weight: normal;line-height: 200%;padding: 0cm 0cm 0.05cm 0cm\"><strong> <span style=\"font-family: OpenSans, Segoe UI, Helvetica, Roboto, Arial, sans-serif\"><span style=\"font-size: medium\">Poder<\/span><\/span><\/strong><\/p>\n<table border=\"0\" width=\"379\" cellspacing=\"0\" cellpadding=\"2\">\n<colgroup>\n<col width=\"167\">\n<col width=\"205\"> <\/colgroup>\n<tbody>\n<tr>\n<td width=\"167\">\n<p style=\"border: none;padding: 0cm;font-weight: normal\" align=\"LEFT\">Alimentaci\u00f3n de entrada de CA<\/p>\n<\/td>\n<td width=\"205\">\n<p style=\"border: none;padding: 0cm;font-weight: normal\">De 100 a 240 VCA, 50 \/ 60 Hz<\/p>\n<\/td>\n<\/tr>\n<tr>\n<td width=\"167\">\n<p style=\"border: none;padding: 0cm;font-weight: normal\" align=\"LEFT\">Fuente de alimentaci\u00f3n<\/p>\n<\/td>\n<td width=\"205\">\n<p style=\"border: none;padding: 0cm;font-weight: normal\">Adaptador de CA, bater\u00eda integrada<\/p>\n<\/td>\n<\/tr>\n<tr>\n<td width=\"167\">\n<p style=\"border: none;padding: 0cm;font-weight: normal\" align=\"LEFT\">Consumo m\u00e1ximo de energ\u00eda<\/p>\n<\/td>\n<td width=\"205\">\n<p style=\"border: none;padding: 0cm;font-weight: normal\">56 W<\/p>\n<\/td>\n<\/tr>\n<\/tbody>\n<\/table>\n<p style=\"margin-bottom: 0cm;border-top: none;border-bottom: 1.00pt solid #cdcdcd;border-left: none;border-right: none;font-style: normal;font-weight: normal;line-height: 200%;padding: 0cm 0cm 0.05cm 0cm\"><strong> <span style=\"font-family: OpenSans, Segoe UI, Helvetica, Roboto, Arial, sans-serif\"><span style=\"font-size: medium\">Cable<\/span><\/span><\/strong><\/p>\n<table border=\"0\" width=\"124\" cellspacing=\"0\" cellpadding=\"2\">\n<colgroup>\n<col width=\"76\">\n<col width=\"40\"> <\/colgroup>\n<tbody>\n<tr>\n<td width=\"76\">\n<p style=\"border: none;padding: 0cm;font-weight: normal\" align=\"LEFT\">Tipo de cable<\/p>\n<\/td>\n<td width=\"40\">\n<p style=\"border: none;padding: 0cm;font-weight: normal\"><em>Ninguno<\/em><\/p>\n<\/td>\n<\/tr>\n<\/tbody>\n<\/table>\n<p style=\"margin-bottom: 0cm;border-top: none;border-bottom: 1.00pt solid #cdcdcd;border-left: none;border-right: none;font-style: normal;font-weight: normal;line-height: 200%;padding: 0cm 0cm 0.05cm 0cm\"><strong> <span style=\"font-family: OpenSans, Segoe UI, Helvetica, Roboto, Arial, sans-serif\"><span style=\"font-size: medium\">F\u00edsico<\/span><\/span><\/strong><\/p>\n<table border=\"0\" width=\"328\" cellspacing=\"0\" cellpadding=\"2\">\n<colgroup>\n<col width=\"151\">\n<col width=\"168\"> <\/colgroup>\n<tbody>\n<tr>\n<td width=\"151\">\n<p style=\"border: none;padding: 0cm;font-weight: normal\" align=\"LEFT\">Temperatura de funcionamiento<\/p>\n<\/td>\n<td width=\"168\">\n<p style=\"border: none;padding: 0cm;font-weight: normal\">De 14 a 104 \u00b0F \/ de -10 a 40 \u00b0C<\/p>\n<\/td>\n<\/tr>\n<\/tbody>\n<\/table>\n","protected":false},"excerpt":{"rendered":"<p>Dise\u00f1ado para vlogging, transmisi\u00f3n en vivo y otros tipos de actividades en l\u00ednea, este kit de luces LED ES45 E-Sport<\/p>\n","protected":false},"featured_media":58250,"comment_status":"closed","ping_status":"open","template":"","meta":{"_acf_changed":false},"product_brand":[2555],"product_cat":[998],"product_tag":[],"class_list":{"0":"post-72475","1":"product","2":"type-product","3":"status-publish","4":"has-post-thumbnail","6":"product_brand-godox-es","7":"product_cat-paneles-es","9":"first","10":"onbackorder","11":"taxable","12":"shipping-taxable","13":"purchasable","14":"product-type-simple"},"bundled_by":[],"bundle_stock_status":"onbackorder","bundle_stock_quantity":0,"bundle_virtual":false,"bundle_layout":"","bundle_add_to_cart_form_location":"","bundle_editable_in_cart":false,"bundle_sold_individually_context":"","bundle_item_grouping":"","bundle_min_size":"","bundle_max_size":"","bundle_price":[],"bundled_items":[],"bundle_sell_ids":[],"acf":[],"_links":{"self":[{"href":"https:\/\/hi-techwonder.com\/es\/wp-json\/wp\/v2\/product\/72475","targetHints":{"allow":["GET"]}}],"collection":[{"href":"https:\/\/hi-techwonder.com\/es\/wp-json\/wp\/v2\/product"}],"about":[{"href":"https:\/\/hi-techwonder.com\/es\/wp-json\/wp\/v2\/types\/product"}],"replies":[{"embeddable":true,"href":"https:\/\/hi-techwonder.com\/es\/wp-json\/wp\/v2\/comments?post=72475"}],"wp:featuredmedia":[{"embeddable":true,"href":"https:\/\/hi-techwonder.com\/es\/wp-json\/wp\/v2\/media\/58250"}],"wp:attachment":[{"href":"https:\/\/hi-techwonder.com\/es\/wp-json\/wp\/v2\/media?parent=72475"}],"wp:term":[{"taxonomy":"product_brand","embeddable":true,"href":"https:\/\/hi-techwonder.com\/es\/wp-json\/wp\/v2\/product_brand?post=72475"},{"taxonomy":"product_cat","embeddable":true,"href":"https:\/\/hi-techwonder.com\/es\/wp-json\/wp\/v2\/product_cat?post=72475"},{"taxonomy":"product_tag","embeddable":true,"href":"https:\/\/hi-techwonder.com\/es\/wp-json\/wp\/v2\/product_tag?post=72475"}],"curies":[{"name":"wp","href":"https:\/\/api.w.org\/{rel}","templated":true}]}}