{"id":72477,"date":"2025-07-29T09:58:09","date_gmt":"2025-07-29T09:58:09","guid":{"rendered":"https:\/\/fv6qoy3ls0.wpdns.site\/produto\/flash-godox-speedlite-tt350-f-para-fujifilm\/"},"modified":"2026-02-15T10:32:40","modified_gmt":"2026-02-15T10:32:40","slug":"godox-flash-godox-speedlite-tt350-f-para-fujifilm","status":"publish","type":"product","link":"https:\/\/hi-techwonder.com\/es\/producto\/godox-flash-godox-speedlite-tt350-f-para-fujifilm\/","title":{"rendered":"Flash GODOX Speedlite TT350-F para Fujifilm"},"content":{"rendered":"<p><span style=\"color: #000000\">El <strong>TT350F<\/strong> es una aplicaci\u00f3n compatible con las c\u00e1maras Fujifilm y es con flash autom\u00e1tico TTL. Con este flash TTL compatible, su disparo ser\u00e1 m\u00e1s simple. Puede lograr f\u00e1cilmente una exposici\u00f3n correcta del flash incluso en entornos complejos con luz cambiante.  <\/span><\/p>\n<p><span style=\"font-size: small\"><strong>ASPECTOS DESTACADOS DEL PRODUCTO<\/strong><\/p>\n<p><\/span><\/p>\n<p><span style=\"font-size: small\"> <\/span><\/p>\n<ul>\n<li><span style=\"font-size: small\">Sistema de radio inal\u00e1mbrico integrado de 2,4 GHz X<br \/><\/span><\/li>\n<li><span style=\"font-size: small\">Compatible con Fujifilm TTL<br \/><\/span><\/li>\n<li><span style=\"font-size: small\">N\u00famero de gu\u00eda: 118&#8242; a ISO 100 y 105 mm<br \/><\/span><\/li>\n<li><span style=\"font-size: small\">Rango de zoom: 24-105 mm (14 mm con panel)<br \/><\/span><\/li>\n<li><span style=\"font-size: small\">Inclinaciones de -7 a 90\u00b0<br \/><\/span><\/li>\n<li><span style=\"font-size: small\">Gira 270\u00b0<br \/><\/span><\/li>\n<li><span style=\"font-size: small\">Funcionalidad TTL maestro\/esclavo inal\u00e1mbrico<br \/><\/span><\/li>\n<li><span style=\"font-size: small\">Tiempo de reciclaje: 0.1-2.2 segundos<br \/><\/span><\/li>\n<li><span style=\"font-size: small\">Sincronizaci\u00f3n de alta velocidad, 1\u00aa y 2\u00aa cortina<br \/><\/span><\/li>\n<li><span style=\"font-size: small\">Funciona con dos pilas AA<\/span><\/li>\n<\/ul>\n<p><span style=\"font-size: small\">&nbsp;<\/span><\/p>\n<p><span style=\"font-size: small\">Con soporte completo de Fujifilm TTL, que incluye sincronizaci\u00f3n de alta velocidad y un sistema de radio integrado de 2,4 GHz, el flash compacto Godox TT350F Mini Thinklite TTL es un excelente compa\u00f1ero diario para su c\u00e1mara. Con un dise\u00f1o liviano y un n\u00famero de gu\u00eda de 118 &#8216;a ISO 100 y 105 mm, el TT350F es \u00fatil tanto para operaciones dentro como fuera de la c\u00e1mara. Los usuarios tambi\u00e9n pueden usarlo como esclavo \u00f3ptico adem\u00e1s de usarlo como unidad maestra \/ esclava TTL de radio. Tambi\u00e9n es vers\u00e1til con la capacidad de inclinarse de -7 a 90\u00b0 y girar 270\u00b0.   <\/p>\n<p>Varias funciones y caracter\u00edsticas est\u00e1n integradas en la unidad, incluyendo HSS, flash estrobosc\u00f3pico, sincronizaci\u00f3n de la 1\u00aa y 2\u00aa cortina, y m\u00e1s. Tambi\u00e9n es f\u00e1cil de usar con una pantalla LCD trasera y funciona r\u00e1pidamente con un tiempo de reciclaje de 0.1 a 2.2 segundos. Adem\u00e1s, funciona con solo dos pilas AA.  <\/p>\n<p><\/span><\/p>\n<ul>\n<li><span style=\"font-size: small\">Un sistema de radio X integrado de 2,4 GHz est\u00e1 integrado en el TT350F para disparo inal\u00e1mbrico. Capaz de configurarse como maestro o esclavo, este flash lo ayudar\u00e1 a crear una configuraci\u00f3n de iluminaci\u00f3n vers\u00e1til con un rango de 328 &#8216;y soporte para 16 canales y tres grupos. Tambi\u00e9n puede funcionar con un transmisor opcional de la serie X para crear configuraciones m\u00e1s elaboradas.  <\/span><\/li>\n<li><span style=\"font-size: small\">Al ser compatible con el sistema TTL de Fujifilm, los usuarios disfrutar\u00e1n de m\u00faltiples configuraciones de flash automatizadas y la capacidad de usar funciones como la sincronizaci\u00f3n de alta velocidad.<\/span><\/li>\n<li><span style=\"font-size: small\">Con un n\u00famero gu\u00eda de 118&#8242; a ISO 100 y 105 mm, el TT350F iluminar\u00e1 la mayor\u00eda de los sujetos. Tambi\u00e9n tiene un cabezal de zoom con un rango de 24-105 mm y un panel gran angular de 14 mm para usar una variedad de lentes diferentes. <\/span><\/li>\n<li><span style=\"font-size: small\">Control manual de potencia de 1\/1 a 1\/128 en pasos de 1\/3 EV.<\/span><\/li>\n<li><span style=\"font-size: small\">El cabezal del flash se puede inclinar de -7 a 90\u00b0 y girar un total de 270\u00b0 para controlar el reflejo y d\u00f3nde incide la luz en la escena.<\/span><\/li>\n<li><span style=\"font-size: small\">El modo esclavo \u00f3ptico est\u00e1 disponible para trabajar con otros flashes est\u00e1ndar.<\/span><\/li>\n<li><span style=\"font-size: small\">Hay disponible un puerto de sincronizaci\u00f3n de 3,5 mm para configurar una conexi\u00f3n por cable a una c\u00e1mara o disparador.<\/span><\/li>\n<li><span style=\"font-size: small\">Este flash funciona con dos pilas alcalinas o NiMH AA que ayudan a entregar alrededor de 210 flashes a plena potencia y tiempos de reciclaje de 0.1 a 2.2 segundos.<\/span><\/li>\n<li><span style=\"font-size: small\">Conexi\u00f3n USB para la instalaci\u00f3n de futuras actualizaciones de firmware.<\/span><\/li>\n<\/ul>\n<p><span style=\"font-size: small\">&nbsp;<\/span><\/p>\n<p><span style=\"font-size: small\"> <\/span><span style=\"font-size: small\"> <\/span><\/p>\n<table style=\"width: 643px\" border=\"0\" cellspacing=\"0\" cellpadding=\"2\">\n<colgroup>\n<col width=\"275\">\n<col width=\"360\"><\/colgroup>\n<tbody>\n<tr>\n<td width=\"275\">\n<p style=\"border-top: none;border-bottom: 1px solid #e6e7e8;border-left: none;border-right: none;padding: 0cm 0cm 0.53cm 0cm\"><span style=\"font-size: medium\">Ensamblar<\/span><\/p>\n<\/td>\n<td width=\"360\">\n<p style=\"border-top: none;border-bottom: 1px solid #e6e7e8;border-left: none;border-right: none;padding: 0cm 0cm 0.53cm 0cm\"><span style=\"font-size: medium\">Zapato<\/span><\/p>\n<\/td>\n<\/tr>\n<tr>\n<td width=\"275\">\n<p style=\"border-top: none;border-bottom: 1px solid #e6e7e8;border-left: none;border-right: none;padding: 0cm 0cm 0.53cm 0cm\"><span style=\"font-size: medium\">Gu\u00eda No.<\/span><\/p>\n<\/td>\n<td width=\"360\">\n<p style=\"border-top: none;border-bottom: 1px solid #e6e7e8;border-left: none;border-right: none;padding: 0cm 0cm 0.53cm 0cm\"><span style=\"font-size: medium\">118,11&#8242; \/ 36 m Posici\u00f3n ISO 100 a 105 mm<\/span><\/p>\n<\/td>\n<\/tr>\n<tr>\n<td width=\"275\">\n<p style=\"border-top: none;border-bottom: 1px solid #e6e7e8;border-left: none;border-right: none;padding: 0cm 0cm 0.53cm 0cm\"><span style=\"font-size: medium\">Control de exposici\u00f3n<\/span><\/p>\n<\/td>\n<td width=\"360\">\n<p style=\"border-top: none;border-bottom: 1px solid #e6e7e8;border-left: none;border-right: none;padding: 0cm 0cm 0.53cm 0cm\"><span style=\"font-size: medium\">Manual, TTL<\/span><\/p>\n<\/td>\n<\/tr>\n<tr>\n<td width=\"275\">\n<p style=\"border-top: none;border-bottom: 1px solid #e6e7e8;border-left: none;border-right: none;padding: 0cm 0cm 0.53cm 0cm\"><span style=\"font-size: medium\">Vari-Potencia<\/span><\/p>\n<\/td>\n<td width=\"360\">\n<p style=\"border-top: none;border-bottom: 1px solid #e6e7e8;border-left: none;border-right: none;padding: 0cm 0cm 0.53cm 0cm\"><span style=\"font-size: medium\">1\/1 &#8211; 1\/128<\/span><\/p>\n<\/td>\n<\/tr>\n<tr>\n<td width=\"275\">\n<p style=\"border-top: none;border-bottom: 1px solid #e6e7e8;border-left: none;border-right: none;padding: 0cm 0cm 0.53cm 0cm\"><span style=\"font-size: medium\">Cabeza plegada<\/span><\/p>\n<\/td>\n<td width=\"360\">\n<p style=\"border-top: none;border-bottom: 1px solid #e6e7e8;border-left: none;border-right: none;padding: 0cm 0cm 0.53cm 0cm\"><span style=\"font-size: medium\">De -7 a 90\u00b0<\/span><\/p>\n<\/td>\n<\/tr>\n<tr>\n<td width=\"275\">\n<p style=\"border-top: none;border-bottom: 1px solid #e6e7e8;border-left: none;border-right: none;padding: 0cm 0cm 0.53cm 0cm\"><span style=\"font-size: medium\">Cabezal giratorio<\/span><\/p>\n<\/td>\n<td width=\"360\">\n<p style=\"border-top: none;border-bottom: 1px solid #e6e7e8;border-left: none;border-right: none;padding: 0cm 0cm 0.53cm 0cm\"><span style=\"font-size: medium\">360\u00b0<\/span><\/p>\n<\/td>\n<\/tr>\n<tr>\n<td width=\"275\">\n<p style=\"border-top: none;border-bottom: 1px solid #e6e7e8;border-left: none;border-right: none;padding: 0cm 0cm 0.53cm 0cm\"><span style=\"font-size: medium\">Cubrir<\/span><\/p>\n<\/td>\n<td width=\"360\">\n<p style=\"border-top: none;border-bottom: 1px solid #e6e7e8;border-left: none;border-right: none;padding: 0cm 0cm 0.53cm 0cm\"><span style=\"font-size: medium\">14 &#8211; 105 mm (fotograma completo)<\/span><\/p>\n<\/td>\n<\/tr>\n<tr>\n<td width=\"275\">\n<p style=\"border-top: none;border-bottom: 1px solid #e6e7e8;border-left: none;border-right: none;padding: 0cm 0cm 0.53cm 0cm\"><span style=\"font-size: medium\">Cabezal de zoom<\/span><\/p>\n<\/td>\n<td width=\"360\">\n<p style=\"border-top: none;border-bottom: 1px solid #e6e7e8;border-left: none;border-right: none;padding: 0cm 0cm 0.53cm 0cm\"><span style=\"font-size: medium\">Fotograma completo: 24 &#8211; 105 mm<\/span><\/p>\n<\/td>\n<\/tr>\n<tr>\n<td width=\"275\">\n<p style=\"border-top: none;border-bottom: 1px solid #e6e7e8;border-left: none;border-right: none;padding: 0cm 0cm 0.53cm 0cm\"><span style=\"font-size: medium\">Terminal fuera de c\u00e1mara<\/span><\/p>\n<\/td>\n<td width=\"360\">\n<p style=\"border: none;padding: 0cm\"><span style=\"font-size: medium\"><em>Ninguno<\/em><\/span><\/p>\n<\/td>\n<\/tr>\n<tr>\n<td width=\"275\">\n<p style=\"border-top: none;border-bottom: 1px solid #e6e7e8;border-left: none;border-right: none;padding: 0cm 0cm 0.53cm 0cm\"><span style=\"font-size: medium\">Tiempo de reciclaje<\/span><\/p>\n<\/td>\n<td width=\"360\">\n<p style=\"border-top: none;border-bottom: 1px solid #e6e7e8;border-left: none;border-right: none;padding: 0cm 0cm 0.53cm 0cm\"><span style=\"font-size: medium\">Aproximadamente 0,1 &#8211; 2,2 segundos<\/span><\/p>\n<\/td>\n<\/tr>\n<tr>\n<td width=\"275\">\n<p style=\"border-top: none;border-bottom: 1px solid #e6e7e8;border-left: none;border-right: none;padding: 0cm 0cm 0.53cm 0cm\"><span style=\"font-size: medium\">Duraci\u00f3n del flash<\/span><\/p>\n<\/td>\n<td width=\"360\">\n<p style=\"border-top: none;border-bottom: 1px solid #e6e7e8;border-left: none;border-right: none;padding: 0cm 0cm 0.53cm 0cm\"><span style=\"font-size: medium\">1\/350 &#8211; 1\/20000 seg.<\/span><\/p>\n<\/td>\n<\/tr>\n<tr>\n<td width=\"275\">\n<p style=\"border-top: none;border-bottom: 1px solid #e6e7e8;border-left: none;border-right: none;padding: 0cm 0cm 0.53cm 0cm\"><span style=\"font-size: medium\">Indicador de flash listo<\/span><\/p>\n<\/td>\n<td width=\"360\">\n<p style=\"border-top: none;border-bottom: 1px solid #e6e7e8;border-left: none;border-right: none;padding: 0cm 0cm 0.53cm 0cm\"><span style=\"font-size: medium\">S\u00ed<\/span><\/p>\n<\/td>\n<\/tr>\n<tr>\n<td width=\"275\">\n<p style=\"border-top: none;border-bottom: 1px solid #e6e7e8;border-left: none;border-right: none;padding: 0cm 0cm 0.53cm 0cm\"><span style=\"font-size: medium\">Compensaci\u00f3n<\/span><\/p>\n<\/td>\n<td width=\"360\">\n<p style=\"border-top: none;border-bottom: 1px solid #e6e7e8;border-left: none;border-right: none;padding: 0cm 0cm 0.53cm 0cm\"><span style=\"font-size: medium\">De -3 EV a +3 EV (en pasos de 1\/3 EV)<\/span><\/p>\n<\/td>\n<\/tr>\n<tr>\n<td width=\"275\">\n<p style=\"border-top: none;border-bottom: 1px solid #e6e7e8;border-left: none;border-right: none;padding: 0cm 0cm 0.53cm 0cm\"><span style=\"font-size: medium\">Modos de temporizaci\u00f3n esclava<\/span><\/p>\n<\/td>\n<td width=\"360\">\n<p style=\"border-top: none;border-bottom: 1px solid #e6e7e8;border-left: none;border-right: none;padding: 0cm 0cm 0.53cm 0cm\"><span style=\"font-size: medium\">Sincronizaci\u00f3n instant\u00e1nea<br \/>Omitir pre-flash<\/span><\/p>\n<\/td>\n<\/tr>\n<tr>\n<td width=\"275\">\n<p style=\"border-top: none;border-bottom: 1px solid #e6e7e8;border-left: none;border-right: none;padding: 0cm 0cm 0.53cm 0cm\"><span style=\"font-size: medium\">Funcionamiento inal\u00e1mbrico<\/span><\/p>\n<\/td>\n<td width=\"360\">\n<p style=\"border-top: none;border-bottom: 1px solid #e6e7e8;border-left: none;border-right: none;padding: 0cm 0cm 0.53cm 0cm\"><span style=\"font-size: medium\">M\u00e9todo: RF<br \/>Distancia: Hasta 98,43&#8242; \/ 30 m<br \/>M\u00e9todo: Pulso \u00f3ptico<br \/>Distancia: Hasta 49,21&#8242; \/ 15 m<br \/>Modo: Maestro, Esclavo<\/span><\/p>\n<\/td>\n<\/tr>\n<tr>\n<td width=\"275\">\n<p style=\"border-top: none;border-bottom: 1px solid #e6e7e8;border-left: none;border-right: none;padding: 0cm 0cm 0.53cm 0cm\"><span style=\"font-size: medium\">Canales de comunicaci\u00f3n inal\u00e1mbricos<\/span><\/p>\n<\/td>\n<td width=\"360\">\n<p style=\"border-top: none;border-bottom: 1px solid #e6e7e8;border-left: none;border-right: none;padding: 0cm 0cm 0.53cm 0cm\"><span style=\"font-size: medium\">16 canales<\/span><\/p>\n<\/td>\n<\/tr>\n<tr>\n<td width=\"275\">\n<p style=\"border-top: none;border-bottom: 1px solid #e6e7e8;border-left: none;border-right: none;padding: 0cm 0cm 0.53cm 0cm\"><span style=\"font-size: medium\">Grupos inal\u00e1mbricos<\/span><\/p>\n<\/td>\n<td width=\"360\">\n<p style=\"border-top: none;border-bottom: 1px solid #e6e7e8;border-left: none;border-right: none;padding: 0cm 0cm 0.53cm 0cm\"><span style=\"font-size: medium\">3 Grupos<\/span><\/p>\n<\/td>\n<\/tr>\n<tr>\n<td width=\"275\">\n<p style=\"border-top: none;border-bottom: 1px solid #e6e7e8;border-left: none;border-right: none;padding: 0cm 0cm 0.53cm 0cm\"><span style=\"font-size: medium\">Fuente de alimentaci\u00f3n<\/span><\/p>\n<\/td>\n<td width=\"360\">\n<p style=\"border-top: none;border-bottom: 1px solid #e6e7e8;border-left: none;border-right: none;padding: 0cm 0cm 0.53cm 0cm\"><span style=\"font-size: medium\">2 pilas alcalinas AA recargables de NiMH<\/span><\/p>\n<\/td>\n<\/tr>\n<tr>\n<td width=\"275\">\n<p style=\"border-top: none;border-bottom: 1px solid #e6e7e8;border-left: none;border-right: none;padding: 0cm 0cm 0.53cm 0cm\"><span style=\"font-size: medium\">Dimensiones (ancho x alto x profundidad)<\/span><\/p>\n<\/td>\n<td width=\"360\">\n<p style=\"border-top: none;border-bottom: 1px solid #e6e7e8;border-left: none;border-right: none;padding: 0cm 0cm 0.53cm 0cm\"><span style=\"font-size: medium\">5,5 x 2,4 x 1,5&#8243; \/ 140,0 x 62,0 x 38,0 mm<\/span><\/p>\n<\/td>\n<\/tr>\n<tr>\n<td width=\"275\">\n<p style=\"border-top: none;border-bottom: 1px solid #e6e7e8;border-left: none;border-right: none;padding: 0cm 0cm 0.53cm 0cm\"><span style=\"font-size: medium\">Peso<\/span><\/p>\n<\/td>\n<td width=\"360\">\n<p style=\"border: none;padding: 0cm\"><span style=\"font-size: medium\">7.05 oz \/ 200 g <em>sin bater\u00edas<\/em><\/span><\/p>\n<\/td>\n<\/tr>\n<\/tbody>\n<\/table>\n","protected":false},"excerpt":{"rendered":"<p>El TT350F es una aplicaci\u00f3n compatible con las c\u00e1maras Fujifilm y es con flash autom\u00e1tico TTL. Con este flash TTL<\/p>\n","protected":false},"featured_media":56533,"comment_status":"closed","ping_status":"closed","template":"","meta":{"_acf_changed":false},"product_brand":[2555],"product_cat":[1024],"product_tag":[],"class_list":{"0":"post-72477","1":"product","2":"type-product","3":"status-publish","4":"has-post-thumbnail","6":"product_brand-godox-es","7":"product_cat-ttl-es","9":"first","10":"instock","11":"taxable","12":"shipping-taxable","13":"purchasable","14":"product-type-simple"},"bundled_by":[],"bundle_stock_status":"instock","bundle_stock_quantity":1,"bundle_virtual":false,"bundle_layout":"","bundle_add_to_cart_form_location":"","bundle_editable_in_cart":false,"bundle_sold_individually_context":"","bundle_item_grouping":"","bundle_min_size":"","bundle_max_size":"","bundle_price":[],"bundled_items":[],"bundle_sell_ids":[],"acf":[],"_links":{"self":[{"href":"https:\/\/hi-techwonder.com\/es\/wp-json\/wp\/v2\/product\/72477","targetHints":{"allow":["GET"]}}],"collection":[{"href":"https:\/\/hi-techwonder.com\/es\/wp-json\/wp\/v2\/product"}],"about":[{"href":"https:\/\/hi-techwonder.com\/es\/wp-json\/wp\/v2\/types\/product"}],"replies":[{"embeddable":true,"href":"https:\/\/hi-techwonder.com\/es\/wp-json\/wp\/v2\/comments?post=72477"}],"wp:featuredmedia":[{"embeddable":true,"href":"https:\/\/hi-techwonder.com\/es\/wp-json\/wp\/v2\/media\/56533"}],"wp:attachment":[{"href":"https:\/\/hi-techwonder.com\/es\/wp-json\/wp\/v2\/media?parent=72477"}],"wp:term":[{"taxonomy":"product_brand","embeddable":true,"href":"https:\/\/hi-techwonder.com\/es\/wp-json\/wp\/v2\/product_brand?post=72477"},{"taxonomy":"product_cat","embeddable":true,"href":"https:\/\/hi-techwonder.com\/es\/wp-json\/wp\/v2\/product_cat?post=72477"},{"taxonomy":"product_tag","embeddable":true,"href":"https:\/\/hi-techwonder.com\/es\/wp-json\/wp\/v2\/product_tag?post=72477"}],"curies":[{"name":"wp","href":"https:\/\/api.w.org\/{rel}","templated":true}]}}