{"id":72478,"date":"2025-07-29T09:55:15","date_gmt":"2025-07-29T09:55:15","guid":{"rendered":"https:\/\/fv6qoy3ls0.wpdns.site\/produto\/godox-studio-flash-sk300ii-v\/"},"modified":"2026-01-21T17:35:18","modified_gmt":"2026-01-21T17:35:18","slug":"godox-studio-flash-sk300ii-v","status":"publish","type":"product","link":"https:\/\/hi-techwonder.com\/es\/producto\/godox-studio-flash-sk300ii-v\/","title":{"rendered":"GODOX Studio Flash SK300II-V"},"content":{"rendered":"<p style=\"color: #333333; font-family: 'Open Sans'; font-size: 13px; margin: 0px; padding: 6px 0px; background-color: #ffffff;\"><span style=\"font-size: 13px;\"><strong>GODOX Studio Flash SK300II-V<\/strong><br \/><\/span><\/p>\n<p style=\"color: #333333; font-family: 'Open Sans'; font-size: 13px; margin: 0px; padding: 6px 0px; background-color: #ffffff;\"><img decoding=\"async\" style=\"border: 0px; max-width: 100%; height: auto; vertical-align: middle; font-size: 0px; width: auto;\" src=\"https:\/\/www.estudiopt.pt\/images\/companies\/2\/TOKINA%2011-20\/abstract-luxury-gradient-blue-background-smooth-dark-blue-with-black-vignette-studio-banner.jpg?1658924118529\" alt=\"\" data-pagespeed-url-hash=\"151539824\"><\/p>\n<p style=\"margin: 0px; padding: 6px 0px; background-color: #ffffff;\"><strong><span style=\"font-size: 13px;\">SK300II-V<\/span><\/strong><\/p>\n<p style=\"margin: 0px; padding: 6px 0px; background-color: #ffffff;\"><span style=\"font-size: 13px;\">La luz de la serie SK de Godox cuenta con un rango de ajuste de potencia de flash de 1\/16 a 0.1 EV. El tiempo de carga a plena potencia de flash es inferior a 2 segundos. &nbsp;<\/span><\/p>\n<p style=\"margin: 0px; padding: 6px 0px; background-color: #ffffff;\"><span style=\"font-size: 13px;\">Con una potencia m\u00ednima, logra una duraci\u00f3n de flash muy corta de solo 1\/2000s (t = 0.1), lo que le permite disparar libremente durante una toma manual.&nbsp;<\/span><\/p>\n<p style=\"margin: 0px; padding: 6px 0px; background-color: #ffffff;\"><span style=\"font-size: 13px;\">La temperatura de color del flash es de 5600K, y dependiendo de la potencia del flash configurado, puede variar entre \u00b1200K.<\/span><\/p>\n<p style=\"margin: 0px; padding: 6px 0px; background-color: #ffffff;\"><span style=\"font-size: 13px;\">&nbsp;<\/span><\/p>\n<p style=\"margin: 0px; padding: 6px 0px; background-color: #ffffff;\"><strong><span style=\"font-size: 13px;\">SISTEMA X<\/span><\/strong><\/p>\n<p style=\"margin: 0px; padding: 6px 0px; background-color: #ffffff;\"><span style=\"font-size: 13px;\">El receptor X System incorporado le permite disparar el flash de forma remota, controlar la potencia del flash y cambiar el modo con el transmisor Godox X, sin tener que comprar receptores adicionales.&nbsp;<\/span><\/p>\n<p style=\"margin: 0px; padding: 6px 0px; background-color: #ffffff;\"><span style=\"font-size: 13px;\">Adem\u00e1s, la serie Godox SK est\u00e1 equipada con un puerto USB que le permite conectar receptores de sistema TTL XT16, FT-16 o X1.&nbsp;<\/span><\/p>\n<p style=\"margin: 0px; padding: 6px 0px; background-color: #ffffff;\"><span style=\"font-size: 13px;\">Tambi\u00e9n es posible utilizar una toma jack de 3,5 mm y conectar la luz a gatillos de otras marcas.<\/span><\/p>\n<p style=\"margin: 0px; padding: 6px 0px; background-color: #ffffff;\"><span style=\"font-size: 13px;\">&nbsp;<\/span><\/p>\n<p style=\"margin: 0px; padding: 6px 0px; background-color: #ffffff;\"><strong><span style=\"font-size: 13px;\">CONSUELO&nbsp;<\/span><\/strong><\/p>\n<p style=\"margin: 0px; padding: 6px 0px; background-color: #ffffff;\"><span style=\"font-size: 13px;\">El panel trasero de la unidad es simple, claro y funcional.&nbsp;<\/span><\/p>\n<p style=\"margin: 0px; padding: 6px 0px; background-color: #ffffff;\"><span style=\"font-size: 13px;\">La pantalla LCD que muestra la configuraci\u00f3n de la l\u00e1mpara es f\u00e1cil de leer incluso desde un \u00e1ngulo amplio.&nbsp;<\/span><\/p>\n<p style=\"margin: 0px; padding: 6px 0px; background-color: #ffffff;\"><span style=\"font-size: 13px;\">Junto a \u00e9l se encuentra un bot\u00f3n \u00fatil para ajustar la potencia del flash, cambiar el canal de comunicaci\u00f3n por radio y el grupo de l\u00e1mparas.&nbsp;<\/span><\/p>\n<p style=\"margin: 0px; padding: 6px 0px; background-color: #ffffff;\"><span style=\"font-size: 13px;\">Ubicado debajo de la pantalla LCD, una serie de cinco botones brinda acceso r\u00e1pido a todas las configuraciones y funciones de la l\u00e1mpara.<\/span><\/p>\n<p style=\"margin: 0px; padding: 6px 0px; background-color: #ffffff;\"><span style=\"font-size: 13px;\">&nbsp;<\/span><\/p>\n<p style=\"margin: 0px; padding: 6px 0px; background-color: #ffffff;\"><strong><span style=\"font-size: 13px;\">SOPORTE DE BOWENS&nbsp;<\/span><\/strong><\/p>\n<p style=\"margin: 0px; padding: 6px 0px; background-color: #ffffff;\"><span style=\"font-size: 13px;\">La popular montura Bowens permite el uso de modificadores com\u00fanmente disponibles (cajas de luz, reflectores, platos de belleza, etc.) para modificar y controlar la luz en pr\u00e1cticamente cualquier aplicaci\u00f3n o visi\u00f3n creativa.<\/span><\/p>\n<p style=\"margin: 0px; padding: 6px 0px; background-color: #ffffff;\"><span style=\"font-size: 13px;\">&nbsp;<\/span><\/p>\n<p style=\"margin: 0px; padding: 6px 0px; background-color: #ffffff;\"><span style=\"font-size: 13px;\">&nbsp;<\/span><\/p>\n<p style=\"margin: 0px; padding: 6px 0px; background-color: #ffffff;\"><strong><span style=\"font-size: 13px;\">Contenido de la caja:<\/span><\/strong><\/p>\n<p style=\"margin: 0px; padding: 6px 0px; background-color: #ffffff;\"><span style=\"font-size: 13px;\">1x SK300II de flash de estudio<\/span><\/p>\n<p style=\"margin: 0px; padding: 6px 0px; background-color: #ffffff;\"><span style=\"font-size: 13px;\">1x l\u00e1mpara de flash<\/span><\/p>\n<p style=\"margin: 0px; padding: 6px 0px; background-color: #ffffff;\"><span style=\"font-size: 13px;\">1x cable de alimentaci\u00f3n<\/span><\/p>\n<p style=\"margin: 0px; padding: 6px 0px; background-color: #ffffff;\"><span style=\"font-size: 13px;\">1x Tapa protectora<\/span><\/p>\n","protected":false},"excerpt":{"rendered":"<p>GODOX Studio Flash SK300II-V SK300II-V La luz de la serie SK de Godox cuenta con un rango de ajuste de<\/p>\n","protected":false},"featured_media":55917,"comment_status":"closed","ping_status":"open","template":"","meta":{"_acf_changed":false},"product_brand":[2555],"product_cat":[988],"product_tag":[],"class_list":{"0":"post-72478","1":"product","2":"type-product","3":"status-publish","4":"has-post-thumbnail","6":"product_brand-godox-es","7":"product_cat-a-corriente","9":"first","10":"instock","11":"taxable","12":"shipping-taxable","13":"purchasable","14":"product-type-simple"},"bundled_by":[],"bundle_stock_status":"instock","bundle_stock_quantity":1,"bundle_virtual":false,"bundle_layout":"","bundle_add_to_cart_form_location":"","bundle_editable_in_cart":false,"bundle_sold_individually_context":"","bundle_item_grouping":"","bundle_min_size":"","bundle_max_size":"","bundle_price":[],"bundled_items":[],"bundle_sell_ids":[],"acf":[],"_links":{"self":[{"href":"https:\/\/hi-techwonder.com\/es\/wp-json\/wp\/v2\/product\/72478","targetHints":{"allow":["GET"]}}],"collection":[{"href":"https:\/\/hi-techwonder.com\/es\/wp-json\/wp\/v2\/product"}],"about":[{"href":"https:\/\/hi-techwonder.com\/es\/wp-json\/wp\/v2\/types\/product"}],"replies":[{"embeddable":true,"href":"https:\/\/hi-techwonder.com\/es\/wp-json\/wp\/v2\/comments?post=72478"}],"wp:featuredmedia":[{"embeddable":true,"href":"https:\/\/hi-techwonder.com\/es\/wp-json\/wp\/v2\/media\/55917"}],"wp:attachment":[{"href":"https:\/\/hi-techwonder.com\/es\/wp-json\/wp\/v2\/media?parent=72478"}],"wp:term":[{"taxonomy":"product_brand","embeddable":true,"href":"https:\/\/hi-techwonder.com\/es\/wp-json\/wp\/v2\/product_brand?post=72478"},{"taxonomy":"product_cat","embeddable":true,"href":"https:\/\/hi-techwonder.com\/es\/wp-json\/wp\/v2\/product_cat?post=72478"},{"taxonomy":"product_tag","embeddable":true,"href":"https:\/\/hi-techwonder.com\/es\/wp-json\/wp\/v2\/product_tag?post=72478"}],"curies":[{"name":"wp","href":"https:\/\/api.w.org\/{rel}","templated":true}]}}