{"id":72482,"date":"2025-07-29T09:57:21","date_gmt":"2025-07-29T09:57:21","guid":{"rendered":"https:\/\/fv6qoy3ls0.wpdns.site\/produto\/godox-flash-retro-lux-cadet\/"},"modified":"2026-01-08T17:50:52","modified_gmt":"2026-01-08T17:50:52","slug":"godox-flash-retro-lux-cadet","status":"publish","type":"product","link":"https:\/\/hi-techwonder.com\/es\/producto\/godox-flash-retro-lux-cadet\/","title":{"rendered":"GODOX Flash Retro Lux Cadet"},"content":{"rendered":"<h3>GODOX Flash Retro Lux Cadet<\/h3>\n<ul>\n<li>Encendido, ISO, paradas, indicador de distancia<\/li>\n<li>N\u00famero de gu\u00eda: 10 a ISO 100<\/li>\n<li>7 x Niveles de salida: 1\/1 a 1\/64<\/li>\n<li>Bater\u00eda recargable incorporada<\/li>\n<li>Modos manual y autom\u00e1tico, cubierta fija de 28 mm<\/li>\n<li>Terminal de sincronizaci\u00f3n para operaci\u00f3n externa<\/li>\n<\/ul>\n<p><iframe loading=\"lazy\" style=\"min-height: 500px; width: 2113.33px; height: auto;\" src=\"https:\/\/www.youtube.com\/embed\/vmGJ4qMW9oU\" width=\"560\" height=\"314\" allowfullscreen=\"allowfullscreen\"><\/iframe><\/p>\n<p>Emb\u00e1rcate en un viaje en el que tu individualidad sea el centro de atenci\u00f3n. Lux Cadet defiende el brillo interior \u00fanico de cada persona, esforz\u00e1ndose por capturar e iluminar esta belleza individual en todos los entornos y estilos, porque creemos que todos nacieron para florecer. &nbsp;<\/p>\n<p>Entra en el pasado con el dise\u00f1o cl\u00e1sico de Lux Cadet, reinventado para el mundo moderno. M\u00e1s que un flash de c\u00e1mara; Es un renacimiento de los cl\u00e1sicos. El Lux Cadet combina a la perfecci\u00f3n la elegancia de anta\u00f1o con la tecnolog\u00eda actual, creando un accesorio atemporal que complementa tu estilo de vida contempor\u00e1neo.  <\/p>\n<p><img loading=\"lazy\" decoding=\"async\" src=\"https:\/\/www.godox.com\/static\/upload\/image\/20231128\/1701153621771192.png\" alt=\"\" width=\"600\" height=\"400\"><\/p>\n<p>Di adi\u00f3s al miedo a las oportunidades perdidas y a las exposiciones incorrectas con el Modo A. Lux Cadet te invita a disparar libremente, capturando la esencia del momento sin dudarlo. Con cada destello, Lux Cadet se asegura de que se conserve tu espontaneidad, permiti\u00e9ndote revivir la magia de cada momento. <\/p>\n<p>Cambia al modo M y abre la puerta a un mundo de creatividad sin l\u00edmites. Lux Cadet te permite superar los l\u00edmites de tu imaginaci\u00f3n. Con el modo M, cada flash es un lienzo, y el Lux Cadet es tu pincel, lo que te permite pintar tu obra maestra \u00fanica.  <\/p>\n<p><img decoding=\"async\" src=\"https:\/\/www.godox.com\/static\/upload\/image\/20231128\/1701162177954287.jpg\" alt=\"\" width=\"600\"><\/p>\n<h4>Caracter\u00edsticas t\u00e9cnicas:<\/h4>\n<table style=\"outline: 0px; padding: 0px; margin: 0px; width: 1200px; border-spacing: 0px; color: #666666; font-family: RedHatText-Regular; font-size: 14px; background-color: #ffffff;\">\n<tbody style=\"outline: 0px; padding: 0px; margin: 0px; box-sizing: border-box;\">\n<tr class=\"firstRow\" style=\"outline: 0px; padding: 0px; margin: 0px; box-sizing: border-box;\">\n<td style=\"outline: 0px; padding: 0px; margin: 0px; box-sizing: border-box; height: 40px; border-top: none; border-right: none; border-left: none; border-image: initial; border-bottom: 1px solid #e6e6e6; word-break: break-all; width: 600.344px;\" colspan=\"1\" rowspan=\"1\" align=\"left\" valign=\"middle\"><span style=\"outline: 0px; padding: 0px; margin: 0px; box-sizing: border-box;\">Modelo<\/span><\/td>\n<td style=\"outline: 0px; padding: 0px; margin: 0px; box-sizing: border-box; height: 40px; border-top: none; border-right: none; border-left: none; border-image: initial; border-bottom: 1px solid #e6e6e6; word-break: break-all; width: 599.656px;\" colspan=\"1\" rowspan=\"1\" align=\"left\" valign=\"middle\"><span style=\"outline: 0px; padding: 0px; margin: 0px; box-sizing: border-box;\">Cadete Lux<\/span><\/td>\n<\/tr>\n<tr style=\"outline: 0px; padding: 0px; margin: 0px; box-sizing: border-box;\">\n<td style=\"outline: 0px; padding: 0px; margin: 0px; box-sizing: border-box; height: 40px; border-top: none; border-right: none; border-left: none; border-image: initial; border-bottom: 1px solid #e6e6e6; word-break: break-all; width: 600.344px;\" align=\"left\" valign=\"middle\" width=\"722\">GN (paso 1\/1)<\/td>\n<td style=\"outline: 0px; padding: 0px; margin: 0px; box-sizing: border-box; height: 40px; border-top: none; border-right: none; border-left: none; border-image: initial; border-bottom: 1px solid #e6e6e6; word-break: break-all; width: 599.656px;\" align=\"left\" valign=\"middle\" width=\"722\">GN10 (ISO100, en metros)<\/td>\n<\/tr>\n<tr style=\"outline: 0px; padding: 0px; margin: 0px; box-sizing: border-box;\">\n<td style=\"outline: 0px; padding: 0px; margin: 0px; box-sizing: border-box; height: 40px; border-top: none; border-right: none; border-left: none; border-image: initial; border-bottom: 1px solid #e6e6e6; word-break: break-all; width: 600.344px;\" colspan=\"1\" rowspan=\"1\" align=\"left\" valign=\"middle\">Bater\u00eda de litio<\/td>\n<td style=\"outline: 0px; padding: 0px; margin: 0px; box-sizing: border-box; height: 40px; border-top: none; border-right: none; border-left: none; border-image: initial; border-bottom: 1px solid #e6e6e6; word-break: break-all; width: 599.656px;\" colspan=\"1\" rowspan=\"1\" align=\"left\" valign=\"middle\">3.7V 1700mAh<\/td>\n<\/tr>\n<tr style=\"outline: 0px; padding: 0px; margin: 0px; box-sizing: border-box;\">\n<td style=\"outline: 0px; padding: 0px; margin: 0px; box-sizing: border-box; height: 40px; border-top: none; border-right: none; border-left: none; border-image: initial; border-bottom: 1px solid #e6e6e6; word-break: break-all; width: 600.344px;\" align=\"left\" valign=\"middle\" width=\"722\">Par\u00e1metro de entrada<\/td>\n<td style=\"outline: 0px; padding: 0px; margin: 0px; box-sizing: border-box; height: 40px; border-top: none; border-right: none; border-left: none; border-image: initial; border-bottom: 1px solid #e6e6e6; word-break: break-all; width: 599.656px;\" align=\"left\" valign=\"middle\" width=\"722\">5V 2A<\/td>\n<\/tr>\n<tr style=\"outline: 0px; padding: 0px; margin: 0px; box-sizing: border-box;\">\n<td style=\"outline: 0px; padding: 0px; margin: 0px; box-sizing: border-box; height: 40px; border-top: none; border-right: none; border-left: none; border-image: initial; border-bottom: 1px solid #e6e6e6; word-break: break-all; width: 600.344px;\" colspan=\"1\" rowspan=\"1\" align=\"left\" valign=\"middle\">Potencia de flash<\/td>\n<td style=\"outline: 0px; padding: 0px; margin: 0px; box-sizing: border-box; height: 40px; border-top: none; border-right: none; border-left: none; border-image: initial; border-bottom: 1px solid #e6e6e6; word-break: break-all; width: 599.656px;\" colspan=\"1\" rowspan=\"1\" align=\"left\" valign=\"middle\">7 pasos: 1\/1-1\/64<\/td>\n<\/tr>\n<tr style=\"outline: 0px; padding: 0px; margin: 0px; box-sizing: border-box;\">\n<td style=\"outline: 0px; padding: 0px; margin: 0px; box-sizing: border-box; height: 40px; border-top: none; border-right: none; border-left: none; border-image: initial; border-bottom: 1px solid #e6e6e6; word-break: break-all; width: 600.344px;\" align=\"left\" valign=\"middle\" width=\"722\">CCT<\/td>\n<td style=\"outline: 0px; padding: 0px; margin: 0px; box-sizing: border-box; height: 40px; border-top: none; border-right: none; border-left: none; border-image: initial; border-bottom: 1px solid #e6e6e6; word-break: break-all; width: 599.656px;\" align=\"left\" valign=\"middle\" width=\"722\">6200K\u00b1300K<\/td>\n<\/tr>\n<tr style=\"outline: 0px; padding: 0px; margin: 0px; box-sizing: border-box;\">\n<td style=\"outline: 0px; padding: 0px; margin: 0px; box-sizing: border-box; height: 40px; border-top: none; border-right: none; border-left: none; border-image: initial; border-bottom: 1px solid #e6e6e6; word-break: break-all; width: 600.344px;\" align=\"left\" valign=\"middle\" width=\"722\">Distancia<\/td>\n<p> focal<\/p>\n<td style=\"outline: 0px; padding: 0px; margin: 0px; box-sizing: border-box; height: 40px; border-top: none; border-right: none; border-left: none; border-image: initial; border-bottom: 1px solid #e6e6e6; word-break: break-all; width: 599.656px;\" align=\"left\" valign=\"middle\" width=\"722\">28 mm (valor fijo) <\/td>\n<\/tr>\n<tr style=\"outline: 0px; padding: 0px; margin: 0px; box-sizing: border-box;\">\n<td style=\"outline: 0px; padding: 0px; margin: 0px; box-sizing: border-box; height: 40px; border-top: none; border-right: none; border-left: none; border-image: initial; border-bottom: 1px solid #e6e6e6; word-break: break-all; width: 600.344px;\" align=\"left\" valign=\"middle\" width=\"722\">Pantalla de panel<\/td>\n<td style=\"outline: 0px; padding: 0px; margin: 0px; box-sizing: border-box; height: 40px; border-top: none; border-right: none; border-left: none; border-image: initial; border-bottom: 1px solid #e6e6e6; word-break: break-all; width: 599.656px;\" align=\"left\" valign=\"middle\" width=\"722\">\n<p style=\"outline: 0px; padding: 0px; margin: 0px; box-sizing: border-box;\">Potencia: Completa, 1\/2, 1\/4, 1\/8, 1\/16, 1\/32, 1\/64<\/p>\n<p style=\"outline: 0px; padding: 0px; margin: 0px; box-sizing: border-box;\">Apertura: F2-16<\/p>\n<p style=\"outline: 0px; padding: 0px; margin: 0px; box-sizing: border-box;\">Distancia: 0,5 m, 0,7 m, 1 m, 1,5 m, 2 m, 3 m, 4 m<\/p>\n<p style=\"outline: 0px; padding: 0px; margin: 0px; box-sizing: border-box;\">Auto f2.8 ISO100 (valor preestablecido en el modo de flash autom\u00e1tico Ac)<\/p>\n<\/td>\n<\/tr>\n<tr style=\"outline: 0px; padding: 0px; margin: 0px; box-sizing: border-box;\">\n<td style=\"outline: 0px; padding: 0px; margin: 0px; box-sizing: border-box; height: 40px; border-top: none; border-right: none; border-left: none; border-image: initial; border-bottom: 1px solid #e6e6e6; word-break: break-all; width: 600.344px;\" align=\"left\" valign=\"middle\" width=\"722\">Flash \u00f3ptico<\/td>\n<td style=\"outline: 0px; padding: 0px; margin: 0px; box-sizing: border-box; height: 40px; border-top: none; border-right: none; border-left: none; border-image: initial; border-bottom: 1px solid #e6e6e6; word-break: break-all; width: 599.656px;\" align=\"left\" valign=\"middle\" width=\"722\">Control \u00f3ptico S1 \/ Control \u00f3ptico S2<\/td>\n<\/tr>\n<tr style=\"outline: 0px; padding: 0px; margin: 0px; box-sizing: border-box;\">\nTemperatura <\/p>\n<td style=\"outline: 0px; padding: 0px; margin: 0px; box-sizing: border-box; height: 40px; border-top: none; border-right: none; border-left: none; border-image: initial; border-bottom: 1px solid #e6e6e6; word-break: break-all; width: 600.344px;\" align=\"left\" valign=\"middle\" width=\"722\">del entorno de<\/td>\n<p> trabajo<\/p>\n<td style=\"outline: 0px; padding: 0px; margin: 0px; box-sizing: border-box; height: 40px; border-top: none; border-right: none; border-left: none; border-image: initial; border-bottom: 1px solid #e6e6e6; word-break: break-all; width: 599.656px;\" align=\"left\" valign=\"middle\" width=\"722\">-10\u00ba~50\u00ba<\/td>\n<\/tr>\n<tr style=\"outline: 0px; padding: 0px; margin: 0px; box-sizing: border-box;\">\n<td style=\"outline: 0px; padding: 0px; margin: 0px; box-sizing: border-box; height: 40px; border-top: none; border-right: none; border-left: none; border-image: initial; border-bottom: 1px solid #e6e6e6; word-break: break-all; width: 600.344px;\" align=\"left\" valign=\"middle\" width=\"722\">Tiempo de reciclaje (paso 1\/1)<\/td>\n<td style=\"outline: 0px; padding: 0px; margin: 0px; box-sizing: border-box; height: 40px; border-top: none; border-right: none; border-left: none; border-image: initial; border-bottom: 1px solid #e6e6e6; word-break: break-all; width: 599.656px;\" align=\"left\" valign=\"middle\" width=\"722\">\u22482,5 segundos<\/td>\n<\/tr>\n<tr style=\"outline: 0px; padding: 0px; margin: 0px; box-sizing: border-box;\">\n<td style=\"outline: 0px; padding: 0px; margin: 0px; box-sizing: border-box; height: 40px; border-top: none; border-right: none; border-left: none; border-image: initial; border-bottom: 1px solid #e6e6e6; word-break: break-all; width: 600.344px;\" colspan=\"1\" rowspan=\"1\" align=\"left\" valign=\"middle\">Tiempos de flash a plena potencia (1\/1 paso)<\/td>\n<td style=\"outline: 0px; padding: 0px; margin: 0px; box-sizing: border-box; height: 40px; border-top: none; border-right: none; border-left: none; border-image: initial; border-bottom: 1px solid #e6e6e6; word-break: break-all; width: 599.656px;\" colspan=\"1\" rowspan=\"1\" align=\"left\" valign=\"middle\">\u2248620 veces<\/td>\n<\/tr>\n<tr style=\"outline: 0px; padding: 0px; margin: 0px; box-sizing: border-box;\">\n<td style=\"outline: 0px; padding: 0px; margin: 0px; box-sizing: border-box; height: 40px; border-top: none; border-right: none; border-left: none; border-image: initial; border-bottom: 1px solid #e6e6e6; word-break: break-all; width: 600.344px;\" colspan=\"1\" rowspan=\"1\" align=\"left\" valign=\"middle\">Rango de temperatura de carga de<\/td>\n<p> la bater\u00eda<\/p>\n<td style=\"outline: 0px; padding: 0px; margin: 0px; box-sizing: border-box; height: 40px; border-top: none; border-right: none; border-left: none; border-image: initial; border-bottom: 1px solid #e6e6e6; word-break: break-all; width: 599.656px;\" colspan=\"1\" rowspan=\"1\" align=\"left\" valign=\"middle\">0\u00ba-60\u00ba<\/td>\n<\/tr>\n<tr style=\"outline: 0px; padding: 0px; margin: 0px; box-sizing: border-box;\">\n<td style=\"outline: 0px; padding: 0px; margin: 0px; box-sizing: border-box; height: 40px; border-top: none; border-right: none; border-left: none; border-image: initial; border-bottom: 1px solid #e6e6e6; word-break: break-all; width: 600.344px;\" align=\"left\" valign=\"middle\" width=\"722\">SINCRONIZAR<\/td>\n<td style=\"outline: 0px; padding: 0px; margin: 0px; box-sizing: border-box; height: 40px; border-top: none; border-right: none; border-left: none; border-image: initial; border-bottom: 1px solid #e6e6e6; word-break: break-all; width: 599.656px;\" align=\"left\" valign=\"middle\" width=\"722\">Zapata, cable SYNC<\/td>\n<\/tr>\n<tr style=\"outline: 0px; padding: 0px; margin: 0px; box-sizing: border-box;\">\n<td style=\"outline: 0px; padding: 0px; margin: 0px; box-sizing: border-box; height: 40px; border-top: none; border-right: none; border-left: none; border-image: initial; border-bottom: 1px solid #e6e6e6; word-break: break-all; width: 600.344px;\" colspan=\"1\" rowspan=\"1\" align=\"left\" valign=\"middle\">\n<p style=\"outline: 0px; padding: 0px; margin: 0px; box-sizing: border-box;\">Dimensi\u00f3n(cuando el reflector est\u00e1 retra\u00eddo)<\/p>\n<\/td>\n<td style=\"outline: 0px; padding: 0px; margin: 0px; box-sizing: border-box; height: 40px; border-top: none; border-right: none; border-left: none; border-image: initial; border-bottom: 1px solid #e6e6e6; word-break: break-all; width: 599.656px;\" colspan=\"1\" rowspan=\"1\" align=\"left\" valign=\"middle\">9,4 x 4,1 x 7,1 cm<\/td>\n<\/tr>\n<tr style=\"outline: 0px; padding: 0px; margin: 0px; box-sizing: border-box;\">\n<td style=\"outline: 0px; padding: 0px; margin: 0px; box-sizing: border-box; height: 40px; border-top: none; border-right: none; border-left: none; border-image: initial; border-bottom: 1px solid #e6e6e6; word-break: break-all; width: 600.344px;\" align=\"left\" valign=\"middle\" width=\"722\">Peso<\/td>\n<td style=\"outline: 0px; padding: 0px; margin: 0px; box-sizing: border-box; height: 40px; border-top: none; border-right: none; border-left: none; border-image: initial; border-bottom: 1px solid #e6e6e6; word-break: break-all; width: 599.656px;\" align=\"left\" valign=\"middle\" width=\"722\">171 gramos<\/td>\n<\/tr>\n<\/tbody>\n<\/table>\n","protected":false},"excerpt":{"rendered":"<p>GODOX Flash Retro Lux Cadet Encendido, ISO, paradas, indicador de distancia N\u00famero de gu\u00eda: 10 a ISO 100 7 x<\/p>\n","protected":false},"featured_media":56459,"comment_status":"closed","ping_status":"open","template":"","meta":{"_acf_changed":false},"product_brand":[2555],"product_cat":[1022],"product_tag":[],"class_list":{"0":"post-72482","1":"product","2":"type-product","3":"status-publish","4":"has-post-thumbnail","6":"product_brand-godox-es","7":"product_cat-manuales","9":"first","10":"instock","11":"taxable","12":"shipping-taxable","13":"purchasable","14":"product-type-simple"},"bundled_by":[],"bundle_stock_status":"instock","bundle_stock_quantity":1,"bundle_virtual":false,"bundle_layout":"","bundle_add_to_cart_form_location":"","bundle_editable_in_cart":false,"bundle_sold_individually_context":"","bundle_item_grouping":"","bundle_min_size":"","bundle_max_size":"","bundle_price":[],"bundled_items":[],"bundle_sell_ids":[],"acf":[],"_links":{"self":[{"href":"https:\/\/hi-techwonder.com\/es\/wp-json\/wp\/v2\/product\/72482","targetHints":{"allow":["GET"]}}],"collection":[{"href":"https:\/\/hi-techwonder.com\/es\/wp-json\/wp\/v2\/product"}],"about":[{"href":"https:\/\/hi-techwonder.com\/es\/wp-json\/wp\/v2\/types\/product"}],"replies":[{"embeddable":true,"href":"https:\/\/hi-techwonder.com\/es\/wp-json\/wp\/v2\/comments?post=72482"}],"wp:featuredmedia":[{"embeddable":true,"href":"https:\/\/hi-techwonder.com\/es\/wp-json\/wp\/v2\/media\/56459"}],"wp:attachment":[{"href":"https:\/\/hi-techwonder.com\/es\/wp-json\/wp\/v2\/media?parent=72482"}],"wp:term":[{"taxonomy":"product_brand","embeddable":true,"href":"https:\/\/hi-techwonder.com\/es\/wp-json\/wp\/v2\/product_brand?post=72482"},{"taxonomy":"product_cat","embeddable":true,"href":"https:\/\/hi-techwonder.com\/es\/wp-json\/wp\/v2\/product_cat?post=72482"},{"taxonomy":"product_tag","embeddable":true,"href":"https:\/\/hi-techwonder.com\/es\/wp-json\/wp\/v2\/product_tag?post=72482"}],"curies":[{"name":"wp","href":"https:\/\/api.w.org\/{rel}","templated":true}]}}