{"id":72492,"date":"2025-07-29T09:57:52","date_gmt":"2025-07-29T09:57:52","guid":{"rendered":"https:\/\/fv6qoy3ls0.wpdns.site\/produto\/flash-godox-speedlite-tt350-s-para-sony\/"},"modified":"2026-04-08T17:35:10","modified_gmt":"2026-04-08T16:35:10","slug":"godox-flash-godox-speedlite-tt350-s-para-sony","status":"publish","type":"product","link":"https:\/\/hi-techwonder.com\/es\/producto\/godox-flash-godox-speedlite-tt350-s-para-sony\/","title":{"rendered":"Flash GODOX Speedlite TT350-S para Sony"},"content":{"rendered":"<p><span style=\"color: #000000\">La <strong>aplicaci\u00f3n TT350S<\/strong> es compatible con las c\u00e1maras Sony y es compatible con el flash autom\u00e1tico TTL. Con este flash TTL compatible, su disparo ser\u00e1 m\u00e1s simple. Puede lograr f\u00e1cilmente una exposici\u00f3n correcta del flash incluso en entornos complejos con luz cambiante.  <\/span><\/p>\n<p> <span style=\"font-size: small\"><strong>ASPECTOS DESTACADOS DEL PRODUCTO<\/strong><\/p>\n<p><\/span><\/p>\n<ul>\n<li> <span style=\"font-size: small\">Sistema de radio inal\u00e1mbrico integrado de 2,4 GHz X<\/span><\/li>\n<li> <span style=\"font-size: small\">Compatible con Sony ADI\/P-TTL<\/span><\/li>\n<li> <span style=\"font-size: small\">N\u00famero de gu\u00eda: 118&#8242; a ISO 100 y 105 mm<\/span><\/li>\n<li> <span style=\"font-size: small\">Rango de zoom: 24-105 mm (14 mm con panel)<\/span><\/li>\n<li> <span style=\"font-size: small\">Inclinaciones de -7 a 90\u00b0<\/span><\/li>\n<li> <span style=\"font-size: small\">Gira 270\u00b0<\/span><\/li>\n<li> <span style=\"font-size: small\">Funcionalidad TTL maestro\/esclavo inal\u00e1mbrico<\/span><\/li>\n<li> <span style=\"font-size: small\">Tiempo de reciclaje: 0.1-2.2 segundos<\/span><\/li>\n<li> <span style=\"font-size: small\">Sincronizaci\u00f3n de alta velocidad, 1\u00aa y 2\u00aa cortina<\/span><\/li>\n<li> <span style=\"font-size: small\">Funciona con dos pilas AA<\/span><\/li>\n<\/ul>\n<p> <span style=\"font-size: small\">&nbsp;<\/span><\/p>\n<p> <span style=\"font-size: small\">Con soporte completo para Sony ADI \/ P-TTL, incluida la sincronizaci\u00f3n de alta velocidad y un sistema de radio de 2.4GHz incorporado, el flash compacto Godox TT350S Mini Thinklite TTL es un excelente compa\u00f1ero diario para su c\u00e1mara. Con un dise\u00f1o liviano y un n\u00famero de gu\u00eda de 118 &#8216;a ISO 100 y 105 mm, el TT350S es \u00fatil tanto para la operaci\u00f3n dentro como fuera de la c\u00e1mara. Los usuarios tambi\u00e9n pueden usarlo como esclavo \u00f3ptico adem\u00e1s de usarlo como unidad maestra \/ esclava TTL de radio. Tambi\u00e9n es vers\u00e1til con la capacidad de inclinarse de -7 a 90\u00b0 y girar 270\u00b0.   <\/p>\n<p>  Varias funciones y caracter\u00edsticas est\u00e1n integradas en la unidad, incluyendo HSS, flash estrobosc\u00f3pico, sincronizaci\u00f3n de la 1\u00aa y 2\u00aa cortina, y m\u00e1s. Tambi\u00e9n es f\u00e1cil de usar con una pantalla LCD trasera y funciona r\u00e1pidamente con un tiempo de reciclaje de 0.1 a 2.2 segundos. Adem\u00e1s, funciona con solo dos pilas AA.  <\/p>\n<p><\/span><\/p>\n<ul>\n<li> <span style=\"font-size: small\">Un sistema de radio X integrado de 2,4 GHz est\u00e1 incorporado en el TT350S para la conducci\u00f3n inal\u00e1mbrica. Capaz de configurarse como maestro o esclavo, este flash lo ayudar\u00e1 a crear una configuraci\u00f3n de iluminaci\u00f3n vers\u00e1til con un rango de 328 &#8216;y soporte para 16 canales y tres grupos. Tambi\u00e9n puede funcionar con un transmisor opcional de la serie X para crear configuraciones m\u00e1s elaboradas.  <\/span><\/li>\n<li> <span style=\"font-size: small\">Al ser compatible con el sistema ADI\/P-TTL de Sony, los usuarios disfrutar\u00e1n de m\u00faltiples configuraciones de flash automatizadas y la capacidad de usar funciones como la sincronizaci\u00f3n de alta velocidad.<\/span><\/li>\n<li> <span style=\"font-size: small\">Con un n\u00famero gu\u00eda de 118&#8242; a ISO 100 y 105 mm, el TT350S iluminar\u00e1 la mayor\u00eda de los sujetos. Tambi\u00e9n tiene un cabezal de zoom con un rango de 24-105 mm y un panel gran angular de 14 mm para usar una variedad de lentes diferentes. <\/span><\/li>\n<li> <span style=\"font-size: small\">Control manual de potencia de 1\/1 a 1\/128 en pasos de 1\/3 EV.<\/span><\/li>\n<li> <span style=\"font-size: small\">El cabezal del flash se puede inclinar de -7 a 90\u00b0 y girar un total de 270\u00b0 para controlar el reflejo y d\u00f3nde incide la luz en la escena.<\/span><\/li>\n<li> <span style=\"font-size: small\">El modo esclavo \u00f3ptico est\u00e1 disponible para trabajar con otros flashes est\u00e1ndar.<\/span><\/li>\n<li> <span style=\"font-size: small\">Hay disponible un puerto de sincronizaci\u00f3n de 3,5 mm para configurar una conexi\u00f3n por cable a una c\u00e1mara o disparador.<\/span><\/li>\n<li> <span style=\"font-size: small\">Este flash funciona con dos pilas alcalinas o NiMH AA que ayudan a entregar alrededor de 210 flashes a plena potencia y tiempos de reciclaje de 0.1 a 2.2 segundos.<\/span><\/li>\n<li> <span style=\"font-size: small\">Conexi\u00f3n USB para la instalaci\u00f3n de futuras actualizaciones de firmware.<\/span><\/li>\n<\/ul>\n<p> <span style=\"font-size: small\">&nbsp;<\/span> <\/p>\n<table style=\"margin: 0px 0px 35px;padding: 0px;border: 0px none;font-style: normal;font-weight: 400;font-size: 12px;line-height: inherit;vertical-align: baseline;border-collapse: separate;border-spacing: 0px;clear: both;width: 643px;color: #595959;letter-spacing: normal;text-align: start;text-indent: 0px;text-transform: none;white-space: normal\" border=\"0\">\n<tbody style=\"margin: 0px;padding: 0px;border: 0px none;font-style: inherit;font-variant: inherit;font-weight: inherit;font-size: inherit;line-height: inherit;vertical-align: baseline\">\n<tr style=\"margin: 0px;padding: 0px;border: 0px none;font-style: inherit;font-variant: inherit;font-weight: inherit;font-size: inherit;line-height: inherit;vertical-align: baseline\">\n<td style=\"margin: 0px;padding: 0px 0px 20px;font-style: inherit;font-variant: inherit;font-weight: inherit;line-height: 22px;vertical-align: baseline;text-align: left;width: 244px;border: medium 0px 1px none none solid currentcolor currentcolor #e6e7e8\"><span style=\"font-size: small\">Ensamblar<\/span> <\/td>\n<td style=\"margin: 0px;padding: 0px 0px 20px 40px;font-style: inherit;font-variant: inherit;font-weight: inherit;line-height: 22px;vertical-align: baseline;text-align: left;border: medium 0px 1px none none solid currentcolor currentcolor #e6e7e8\"> <span style=\"font-size: small\">Zapato<\/span> <\/td>\n<\/tr>\n<tr style=\"margin: 0px;padding: 0px;border: 0px none;font-style: inherit;font-variant: inherit;font-weight: inherit;font-size: inherit;line-height: inherit;vertical-align: baseline\">\n<td style=\"margin: 0px;padding: 20px 0px;font-style: inherit;font-variant: inherit;font-weight: inherit;line-height: 22px;vertical-align: baseline;text-align: left;width: 244px;border: medium 0px 1px none none solid currentcolor currentcolor #e6e7e8\"><span style=\"font-size: small\">Gu\u00eda No.<\/span> <\/td>\n<td style=\"margin: 0px;padding: 20px 0px 20px 40px;font-style: inherit;font-variant: inherit;font-weight: inherit;line-height: 22px;vertical-align: baseline;text-align: left;border: medium 0px 1px none none solid currentcolor currentcolor #e6e7e8\"> <span style=\"font-size: small\">118,11&#8242; \/ 36 m Posici\u00f3n ISO 100 a 105 mm<\/span> <\/td>\n<\/tr>\n<tr style=\"margin: 0px;padding: 0px;border: 0px none;font-style: inherit;font-variant: inherit;font-weight: inherit;font-size: inherit;line-height: inherit;vertical-align: baseline\">\n<td style=\"margin: 0px;padding: 20px 0px;font-style: inherit;font-variant: inherit;font-weight: inherit;line-height: 22px;vertical-align: baseline;text-align: left;width: 244px;border: medium 0px 1px none none solid currentcolor currentcolor #e6e7e8\"><span style=\"font-size: small\">Control de exposici\u00f3n<\/span> <\/td>\n<td style=\"margin: 0px;padding: 20px 0px 20px 40px;font-style: inherit;font-variant: inherit;font-weight: inherit;line-height: 22px;vertical-align: baseline;text-align: left;border: medium 0px 1px none none solid currentcolor currentcolor #e6e7e8\"> <span style=\"font-size: small\">ADI\/P-TTL, Manual<\/span> <\/td>\n<\/tr>\n<tr style=\"margin: 0px;padding: 0px;border: 0px none;font-style: inherit;font-variant: inherit;font-weight: inherit;font-size: inherit;line-height: inherit;vertical-align: baseline\">\n<td style=\"margin: 0px;padding: 20px 0px;font-style: inherit;font-variant: inherit;font-weight: inherit;line-height: 22px;vertical-align: baseline;text-align: left;width: 244px;border: medium 0px 1px none none solid currentcolor currentcolor #e6e7e8\"><span style=\"font-size: small\">Vari-Potencia<\/span> <\/td>\n<td style=\"margin: 0px;padding: 20px 0px 20px 40px;font-style: inherit;font-variant: inherit;font-weight: inherit;line-height: 22px;vertical-align: baseline;text-align: left;border: medium 0px 1px none none solid currentcolor currentcolor #e6e7e8\"> <span style=\"font-size: small\">1\/1 &#8211; 1\/128<\/span> <\/td>\n<\/tr>\n<tr style=\"margin: 0px;padding: 0px;border: 0px none;font-style: inherit;font-variant: inherit;font-weight: inherit;font-size: inherit;line-height: inherit;vertical-align: baseline\">\n<td style=\"margin: 0px;padding: 20px 0px;font-style: inherit;font-variant: inherit;font-weight: inherit;line-height: 22px;vertical-align: baseline;text-align: left;width: 244px;border: medium 0px 1px none none solid currentcolor currentcolor #e6e7e8\"><span style=\"font-size: small\">Cabeza plegada<\/span> <\/td>\n<td style=\"margin: 0px;padding: 20px 0px 20px 40px;font-style: inherit;font-variant: inherit;font-weight: inherit;line-height: 22px;vertical-align: baseline;text-align: left;border: medium 0px 1px none none solid currentcolor currentcolor #e6e7e8\"> <span style=\"font-size: small\">De -7 a 90\u00b0<\/span> <\/td>\n<\/tr>\n<tr style=\"margin: 0px;padding: 0px;border: 0px none;font-style: inherit;font-variant: inherit;font-weight: inherit;font-size: inherit;line-height: inherit;vertical-align: baseline\">\n<td style=\"margin: 0px;padding: 20px 0px;font-style: inherit;font-variant: inherit;font-weight: inherit;line-height: 22px;vertical-align: baseline;text-align: left;width: 244px;border: medium 0px 1px none none solid currentcolor currentcolor #e6e7e8\"><span style=\"font-size: small\">Cabezal giratorio<\/span> <\/td>\n<td style=\"margin: 0px;padding: 20px 0px 20px 40px;font-style: inherit;font-variant: inherit;font-weight: inherit;line-height: 22px;vertical-align: baseline;text-align: left;border: medium 0px 1px none none solid currentcolor currentcolor #e6e7e8\"> <span style=\"font-size: small\">360\u00b0<\/span> <\/td>\n<\/tr>\n<tr style=\"margin: 0px;padding: 0px;border: 0px none;font-style: inherit;font-variant: inherit;font-weight: inherit;font-size: inherit;line-height: inherit;vertical-align: baseline\">\n<td style=\"margin: 0px;padding: 20px 0px;font-style: inherit;font-variant: inherit;font-weight: inherit;line-height: 22px;vertical-align: baseline;text-align: left;width: 244px;border: medium 0px 1px none none solid currentcolor currentcolor #e6e7e8\"><span style=\"font-size: small\">Cubrir<\/span> <\/td>\n<td style=\"margin: 0px;padding: 20px 0px 20px 40px;font-style: inherit;font-variant: inherit;font-weight: inherit;line-height: 22px;vertical-align: baseline;text-align: left;border: medium 0px 1px none none solid currentcolor currentcolor #e6e7e8\"> <span style=\"font-size: small\">14 &#8211; 105 mm (fotograma completo)<\/span> <\/td>\n<\/tr>\n<tr style=\"margin: 0px;padding: 0px;border: 0px none;font-style: inherit;font-variant: inherit;font-weight: inherit;font-size: inherit;line-height: inherit;vertical-align: baseline\">\n<td style=\"margin: 0px;padding: 20px 0px;font-style: inherit;font-variant: inherit;font-weight: inherit;line-height: 22px;vertical-align: baseline;text-align: left;width: 244px;border: medium 0px 1px none none solid currentcolor currentcolor #e6e7e8\"><span style=\"font-size: small\">Cabezal de zoom<\/span> <\/td>\n<td style=\"margin: 0px;padding: 20px 0px 20px 40px;font-style: inherit;font-variant: inherit;font-weight: inherit;line-height: 22px;vertical-align: baseline;text-align: left;border: medium 0px 1px none none solid currentcolor currentcolor #e6e7e8\"> <span style=\"font-size: small\">Fotograma completo: 24 &#8211; 105 mm<\/span> <\/td>\n<\/tr>\n<tr style=\"margin: 0px;padding: 0px;border: 0px none;font-style: inherit;font-variant: inherit;font-weight: inherit;font-size: inherit;line-height: inherit;vertical-align: baseline\">\n<td style=\"margin: 0px;padding: 20px 0px;font-style: inherit;font-variant: inherit;font-weight: inherit;line-height: 22px;vertical-align: baseline;text-align: left;width: 244px;border: medium 0px 1px none none solid currentcolor currentcolor #e6e7e8\"><span style=\"font-size: small\">Terminal fuera de c\u00e1mara<\/span> <\/td>\n<td style=\"margin: 0px;padding: 20px 0px 20px 40px;font-style: inherit;font-variant: inherit;font-weight: inherit;line-height: 22px;vertical-align: baseline;text-align: left;border: medium 0px 1px none none solid currentcolor currentcolor #e6e7e8\"> <span style=\"font-size: small\"><em>Ninguno<\/em><\/span> <\/td>\n<\/tr>\n<tr style=\"margin: 0px;padding: 0px;border: 0px none;font-style: inherit;font-variant: inherit;font-weight: inherit;font-size: inherit;line-height: inherit;vertical-align: baseline\">\n<td style=\"margin: 0px;padding: 20px 0px;font-style: inherit;font-variant: inherit;font-weight: inherit;line-height: 22px;vertical-align: baseline;text-align: left;width: 244px;border: medium 0px 1px none none solid currentcolor currentcolor #e6e7e8\"><span style=\"font-size: small\">Tiempo de reciclaje<\/span> <\/td>\n<td style=\"margin: 0px;padding: 20px 0px 20px 40px;font-style: inherit;font-variant: inherit;font-weight: inherit;line-height: 22px;vertical-align: baseline;text-align: left;border: medium 0px 1px none none solid currentcolor currentcolor #e6e7e8\"> <span style=\"font-size: small\">Aproximadamente 0,1 &#8211; 2,2 segundos<\/span> <\/td>\n<\/tr>\n<tr style=\"margin: 0px;padding: 0px;border: 0px none;font-style: inherit;font-variant: inherit;font-weight: inherit;font-size: inherit;line-height: inherit;vertical-align: baseline\">\n<td style=\"margin: 0px;padding: 20px 0px;font-style: inherit;font-variant: inherit;font-weight: inherit;line-height: 22px;vertical-align: baseline;text-align: left;width: 244px;border: medium 0px 1px none none solid currentcolor currentcolor #e6e7e8\"><span style=\"font-size: small\">Duraci\u00f3n del flash<\/span> <\/td>\n<td style=\"margin: 0px;padding: 20px 0px 20px 40px;font-style: inherit;font-variant: inherit;font-weight: inherit;line-height: 22px;vertical-align: baseline;text-align: left;border: medium 0px 1px none none solid currentcolor currentcolor #e6e7e8\"> <span style=\"font-size: small\">1\/350 &#8211; 1\/20000 seg.<\/span> <\/td>\n<\/tr>\n<tr style=\"margin: 0px;padding: 0px;border: 0px none;font-style: inherit;font-variant: inherit;font-weight: inherit;font-size: inherit;line-height: inherit;vertical-align: baseline\">\n<td style=\"margin: 0px;padding: 20px 0px;font-style: inherit;font-variant: inherit;font-weight: inherit;line-height: 22px;vertical-align: baseline;text-align: left;width: 244px;border: medium 0px 1px none none solid currentcolor currentcolor #e6e7e8\"><span style=\"font-size: small\">Indicador de flash listo<\/span> <\/td>\n<td style=\"margin: 0px;padding: 20px 0px 20px 40px;font-style: inherit;font-variant: inherit;font-weight: inherit;line-height: 22px;vertical-align: baseline;text-align: left;border: medium 0px 1px none none solid currentcolor currentcolor #e6e7e8\"> <span style=\"font-size: small\">S\u00ed<\/span> <\/td>\n<\/tr>\n<tr style=\"margin: 0px;padding: 0px;border: 0px none;font-style: inherit;font-variant: inherit;font-weight: inherit;font-size: inherit;line-height: inherit;vertical-align: baseline\">\n<td style=\"margin: 0px;padding: 20px 0px;font-style: inherit;font-variant: inherit;font-weight: inherit;line-height: 22px;vertical-align: baseline;text-align: left;width: 244px;border: medium 0px 1px none none solid currentcolor currentcolor #e6e7e8\"><span style=\"font-size: small\">Compensaci\u00f3n<\/span> <\/td>\n<td style=\"margin: 0px;padding: 20px 0px 20px 40px;font-style: inherit;font-variant: inherit;font-weight: inherit;line-height: 22px;vertical-align: baseline;text-align: left;border: medium 0px 1px none none solid currentcolor currentcolor #e6e7e8\"> <span style=\"font-size: small\">De -3 EV a +3 EV (en pasos de 1\/3 EV)<\/span> <\/td>\n<\/tr>\n<tr style=\"margin: 0px;padding: 0px;border: 0px none;font-style: inherit;font-variant: inherit;font-weight: inherit;font-size: inherit;line-height: inherit;vertical-align: baseline\">\n<td style=\"margin: 0px;padding: 20px 0px;font-style: inherit;font-variant: inherit;font-weight: inherit;line-height: 22px;vertical-align: baseline;text-align: left;width: 244px;border: medium 0px 1px none none solid currentcolor currentcolor #e6e7e8\"> <span style=\"font-size: small\">Modos<\/span> <\/td>\n<td style=\"margin: 0px;padding: 20px 0px 20px 40px;font-style: inherit;font-variant: inherit;font-weight: inherit;line-height: 22px;vertical-align: baseline;text-align: left;border: medium 0px 1px none none solid currentcolor currentcolor #e6e7e8\">de temporizaci\u00f3n esclava <span style=\"font-size: small\">Sincronizaci\u00f3n instant\u00e1nea<br \/> Omitir pre-flash<\/span> <\/td>\n<\/tr>\n<tr style=\"margin: 0px;padding: 0px;border: 0px none;font-style: inherit;font-variant: inherit;font-weight: inherit;font-size: inherit;line-height: inherit;vertical-align: baseline\">\n<td style=\"margin: 0px;padding: 20px 0px;font-style: inherit;font-variant: inherit;font-weight: inherit;line-height: 22px;vertical-align: baseline;text-align: left;width: 244px;border: medium 0px 1px none none solid currentcolor currentcolor #e6e7e8\"> <span style=\"font-size: small\">Funcionamiento<\/span> <\/td>\n<td style=\"margin: 0px;padding: 20px 0px 20px 40px;font-style: inherit;font-variant: inherit;font-weight: inherit;line-height: 22px;vertical-align: baseline;text-align: left;border: medium 0px 1px none none solid currentcolor currentcolor #e6e7e8\">inal\u00e1mbrico <span style=\"font-size: small\">M\u00e9todo: RF<br \/> Distancia: Hasta 98.43&#8242;; \/ 30 m<br \/> M\u00e9todo: Pulso \u00f3ptico<br \/> Distancia: Hasta 49.21&#8242;; \/ 15m<br \/> Modo: Maestro, Esclavo<\/span> <\/td>\n<\/tr>\n<tr style=\"margin: 0px;padding: 0px;border: 0px none;font-style: inherit;font-variant: inherit;font-weight: inherit;font-size: inherit;line-height: inherit;vertical-align: baseline\">\n<td style=\"margin: 0px;padding: 20px 0px;font-style: inherit;font-variant: inherit;font-weight: inherit;line-height: 22px;vertical-align: baseline;text-align: left;width: 244px;border: medium 0px 1px none none solid currentcolor currentcolor #e6e7e8\"><span style=\"font-size: small\">Canales de comunicaci\u00f3n inal\u00e1mbricos<\/span> <\/td>\n<td style=\"margin: 0px;padding: 20px 0px 20px 40px;font-style: inherit;font-variant: inherit;font-weight: inherit;line-height: 22px;vertical-align: baseline;text-align: left;border: medium 0px 1px none none solid currentcolor currentcolor #e6e7e8\"> <span style=\"font-size: small\">16 canales<\/span> <\/td>\n<\/tr>\n<tr style=\"margin: 0px;padding: 0px;border: 0px none;font-style: inherit;font-variant: inherit;font-weight: inherit;font-size: inherit;line-height: inherit;vertical-align: baseline\">\n<td style=\"margin: 0px;padding: 20px 0px;font-style: inherit;font-variant: inherit;font-weight: inherit;line-height: 22px;vertical-align: baseline;text-align: left;width: 244px;border: medium 0px 1px none none solid currentcolor currentcolor #e6e7e8\"><span style=\"font-size: small\">Grupos inal\u00e1mbricos<\/span> <\/td>\n<td style=\"margin: 0px;padding: 20px 0px 20px 40px;font-style: inherit;font-variant: inherit;font-weight: inherit;line-height: 22px;vertical-align: baseline;text-align: left;border: medium 0px 1px none none solid currentcolor currentcolor #e6e7e8\"> <span style=\"font-size: small\">3 Grupos<\/span> <\/td>\n<\/tr>\n<tr style=\"margin: 0px;padding: 0px;border: 0px none;font-style: inherit;font-variant: inherit;font-weight: inherit;font-size: inherit;line-height: inherit;vertical-align: baseline\">\n<td style=\"margin: 0px;padding: 20px 0px;font-style: inherit;font-variant: inherit;font-weight: inherit;line-height: 22px;vertical-align: baseline;text-align: left;width: 244px;border: medium 0px 1px none none solid currentcolor currentcolor #e6e7e8\"><span style=\"font-size: small\">Fuente de alimentaci\u00f3n<\/span> <\/td>\n<td style=\"margin: 0px;padding: 20px 0px 20px 40px;font-style: inherit;font-variant: inherit;font-weight: inherit;line-height: 22px;vertical-align: baseline;text-align: left;border: medium 0px 1px none none solid currentcolor currentcolor #e6e7e8\"> <span style=\"font-size: small\">2 pilas alcalinas AA recargables de NiMH<\/span> <\/td>\n<\/tr>\n<tr style=\"margin: 0px;padding: 0px;border: 0px none;font-style: inherit;font-variant: inherit;font-weight: inherit;font-size: inherit;line-height: inherit;vertical-align: baseline\">\n<td style=\"margin: 0px;padding: 20px 0px;font-style: inherit;font-variant: inherit;font-weight: inherit;line-height: 22px;vertical-align: baseline;text-align: left;width: 244px;border: medium 0px 1px none none solid currentcolor currentcolor #e6e7e8\"><span style=\"font-size: small\">Dimensiones (ancho x alto x profundidad)<\/span> <\/td>\n<td style=\"margin: 0px;padding: 20px 0px 20px 40px;font-style: inherit;font-variant: inherit;font-weight: inherit;line-height: 22px;vertical-align: baseline;text-align: left;border: medium 0px 1px none none solid currentcolor currentcolor #e6e7e8\"> <span style=\"font-size: small\">5,5 x 2,4 x 1,5&#8243; \/ 140,0 x 62,0 x 38,0 mm<\/span> <\/td>\n<\/tr>\n<tr style=\"margin: 0px;padding: 0px;border: 0px none;font-style: inherit;font-variant: inherit;font-weight: inherit;font-size: inherit;line-height: inherit;vertical-align: baseline\">\n<td style=\"margin: 0px;padding: 20px 0px;font-style: inherit;font-variant: inherit;font-weight: inherit;line-height: 22px;vertical-align: baseline;text-align: left;width: 244px;border: medium 0px 1px none none solid currentcolor currentcolor #e6e7e8\"> <span style=\"font-size: small\">Peso<\/span> <\/td>\n<td style=\"margin: 0px;padding: 20px 0px 20px 40px;font-style: inherit;font-variant: inherit;font-weight: inherit;line-height: 22px;vertical-align: baseline;text-align: left;border: medium 0px 1px none none solid currentcolor currentcolor #e6e7e8\"> <span style=\"font-size: small\">7.05 oz \/ 200 g <em>sin bater\u00edas<\/em><\/span><\/td>\n<\/tr>\n<\/tbody>\n<\/table>\n<p> <span style=\"font-size: small\">&nbsp;<\/span><\/p>\n","protected":false},"excerpt":{"rendered":"<p>La aplicaci\u00f3n TT350S es compatible con las c\u00e1maras Sony y es compatible con el flash autom\u00e1tico TTL. Con este flash<\/p>\n","protected":false},"featured_media":56519,"comment_status":"closed","ping_status":"closed","template":"","meta":{"_acf_changed":false},"product_brand":[2555],"product_cat":[1024],"product_tag":[],"class_list":{"0":"post-72492","1":"product","2":"type-product","3":"status-publish","4":"has-post-thumbnail","6":"product_brand-godox-es","7":"product_cat-ttl-es","9":"first","10":"pre-order","11":"taxable","12":"shipping-taxable","13":"purchasable","14":"product-type-simple"},"bundled_by":[],"bundle_stock_status":"pre-order","bundle_stock_quantity":null,"bundle_virtual":false,"bundle_layout":"","bundle_add_to_cart_form_location":"","bundle_editable_in_cart":false,"bundle_sold_individually_context":"","bundle_item_grouping":"","bundle_min_size":"","bundle_max_size":"","bundle_price":[],"bundled_items":[],"bundle_sell_ids":[],"acf":[],"_links":{"self":[{"href":"https:\/\/hi-techwonder.com\/es\/wp-json\/wp\/v2\/product\/72492","targetHints":{"allow":["GET"]}}],"collection":[{"href":"https:\/\/hi-techwonder.com\/es\/wp-json\/wp\/v2\/product"}],"about":[{"href":"https:\/\/hi-techwonder.com\/es\/wp-json\/wp\/v2\/types\/product"}],"replies":[{"embeddable":true,"href":"https:\/\/hi-techwonder.com\/es\/wp-json\/wp\/v2\/comments?post=72492"}],"wp:featuredmedia":[{"embeddable":true,"href":"https:\/\/hi-techwonder.com\/es\/wp-json\/wp\/v2\/media\/56519"}],"wp:attachment":[{"href":"https:\/\/hi-techwonder.com\/es\/wp-json\/wp\/v2\/media?parent=72492"}],"wp:term":[{"taxonomy":"product_brand","embeddable":true,"href":"https:\/\/hi-techwonder.com\/es\/wp-json\/wp\/v2\/product_brand?post=72492"},{"taxonomy":"product_cat","embeddable":true,"href":"https:\/\/hi-techwonder.com\/es\/wp-json\/wp\/v2\/product_cat?post=72492"},{"taxonomy":"product_tag","embeddable":true,"href":"https:\/\/hi-techwonder.com\/es\/wp-json\/wp\/v2\/product_tag?post=72492"}],"curies":[{"name":"wp","href":"https:\/\/api.w.org\/{rel}","templated":true}]}}