{"id":72493,"date":"2025-07-29T09:58:27","date_gmt":"2025-07-29T09:58:27","guid":{"rendered":"https:\/\/fv6qoy3ls0.wpdns.site\/produto\/godox-flash-speedlite-v1-para-fujifilm\/"},"modified":"2025-11-03T12:20:09","modified_gmt":"2025-11-03T12:20:09","slug":"godox-flash-speedlite-v1-para-fujifilm","status":"publish","type":"product","link":"https:\/\/hi-techwonder.com\/es\/producto\/godox-flash-speedlite-v1-para-fujifilm\/","title":{"rendered":"GODOX Flash Speedlite V1 para Fujifilm"},"content":{"rendered":"<p><iframe loading=\"lazy\" style=\"width: 100%; min-height: 500px;\" src=\"\/\/www.youtube.com\/embed\/5yTmoICDM0k\" width=\"100%\" height=\"auto\" allowfullscreen=\"allowfullscreen\"><\/iframe><\/p>\n<p>El flash Godox <strong>V1F<\/strong> cuenta con una cabeza redonda y ofrece un perfil de iluminaci\u00f3n natural y m\u00e1s uniforme. Tiene un soporte de zapata r\u00e1pido, inclinaci\u00f3n de 120 grados hacia arriba y un dise\u00f1o inteligente. <\/p>\n<p><iframe loading=\"lazy\" style=\"min-height: 500px; width: 100%; height: auto;\" src=\"\/\/www.youtube.com\/embed\/T5eVVRs4QYE?feature=emb_title\" width=\"560\" height=\"314\" allowfullscreen=\"allowfullscreen\"><\/iframe><\/p>\n<p><strong>Bater\u00eda de litio:<\/strong> Este flash ofrece 480 disparos con una carga completa y un tiempo m\u00e1ximo de reciclaje de 1,5 segundos a plena potencia, gracias a su bater\u00eda de litio de alta capacidad.<\/p>\n<p><strong>Accesorios de acoplamiento r\u00e1pido:<\/strong> El V1F es compatible con el kit de accesorios de cabeza redonda. Los accesorios magn\u00e9ticos simples en este kit brindan una flexibilidad inigualable. <\/p>\n<p><strong>Serie X inal\u00e1mbrica:<\/strong> El receptor de radio incorporado de 2.4Ghz ofrece control total de potencia y disparo sin la necesidad de un receptor conectado. El transmisor XT Pro opcional es todo lo que necesita para obtener un control completo de la c\u00e1mara sobre todas las unidades de flash V1F. <\/p>\n<p><strong>Energ\u00eda:<\/strong> Con 76W de protuberancia, este flash es compatible con los flashes speedlite m\u00e1s potentes del mercado.<\/p>\n<p><strong>E-TTL:<\/strong> La compatibilidad total con E-TTL permite que la c\u00e1mara configure autom\u00e1ticamente la potencia del flash y el zoom.<\/p>\n<p><strong>HSS:<\/strong> HSS (High Speed Sync) permite velocidades de obturaci\u00f3n de hasta 1\/8000. Es perfecto para la acci\u00f3n de congelaci\u00f3n y ofrece un control total de la luz ambiental, incluso bajo el sol del mediod\u00eda. <\/p>\n<p><strong>Excelentes efectos de iluminaci\u00f3n:<\/strong> Este flash ofrece iluminaci\u00f3n desde el centro hasta los bordes, con un efecto natural, suave y hermoso.<\/p>\n<p><strong>L\u00e1mpara de modelado LED incorporada:<\/strong> La l\u00e1mpara de estilo LED incorporada es ajustable entre los pasos 01 y 10.<\/p>\n<p><strong>Especificaciones t\u00e9cnicas:<\/strong><\/p>\n<table border=\"1\" width=\"100%\" cellspacing=\"0\" cellpadding=\"4\">\n<colgroup>\n<col width=\"128*\">\n<col width=\"128*\"> <\/colgroup>\n<tbody>\n<tr valign=\"TOP\">\n<td width=\"50%\">\n<p>Potencia (salida 1\/1)<\/p>\n<\/td>\n<td width=\"50%\">\n<p>76W<\/p>\n<\/td>\n<\/tr>\n<tr valign=\"TOP\">\n<td width=\"50%\">\n<p>Cobertura flash<\/p>\n<\/td>\n<td width=\"50%\">\n<p>28 a 105 mm; Zoom autom\u00e1tico (cobertura del flash configurada autom\u00e1ticamente para que coincida con la distancia focal de la lente y el tama\u00f1o de la imagen); Zoom manual; Movimiento del cabezal del flash de 0 a 330\u00b0 horizontalmente y de -7\u00b0 a 120\u00b0 verticalmente<\/p>\n<\/td>\n<\/tr>\n<tr valign=\"TOP\">\n<td width=\"50%\">\n<p>Duraci\u00f3n del flash<\/p>\n<\/td>\n<td width=\"50%\">\n<p>1\/300 a 1\/20000 segundos<\/p>\n<\/td>\n<\/tr>\n<tr valign=\"TOP\">\n<td width=\"50%\">\n<p>Sistema de control de exposici\u00f3n<\/p>\n<\/td>\n<td width=\"50%\">\n<p>Flash autom\u00e1tico E-TTL II y flash manual<\/p>\n<\/td>\n<\/tr>\n<tr valign=\"TOP\">\n<td width=\"50%\">\n<p>Compensaci\u00f3n de la exposici\u00f3n con flash<\/p>\n<\/td>\n<td width=\"50%\">\n<p>Manual: FEB: \u00b13 paradas en pasos de 1\/3<\/p>\n<\/td>\n<\/tr>\n<tr valign=\"TOP\">\n<td width=\"50%\">\n<p>Bloqueo FE<\/p>\n<\/td>\n<td width=\"50%\">\n<p>A trav\u00e9s del bot\u00f3n o el bot\u00f3n &lt; *&gt;<\/p>\n<\/td>\n<\/tr>\n<tr valign=\"TOP\">\n<td width=\"50%\">\n<p>Modo de sincronizaci\u00f3n<\/p>\n<\/td>\n<td width=\"50%\">\n<p>Sincronizaci\u00f3n de alta velocidad (hasta 1\/8000 s), sincronizaci\u00f3n a la primera cortinilla y sincronizaci\u00f3n a la segunda cortinilla<\/p>\n<\/td>\n<\/tr>\n<tr valign=\"TOP\">\n<td width=\"50%\">\n<p>Flash m\u00faltiple<\/p>\n<\/td>\n<td width=\"50%\">\n<p>Suministrado (hasta 100 veces, 199 Hz)<\/p>\n<\/td>\n<\/tr>\n<tr valign=\"TOP\">\n<td width=\"50%\">\n<p>Funci\u00f3n de flash inal\u00e1mbrico<\/p>\n<\/td>\n<td width=\"50%\">\n<p>Amo, Esclavo, Apagado<\/p>\n<\/td>\n<\/tr>\n<tr valign=\"TOP\">\n<td width=\"50%\">\n<p>Grupos controlables<\/p>\n<\/td>\n<td width=\"50%\">\n<p>  4 (A, B, C y D)<\/p>\n<\/td>\n<\/tr>\n<tr valign=\"TOP\">\n<td width=\"50%\">\n<p>Rango de transmisi\u00f3n (aprox.)<\/p>\n<\/td>\n<td width=\"50%\">\n<p>  100 metros<\/p>\n<\/td>\n<\/tr>\n<tr valign=\"TOP\">\n<td width=\"50%\">\n<p>Canales<\/p>\n<\/td>\n<td width=\"50%\">\n<p>32 (1-32)<\/p>\n<\/td>\n<\/tr>\n<tr valign=\"TOP\">\n<td width=\"50%\">\n<p>IDENTIFICACI\u00d3N<\/p>\n<\/td>\n<td width=\"50%\">\n<p>01-01-99<\/p>\n<\/td>\n<\/tr>\n<tr valign=\"TOP\">\n<td width=\"50%\">\n<p>Flash de modelado<\/p>\n<\/td>\n<td width=\"50%\">\n<p>Disparado con el bot\u00f3n de vista previa de profundidad de campo de la c\u00e1mara<\/p>\n<\/td>\n<\/tr>\n<tr valign=\"TOP\">\n<td width=\"50%\">\n<p>Alcance efectivo (aprox.)<\/p>\n<\/td>\n<td width=\"50%\">\n<p>Centro: 0,6-10 m; Periferia: 0,6-5 m<\/p>\n<\/td>\n<\/tr>\n<tr valign=\"TOP\">\n<td width=\"50%\">\n<p>Energ\u00eda<\/p>\n<\/td>\n<td width=\"50%\">\n<p>2W<\/p>\n<\/td>\n<\/tr>\n<tr valign=\"TOP\">\n<td width=\"50%\">\n<p>Temperatura de color<\/p>\n<\/td>\n<td width=\"50%\">\n<p>3300K \u00b1 200K<\/p>\n<\/td>\n<\/tr>\n<tr valign=\"TOP\">\n<td width=\"50%\">\n<p>Fuente de alimentaci\u00f3n<\/p>\n<\/td>\n<td width=\"50%\">\n<p>Bater\u00eda de litio de 7,2 V, 2600 mAh<\/p>\n<\/td>\n<\/tr>\n<tr valign=\"TOP\">\n<td width=\"50%\">\n<p>Tiempo de reciclaje<\/p>\n<\/td>\n<td width=\"50%\">\n<p>&lt;1,5 segundos<\/p>\n<\/td>\n<\/tr>\n<tr valign=\"TOP\">\n<td width=\"50%\">\n<p>Disparos con carga completa<\/p>\n<\/td>\n<td width=\"50%\">\n<p>Aprox. 480<\/p>\n<\/td>\n<\/tr>\n<tr valign=\"TOP\">\n<td width=\"50%\">\n<p>Ahorro de energ\u00eda<\/p>\n<\/td>\n<td width=\"50%\">\n<p>Tiene una funci\u00f3n de apagado autom\u00e1tico despu\u00e9s de aprox. 90 segundos de funcionamiento en ralent\u00ed <\/p>\n<\/td>\n<\/tr>\n<tr valign=\"TOP\">\n<td width=\"50%\">\n<p>Modo de disparo sincronizado<\/p>\n<\/td>\n<td width=\"50%\">\n<p>Zapata, l\u00ednea de distribuci\u00f3n de 2,5 mm<\/p>\n<\/td>\n<\/tr>\n<tr valign=\"TOP\">\n<td width=\"50%\">\n<p>Temperatura de color<\/p>\n<\/td>\n<td width=\"50%\">\n<p>5600 \u00b1 200k<\/p>\n<\/td>\n<\/tr>\n<tr valign=\"TOP\">\n<td width=\"50%\">\n<p>Dimensiones (ancho x alto x profundidad)<\/p>\n<\/td>\n<td width=\"50%\">\n<p>76 x 93 x 197 mm<\/p>\n<\/td>\n<\/tr>\n<tr valign=\"TOP\">\n<td width=\"50%\">\n<p>Peso sin bater\u00eda<\/p>\n<\/td>\n<td width=\"50%\">\n<p>420g<\/p>\n<\/td>\n<\/tr>\n<tr valign=\"TOP\">\n<td width=\"50%\">\n<p>Peso con bater\u00eda<\/p>\n<\/td>\n<td width=\"50%\">\n<p>530 gramos<\/p>\n<\/td>\n<\/tr>\n<\/tbody>\n<\/table>\n<p><strong>Contenido del paquete:  <\/strong><\/p>\n<ul>\n<li>1x Flash V1<\/li>\n<li>1x Zapata caliente<\/li>\n<li>1x Bolsa protectora<\/li>\n<li>1x Bater\u00eda<\/li>\n<li>1x Cargador<\/li>\n<\/ul>\n","protected":false},"excerpt":{"rendered":"<p>El flash Godox V1F cuenta con una cabeza redonda y ofrece un perfil de iluminaci\u00f3n natural y m\u00e1s uniforme. Tiene<\/p>\n","protected":false},"featured_media":56613,"comment_status":"closed","ping_status":"closed","template":"","meta":{"_acf_changed":false},"product_brand":[2555],"product_cat":[1024],"product_tag":[],"class_list":{"0":"post-72493","1":"product","2":"type-product","3":"status-publish","4":"has-post-thumbnail","6":"product_brand-godox-es","7":"product_cat-ttl-es","9":"first","10":"instock","11":"taxable","12":"shipping-taxable","13":"purchasable","14":"product-type-simple"},"bundled_by":[],"bundle_stock_status":"instock","bundle_stock_quantity":1,"bundle_virtual":false,"bundle_layout":"","bundle_add_to_cart_form_location":"","bundle_editable_in_cart":false,"bundle_sold_individually_context":"","bundle_item_grouping":"","bundle_min_size":"","bundle_max_size":"","bundle_price":[],"bundled_items":[],"bundle_sell_ids":[],"acf":[],"_links":{"self":[{"href":"https:\/\/hi-techwonder.com\/es\/wp-json\/wp\/v2\/product\/72493","targetHints":{"allow":["GET"]}}],"collection":[{"href":"https:\/\/hi-techwonder.com\/es\/wp-json\/wp\/v2\/product"}],"about":[{"href":"https:\/\/hi-techwonder.com\/es\/wp-json\/wp\/v2\/types\/product"}],"replies":[{"embeddable":true,"href":"https:\/\/hi-techwonder.com\/es\/wp-json\/wp\/v2\/comments?post=72493"}],"wp:featuredmedia":[{"embeddable":true,"href":"https:\/\/hi-techwonder.com\/es\/wp-json\/wp\/v2\/media\/56613"}],"wp:attachment":[{"href":"https:\/\/hi-techwonder.com\/es\/wp-json\/wp\/v2\/media?parent=72493"}],"wp:term":[{"taxonomy":"product_brand","embeddable":true,"href":"https:\/\/hi-techwonder.com\/es\/wp-json\/wp\/v2\/product_brand?post=72493"},{"taxonomy":"product_cat","embeddable":true,"href":"https:\/\/hi-techwonder.com\/es\/wp-json\/wp\/v2\/product_cat?post=72493"},{"taxonomy":"product_tag","embeddable":true,"href":"https:\/\/hi-techwonder.com\/es\/wp-json\/wp\/v2\/product_tag?post=72493"}],"curies":[{"name":"wp","href":"https:\/\/api.w.org\/{rel}","templated":true}]}}