{"id":72494,"date":"2025-07-29T09:57:52","date_gmt":"2025-07-29T09:57:52","guid":{"rendered":"https:\/\/fv6qoy3ls0.wpdns.site\/produto\/flash-godox-speedlite-tt350-o-para-micro-4-3\/"},"modified":"2026-03-09T17:48:35","modified_gmt":"2026-03-09T17:48:35","slug":"godox-flash-godox-speedlite-tt350-o-para-micro-4-3","status":"publish","type":"product","link":"https:\/\/hi-techwonder.com\/es\/producto\/godox-flash-godox-speedlite-tt350-o-para-micro-4-3\/","title":{"rendered":"Flash GODOX Speedlite TT350-O para Micro 4\/3"},"content":{"rendered":"<p><strong>Flash GODOX Speedlite TT350-O para Micro 4\/3 (Olympus\/Panasonic)<br \/><\/strong><\/p>\n<p><span style=\"color: #000000\">La aplicaci\u00f3n <strong>TT350<\/strong> es compatible con c\u00e1maras Micro 4\/3 y es con flash autom\u00e1tico TTL. Con este flash TTL compatible, su disparo ser\u00e1 m\u00e1s simple. Puede lograr f\u00e1cilmente una exposici\u00f3n correcta del flash incluso en entornos complejos con luz cambiante.  <\/span><\/p>\n<p><span style=\"color: #000000\"><strong>ASPECTOS DESTACADOS DEL PRODUCTO<\/strong><br \/><\/span><\/p>\n<p><span style=\"color: #000000\"> <\/span><\/p>\n<ul>\n<li><span style=\"color: #000000\">Sistema de radio inal\u00e1mbrico integrado de 2,4 GHz X<\/span><\/li>\n<li><span style=\"color: #000000\">Compatible con TTL Olympus\/Panasonic<\/span><\/li>\n<li><span style=\"color: #000000\">N\u00famero de gu\u00eda: 118&#8242; a ISO 100 y 105 mm<\/span><\/li>\n<li><span style=\"color: #000000\">Rango de zoom: 24-105 mm (14 mm con panel)<\/span><\/li>\n<li><span style=\"color: #000000\">Inclinaciones de -7 a 90\u00b0<\/span><\/li>\n<li><span style=\"color: #000000\">Gira 270\u00b0<\/span><\/li>\n<li><span style=\"color: #000000\">Funcionalidad TTL maestro\/esclavo inal\u00e1mbrico<\/span><\/li>\n<li><span style=\"color: #000000\">Tiempo de reciclaje: 0.1-2.2 segundos<\/span><\/li>\n<li><span style=\"color: #000000\">Sincronizaci\u00f3n de alta velocidad, 1\u00aa y 2\u00aa cortina<\/span><\/li>\n<li><span style=\"color: #000000\">Funciona con dos pilas AA<\/span><\/li>\n<\/ul>\n<div><span style=\"color: #000000\">&nbsp;<\/span><\/div>\n<div><span style=\"color: #000000\">Con soporte completo para Olympus \/ Panasonic TTL, incluida la sincronizaci\u00f3n de alta velocidad y un sistema de radio de 2.4GHz incorporado, el flash compacto Godox TT350O Mini Thinklite TTL es un excelente compa\u00f1ero diario para su c\u00e1mara. Con un dise\u00f1o liviano y un n\u00famero de gu\u00eda de 118 &#8216;a ISO 100 y 105 mm, el TT350O es \u00fatil tanto para la operaci\u00f3n dentro como fuera de la c\u00e1mara. Los usuarios tambi\u00e9n pueden usarlo como esclavo \u00f3ptico adem\u00e1s de usarlo como unidad maestra \/ esclava TTL de radio. Tambi\u00e9n es vers\u00e1til con la capacidad de inclinarse de -7 a 90\u00b0 y girar 270\u00b0.   <\/p>\n<p>Varias funciones y caracter\u00edsticas est\u00e1n integradas en la unidad, incluyendo HSS, flash estrobosc\u00f3pico, sincronizaci\u00f3n de la 1\u00aa y 2\u00aa cortina, y m\u00e1s. Tambi\u00e9n es f\u00e1cil de usar con una pantalla LCD trasera y funciona r\u00e1pidamente con un tiempo de reciclaje de 0.1 a 2.2 segundos. Adem\u00e1s, funciona con solo dos pilas AA.  <\/span><\/div>\n<div><span style=\"color: #000000\"><br \/><\/span><\/p>\n<ul>\n<li><span style=\"color: #000000\">Un sistema de radio X integrado de 2,4 GHz est\u00e1 integrado en el TT350O para disparo inal\u00e1mbrico. Capaz de configurarse como maestro o esclavo, este flash lo ayudar\u00e1 a crear una configuraci\u00f3n de iluminaci\u00f3n vers\u00e1til con un rango de 328 &#8216;y soporte para 16 canales y tres grupos. Tambi\u00e9n puede funcionar con un transmisor opcional de la serie X para crear configuraciones m\u00e1s elaboradas.  <\/span><\/li>\n<li><span style=\"color: #000000\">Al ser compatible con el sistema TTL de Olympus\/Panasonic, los usuarios disfrutar\u00e1n de m\u00faltiples configuraciones de flash automatizadas y la capacidad de usar funciones como la sincronizaci\u00f3n de alta velocidad.<\/span><\/li>\n<li><span style=\"color: #000000\">Con un n\u00famero gu\u00eda de 118&#8242; a ISO 100 y 105 mm, el TT350O iluminar\u00e1 la mayor\u00eda de los sujetos. Tambi\u00e9n tiene un cabezal de zoom con un rango de 24-105 mm y un panel gran angular de 14 mm para usar una variedad de lentes diferentes. <\/span><\/li>\n<li><span style=\"color: #000000\">Control manual de potencia de 1\/1 a 1\/128 en pasos de 1\/3 EV.<\/span><\/li>\n<li><span style=\"color: #000000\">El cabezal del flash se puede inclinar de -7 a 90\u00b0 y girar un total de 270\u00b0 para controlar el reflejo y d\u00f3nde incide la luz en la escena.<\/span><\/li>\n<li><span style=\"color: #000000\">El modo esclavo \u00f3ptico est\u00e1 disponible para trabajar con otros flashes est\u00e1ndar.<\/span><\/li>\n<li><span style=\"color: #000000\">Hay disponible un puerto de sincronizaci\u00f3n de 3,5 mm para configurar una conexi\u00f3n por cable a una c\u00e1mara o disparador.<\/span><\/li>\n<li><span style=\"color: #000000\">Este flash funciona con dos pilas alcalinas o NiMH AA que ayudan a entregar alrededor de 210 flashes a plena potencia y tiempos de reciclaje de 0.1 a 2.2 segundos.<\/span><\/li>\n<li><span style=\"color: #000000\">Conexi\u00f3n USB para la instalaci\u00f3n de futuras actualizaciones de firmware.<\/span><\/li>\n<\/ul>\n<\/div>\n<div><span style=\"color: #000000\">&nbsp;<\/span><\/div>\n<div>\n<p style=\"margin-bottom: 0cm\"><span style=\"color: #000000\">&nbsp;<\/span><\/p>\n<p><span style=\"color: #000000\"> <\/span><\/p>\n<table style=\"width: 643px\" border=\"0\" cellspacing=\"0\" cellpadding=\"2\">\n<colgroup>\n<col width=\"275\"><\/colgroup>\n<colgroup>\n<col width=\"360\"><\/colgroup>\n<tbody>\n<tr>\n<td width=\"275\">\n<p style=\"border-top: none;border-bottom: 1px solid #e6e7e8;border-left: none;border-right: none;padding: 0cm 0cm 0.53cm 0cm\"><span style=\"color: #000000\">Ensamblar<\/span><\/p>\n<\/td>\n<td width=\"360\">\n<p style=\"border-top: none;border-bottom: 1px solid #e6e7e8;border-left: none;border-right: none;padding: 0cm 0cm 0.53cm 0cm\"><span style=\"color: #000000\">Zapato<\/span><\/p>\n<\/td>\n<\/tr>\n<tr>\n<td width=\"275\">\n<p style=\"border-top: none;border-bottom: 1px solid #e6e7e8;border-left: none;border-right: none;padding: 0cm 0cm 0.53cm 0cm\"><span style=\"color: #000000\">Gu\u00eda No.<\/span><\/p>\n<\/td>\n<td width=\"360\">\n<p style=\"border-top: none;border-bottom: 1px solid #e6e7e8;border-left: none;border-right: none;padding: 0cm 0cm 0.53cm 0cm\"><span style=\"color: #000000\">118,11&#8242; \/ 36 m Posici\u00f3n ISO 100 a 105 mm<\/span><\/p>\n<\/td>\n<\/tr>\n<tr>\n<td width=\"275\">\n<p style=\"border-top: none;border-bottom: 1px solid #e6e7e8;border-left: none;border-right: none;padding: 0cm 0cm 0.53cm 0cm\"><span style=\"color: #000000\">Control de exposici\u00f3n<\/span><\/p>\n<\/td>\n<td width=\"360\">\n<p style=\"border-top: none;border-bottom: 1px solid #e6e7e8;border-left: none;border-right: none;padding: 0cm 0cm 0.53cm 0cm\"><span style=\"color: #000000\">Manual, TTL<\/span><\/p>\n<\/td>\n<\/tr>\n<tr>\n<td width=\"275\">\n<p style=\"border-top: none;border-bottom: 1px solid #e6e7e8;border-left: none;border-right: none;padding: 0cm 0cm 0.53cm 0cm\"><span style=\"color: #000000\">Vari-Potencia<\/span><\/p>\n<\/td>\n<td width=\"360\">\n<p style=\"border-top: none;border-bottom: 1px solid #e6e7e8;border-left: none;border-right: none;padding: 0cm 0cm 0.53cm 0cm\"><span style=\"color: #000000\">1\/1 &#8211; 1\/128<\/span><\/p>\n<\/td>\n<\/tr>\n<tr>\n<td width=\"275\">\n<p style=\"border-top: none;border-bottom: 1px solid #e6e7e8;border-left: none;border-right: none;padding: 0cm 0cm 0.53cm 0cm\"><span style=\"color: #000000\">Cabeza plegada<\/span><\/p>\n<\/td>\n<td width=\"360\">\n<p style=\"border-top: none;border-bottom: 1px solid #e6e7e8;border-left: none;border-right: none;padding: 0cm 0cm 0.53cm 0cm\"><span style=\"color: #000000\">De -7 a 90\u00b0<\/span><\/p>\n<\/td>\n<\/tr>\n<tr>\n<td width=\"275\">\n<p style=\"border-top: none;border-bottom: 1px solid #e6e7e8;border-left: none;border-right: none;padding: 0cm 0cm 0.53cm 0cm\"><span style=\"color: #000000\">Cabezal giratorio<\/span><\/p>\n<\/td>\n<td width=\"360\">\n<p style=\"border-top: none;border-bottom: 1px solid #e6e7e8;border-left: none;border-right: none;padding: 0cm 0cm 0.53cm 0cm\"><span style=\"color: #000000\">360\u00b0<\/span><\/p>\n<\/td>\n<\/tr>\n<tr>\n<td width=\"275\">\n<p style=\"border-top: none;border-bottom: 1px solid #e6e7e8;border-left: none;border-right: none;padding: 0cm 0cm 0.53cm 0cm\"><span style=\"color: #000000\">Cubrir<\/span><\/p>\n<\/td>\n<td width=\"360\">\n<p style=\"border-top: none;border-bottom: 1px solid #e6e7e8;border-left: none;border-right: none;padding: 0cm 0cm 0.53cm 0cm\"><span style=\"color: #000000\">14 &#8211; 105 mm (fotograma completo)<\/span><\/p>\n<\/td>\n<\/tr>\n<tr>\n<td width=\"275\">\n<p style=\"border-top: none;border-bottom: 1px solid #e6e7e8;border-left: none;border-right: none;padding: 0cm 0cm 0.53cm 0cm\"><span style=\"color: #000000\">Cabezal de zoom<\/span><\/p>\n<\/td>\n<td width=\"360\">\n<p style=\"border-top: none;border-bottom: 1px solid #e6e7e8;border-left: none;border-right: none;padding: 0cm 0cm 0.53cm 0cm\"><span style=\"color: #000000\">Fotograma completo: 24 &#8211; 105 mm<\/span><\/p>\n<\/td>\n<\/tr>\n<tr>\n<td width=\"275\">\n<p style=\"border-top: none;border-bottom: 1px solid #e6e7e8;border-left: none;border-right: none;padding: 0cm 0cm 0.53cm 0cm\"><span style=\"color: #000000\">Terminal fuera de c\u00e1mara<\/span><\/p>\n<\/td>\n<td width=\"360\">\n<p style=\"border: none;padding: 0cm\"><span style=\"color: #000000\"><em>Ninguno<\/em><\/span><\/p>\n<\/td>\n<\/tr>\n<tr>\n<td width=\"275\">\n<p style=\"border-top: none;border-bottom: 1px solid #e6e7e8;border-left: none;border-right: none;padding: 0cm 0cm 0.53cm 0cm\"><span style=\"color: #000000\">Tiempo de reciclaje<\/span><\/p>\n<\/td>\n<td width=\"360\">\n<p style=\"border-top: none;border-bottom: 1px solid #e6e7e8;border-left: none;border-right: none;padding: 0cm 0cm 0.53cm 0cm\"><span style=\"color: #000000\">Aproximadamente 0,1 &#8211; 2,2 segundos<\/span><\/p>\n<\/td>\n<\/tr>\n<tr>\n<td width=\"275\">\n<p style=\"border-top: none;border-bottom: 1px solid #e6e7e8;border-left: none;border-right: none;padding: 0cm 0cm 0.53cm 0cm\"><span style=\"color: #000000\">Duraci\u00f3n del flash<\/span><\/p>\n<\/td>\n<td width=\"360\">\n<p style=\"border-top: none;border-bottom: 1px solid #e6e7e8;border-left: none;border-right: none;padding: 0cm 0cm 0.53cm 0cm\"><span style=\"color: #000000\">1\/350 &#8211; 1\/20000 seg.<\/span><\/p>\n<\/td>\n<\/tr>\n<tr>\n<td width=\"275\">\n<p style=\"border-top: none;border-bottom: 1px solid #e6e7e8;border-left: none;border-right: none;padding: 0cm 0cm 0.53cm 0cm\"><span style=\"color: #000000\">Indicador de flash listo<\/span><\/p>\n<\/td>\n<td width=\"360\">\n<p style=\"border-top: none;border-bottom: 1px solid #e6e7e8;border-left: none;border-right: none;padding: 0cm 0cm 0.53cm 0cm\"><span style=\"color: #000000\">S\u00ed<\/span><\/p>\n<\/td>\n<\/tr>\n<tr>\n<td width=\"275\">\n<p style=\"border-top: none;border-bottom: 1px solid #e6e7e8;border-left: none;border-right: none;padding: 0cm 0cm 0.53cm 0cm\"><span style=\"color: #000000\">Compensaci\u00f3n<\/span><\/p>\n<\/td>\n<td width=\"360\">\n<p style=\"border-top: none;border-bottom: 1px solid #e6e7e8;border-left: none;border-right: none;padding: 0cm 0cm 0.53cm 0cm\"><span style=\"color: #000000\">De -3 EV a +3 EV (en pasos de 1\/3 EV)<\/span><\/p>\n<\/td>\n<\/tr>\n<tr>\n<td width=\"275\">\n<p style=\"border-top: none;border-bottom: 1px solid #e6e7e8;border-left: none;border-right: none;padding: 0cm 0cm 0.53cm 0cm\"><span style=\"color: #000000\">Modos de temporizaci\u00f3n esclava<\/span><\/p>\n<\/td>\n<td width=\"360\">\n<p style=\"border-top: none;border-bottom: 1px solid #e6e7e8;border-left: none;border-right: none;padding: 0cm 0cm 0.53cm 0cm\"><span style=\"color: #000000\">Sincronizaci\u00f3n instant\u00e1nea<br \/>Omitir pre-flash<\/span><\/p>\n<\/td>\n<\/tr>\n<tr>\n<td width=\"275\">\n<p style=\"border-top: none;border-bottom: 1px solid #e6e7e8;border-left: none;border-right: none;padding: 0cm 0cm 0.53cm 0cm\"><span style=\"color: #000000\">Funcionamiento inal\u00e1mbrico<\/span><\/p>\n<\/td>\n<td width=\"360\">\n<p style=\"border-top: none;border-bottom: 1px solid #e6e7e8;border-left: none;border-right: none;padding: 0cm 0cm 0.53cm 0cm\"><span style=\"color: #000000\">M\u00e9todo: RF<br \/>Distancia: Hasta 98,43&#8242; \/ 30 m<br \/>M\u00e9todo: Pulso \u00f3ptico<br \/>Distancia: Hasta 49,21&#8242; \/ 15 m<br \/>Modo: Maestro, Esclavo<\/span><\/p>\n<\/td>\n<\/tr>\n<tr>\n<td width=\"275\">\n<p style=\"border-top: none;border-bottom: 1px solid #e6e7e8;border-left: none;border-right: none;padding: 0cm 0cm 0.53cm 0cm\"><span style=\"color: #000000\">Canales de comunicaci\u00f3n inal\u00e1mbricos<\/span><\/p>\n<\/td>\n<td width=\"360\">\n<p style=\"border-top: none;border-bottom: 1px solid #e6e7e8;border-left: none;border-right: none;padding: 0cm 0cm 0.53cm 0cm\"><span style=\"color: #000000\">16 canales<\/span><\/p>\n<\/td>\n<\/tr>\n<tr>\n<td width=\"275\">\n<p style=\"border-top: none;border-bottom: 1px solid #e6e7e8;border-left: none;border-right: none;padding: 0cm 0cm 0.53cm 0cm\"><span style=\"color: #000000\">Grupos inal\u00e1mbricos<\/span><\/p>\n<\/td>\n<td width=\"360\">\n<p style=\"border-top: none;border-bottom: 1px solid #e6e7e8;border-left: none;border-right: none;padding: 0cm 0cm 0.53cm 0cm\"><span style=\"color: #000000\">3 Grupos<\/span><\/p>\n<\/td>\n<\/tr>\n<tr>\n<td width=\"275\">\n<p style=\"border-top: none;border-bottom: 1px solid #e6e7e8;border-left: none;border-right: none;padding: 0cm 0cm 0.53cm 0cm\"><span style=\"color: #000000\">Fuente de alimentaci\u00f3n<\/span><\/p>\n<\/td>\n<td width=\"360\">\n<p style=\"border-top: none;border-bottom: 1px solid #e6e7e8;border-left: none;border-right: none;padding: 0cm 0cm 0.53cm 0cm\"><span style=\"color: #000000\">2 pilas alcalinas recargables AA NiMH<\/span><\/p>\n<\/td>\n<\/tr>\n<tr>\n<td width=\"275\">\n<p style=\"border-top: none;border-bottom: 1px solid #e6e7e8;border-left: none;border-right: none;padding: 0cm 0cm 0.53cm 0cm\"><span style=\"color: #000000\">Dimensiones (ancho x alto x profundidad)<\/span><\/p>\n<\/td>\n<td width=\"360\">\n<p style=\"border-top: none;border-bottom: 1px solid #e6e7e8;border-left: none;border-right: none;padding: 0cm 0cm 0.53cm 0cm\"><span style=\"color: #000000\">5,5 x 2,4 x 1,5&#8243; \/ 140,0 x 62,0 x 38,0 mm<\/span><\/p>\n<\/td>\n<\/tr>\n<tr>\n<td width=\"275\">\n<p style=\"border-top: none;border-bottom: 1px solid #e6e7e8;border-left: none;border-right: none;padding: 0cm 0cm 0.53cm 0cm\"><span style=\"color: #000000\">Peso<\/span><\/p>\n<\/td>\n<td width=\"360\">\n<p style=\"border: none;padding: 0cm\"><span style=\"color: #000000\">7.05 oz \/ 200 g <em>sin bater\u00edas<\/em><\/span><\/p>\n<\/td>\n<\/tr>\n<\/tbody>\n<\/table>\n<p style=\"margin-bottom: 0cm\"><span style=\"color: #000000\">&nbsp;<\/span><\/p>\n<\/div>\n<p><span style=\"color: #000000\"> <\/span><\/p>\n","protected":false},"excerpt":{"rendered":"<p>Flash GODOX Speedlite TT350-O para Micro 4\/3 (Olympus\/Panasonic) La aplicaci\u00f3n TT350 es compatible con c\u00e1maras Micro 4\/3 y es con<\/p>\n","protected":false},"featured_media":56516,"comment_status":"closed","ping_status":"closed","template":"","meta":{"_acf_changed":false},"product_brand":[2555],"product_cat":[1024],"product_tag":[],"class_list":{"0":"post-72494","1":"product","2":"type-product","3":"status-publish","4":"has-post-thumbnail","6":"product_brand-godox-es","7":"product_cat-ttl-es","9":"first","10":"onbackorder","11":"taxable","12":"shipping-taxable","13":"purchasable","14":"product-type-simple"},"bundled_by":[],"bundle_stock_status":"onbackorder","bundle_stock_quantity":null,"bundle_virtual":false,"bundle_layout":"","bundle_add_to_cart_form_location":"","bundle_editable_in_cart":false,"bundle_sold_individually_context":"","bundle_item_grouping":"","bundle_min_size":"","bundle_max_size":"","bundle_price":[],"bundled_items":[],"bundle_sell_ids":[],"acf":[],"_links":{"self":[{"href":"https:\/\/hi-techwonder.com\/es\/wp-json\/wp\/v2\/product\/72494","targetHints":{"allow":["GET"]}}],"collection":[{"href":"https:\/\/hi-techwonder.com\/es\/wp-json\/wp\/v2\/product"}],"about":[{"href":"https:\/\/hi-techwonder.com\/es\/wp-json\/wp\/v2\/types\/product"}],"replies":[{"embeddable":true,"href":"https:\/\/hi-techwonder.com\/es\/wp-json\/wp\/v2\/comments?post=72494"}],"wp:featuredmedia":[{"embeddable":true,"href":"https:\/\/hi-techwonder.com\/es\/wp-json\/wp\/v2\/media\/56516"}],"wp:attachment":[{"href":"https:\/\/hi-techwonder.com\/es\/wp-json\/wp\/v2\/media?parent=72494"}],"wp:term":[{"taxonomy":"product_brand","embeddable":true,"href":"https:\/\/hi-techwonder.com\/es\/wp-json\/wp\/v2\/product_brand?post=72494"},{"taxonomy":"product_cat","embeddable":true,"href":"https:\/\/hi-techwonder.com\/es\/wp-json\/wp\/v2\/product_cat?post=72494"},{"taxonomy":"product_tag","embeddable":true,"href":"https:\/\/hi-techwonder.com\/es\/wp-json\/wp\/v2\/product_tag?post=72494"}],"curies":[{"name":"wp","href":"https:\/\/api.w.org\/{rel}","templated":true}]}}