{"id":72496,"date":"2025-07-29T09:58:17","date_gmt":"2025-07-29T09:58:17","guid":{"rendered":"https:\/\/fv6qoy3ls0.wpdns.site\/produto\/flash-godox-speedlite-tt350-n-para-nikon\/"},"modified":"2026-02-15T10:32:40","modified_gmt":"2026-02-15T10:32:40","slug":"godox-flash-godox-speedlite-tt350-n-para-nikon","status":"publish","type":"product","link":"https:\/\/hi-techwonder.com\/es\/producto\/godox-flash-godox-speedlite-tt350-n-para-nikon\/","title":{"rendered":"Flash GODOX Speedlite TT350-N para Nikon"},"content":{"rendered":"<p><span style=\"color: #000000\">La <strong>aplicaci\u00f3n TT350N<\/strong> es compatible con las c\u00e1maras Nikon y es compatible con el flash autom\u00e1tico TTL. Con este flash TTL compatible, su disparo ser\u00e1 m\u00e1s simple. Puede lograr f\u00e1cilmente una exposici\u00f3n correcta del flash incluso en entornos complejos con luz cambiante.  <\/span><\/p>\n<p><strong>Productos destacados<\/strong><\/p>\n<ul>\n<li>Sistema de radio inal\u00e1mbrico integrado de 2,4 GHz X<\/li>\n<li>Compatible con Nikon i-TTL<\/li>\n<li>N\u00famero de gu\u00eda: 118&#8242; a ISO 100 y 105 mm<\/li>\n<li>Rango de zoom: 24-105 mm (14 mm con panel)<\/li>\n<li>Inclinaciones de -7 a 90\u00b0<\/li>\n<li>Gira 270\u00b0<\/li>\n<li>Funcionalidad TTL maestro\/esclavo inal\u00e1mbrico<\/li>\n<li>Tiempo de reciclaje: 0.1-2.2 segundos<\/li>\n<li>Sincronizaci\u00f3n de alta velocidad, 1\u00aa y 2\u00aa cortina<\/li>\n<li>Funciona con dos pilas AA<\/li>\n<\/ul>\n<p><strong>En la caja<\/strong><\/p>\n<ul>\n<li>Flash Godox TT350N TTL para c\u00e1maras Nikon<\/li>\n<li>Difusor<\/li>\n<li>Mini soporte<\/li>\n<li>Cubierta protectora<\/li>\n<\/ul>\n<p>Con soporte completo para Nikon i-TTL, incluida la sincronizaci\u00f3n de alta velocidad y un sistema de radio integrado de 2,4 GHz, el flash compacto <strong>Godox TT350N Mini Thinklite TTL<\/strong> es un excelente compa\u00f1ero diario para su c\u00e1mara. Con un dise\u00f1o liviano y un n\u00famero de gu\u00eda de 118 &#8216;a ISO 100 y 105 mm, el TT350N es \u00fatil tanto para la operaci\u00f3n dentro como fuera de la c\u00e1mara. Los usuarios tambi\u00e9n pueden usarlo como esclavo \u00f3ptico adem\u00e1s de usarlo como unidad maestra \/ esclava TTL de radio. Tambi\u00e9n es vers\u00e1til con la capacidad de inclinarse de -7 a 90\u00b0 y girar 270\u00b0.   <\/p>\n<p>Varias funciones y caracter\u00edsticas est\u00e1n integradas en la unidad, incluyendo HSS, flash estrobosc\u00f3pico, sincronizaci\u00f3n de la 1\u00aa y 2\u00aa cortina, y m\u00e1s. Tambi\u00e9n es f\u00e1cil de usar con una pantalla LCD trasera y funciona r\u00e1pidamente con un tiempo de reciclaje de 0.1 a 2.2 segundos. Adem\u00e1s, funciona con solo dos pilas AA.  <\/p>\n<ul>\n<li>Un sistema de radio X integrado de 2,4 GHz est\u00e1 integrado en el TT350N para el disparo inal\u00e1mbrico. Capaz de configurarse como maestro o esclavo, este flash lo ayudar\u00e1 a crear una configuraci\u00f3n de iluminaci\u00f3n vers\u00e1til con un rango de 328 &#8216;y soporte para 16 canales y tres grupos. Tambi\u00e9n puede funcionar con un transmisor opcional de la serie X para crear configuraciones m\u00e1s elaboradas.  <\/li>\n<li>Al ser compatible con el sistema i-TTL de Nikon, los usuarios disfrutar\u00e1n de m\u00faltiples configuraciones de flash automatizadas y la capacidad de usar funciones como la sincronizaci\u00f3n de alta velocidad.<\/li>\n<li>Con un n\u00famero gu\u00eda de 118&#8242; a ISO 100 y 105 mm, el TT350N iluminar\u00e1 la mayor\u00eda de los sujetos. Tambi\u00e9n tiene un cabezal de zoom con un rango de 24-105 mm y un panel gran angular de 14 mm para usar una variedad de lentes diferentes. <\/li>\n<li>Control manual de potencia de 1\/1 a 1\/128 en pasos de 1\/3 EV.<\/li>\n<li>El cabezal del flash se puede inclinar de -7 a 90\u00b0 y girar un total de 270\u00b0 para controlar el reflejo y d\u00f3nde incide la luz en la escena.<\/li>\n<li>El modo esclavo \u00f3ptico est\u00e1 disponible para trabajar con otros flashes est\u00e1ndar.<\/li>\n<li>Hay disponible un puerto de sincronizaci\u00f3n de 3,5 mm para configurar una conexi\u00f3n por cable a una c\u00e1mara o disparador.<\/li>\n<li>Este flash funciona con dos pilas alcalinas o NiMH AA que ayudan a entregar alrededor de 210 flashes a plena potencia y tiempos de reciclaje de 0.1 a 2.2 segundos.<\/li>\n<li>Conexi\u00f3n USB para la instalaci\u00f3n de futuras actualizaciones de firmware.<\/li>\n<\/ul>\n<div>\n<h2>&nbsp;<\/h2>\n<h2>Especificaciones de Godox TT350N<\/h2>\n<table style=\"width: 550px\" border=\"0\" cellspacing=\"0\" cellpadding=\"2\">\n<colgroup>\n<col width=\"232\"><\/colgroup>\n<colgroup>\n<col width=\"310\"><\/colgroup>\n<tbody>\n<tr>\n<td width=\"232\">\n<p>Ensamblar<\/p>\n<\/td>\n<td width=\"310\">\n<p>Zapato<\/p>\n<\/td>\n<\/tr>\n<tr>\n<td width=\"232\">\n<p>Gu\u00eda No.<\/p>\n<\/td>\n<td width=\"310\">\n<p>118,11&#8242; \/ 36 m Posici\u00f3n ISO 100 a 105 mm<\/p>\n<\/td>\n<\/tr>\n<tr>\n<td width=\"232\">\n<p>Control de exposici\u00f3n<\/p>\n<\/td>\n<td width=\"310\">\n<p>Manual, i-TTL<\/p>\n<\/td>\n<\/tr>\n<tr>\n<td width=\"232\">\n<p>Vari-Potencia<\/p>\n<\/td>\n<td width=\"310\">\n<p>1\/1 &#8211; 1\/128<\/p>\n<\/td>\n<\/tr>\n<tr>\n<td width=\"232\">\n<p>Cabeza plegada<\/p>\n<\/td>\n<td width=\"310\">\n<p>De -7 a 90\u00b0<\/p>\n<\/td>\n<\/tr>\n<tr>\n<td width=\"232\">\n<p>Cabezal giratorio<\/p>\n<\/td>\n<td width=\"310\">\n<p>360\u00b0<\/p>\n<\/td>\n<\/tr>\n<tr>\n<td width=\"232\">\n<p>Cubrir<\/p>\n<\/td>\n<td width=\"310\">\n<p>14 &#8211; 105 mm (fotograma completo)<\/p>\n<\/td>\n<\/tr>\n<tr>\n<td width=\"232\">\n<p>Cabezal de zoom<\/p>\n<\/td>\n<td width=\"310\">\n<p>Fotograma completo: 24 &#8211; 105 mm<\/p>\n<\/td>\n<\/tr>\n<tr>\n<td width=\"232\">\n<p>Terminal fuera de c\u00e1mara<\/p>\n<\/td>\n<td width=\"310\">\n<p><em>Ninguno<\/em><\/p>\n<\/td>\n<\/tr>\n<tr>\n<td width=\"232\">\n<p>Tiempo de reciclaje<\/p>\n<\/td>\n<td width=\"310\">\n<p>Aproximadamente 0,1 &#8211; 2,2 segundos<\/p>\n<\/td>\n<\/tr>\n<tr>\n<td width=\"232\">\n<p>Duraci\u00f3n del flash<\/p>\n<\/td>\n<td width=\"310\">\n<p>1\/350 &#8211; 1\/20000 seg.<\/p>\n<\/td>\n<\/tr>\n<tr>\n<td width=\"232\">\n<p>Indicador de flash listo<\/p>\n<\/td>\n<td width=\"310\">\n<p>S\u00ed<\/p>\n<\/td>\n<\/tr>\n<tr>\n<td width=\"232\">\n<p>Compensaci\u00f3n<\/p>\n<\/td>\n<td width=\"310\">\n<p>De -3 EV a +3 EV (en pasos de 1\/3 EV)<\/p>\n<\/td>\n<\/tr>\n<tr>\n<td width=\"232\">\n<p>Modos de temporizaci\u00f3n esclava<\/p>\n<\/td>\n<td width=\"310\">\n<p>Sincronizaci\u00f3n instant\u00e1nea<br \/>Omitir pre-flash<\/p>\n<\/td>\n<\/tr>\n<tr>\n<td width=\"232\">\n<p>Funcionamiento inal\u00e1mbrico<\/p>\n<\/td>\n<td width=\"310\">\n<p>M\u00e9todo: RF<br \/>Distancia: Hasta 30 m<br \/>M\u00e9todo: Pulso \u00f3ptico<br \/>Distancia: Hasta 15 m<br \/>Modo: Maestro, Esclavo<\/p>\n<\/td>\n<\/tr>\n<tr>\n<td width=\"232\">\n<p>Canales de comunicaci\u00f3n inal\u00e1mbricos<\/p>\n<\/td>\n<td width=\"310\">\n<p>16 canales<\/p>\n<\/td>\n<\/tr>\n<tr>\n<td width=\"232\">\n<p>Grupos inal\u00e1mbricos<\/p>\n<\/td>\n<td width=\"310\">\n<p>3 Grupos<\/p>\n<\/td>\n<\/tr>\n<tr>\n<td width=\"232\">\n<p>Fuente de alimentaci\u00f3n<\/p>\n<\/td>\n<td width=\"310\">\n<p>2 pilas alcalinas AA recargables de NiMH<\/p>\n<\/td>\n<\/tr>\n<tr>\n<td width=\"232\">\n<p>Dimensiones (ancho x alto x profundidad)<\/p>\n<\/td>\n<td width=\"310\">\n<p>140,0 x 62,0 x 38,0 mm<\/p>\n<\/td>\n<\/tr>\n<tr>\n<td width=\"232\">\n<p>Peso<\/p>\n<\/td>\n<td width=\"310\">\n<p>200 g <em>sin pilas<\/em><\/p>\n<\/td>\n<\/tr>\n<\/tbody>\n<\/table>\n<\/div>\n","protected":false},"excerpt":{"rendered":"<p>La aplicaci\u00f3n TT350N es compatible con las c\u00e1maras Nikon y es compatible con el flash autom\u00e1tico TTL. Con este flash<\/p>\n","protected":false},"featured_media":56563,"comment_status":"closed","ping_status":"closed","template":"","meta":{"_acf_changed":false},"product_brand":[2555],"product_cat":[1024],"product_tag":[],"class_list":{"0":"post-72496","1":"product","2":"type-product","3":"status-publish","4":"has-post-thumbnail","6":"product_brand-godox-es","7":"product_cat-ttl-es","9":"first","10":"instock","11":"taxable","12":"shipping-taxable","13":"purchasable","14":"product-type-simple"},"bundled_by":[],"bundle_stock_status":"instock","bundle_stock_quantity":1,"bundle_virtual":false,"bundle_layout":"","bundle_add_to_cart_form_location":"","bundle_editable_in_cart":false,"bundle_sold_individually_context":"","bundle_item_grouping":"","bundle_min_size":"","bundle_max_size":"","bundle_price":[],"bundled_items":[],"bundle_sell_ids":[],"acf":[],"_links":{"self":[{"href":"https:\/\/hi-techwonder.com\/es\/wp-json\/wp\/v2\/product\/72496","targetHints":{"allow":["GET"]}}],"collection":[{"href":"https:\/\/hi-techwonder.com\/es\/wp-json\/wp\/v2\/product"}],"about":[{"href":"https:\/\/hi-techwonder.com\/es\/wp-json\/wp\/v2\/types\/product"}],"replies":[{"embeddable":true,"href":"https:\/\/hi-techwonder.com\/es\/wp-json\/wp\/v2\/comments?post=72496"}],"wp:featuredmedia":[{"embeddable":true,"href":"https:\/\/hi-techwonder.com\/es\/wp-json\/wp\/v2\/media\/56563"}],"wp:attachment":[{"href":"https:\/\/hi-techwonder.com\/es\/wp-json\/wp\/v2\/media?parent=72496"}],"wp:term":[{"taxonomy":"product_brand","embeddable":true,"href":"https:\/\/hi-techwonder.com\/es\/wp-json\/wp\/v2\/product_brand?post=72496"},{"taxonomy":"product_cat","embeddable":true,"href":"https:\/\/hi-techwonder.com\/es\/wp-json\/wp\/v2\/product_cat?post=72496"},{"taxonomy":"product_tag","embeddable":true,"href":"https:\/\/hi-techwonder.com\/es\/wp-json\/wp\/v2\/product_tag?post=72496"}],"curies":[{"name":"wp","href":"https:\/\/api.w.org\/{rel}","templated":true}]}}