{"id":72497,"date":"2025-07-29T09:58:09","date_gmt":"2025-07-29T09:58:09","guid":{"rendered":"https:\/\/fv6qoy3ls0.wpdns.site\/produto\/flash-godox-speedlite-v350-n-para-nikon\/"},"modified":"2026-02-15T10:35:20","modified_gmt":"2026-02-15T10:35:20","slug":"godox-flash-godox-speedlite-v350-n-para-nikon","status":"publish","type":"product","link":"https:\/\/hi-techwonder.com\/es\/producto\/godox-flash-godox-speedlite-v350-n-para-nikon\/","title":{"rendered":"Flash GODOX Speedlite V350-N para Nikon"},"content":{"rendered":"<p>Flash de mano, ligero y con flashes profesionales imprescindibles, as\u00ed es el <strong>Godox350<\/strong> con bater\u00eda de mano, que peque\u00f1o y n\u00famero de gu\u00eda V de ISO 36 a 100. Este es un flash dise\u00f1ado e ideal para c\u00e1maras compactas y sin espejo, aunque se puede usar con la mayor\u00eda de c\u00e1maras DSLR del mercado. <\/p>\n<p> <span style=\"color: #000000\">Con bater\u00eda recargable casi todas las caracter\u00edsticas del modelo con bater\u00edas, pero la diferencia es que ahora se puede utilizar una bater\u00eda con una gran capacidad de capacidad que le permite casi tres veces m\u00e1s disparos y velocidad de reciclaje.<\/span><\/p>\n<p> <strong>Productos destacados<\/strong><\/p>\n<ul>\n<li>  Bater\u00eda recargable de iones de litio<\/li>\n<li>  Sistema de radio inal\u00e1mbrico XProS de 2,4 GHz<\/li>\n<li>  Tiempo de reciclaje: 0,1 &#8211; 1,7 segundos<\/li>\n<li>  TTL, sincronizaci\u00f3n de alta velocidad, sincronizaci\u00f3n a la cortinilla trasera<\/li>\n<li>  N\u00famero de gu\u00eda: 118&#8242; en ISO 100<\/li>\n<li>  Funcionalidad TTL maestro\/esclavo inal\u00e1mbrico<\/li>\n<\/ul>\n<p> <strong>En la caja<\/strong><\/p>\n<ul>\n<li>  Flash Godox V350N para c\u00e1maras Nikon seleccionadas<\/li>\n<li>  Mini soporte<\/li>\n<li>  Cubierta protectora<\/li>\n<li>  Difusor<\/li>\n<li>  Bater\u00eda de iones de litio<\/li>\n<li>  Cargador de bater\u00eda<\/li>\n<li>  Cable del cargador<\/li>\n<\/ul>\n<p><strong>Descripci\u00f3n general de Godox V350N<\/strong><br \/> Con funciones avanzadas que incluyen sincronizaci\u00f3n de alta velocidad, un sistema de radio integrado de 2,4 GHz y una bater\u00eda recargable de iones de litio capaz de 500 flashes de m\u00e1xima potencia, el flash compacto V350N de Godox es un activo valioso para los usuarios de c\u00e1maras Nikon. Con un dise\u00f1o liviano y un n\u00famero gu\u00eda de 118 &#8216;a ISO 100 y 105 mm, el V350N es \u00fatil para operaciones dentro y fuera de la c\u00e1mara. Los usuarios tambi\u00e9n pueden usarlo como esclavo \u00f3ptico adem\u00e1s de usarlo como unidad maestra \/ esclava TTL de radio. Tambi\u00e9n es vers\u00e1til, con la capacidad de inclinarse de -7 a 90\u00b0 y girar 270\u00b0. M\u00faltiples funciones y caracter\u00edsticas integradas en la unidad, que incluyen HSS, flash estrobosc\u00f3pico, sincronizaci\u00f3n de la 1\u00aa y 2\u00aa cortina y un tiempo de reciclaje r\u00e1pido de 0,1 a 1,7 segundos. El flash es compatible con varias c\u00e1maras Nikon, consulte las caracter\u00edsticas de la lista.     <\/p>\n<p> <strong>Bater\u00eda recargable de iones de litio<\/strong><br \/> La bater\u00eda extra\u00edble y recargable ofrece hasta 500 flashes a plena potencia con una carga completa, mientras se recicla r\u00e1pidamente en 0,1 a 1,7 segundos.<\/p>\n<p> <strong>Sistema de radio inal\u00e1mbrico XProS<\/strong><br \/> Se incorpora un sistema de radio XProS integrado de 2,4 GHz para el disparo inal\u00e1mbrico con un transmisor comprado por separado con un alcance de 164 pies. El sistema es compatible con todas las funciones principales de flash. <\/p>\n<p> <strong>Amplia potencia<\/strong><br \/> Con un n\u00famero gu\u00eda de 118&#8242; a ISO 100 y 105 mm, la V350S proporcionar\u00e1 una amplia iluminaci\u00f3n para la mayor\u00eda de los sujetos. Tambi\u00e9n tiene un cabezal de zoom con un rango de 24-105 mm y un panel gran angular de 14 mm para usar una variedad de lentes diferentes. <\/p>\n<p> <strong>Dise\u00f1o flexible<\/strong><br \/> El cabezal del flash se puede inclinar de -7 a 90\u00b0 y girar un total de 270\u00b0 para controlar el reflejo y d\u00f3nde incide la luz en la escena.<\/p>\n<p> <strong>C\u00e1maras compatibles<\/strong><br \/> Nikon: D5, D4, D60, D70S, D90, D100, D200, D300S, D300, D500, D610, D700, D750, D800, D810, D3100, D3200, D3300, D5000, D5100, D5200, D5300, D7000 y D7100<\/p>\n<p> <strong>Especificaciones de Godox V350N<\/strong> <\/p>\n<div>\n<table style=\"width: 528px\" border=\"0\" cellspacing=\"0\" cellpadding=\"2\">\n<colgroup>\n<col width=\"232\">\n<col width=\"287\"><\/colgroup>\n<tbody>\n<tr>\n<td width=\"232\">\n<p>  Ensamblar<\/p>\n<\/td>\n<td width=\"287\">\n<p>  Zapato<\/p>\n<\/td>\n<\/tr>\n<tr>\n<td width=\"232\">\n<p>  Gu\u00eda No.<\/p>\n<\/td>\n<td width=\"287\">\n<p>  36 m ISO 100 a 105 mm Posici\u00f3n<\/p>\n<\/td>\n<\/tr>\n<tr>\n<td width=\"232\">\n<p>  Control de exposici\u00f3n<\/p>\n<\/td>\n<td width=\"287\">\n<p>  Manual, TTL<\/p>\n<\/td>\n<\/tr>\n<tr>\n<td width=\"232\">\n<p>  Vari-Potencia<\/p>\n<\/td>\n<td width=\"287\">\n<p>  1\/1 &#8211; 1\/128<\/p>\n<\/td>\n<\/tr>\n<tr>\n<td width=\"232\">\n<p>  Cabeza plegada<\/p>\n<\/td>\n<td width=\"287\">\n<p>  S\u00ed, de -7 a 90\u00b0<\/p>\n<\/td>\n<\/tr>\n<tr>\n<td width=\"232\">\n<p>  Cabezal giratorio<\/p>\n<\/td>\n<td width=\"287\">\n<p>  270\u00b0<\/p>\n<\/td>\n<\/tr>\n<tr>\n<td width=\"232\">\n<p>  Cubrir<\/p>\n<\/td>\n<td width=\"287\">\n<p>  14 &#8211; 105 mm (fotograma completo)<\/p>\n<\/td>\n<\/tr>\n<tr>\n<td width=\"232\">\n<p>  Cabezal de zoom<\/p>\n<\/td>\n<td width=\"287\">\n<p>  Fotograma completo: 24 &#8211; 105 mm<\/p>\n<\/td>\n<\/tr>\n<tr>\n<td width=\"232\">\n<p>  Terminal fuera de c\u00e1mara<\/p>\n<\/td>\n<td width=\"287\">\n<p> <em>Ninguno<\/em><\/p>\n<\/td>\n<\/tr>\n<tr>\n<td width=\"232\">\n<p>  Tiempo de reciclaje<\/p>\n<\/td>\n<td width=\"287\">\n<p>  Aproximadamente 0,1 &#8211; 1,7 segundos<\/p>\n<\/td>\n<\/tr>\n<tr>\n<td width=\"232\">\n<p>  Duraci\u00f3n del flash<\/p>\n<\/td>\n<td width=\"287\">\n<p>  1\/350 &#8211; 1\/20000 seg.<\/p>\n<\/td>\n<\/tr>\n<tr>\n<td width=\"232\">\n<p>  Indicador de flash listo<\/p>\n<\/td>\n<td width=\"287\">\n<p>  S\u00ed<\/p>\n<\/td>\n<\/tr>\n<tr>\n<td width=\"232\">\n<p>  Compensaci\u00f3n<\/p>\n<\/td>\n<td width=\"287\">\n<p>  De -3 EV a +3 EV (en pasos de 1\/3 EV)<\/p>\n<\/td>\n<\/tr>\n<tr>\n<td width=\"232\">\n<p>  Funcionamiento inal\u00e1mbrico<\/p>\n<\/td>\n<td width=\"287\">\n<p>  M\u00e9todo: RF<br \/> Distancia: Hasta 164.04&#8242; \/ 50 m<\/p>\n<\/td>\n<\/tr>\n<tr>\n<td width=\"232\">\n<p>  Canales de comunicaci\u00f3n inal\u00e1mbricos<\/p>\n<\/td>\n<td width=\"287\">\n<p>  16 canales<\/p>\n<\/td>\n<\/tr>\n<tr>\n<td width=\"232\">\n<p>  Grupos inal\u00e1mbricos<\/p>\n<\/td>\n<td width=\"287\">\n<p>  3 Grupos<\/p>\n<\/td>\n<\/tr>\n<tr>\n<td width=\"232\">\n<p>  Fuente de alimentaci\u00f3n<\/p>\n<\/td>\n<td width=\"287\">\n<p>  1x bater\u00eda de iones de litio recargable patentada<\/p>\n<\/td>\n<\/tr>\n<tr>\n<td width=\"232\">\n<p>  Dimensiones (ancho x alto x profundidad)<\/p>\n<\/td>\n<td width=\"287\">\n<p>  150,0 x 62,0 x 38,0 mm<\/p>\n<\/td>\n<\/tr>\n<tr>\n<td width=\"232\">\n<p>  Peso<\/p>\n<\/td>\n<td width=\"287\">\n<p>  290 g <em>con pilas<\/em><\/p>\n<\/td>\n<\/tr>\n<\/tbody>\n<\/table>\n<\/div>\n<div> <span style=\"font-size: small\">&nbsp;<\/span><\/div>\n","protected":false},"excerpt":{"rendered":"<p>Flash de mano, ligero y con flashes profesionales imprescindibles, as\u00ed es el Godox350 con bater\u00eda de mano, que peque\u00f1o y<\/p>\n","protected":false},"featured_media":56541,"comment_status":"closed","ping_status":"closed","template":"","meta":{"_acf_changed":false},"product_brand":[2555],"product_cat":[1024],"product_tag":[],"class_list":{"0":"post-72497","1":"product","2":"type-product","3":"status-publish","4":"has-post-thumbnail","6":"product_brand-godox-es","7":"product_cat-ttl-es","9":"first","10":"instock","11":"taxable","12":"shipping-taxable","13":"purchasable","14":"product-type-simple"},"bundled_by":[],"bundle_stock_status":"instock","bundle_stock_quantity":1,"bundle_virtual":false,"bundle_layout":"","bundle_add_to_cart_form_location":"","bundle_editable_in_cart":false,"bundle_sold_individually_context":"","bundle_item_grouping":"","bundle_min_size":"","bundle_max_size":"","bundle_price":[],"bundled_items":[],"bundle_sell_ids":[],"acf":[],"_links":{"self":[{"href":"https:\/\/hi-techwonder.com\/es\/wp-json\/wp\/v2\/product\/72497","targetHints":{"allow":["GET"]}}],"collection":[{"href":"https:\/\/hi-techwonder.com\/es\/wp-json\/wp\/v2\/product"}],"about":[{"href":"https:\/\/hi-techwonder.com\/es\/wp-json\/wp\/v2\/types\/product"}],"replies":[{"embeddable":true,"href":"https:\/\/hi-techwonder.com\/es\/wp-json\/wp\/v2\/comments?post=72497"}],"wp:featuredmedia":[{"embeddable":true,"href":"https:\/\/hi-techwonder.com\/es\/wp-json\/wp\/v2\/media\/56541"}],"wp:attachment":[{"href":"https:\/\/hi-techwonder.com\/es\/wp-json\/wp\/v2\/media?parent=72497"}],"wp:term":[{"taxonomy":"product_brand","embeddable":true,"href":"https:\/\/hi-techwonder.com\/es\/wp-json\/wp\/v2\/product_brand?post=72497"},{"taxonomy":"product_cat","embeddable":true,"href":"https:\/\/hi-techwonder.com\/es\/wp-json\/wp\/v2\/product_cat?post=72497"},{"taxonomy":"product_tag","embeddable":true,"href":"https:\/\/hi-techwonder.com\/es\/wp-json\/wp\/v2\/product_tag?post=72497"}],"curies":[{"name":"wp","href":"https:\/\/api.w.org\/{rel}","templated":true}]}}