{"id":72499,"date":"2025-07-29T09:58:01","date_gmt":"2025-07-29T09:58:01","guid":{"rendered":"https:\/\/fv6qoy3ls0.wpdns.site\/produto\/flash-godox-speedlite-v350-f-para-fujifilm\/"},"modified":"2026-02-15T10:35:20","modified_gmt":"2026-02-15T10:35:20","slug":"godox-flash-godox-speedlite-v350-f-para-fujifilm","status":"publish","type":"product","link":"https:\/\/hi-techwonder.com\/es\/producto\/godox-flash-godox-speedlite-v350-f-para-fujifilm\/","title":{"rendered":"Flash GODOX Speedlite V350-F para Fujifilm"},"content":{"rendered":"<p><span style=\"color: #000000\">Flash de mano, peque\u00f1o, ligero y con todo lo que deben tener los flashes profesionales, as\u00ed es el <strong>Godox V350<\/strong> con bater\u00eda de litio y n\u00famero gu\u00eda de 36 a 100 ISO. <\/span>Este es un flash dise\u00f1ado e ideal para c\u00e1maras compactas y sin espejo, aunque se puede usar con la mayor\u00eda de c\u00e1maras DSLR del mercado.<\/p>\n<p><span style=\"color: #000000\">Con bater\u00eda recargable lleva pr\u00e1cticamente todas las prestaciones del modelo con bater\u00edas, pero la diferencia es que ahora utiliza una \u00fanica bater\u00eda de litio de gran capacidad que le permite tener casi tres veces m\u00e1s disparos y velocidad de reciclaje.<\/span><\/p>\n<p><strong>ASPECTOS DESTACADOS DEL PRODUCTO<\/strong><\/p>\n<ul>\n<li>Bater\u00eda recargable de iones de litio<\/li>\n<li>Sistema de radio inal\u00e1mbrico XProS de 2,4 GHz<\/li>\n<li>Tiempo de reciclaje: 0,1 &#8211; 1,7 segundos<\/li>\n<li>TTL, sincronizaci\u00f3n de alta velocidad, sincronizaci\u00f3n a la cortinilla trasera<\/li>\n<li>N\u00famero de gu\u00eda: 118&#8242; en ISO 100<\/li>\n<li>Funcionalidad TTL maestro\/esclavo inal\u00e1mbrico<\/li>\n<\/ul>\n<div><span style=\"font-size: small\">&nbsp;<\/span><\/div>\n<div>\n<div>Con funciones avanzadas que incluyen sincronizaci\u00f3n de alta velocidad, un sistema de radio integrado de 2,4 GHz y una bater\u00eda recargable de iones de litio capaz de 500 flashes de m\u00e1xima potencia, el flash compacto V350F de Godox es un activo valioso para los usuarios de c\u00e1maras Fujifilm. Con un dise\u00f1o liviano y un n\u00famero de gu\u00eda de 118 &#8216;a ISO 100 y 105 mm, el V350F es \u00fatil para operar tanto dentro como fuera de la c\u00e1mara. Los usuarios tambi\u00e9n pueden usarlo como esclavo \u00f3ptico adem\u00e1s de usarlo como unidad maestra \/ esclava TTL de radio. Tambi\u00e9n es vers\u00e1til, con la capacidad de inclinarse de -7 a 90\u00b0 y girar 270\u00b0. M\u00faltiples funciones y caracter\u00edsticas integradas en la unidad, que incluyen HSS, flash estrobosc\u00f3pico, sincronizaci\u00f3n de la 1\u00aa y 2\u00aa cortina y un tiempo de reciclaje r\u00e1pido de 0,1 a 1,7 segundos. El flash es compatible con varias c\u00e1maras Fujifilm, consulte las caracter\u00edsticas para obtener la lista.     <\/div>\n<div>&nbsp;<\/div>\n<div>&nbsp;<\/div>\n<div>Bater\u00eda recargable de iones de litio<\/div>\n<div>La bater\u00eda extra\u00edble y recargable ofrece hasta 500 flashes a plena potencia con una carga completa, mientras se recicla r\u00e1pidamente en 0,1 a 1,7 segundos.<\/div>\n<div>&nbsp;<\/div>\n<div>Sistema de radio inal\u00e1mbrico XProS<\/div>\n<div>Se incorpora un sistema de radio XProS integrado de 2,4 GHz para el disparo inal\u00e1mbrico con un transmisor comprado por separado con un alcance de 164 pies. El sistema es compatible con todas las funciones principales de flash. <\/div>\n<div>&nbsp;<\/div>\n<div>Amplia potencia<\/div>\n<div>Con un n\u00famero gu\u00eda de 118&#8242; a ISO 100 y 105 mm, la V350S proporcionar\u00e1 una amplia iluminaci\u00f3n para la mayor\u00eda de los sujetos. Tambi\u00e9n tiene un cabezal de zoom con un rango de 24-105 mm y un panel gran angular de 14 mm para usar una variedad de lentes diferentes. <\/div>\n<div>&nbsp;<\/div>\n<div>Dise\u00f1o flexible<\/div>\n<div>El cabezal del flash se puede inclinar de -7 a 90\u00b0 y girar un total de 270\u00b0 para controlar el reflejo y d\u00f3nde incide la luz en la escena.<\/div>\n<div>&nbsp;<\/div>\n<div>C\u00e1maras compatibles<\/div>\n<div>Fujifilm: GFX50S, X-Pro2, X-T20, X-T2, X-T1, X-Pro1, X-T10, X-E1, X-A3, X100F y X100 T (es posible que la sincronizaci\u00f3n a la cortinilla trasera y HSS no sean compatibles seg\u00fan su modelo)<\/div>\n<div>&nbsp;<\/div>\n<div>&nbsp;<\/div>\n<div>Zapata de montaje<\/div>\n<div>Gu\u00eda n.\u00ba 118,11&#8242; \/ 36 m Posici\u00f3n ISO 100 a 105 mm<\/div>\n<div>Control de exposici\u00f3n manual, TTL<\/div>\n<div>Potencia variable 1\/1 &#8211; 1\/128<\/div>\n<div>Cabezal de rebote S\u00ed, de -7 a 90\u00b0<\/div>\n<div>Cabezal giratorio de 270\u00b0<\/div>\n<div>Cobertura 14 &#8211; 105 mm (fotograma completo)<\/div>\n<div>Cabezal de zoom de fotograma completo: 24 &#8211; 105 mm<\/div>\n<div>Terminal fuera de c\u00e1mara Ninguno<\/div>\n<div>Tiempo de reciclaje: aproximadamente 0,1 &#8211; 1,7 segundos<\/div>\n<div>Duraci\u00f3n del flash 1\/350 &#8211; 1\/20000 s<\/div>\n<div>&#8211; Indicador de flash listo S\u00ed<\/div>\n<div>Compensaci\u00f3n -3 EV a +3 EV (en pasos de 1\/3 EV)<\/div>\n<div>Modos de temporizaci\u00f3n esclavos no especificados por el fabricante<\/div>\n<div>M\u00e9todo de operaci\u00f3n inal\u00e1mbrica: RF<\/div>\n<div>Distancia: Hasta 164.04&#8242; \/ 50 m<\/div>\n<div>Canales de comunicaci\u00f3n inal\u00e1mbrica 16 canales<\/div>\n<div>Grupos inal\u00e1mbricos 3 grupos<\/div>\n<div>Fuente de alimentaci\u00f3n: 1 bater\u00eda de iones de litio recargable patentada<\/div>\n<div>Dimensiones (ancho x alto x profundidad) 5,9 x 2,4 x 1,5&#8243; \/ 150,0 x 62,0 x 38,0 mm<\/div>\n<div>Peso 10.23 oz \/ 290 g con bater\u00edas<\/div>\n<\/div>\n","protected":false},"excerpt":{"rendered":"<p>Flash de mano, peque\u00f1o, ligero y con todo lo que deben tener los flashes profesionales, as\u00ed es el Godox V350<\/p>\n","protected":false},"featured_media":56530,"comment_status":"closed","ping_status":"closed","template":"","meta":{"_acf_changed":false},"product_brand":[2555],"product_cat":[1024],"product_tag":[],"class_list":{"0":"post-72499","1":"product","2":"type-product","3":"status-publish","4":"has-post-thumbnail","6":"product_brand-godox-es","7":"product_cat-ttl-es","9":"first","10":"instock","11":"taxable","12":"shipping-taxable","13":"purchasable","14":"product-type-simple"},"bundled_by":[],"bundle_stock_status":"instock","bundle_stock_quantity":1,"bundle_virtual":false,"bundle_layout":"","bundle_add_to_cart_form_location":"","bundle_editable_in_cart":false,"bundle_sold_individually_context":"","bundle_item_grouping":"","bundle_min_size":"","bundle_max_size":"","bundle_price":[],"bundled_items":[],"bundle_sell_ids":[],"acf":[],"_links":{"self":[{"href":"https:\/\/hi-techwonder.com\/es\/wp-json\/wp\/v2\/product\/72499","targetHints":{"allow":["GET"]}}],"collection":[{"href":"https:\/\/hi-techwonder.com\/es\/wp-json\/wp\/v2\/product"}],"about":[{"href":"https:\/\/hi-techwonder.com\/es\/wp-json\/wp\/v2\/types\/product"}],"replies":[{"embeddable":true,"href":"https:\/\/hi-techwonder.com\/es\/wp-json\/wp\/v2\/comments?post=72499"}],"wp:featuredmedia":[{"embeddable":true,"href":"https:\/\/hi-techwonder.com\/es\/wp-json\/wp\/v2\/media\/56530"}],"wp:attachment":[{"href":"https:\/\/hi-techwonder.com\/es\/wp-json\/wp\/v2\/media?parent=72499"}],"wp:term":[{"taxonomy":"product_brand","embeddable":true,"href":"https:\/\/hi-techwonder.com\/es\/wp-json\/wp\/v2\/product_brand?post=72499"},{"taxonomy":"product_cat","embeddable":true,"href":"https:\/\/hi-techwonder.com\/es\/wp-json\/wp\/v2\/product_cat?post=72499"},{"taxonomy":"product_tag","embeddable":true,"href":"https:\/\/hi-techwonder.com\/es\/wp-json\/wp\/v2\/product_tag?post=72499"}],"curies":[{"name":"wp","href":"https:\/\/api.w.org\/{rel}","templated":true}]}}