{"id":72504,"date":"2025-07-29T09:59:52","date_gmt":"2025-07-29T09:59:52","guid":{"rendered":"https:\/\/fv6qoy3ls0.wpdns.site\/produto\/godox-flash-speedlite-v100-nikon\/"},"modified":"2025-12-10T11:26:08","modified_gmt":"2025-12-10T11:26:08","slug":"godox-flash-speedlite-v100-nikon","status":"publish","type":"product","link":"https:\/\/hi-techwonder.com\/es\/producto\/godox-flash-speedlite-v100-nikon\/","title":{"rendered":"GODOX Flash Speedlite V100 &#8211; Nikon"},"content":{"rendered":"<h3><strong>Godox <\/strong><strong style=\"color: inherit; --darkreader-inline-color: inherit;\" data-darkreader-inline-color=\"\">Flash Speedlite V100 &#8211; Nikon<\/strong><\/h3>\n<hr>\n<h4><strong>Funciones<\/strong><\/h4>\n<ul>\n<li><strong>Poder incre\u00edble:<\/strong> Flash con una potencia sin precedentes de 100W, dise\u00f1ado para fot\u00f3grafos profesionales que buscan un rendimiento y versatilidad superiores.<\/li>\n<li><strong>Pantalla t\u00e1ctil intuitiva:<\/strong> Pantalla a color de alta definici\u00f3n de 2,3&#8243; sensible e intuitiva para un funcionamiento f\u00e1cil y claro.<\/li>\n<li><strong>Flash de cabeza redonda:<\/strong> Proporciona una luz suave y redonda con efectos homog\u00e9neos.<\/li>\n<li><strong>Modos de control:<\/strong> Combinaci\u00f3n de botones f\u00edsicos tradicionales y operaci\u00f3n moderna de pantalla t\u00e1ctil.<\/li>\n<li><strong>L\u00e1mpara moldeadora ajustable:<\/strong> Bombilla LED incorporada de 2W con brillo regulable de 1 a 10, adapt\u00e1ndose a diferentes escenarios de iluminaci\u00f3n.<\/li>\n<li><strong>Eficiencia de la bater\u00eda:<\/strong> Bater\u00eda de litio de 7,2 V con 2980 mAh, que proporciona un tiempo de reciclaje de solo 1,7 segundos y hasta 400 disparos a plena potencia.<\/li>\n<li><strong>Compatibilidad TTL:<\/strong> Soporte completo para el control autom\u00e1tico del flash a trav\u00e9s de la tecnolog\u00eda TTL, y tambi\u00e9n es compatible con las funciones de transmisi\u00f3n y recepci\u00f3n de flash.<\/li>\n<li><strong>Control inal\u00e1mbrico:<\/strong> M\u00f3dulo inal\u00e1mbrico 2.4G incorporado, con un alcance de transmisi\u00f3n de hasta 100 metros, que permite un f\u00e1cil control remoto.<\/li>\n<li><strong>Soporte para sincronizaci\u00f3n de alta velocidad:<\/strong> Sincronizaci\u00f3n hasta 1\/8000 segundos y otros modos como sincronizaci\u00f3n de segunda cortina, FEC, entre otros.<\/li>\n<li><strong>Accesorios incluidos:<\/strong> Subflash desmontable SU-1, que ofrece mejores efectos de llenado de luz, adem\u00e1s de la opci\u00f3n de agregar la caja de alimentaci\u00f3n PB960 para tiempos de reciclaje m\u00e1s r\u00e1pidos.<\/li>\n<\/ul>\n<p><iframe loading=\"lazy\" frameborder=\"0\" src=\"https:\/\/www.youtube.com\/embed\/bmqZ34yv5BI\" width=\"640\" height=\"360\" class=\"note-video-clip\" referrerpolicy=\"strict-origin-when-cross-origin\"><\/iframe><\/p>\n<ul>\n<\/ul>\n<hr>\n<h4><strong>Descripci\u00f3n<\/strong><\/h4>\n<p>El <strong>Godox Speedlite V100 <\/strong><b>Nikon<\/b> es el compa\u00f1ero perfecto para los fot\u00f3grafos que buscan potencia y flexibilidad. Ideal para una amplia gama de situaciones fotogr\u00e1ficas, desde retratos hasta fotograf\u00eda de eventos, este flash combina funciones avanzadas con un dise\u00f1o intuitivo y eficiente. <\/p>\n<p>El cabezal de flash giratorio e inclinable ofrece la m\u00e1xima flexibilidad, mientras que el sistema de bater\u00eda recargable de larga duraci\u00f3n garantiza que siempre estar\u00e1 listo para disparar. Adem\u00e1s, la inclusi\u00f3n de una l\u00e1mpara de modelado y un control inal\u00e1mbrico hacen de este flash una soluci\u00f3n verdaderamente profesional para estudios o fotograf\u00eda in situ. <\/p>\n<hr>\n<h4><strong>Especificaciones t\u00e9cnicas<\/strong><\/h4>\n<ul>\n<li><strong>Potencia:<\/strong> 100Ws.<\/li>\n<li><strong>Cabezal de flash:<\/strong> Zoom autom\u00e1tico (28-105 mm) y zoom manual, inclinaci\u00f3n de -7\u00b0 a 120\u00b0 y giro de 0 a 330\u00b0.<\/li>\n<li><strong>Duraci\u00f3n del flash:<\/strong> 1\/300s a 1\/20000s.<\/li>\n<li><strong>Modos de exposici\u00f3n:<\/strong> TTL autom\u00e1tico y manual.<\/li>\n<li><strong>Modos de sincronizaci\u00f3n:<\/strong> Alta velocidad (hasta 1\/8000 seg.), primera y segunda cortina.<\/li>\n<li><strong>Funciones inal\u00e1mbricas:<\/strong> Transmisi\u00f3n y recepci\u00f3n 2.4G, alcance de hasta 100 m.<\/li>\n<li><strong>L\u00e1mpara de modelado:<\/strong> 2W, temperatura de color de 3300K \u00b1 200K.<\/li>\n<li><strong>Bater\u00eda:<\/strong> 7,2 V, 2980 mAh, 1,7 segundos de reciclaje, hasta 400 disparos a plena potencia.<\/li>\n<li><strong>Dimensiones:<\/strong> 7,14 x 7,59 x 20,6 cm.<\/li>\n<li><strong>Peso:<\/strong> 616 g (con bater\u00eda).<\/li>\n<\/ul>\n<hr>\n<h4><strong>Contenido del paquete<\/strong><\/h4>\n<ul>\n<li>1 x Flash Godox Speedlite V100 &#8211; Nikon.<\/li>\n<li>1 x Bolsa de almacenamiento.<\/li>\n<li>1 x Adaptador.<\/li>\n<li>1 x Bater\u00eda de litio.<\/li>\n<li>1 x Mini Soporte.<\/li>\n<li>1 x cable de carga USB-C.<\/li>\n<li>1 x Sub-flash desmontable SU-1<\/li>\n<li>1 x Gu\u00eda del usuario.<\/li>\n<\/ul>\n<hr>\n<h4><strong>Informaci\u00f3n adicional<\/strong><\/h4>\n<p>Nota: Im\u00e1genes ilustrativas. Equipo adicional no incluido. Consulte el contenido y las especificaciones del paquete para obtener m\u00e1s detalles.  <\/p>\n","protected":false},"excerpt":{"rendered":"<p>Godox Flash Speedlite V100 &#8211; Nikon Funciones Poder incre\u00edble: Flash con una potencia sin precedentes de 100W, dise\u00f1ado para fot\u00f3grafos<\/p>\n","protected":false},"featured_media":56894,"comment_status":"closed","ping_status":"closed","template":"","meta":{"_acf_changed":false},"product_brand":[2555],"product_cat":[1024],"product_tag":[],"class_list":{"0":"post-72504","1":"product","2":"type-product","3":"status-publish","4":"has-post-thumbnail","6":"product_brand-godox-es","7":"product_cat-ttl-es","9":"first","10":"instock","11":"taxable","12":"shipping-taxable","13":"purchasable","14":"product-type-simple"},"bundled_by":[],"bundle_stock_status":"instock","bundle_stock_quantity":1,"bundle_virtual":false,"bundle_layout":"","bundle_add_to_cart_form_location":"","bundle_editable_in_cart":false,"bundle_sold_individually_context":"","bundle_item_grouping":"","bundle_min_size":"","bundle_max_size":"","bundle_price":[],"bundled_items":[],"bundle_sell_ids":[],"acf":[],"_links":{"self":[{"href":"https:\/\/hi-techwonder.com\/es\/wp-json\/wp\/v2\/product\/72504","targetHints":{"allow":["GET"]}}],"collection":[{"href":"https:\/\/hi-techwonder.com\/es\/wp-json\/wp\/v2\/product"}],"about":[{"href":"https:\/\/hi-techwonder.com\/es\/wp-json\/wp\/v2\/types\/product"}],"replies":[{"embeddable":true,"href":"https:\/\/hi-techwonder.com\/es\/wp-json\/wp\/v2\/comments?post=72504"}],"wp:featuredmedia":[{"embeddable":true,"href":"https:\/\/hi-techwonder.com\/es\/wp-json\/wp\/v2\/media\/56894"}],"wp:attachment":[{"href":"https:\/\/hi-techwonder.com\/es\/wp-json\/wp\/v2\/media?parent=72504"}],"wp:term":[{"taxonomy":"product_brand","embeddable":true,"href":"https:\/\/hi-techwonder.com\/es\/wp-json\/wp\/v2\/product_brand?post=72504"},{"taxonomy":"product_cat","embeddable":true,"href":"https:\/\/hi-techwonder.com\/es\/wp-json\/wp\/v2\/product_cat?post=72504"},{"taxonomy":"product_tag","embeddable":true,"href":"https:\/\/hi-techwonder.com\/es\/wp-json\/wp\/v2\/product_tag?post=72504"}],"curies":[{"name":"wp","href":"https:\/\/api.w.org\/{rel}","templated":true}]}}