{"id":72510,"date":"2025-07-28T23:34:28","date_gmt":"2025-07-28T23:34:28","guid":{"rendered":"https:\/\/fv6qoy3ls0.wpdns.site\/produto\/godox-fpt100-mesa-de-luz-para-ciclorama-100x200cm\/"},"modified":"2026-04-16T16:32:39","modified_gmt":"2026-04-16T15:32:39","slug":"godox-fpt100-mesa-de-luz-para-ciclorama-100x200cm","status":"publish","type":"product","link":"https:\/\/hi-techwonder.com\/es\/producto\/godox-fpt100-mesa-de-luz-para-ciclorama-100x200cm\/","title":{"rendered":"GODOX FPT100 Mesa de luz para ciclorama 100x200cm"},"content":{"rendered":"<p>Ideal para fotografiar productos de tama\u00f1o medio.<\/p>\n<p>La superficie es difusa, lo que permite fotografiar objetos sin sombras, y tambi\u00e9n el uso de iluminaci\u00f3n desde abajo o desde atr\u00e1s.<\/p>\n<p><iframe loading=\"lazy\" style=\"min-height: 500px; width: 100%; height: auto;\" src=\"https:\/\/www.youtube.com\/embed\/7zioL62XsHE\" width=\"560\" height=\"314\" allowfullscreen=\"allowfullscreen\"><\/iframe><\/p>\n<p><strong>Contenido de la caja:<\/strong><br \/>1x Mesa de luz 100x200cm<\/p>\n","protected":false},"excerpt":{"rendered":"<p>Ideal para fotografiar productos de tama\u00f1o medio. La superficie es difusa, lo que permite fotografiar objetos sin sombras, y tambi\u00e9n<\/p>\n","protected":false},"featured_media":24193,"comment_status":"closed","ping_status":"open","template":"","meta":{"_acf_changed":false},"product_brand":[2555],"product_cat":[940],"product_tag":[],"class_list":{"0":"post-72510","1":"product","2":"type-product","3":"status-publish","4":"has-post-thumbnail","6":"product_brand-godox-es","7":"product_cat-cicloramas-cajas-de-luz","9":"first","10":"pre-order","11":"taxable","12":"shipping-taxable","13":"purchasable","14":"product-type-simple"},"bundled_by":[],"bundle_stock_status":"pre-order","bundle_stock_quantity":null,"bundle_virtual":false,"bundle_layout":"","bundle_add_to_cart_form_location":"","bundle_editable_in_cart":false,"bundle_sold_individually_context":"","bundle_item_grouping":"","bundle_min_size":"","bundle_max_size":"","bundle_price":[],"bundled_items":[],"bundle_sell_ids":[],"acf":[],"_links":{"self":[{"href":"https:\/\/hi-techwonder.com\/es\/wp-json\/wp\/v2\/product\/72510","targetHints":{"allow":["GET"]}}],"collection":[{"href":"https:\/\/hi-techwonder.com\/es\/wp-json\/wp\/v2\/product"}],"about":[{"href":"https:\/\/hi-techwonder.com\/es\/wp-json\/wp\/v2\/types\/product"}],"replies":[{"embeddable":true,"href":"https:\/\/hi-techwonder.com\/es\/wp-json\/wp\/v2\/comments?post=72510"}],"wp:featuredmedia":[{"embeddable":true,"href":"https:\/\/hi-techwonder.com\/es\/wp-json\/wp\/v2\/media\/24193"}],"wp:attachment":[{"href":"https:\/\/hi-techwonder.com\/es\/wp-json\/wp\/v2\/media?parent=72510"}],"wp:term":[{"taxonomy":"product_brand","embeddable":true,"href":"https:\/\/hi-techwonder.com\/es\/wp-json\/wp\/v2\/product_brand?post=72510"},{"taxonomy":"product_cat","embeddable":true,"href":"https:\/\/hi-techwonder.com\/es\/wp-json\/wp\/v2\/product_cat?post=72510"},{"taxonomy":"product_tag","embeddable":true,"href":"https:\/\/hi-techwonder.com\/es\/wp-json\/wp\/v2\/product_tag?post=72510"}],"curies":[{"name":"wp","href":"https:\/\/api.w.org\/{rel}","templated":true}]}}