{"id":72513,"date":"2025-07-29T10:19:55","date_gmt":"2025-07-29T10:19:55","guid":{"rendered":"https:\/\/fv6qoy3ls0.wpdns.site\/produto\/lente-fresnel-godox-fls10-para-bowen-10\/"},"modified":"2026-01-31T01:41:32","modified_gmt":"2026-01-31T01:41:32","slug":"godox-lente-fresnel-godox-fls10-para-bowen-10","status":"publish","type":"product","link":"https:\/\/hi-techwonder.com\/es\/producto\/godox-lente-fresnel-godox-fls10-para-bowen-10\/","title":{"rendered":"Lente Fresnel GODOX FLS10 para Bowen &#8211; 10&#8243;"},"content":{"rendered":"<h3><strong>Lente Fresnel GODOX FLS10 para Bowen &#8211; 10&#8243;<\/strong><\/h3>\n<p>La lente FLS10 Fresnel de Godox est\u00e1 dise\u00f1ada espec\u00edficamente para la luz diurna LED Knowled M600D. Maximiza la salida de luz mientras mantiene la calidad de la luz y hace que la luz sea consistente con una intensidad suave. Cuando se combina con el LED Knowled M600D, aumenta la salida de luz m\u00e1xima a 46,400 lux a 3 metros y le permite ajustar continuamente el \u00e1ngulo del haz entre 10 \u00b0 de punto y 35 \u00b0 de inundaci\u00f3n.  <\/p>\n<p><iframe loading=\"lazy\" src=\"https:\/\/www.youtube.com\/embed\/HfSitWQNjkY\" width=\"560\" height=\"314\" allowfullscreen=\"allowfullscreen\"><\/iframe><\/p>\n<p><strong>Aumente la producci\u00f3n<\/strong><\/p>\n<p>Las lentes Godox Fresnel FLS8 y FLS10 amplifican la salida de las luces LED Godox en 19 veces<\/p>\n<p><strong>\u00c1ngulo de haz variable<\/strong><\/p>\n<p>El haz lanzado por FLS10 se puede ajustar desde el punto 10\u00ba hasta la inundaci\u00f3n 35\u00ba<\/p>\n<p><strong>Construcci\u00f3n robusta<\/strong><\/p>\n<p>La construcci\u00f3n ergon\u00f3mica y robusta de las lentes Godox Fresnel garantiza una fuga de luz minimizada y una durabilidad robusta.<\/p>\n<p><strong>Compatible con Barndoors<\/strong><\/p>\n<p>Compatible con las puertas de granero Godox de 8 hojas para cortar y dar forma a la luz con precisi\u00f3n para expresiones m\u00e1s creativas<\/p>\n<p>El FLS10 Fresnel tambi\u00e9n est\u00e1 en su mejor momento combinado con luces LED Godox. Es compatible con todas las luces de montaje LED Godox Bowens. <\/p>\n<p><strong>Funciones<\/strong><\/p>\n<p>\u00c1ngulo de haz ajustable: 10\u00ba-35\u00ba<\/p>\n<p>Temperatura de trabajo: -10\u00ba~40\u00baC<\/p>\n<p>Di\u00e1metro: 10&#8243; \/ 25,4 cm<\/p>\n<p>Dimensi\u00f3n: 295 X 295 X 135 mm<\/p>\n<p>Peso: 3kg<\/p>\n","protected":false},"excerpt":{"rendered":"<p>Lente Fresnel GODOX FLS10 para Bowen &#8211; 10&#8243; La lente FLS10 Fresnel de Godox est\u00e1 dise\u00f1ada espec\u00edficamente para la luz<\/p>\n","protected":false},"featured_media":61796,"comment_status":"closed","ping_status":"open","template":"","meta":{"_acf_changed":false},"product_brand":[2555],"product_cat":[1004],"product_tag":[],"class_list":{"0":"post-72513","1":"product","2":"type-product","3":"status-publish","4":"has-post-thumbnail","6":"product_brand-godox-es","7":"product_cat-fresnel-otros-modificadores","9":"first","10":"onbackorder","11":"taxable","12":"shipping-taxable","13":"purchasable","14":"product-type-simple"},"bundled_by":[],"bundle_stock_status":"onbackorder","bundle_stock_quantity":0,"bundle_virtual":false,"bundle_layout":"","bundle_add_to_cart_form_location":"","bundle_editable_in_cart":false,"bundle_sold_individually_context":"","bundle_item_grouping":"","bundle_min_size":"","bundle_max_size":"","bundle_price":[],"bundled_items":[],"bundle_sell_ids":[],"acf":[],"_links":{"self":[{"href":"https:\/\/hi-techwonder.com\/es\/wp-json\/wp\/v2\/product\/72513","targetHints":{"allow":["GET"]}}],"collection":[{"href":"https:\/\/hi-techwonder.com\/es\/wp-json\/wp\/v2\/product"}],"about":[{"href":"https:\/\/hi-techwonder.com\/es\/wp-json\/wp\/v2\/types\/product"}],"replies":[{"embeddable":true,"href":"https:\/\/hi-techwonder.com\/es\/wp-json\/wp\/v2\/comments?post=72513"}],"wp:featuredmedia":[{"embeddable":true,"href":"https:\/\/hi-techwonder.com\/es\/wp-json\/wp\/v2\/media\/61796"}],"wp:attachment":[{"href":"https:\/\/hi-techwonder.com\/es\/wp-json\/wp\/v2\/media?parent=72513"}],"wp:term":[{"taxonomy":"product_brand","embeddable":true,"href":"https:\/\/hi-techwonder.com\/es\/wp-json\/wp\/v2\/product_brand?post=72513"},{"taxonomy":"product_cat","embeddable":true,"href":"https:\/\/hi-techwonder.com\/es\/wp-json\/wp\/v2\/product_cat?post=72513"},{"taxonomy":"product_tag","embeddable":true,"href":"https:\/\/hi-techwonder.com\/es\/wp-json\/wp\/v2\/product_tag?post=72513"}],"curies":[{"name":"wp","href":"https:\/\/api.w.org\/{rel}","templated":true}]}}