{"id":72514,"date":"2025-07-29T09:58:01","date_gmt":"2025-07-29T09:58:01","guid":{"rendered":"https:\/\/fv6qoy3ls0.wpdns.site\/produto\/flash-godox-speedlite-v350-s-para-sony\/"},"modified":"2026-02-15T10:35:21","modified_gmt":"2026-02-15T10:35:21","slug":"godox-flash-godox-speedlite-v350-s-para-sony","status":"publish","type":"product","link":"https:\/\/hi-techwonder.com\/es\/producto\/godox-flash-godox-speedlite-v350-s-para-sony\/","title":{"rendered":"Flash GODOX Speedlite V350-S para Sony"},"content":{"rendered":"<p>Flash de mano, ligero y con flashes profesionales imprescindibles, as\u00ed es el <strong>Godox350<\/strong> con bater\u00eda de mano, que peque\u00f1o y n\u00famero de gu\u00eda V de ISO 36 a 100. Este es un flash dise\u00f1ado e ideal para c\u00e1maras compactas y sin espejo, aunque se puede usar con la mayor\u00eda de c\u00e1maras DSLR del mercado. <\/p>\n<p> <span style=\"color: #000000\">Con bater\u00eda recargable casi todas las caracter\u00edsticas del modelo con bater\u00edas, pero la diferencia es que ahora se puede utilizar una bater\u00eda con una gran capacidad de capacidad que le permite casi tres veces m\u00e1s disparos y velocidad de reciclaje.<\/span><\/p>\n<p> <span style=\"font-size: small\"><strong>ASPECTOS DESTACADOS DEL PRODUCTO<\/strong><\/p>\n<p><\/span><\/p>\n<ul>\n<li> <span style=\"font-size: small\">Bater\u00eda recargable de iones de litio<\/span><\/li>\n<li> <span style=\"font-size: small\">Sistema de radio inal\u00e1mbrico XProS de 2,4 GHz<\/span><\/li>\n<li> <span style=\"font-size: small\">Tiempo de reciclaje: 0,1 &#8211; 1,7 segundos<\/span><\/li>\n<li> <span style=\"font-size: small\">TTL, sincronizaci\u00f3n de alta velocidad, sincronizaci\u00f3n a la cortinilla trasera<\/span><\/li>\n<li> <span style=\"font-size: small\">N\u00famero de gu\u00eda: 118&#8242; en ISO 100<\/span><\/li>\n<li> <span style=\"font-size: small\">Funcionalidad TTL maestro\/esclavo inal\u00e1mbrico<\/span><\/li>\n<\/ul>\n<div> <span style=\"font-size: small\">&nbsp;<\/span><\/div>\n<div> <span style=\"font-size: small\">Con funciones avanzadas que incluyen sincronizaci\u00f3n de alta velocidad, un sistema de radio integrado de 2,4 GHz y una bater\u00eda recargable de iones de litio capaz de 500 flashes de m\u00e1xima potencia, el flash compacto V350S de Godox es un activo valioso para los usuarios de c\u00e1maras Sony. Con un dise\u00f1o liviano y un n\u00famero de gu\u00eda de 118 &#8216;a ISO 100 y 105 mm, el V350S es \u00fatil para operar tanto dentro como fuera de la c\u00e1mara. Los usuarios tambi\u00e9n pueden usarlo como esclavo \u00f3ptico adem\u00e1s de usarlo como unidad maestra \/ esclava TTL de radio. Tambi\u00e9n es vers\u00e1til, con la capacidad de inclinarse de -7 a 90\u00b0 y girar 270\u00b0. M\u00faltiples funciones y caracter\u00edsticas integradas en la unidad, que incluyen HSS, flash estrobosc\u00f3pico, sincronizaci\u00f3n de la 1\u00aa y 2\u00aa cortina y un tiempo de reciclaje r\u00e1pido de 0,1 a 1,7 segundos. El flash es compatible con varias c\u00e1maras Sony, consulte las caracter\u00edsticas para obtener la lista.     <\/p>\n<p> <strong>Bater\u00eda recargable de iones de litio<\/strong><br \/> La bater\u00eda extra\u00edble y recargable ofrece hasta 500 flashes a plena potencia con una carga completa, mientras se recicla r\u00e1pidamente en 0,1 a 1,7 segundos.  <br \/><strong>&nbsp;<\/strong><\/span><\/div>\n<div> <span style=\"font-size: small\"><strong>Sistema de radio inal\u00e1mbrico XProS<\/strong><br \/> Se incorpora un sistema de radio XProS integrado de 2,4 GHz para el disparo inal\u00e1mbrico con un transmisor comprado por separado con un alcance de 164 pies. El sistema es compatible con todas las funciones principales de flash.   <br \/><strong>&nbsp;<\/strong><\/span><\/div>\n<div> <span style=\"font-size: small\"><strong>Amplia potencia<\/strong><br \/> Con un n\u00famero gu\u00eda de 118&#8242; a ISO 100 y 105 mm, la V350S proporcionar\u00e1 una amplia iluminaci\u00f3n para la mayor\u00eda de los sujetos. Tambi\u00e9n tiene un cabezal de zoom con un rango de 24-105 mm y un panel gran angular de 14 mm para usar una variedad de lentes diferentes.   <br \/><strong>&nbsp;<\/strong><\/span><\/div>\n<div> <span style=\"font-size: small\"><strong>Dise\u00f1o flexible<\/strong><br \/> El cabezal del flash se puede inclinar de -7 a 90\u00b0 y girar un total de 270\u00b0 para controlar el reflejo y d\u00f3nde incide la luz en la escena.  <br \/><strong>&nbsp;<\/strong><\/span><\/div>\n<div> <span style=\"font-size: small\"><strong>C\u00e1maras compatibles<\/strong><br \/> Sony: a7R, a7RII, a7RIII, a58, a99, ILCE6000L, a77II, RX10 y a9<\/span><\/div>\n<div> <span style=\"font-size: small\">&nbsp;<\/span><\/div>\n<div> <span style=\"font-size: small\">&nbsp;<\/span> <\/div>\n<div>\n<table style=\"margin: 0px 0px 35px;padding: 0px;border: 0px none;font-style: normal;font-weight: 400;font-size: 12px;line-height: inherit;vertical-align: baseline;border-collapse: separate;border-spacing: 0px;clear: both;width: 640px;color: #595959;letter-spacing: normal;text-align: start;text-indent: 0px;text-transform: none;white-space: normal\" border=\"0\">\n<tbody style=\"margin: 0px;padding: 0px;border: 0px none;font-style: inherit;font-variant: inherit;font-weight: inherit;font-size: inherit;line-height: inherit;vertical-align: baseline\">\n<tr style=\"margin: 0px;padding: 0px;border: 0px none;font-style: inherit;font-variant: inherit;font-weight: inherit;font-size: inherit;line-height: inherit;vertical-align: baseline\">\n<td style=\"margin: 0px;padding: 0px 0px 20px;font-style: inherit;font-variant: inherit;font-weight: inherit;line-height: 22px;vertical-align: baseline;text-align: left;width: 243px;border: medium 0px 1px none none solid currentcolor currentcolor #e6e7e8\"><span style=\"font-size: small\">Ensamblar<\/span> <\/td>\n<td style=\"margin: 0px;padding: 0px 0px 20px 40px;font-style: inherit;font-variant: inherit;font-weight: inherit;line-height: 22px;vertical-align: baseline;text-align: left;border: medium 0px 1px none none solid currentcolor currentcolor #e6e7e8\"> <span style=\"font-size: small\">Zapato<\/span> <\/td>\n<\/tr>\n<tr style=\"margin: 0px;padding: 0px;border: 0px none;font-style: inherit;font-variant: inherit;font-weight: inherit;font-size: inherit;line-height: inherit;vertical-align: baseline\">\n<td style=\"margin: 0px;padding: 20px 0px;font-style: inherit;font-variant: inherit;font-weight: inherit;line-height: 22px;vertical-align: baseline;text-align: left;width: 243px;border: medium 0px 1px none none solid currentcolor currentcolor #e6e7e8\"><span style=\"font-size: small\">Gu\u00eda No.<\/span> <\/td>\n<td style=\"margin: 0px;padding: 20px 0px 20px 40px;font-style: inherit;font-variant: inherit;font-weight: inherit;line-height: 22px;vertical-align: baseline;text-align: left;border: medium 0px 1px none none solid currentcolor currentcolor #e6e7e8\"> <span style=\"font-size: small\">118,11&#8242; \/ 36 m Posici\u00f3n ISO 100 a 105 mm<\/span> <\/td>\n<\/tr>\n<tr style=\"margin: 0px;padding: 0px;border: 0px none;font-style: inherit;font-variant: inherit;font-weight: inherit;font-size: inherit;line-height: inherit;vertical-align: baseline\">\n<td style=\"margin: 0px;padding: 20px 0px;font-style: inherit;font-variant: inherit;font-weight: inherit;line-height: 22px;vertical-align: baseline;text-align: left;width: 243px;border: medium 0px 1px none none solid currentcolor currentcolor #e6e7e8\"><span style=\"font-size: small\">Control de exposici\u00f3n<\/span> <\/td>\n<td style=\"margin: 0px;padding: 20px 0px 20px 40px;font-style: inherit;font-variant: inherit;font-weight: inherit;line-height: 22px;vertical-align: baseline;text-align: left;border: medium 0px 1px none none solid currentcolor currentcolor #e6e7e8\"> <span style=\"font-size: small\">Manual, TTL<\/span> <\/td>\n<\/tr>\n<tr style=\"margin: 0px;padding: 0px;border: 0px none;font-style: inherit;font-variant: inherit;font-weight: inherit;font-size: inherit;line-height: inherit;vertical-align: baseline\">\n<td style=\"margin: 0px;padding: 20px 0px;font-style: inherit;font-variant: inherit;font-weight: inherit;line-height: 22px;vertical-align: baseline;text-align: left;width: 243px;border: medium 0px 1px none none solid currentcolor currentcolor #e6e7e8\"><span style=\"font-size: small\">Vari-Potencia<\/span> <\/td>\n<td style=\"margin: 0px;padding: 20px 0px 20px 40px;font-style: inherit;font-variant: inherit;font-weight: inherit;line-height: 22px;vertical-align: baseline;text-align: left;border: medium 0px 1px none none solid currentcolor currentcolor #e6e7e8\"> <span style=\"font-size: small\">1\/1 &#8211; 1\/128<\/span> <\/td>\n<\/tr>\n<tr style=\"margin: 0px;padding: 0px;border: 0px none;font-style: inherit;font-variant: inherit;font-weight: inherit;font-size: inherit;line-height: inherit;vertical-align: baseline\">\n<td style=\"margin: 0px;padding: 20px 0px;font-style: inherit;font-variant: inherit;font-weight: inherit;line-height: 22px;vertical-align: baseline;text-align: left;width: 243px;border: medium 0px 1px none none solid currentcolor currentcolor #e6e7e8\"><span style=\"font-size: small\">Cabeza plegada<\/span> <\/td>\n<td style=\"margin: 0px;padding: 20px 0px 20px 40px;font-style: inherit;font-variant: inherit;font-weight: inherit;line-height: 22px;vertical-align: baseline;text-align: left;border: medium 0px 1px none none solid currentcolor currentcolor #e6e7e8\"> <span style=\"font-size: small\">S\u00ed, de -7 a 90\u00b0<\/span> <\/td>\n<\/tr>\n<tr style=\"margin: 0px;padding: 0px;border: 0px none;font-style: inherit;font-variant: inherit;font-weight: inherit;font-size: inherit;line-height: inherit;vertical-align: baseline\">\n<td style=\"margin: 0px;padding: 20px 0px;font-style: inherit;font-variant: inherit;font-weight: inherit;line-height: 22px;vertical-align: baseline;text-align: left;width: 243px;border: medium 0px 1px none none solid currentcolor currentcolor #e6e7e8\"><span style=\"font-size: small\">Cabezal giratorio<\/span> <\/td>\n<td style=\"margin: 0px;padding: 20px 0px 20px 40px;font-style: inherit;font-variant: inherit;font-weight: inherit;line-height: 22px;vertical-align: baseline;text-align: left;border: medium 0px 1px none none solid currentcolor currentcolor #e6e7e8\"> <span style=\"font-size: small\">270\u00b0<\/span> <\/td>\n<\/tr>\n<tr style=\"margin: 0px;padding: 0px;border: 0px none;font-style: inherit;font-variant: inherit;font-weight: inherit;font-size: inherit;line-height: inherit;vertical-align: baseline\">\n<td style=\"margin: 0px;padding: 20px 0px;font-style: inherit;font-variant: inherit;font-weight: inherit;line-height: 22px;vertical-align: baseline;text-align: left;width: 243px;border: medium 0px 1px none none solid currentcolor currentcolor #e6e7e8\"><span style=\"font-size: small\">Cubrir<\/span> <\/td>\n<td style=\"margin: 0px;padding: 20px 0px 20px 40px;font-style: inherit;font-variant: inherit;font-weight: inherit;line-height: 22px;vertical-align: baseline;text-align: left;border: medium 0px 1px none none solid currentcolor currentcolor #e6e7e8\"> <span style=\"font-size: small\">14 &#8211; 105 mm (fotograma completo)<\/span> <\/td>\n<\/tr>\n<tr style=\"margin: 0px;padding: 0px;border: 0px none;font-style: inherit;font-variant: inherit;font-weight: inherit;font-size: inherit;line-height: inherit;vertical-align: baseline\">\n<td style=\"margin: 0px;padding: 20px 0px;font-style: inherit;font-variant: inherit;font-weight: inherit;line-height: 22px;vertical-align: baseline;text-align: left;width: 243px;border: medium 0px 1px none none solid currentcolor currentcolor #e6e7e8\"><span style=\"font-size: small\">Cabezal de zoom<\/span> <\/td>\n<td style=\"margin: 0px;padding: 20px 0px 20px 40px;font-style: inherit;font-variant: inherit;font-weight: inherit;line-height: 22px;vertical-align: baseline;text-align: left;border: medium 0px 1px none none solid currentcolor currentcolor #e6e7e8\"> <span style=\"font-size: small\">Fotograma completo: 24 &#8211; 105 mm<\/span> <\/td>\n<\/tr>\n<tr style=\"margin: 0px;padding: 0px;border: 0px none;font-style: inherit;font-variant: inherit;font-weight: inherit;font-size: inherit;line-height: inherit;vertical-align: baseline\">\n<td style=\"margin: 0px;padding: 20px 0px;font-style: inherit;font-variant: inherit;font-weight: inherit;line-height: 22px;vertical-align: baseline;text-align: left;width: 243px;border: medium 0px 1px none none solid currentcolor currentcolor #e6e7e8\"><span style=\"font-size: small\">Terminal fuera de c\u00e1mara<\/span> <\/td>\n<td style=\"margin: 0px;padding: 20px 0px 20px 40px;font-style: inherit;font-variant: inherit;font-weight: inherit;line-height: 22px;vertical-align: baseline;text-align: left;border: medium 0px 1px none none solid currentcolor currentcolor #e6e7e8\"> <span style=\"font-size: small\"><em>Ninguno<\/em><\/span> <\/td>\n<\/tr>\n<tr style=\"margin: 0px;padding: 0px;border: 0px none;font-style: inherit;font-variant: inherit;font-weight: inherit;font-size: inherit;line-height: inherit;vertical-align: baseline\">\n<td style=\"margin: 0px;padding: 20px 0px;font-style: inherit;font-variant: inherit;font-weight: inherit;line-height: 22px;vertical-align: baseline;text-align: left;width: 243px;border: medium 0px 1px none none solid currentcolor currentcolor #e6e7e8\"><span style=\"font-size: small\">Tiempo de reciclaje<\/span> <\/td>\n<td style=\"margin: 0px;padding: 20px 0px 20px 40px;font-style: inherit;font-variant: inherit;font-weight: inherit;line-height: 22px;vertical-align: baseline;text-align: left;border: medium 0px 1px none none solid currentcolor currentcolor #e6e7e8\"> <span style=\"font-size: small\">Aproximadamente 0,1 &#8211; 1,7 segundos<\/span> <\/td>\n<\/tr>\n<tr style=\"margin: 0px;padding: 0px;border: 0px none;font-style: inherit;font-variant: inherit;font-weight: inherit;font-size: inherit;line-height: inherit;vertical-align: baseline\">\n<td style=\"margin: 0px;padding: 20px 0px;font-style: inherit;font-variant: inherit;font-weight: inherit;line-height: 22px;vertical-align: baseline;text-align: left;width: 243px;border: medium 0px 1px none none solid currentcolor currentcolor #e6e7e8\"><span style=\"font-size: small\">Duraci\u00f3n del flash<\/span> <\/td>\n<td style=\"margin: 0px;padding: 20px 0px 20px 40px;font-style: inherit;font-variant: inherit;font-weight: inherit;line-height: 22px;vertical-align: baseline;text-align: left;border: medium 0px 1px none none solid currentcolor currentcolor #e6e7e8\"> <span style=\"font-size: small\">1\/350 &#8211; 1\/20000 seg.<\/span> <\/td>\n<\/tr>\n<tr style=\"margin: 0px;padding: 0px;border: 0px none;font-style: inherit;font-variant: inherit;font-weight: inherit;font-size: inherit;line-height: inherit;vertical-align: baseline\">\n<td style=\"margin: 0px;padding: 20px 0px;font-style: inherit;font-variant: inherit;font-weight: inherit;line-height: 22px;vertical-align: baseline;text-align: left;width: 243px;border: medium 0px 1px none none solid currentcolor currentcolor #e6e7e8\"><span style=\"font-size: small\">Indicador de flash listo<\/span> <\/td>\n<td style=\"margin: 0px;padding: 20px 0px 20px 40px;font-style: inherit;font-variant: inherit;font-weight: inherit;line-height: 22px;vertical-align: baseline;text-align: left;border: medium 0px 1px none none solid currentcolor currentcolor #e6e7e8\"> <span style=\"font-size: small\">S\u00ed<\/span> <\/td>\n<\/tr>\n<tr style=\"margin: 0px;padding: 0px;border: 0px none;font-style: inherit;font-variant: inherit;font-weight: inherit;font-size: inherit;line-height: inherit;vertical-align: baseline\">\n<td style=\"margin: 0px;padding: 20px 0px;font-style: inherit;font-variant: inherit;font-weight: inherit;line-height: 22px;vertical-align: baseline;text-align: left;width: 243px;border: medium 0px 1px none none solid currentcolor currentcolor #e6e7e8\"><span style=\"font-size: small\">Compensaci\u00f3n<\/span> <\/td>\n<td style=\"margin: 0px;padding: 20px 0px 20px 40px;font-style: inherit;font-variant: inherit;font-weight: inherit;line-height: 22px;vertical-align: baseline;text-align: left;border: medium 0px 1px none none solid currentcolor currentcolor #e6e7e8\"> <span style=\"font-size: small\">De -3 EV a +3 EV (en pasos de 1\/3 EV)<\/span> <\/td>\n<\/tr>\n<tr style=\"margin: 0px;padding: 0px;border: 0px none;font-style: inherit;font-variant: inherit;font-weight: inherit;font-size: inherit;line-height: inherit;vertical-align: baseline\">\n<td style=\"margin: 0px;padding: 20px 0px;font-style: inherit;font-variant: inherit;font-weight: inherit;line-height: 22px;vertical-align: baseline;text-align: left;width: 243px;border: medium 0px 1px none none solid currentcolor currentcolor #e6e7e8\"><span style=\"font-size: small\">Modos de temporizaci\u00f3n esclava<\/span> <\/td>\n<td style=\"margin: 0px;padding: 20px 0px 20px 40px;font-style: inherit;font-variant: inherit;font-weight: inherit;line-height: 22px;vertical-align: baseline;text-align: left;border: medium 0px 1px none none solid currentcolor currentcolor #e6e7e8\"> <span style=\"font-size: small\"><span style=\"margin: 0px;padding: 0px;border: 0px none;font-style: inherit;font-variant: inherit;font-weight: inherit;line-height: inherit;vertical-align: baseline\">No especificado por el fabricante<\/span><\/span> <\/td>\n<\/tr>\n<tr style=\"margin: 0px;padding: 0px;border: 0px none;font-style: inherit;font-variant: inherit;font-weight: inherit;font-size: inherit;line-height: inherit;vertical-align: baseline\">\n<td style=\"margin: 0px;padding: 20px 0px;font-style: inherit;font-variant: inherit;font-weight: inherit;line-height: 22px;vertical-align: baseline;text-align: left;width: 243px;border: medium 0px 1px none none solid currentcolor currentcolor #e6e7e8\"> <span style=\"font-size: small\">Funcionamiento<\/span> <\/td>\n<td style=\"margin: 0px;padding: 20px 0px 20px 40px;font-style: inherit;font-variant: inherit;font-weight: inherit;line-height: 22px;vertical-align: baseline;text-align: left;border: medium 0px 1px none none solid currentcolor currentcolor #e6e7e8\">inal\u00e1mbrico <span style=\"font-size: small\">M\u00e9todo: RF<br \/> Distancia: Hasta 164.04&#8242; \/ 50 m<\/span> <\/td>\n<\/tr>\n<tr style=\"margin: 0px;padding: 0px;border: 0px none;font-style: inherit;font-variant: inherit;font-weight: inherit;font-size: inherit;line-height: inherit;vertical-align: baseline\">\n<td style=\"margin: 0px;padding: 20px 0px;font-style: inherit;font-variant: inherit;font-weight: inherit;line-height: 22px;vertical-align: baseline;text-align: left;width: 243px;border: medium 0px 1px none none solid currentcolor currentcolor #e6e7e8\"><span style=\"font-size: small\">Canales de comunicaci\u00f3n inal\u00e1mbricos<\/span> <\/td>\n<td style=\"margin: 0px;padding: 20px 0px 20px 40px;font-style: inherit;font-variant: inherit;font-weight: inherit;line-height: 22px;vertical-align: baseline;text-align: left;border: medium 0px 1px none none solid currentcolor currentcolor #e6e7e8\"> <span style=\"font-size: small\">16 canales<\/span> <\/td>\n<\/tr>\n<tr style=\"margin: 0px;padding: 0px;border: 0px none;font-style: inherit;font-variant: inherit;font-weight: inherit;font-size: inherit;line-height: inherit;vertical-align: baseline\">\n<td style=\"margin: 0px;padding: 20px 0px;font-style: inherit;font-variant: inherit;font-weight: inherit;line-height: 22px;vertical-align: baseline;text-align: left;width: 243px;border: medium 0px 1px none none solid currentcolor currentcolor #e6e7e8\"><span style=\"font-size: small\">Grupos inal\u00e1mbricos<\/span> <\/td>\n<td style=\"margin: 0px;padding: 20px 0px 20px 40px;font-style: inherit;font-variant: inherit;font-weight: inherit;line-height: 22px;vertical-align: baseline;text-align: left;border: medium 0px 1px none none solid currentcolor currentcolor #e6e7e8\"> <span style=\"font-size: small\">3 Grupos<\/span> <\/td>\n<\/tr>\n<tr style=\"margin: 0px;padding: 0px;border: 0px none;font-style: inherit;font-variant: inherit;font-weight: inherit;font-size: inherit;line-height: inherit;vertical-align: baseline\">\n<td style=\"margin: 0px;padding: 20px 0px;font-style: inherit;font-variant: inherit;font-weight: inherit;line-height: 22px;vertical-align: baseline;text-align: left;width: 243px;border: medium 0px 1px none none solid currentcolor currentcolor #e6e7e8\"><span style=\"font-size: small\">Fuente de alimentaci\u00f3n<\/span> <\/td>\n<td style=\"margin: 0px;padding: 20px 0px 20px 40px;font-style: inherit;font-variant: inherit;font-weight: inherit;line-height: 22px;vertical-align: baseline;text-align: left;border: medium 0px 1px none none solid currentcolor currentcolor #e6e7e8\"> <span style=\"font-size: small\">1x bater\u00eda de iones de litio recargable patentada<\/span> <\/td>\n<\/tr>\n<tr style=\"margin: 0px;padding: 0px;border: 0px none;font-style: inherit;font-variant: inherit;font-weight: inherit;font-size: inherit;line-height: inherit;vertical-align: baseline\">\n<td style=\"margin: 0px;padding: 20px 0px;font-style: inherit;font-variant: inherit;font-weight: inherit;line-height: 22px;vertical-align: baseline;text-align: left;width: 243px;border: medium 0px 1px none none solid currentcolor currentcolor #e6e7e8\"><span style=\"font-size: small\">Dimensiones (ancho x alto x profundidad)<\/span> <\/td>\n<td style=\"margin: 0px;padding: 20px 0px 20px 40px;font-style: inherit;font-variant: inherit;font-weight: inherit;line-height: 22px;vertical-align: baseline;text-align: left;border: medium 0px 1px none none solid currentcolor currentcolor #e6e7e8\"> <span style=\"font-size: small\">5,9 x 2,4 x 1,5&#8243; \/ 150,0 x 62,0 x 38,0 mm<\/span> <\/td>\n<\/tr>\n<tr style=\"margin: 0px;padding: 0px;border: 0px none;font-style: inherit;font-variant: inherit;font-weight: inherit;font-size: inherit;line-height: inherit;vertical-align: baseline\">\n<td style=\"margin: 0px;padding: 20px 0px;font-style: inherit;font-variant: inherit;font-weight: inherit;line-height: 22px;vertical-align: baseline;text-align: left;width: 243px;border: medium 0px 1px none none solid currentcolor currentcolor #e6e7e8\"> <span style=\"font-size: small\">Peso<\/span> <\/td>\n<td style=\"margin: 0px;padding: 20px 0px 20px 40px;font-style: inherit;font-variant: inherit;font-weight: inherit;line-height: 22px;vertical-align: baseline;text-align: left;border: medium 0px 1px none none solid currentcolor currentcolor #e6e7e8\"> <span style=\"font-size: small\">10.23 oz \/ 290 g <em>con bater\u00edas<\/em><\/span><\/td>\n<\/tr>\n<\/tbody>\n<\/table>\n<\/div>\n<div> <span style=\"font-size: small\">&nbsp;<\/span><\/div>\n","protected":false},"excerpt":{"rendered":"<p>Flash de mano, ligero y con flashes profesionales imprescindibles, as\u00ed es el Godox350 con bater\u00eda de mano, que peque\u00f1o y<\/p>\n","protected":false},"featured_media":56527,"comment_status":"closed","ping_status":"closed","template":"","meta":{"_acf_changed":false},"product_brand":[2555],"product_cat":[1024],"product_tag":[],"class_list":{"0":"post-72514","1":"product","2":"type-product","3":"status-publish","4":"has-post-thumbnail","6":"product_brand-godox-es","7":"product_cat-ttl-es","9":"first","10":"instock","11":"taxable","12":"shipping-taxable","13":"purchasable","14":"product-type-simple"},"bundled_by":[],"bundle_stock_status":"instock","bundle_stock_quantity":1,"bundle_virtual":false,"bundle_layout":"","bundle_add_to_cart_form_location":"","bundle_editable_in_cart":false,"bundle_sold_individually_context":"","bundle_item_grouping":"","bundle_min_size":"","bundle_max_size":"","bundle_price":[],"bundled_items":[],"bundle_sell_ids":[],"acf":[],"_links":{"self":[{"href":"https:\/\/hi-techwonder.com\/es\/wp-json\/wp\/v2\/product\/72514","targetHints":{"allow":["GET"]}}],"collection":[{"href":"https:\/\/hi-techwonder.com\/es\/wp-json\/wp\/v2\/product"}],"about":[{"href":"https:\/\/hi-techwonder.com\/es\/wp-json\/wp\/v2\/types\/product"}],"replies":[{"embeddable":true,"href":"https:\/\/hi-techwonder.com\/es\/wp-json\/wp\/v2\/comments?post=72514"}],"wp:featuredmedia":[{"embeddable":true,"href":"https:\/\/hi-techwonder.com\/es\/wp-json\/wp\/v2\/media\/56527"}],"wp:attachment":[{"href":"https:\/\/hi-techwonder.com\/es\/wp-json\/wp\/v2\/media?parent=72514"}],"wp:term":[{"taxonomy":"product_brand","embeddable":true,"href":"https:\/\/hi-techwonder.com\/es\/wp-json\/wp\/v2\/product_brand?post=72514"},{"taxonomy":"product_cat","embeddable":true,"href":"https:\/\/hi-techwonder.com\/es\/wp-json\/wp\/v2\/product_cat?post=72514"},{"taxonomy":"product_tag","embeddable":true,"href":"https:\/\/hi-techwonder.com\/es\/wp-json\/wp\/v2\/product_tag?post=72514"}],"curies":[{"name":"wp","href":"https:\/\/api.w.org\/{rel}","templated":true}]}}