{"id":72515,"date":"2025-07-29T10:05:40","date_gmt":"2025-07-29T10:05:40","guid":{"rendered":"https:\/\/fv6qoy3ls0.wpdns.site\/produto\/panel-led-flexible-godox-fl150s-60x60cm\/"},"modified":"2026-01-31T01:48:50","modified_gmt":"2026-01-31T01:48:50","slug":"godox-panel-led-flexible-godox-fl150s-60x60cm","status":"publish","type":"product","link":"https:\/\/hi-techwonder.com\/es\/producto\/godox-panel-led-flexible-godox-fl150s-60x60cm\/","title":{"rendered":"Panel LED flexible GODOX FL150S 60x60cm"},"content":{"rendered":"<p>Las luces LED de la serie FL son livianas, port\u00e1tiles, flexibles y maleables como piezas de tela para dar forma a lo que desee. Iluminaci\u00f3n de obras de arte, producci\u00f3n, grabaci\u00f3n de im\u00e1genes de alta calidad, fotograf\u00eda cinematogr\u00e1fica de la naturaleza, fotograf\u00eda de calidad como retratos LED y otros trabajos de iluminaci\u00f3n de alta calidad.   <\/p>\n<p><iframe loading=\"lazy\" src=\"\/\/www.youtube.com\/embed\/ls_exrEJ3NQ\" width=\"560\" height=\"314\" allowfullscreen=\"allowfullscreen\"><\/iframe> <strong>Caracter\u00edsticas principales:<\/strong><\/p>\n<ul>\n<li>  Efectos de luz suaves y uniformes y brillo de luz y temperatura de color ajustables.<\/li>\n<li>  Cuerpo compacto y port\u00e1til con gran potencia. Adecuado para iluminaci\u00f3n en espacios peque\u00f1os y estrechos. <\/li>\n<li>  Se puede doblar en diferentes formas y usar juntos para lograr efectos de luz creativos.<\/li>\n<li>  Logre un control inal\u00e1mbrico mediante el sistema de agrupaci\u00f3n de 433MHz (6 grupos y 16 canales) y la aplicaci\u00f3n para tel\u00e9fonos inteligentes a trav\u00e9s de Bluetooth.<\/li>\n<li>  Alimentado por bater\u00eda de litio o fuente de alimentaci\u00f3n de CC.<\/li>\n<li>  Con f\u00e1cil manejo, gran portabilidad y compatibilidad.<\/li>\n<li>  Trabaja con el kit de accesorios modificadores del mismo tama\u00f1o (se vende por separado) para obtener un efecto de iluminaci\u00f3n m\u00e1s suave.<\/li>\n<\/ul>\n<p>  Las luces LED flexibles de la serie Godox FL son livianas, port\u00e1tiles, flexibles y flexibles como piezas de tela para dar forma a lo que desee. Dise\u00f1adas para iluminaci\u00f3n de entrevistas, filmaci\u00f3n, grabaci\u00f3n de videos al aire libre, fotograf\u00eda de bodegones, retratos y otras aplicaciones, las luces LED flexibles producen luz de alta calidad con brillo de luz ajustable. <\/p>\n<p> <strong>Brillo (lux):<\/strong> 4300<\/p>\n<p> <strong>Brillo m\u00e1ximo en temperatura de color:<\/strong> 5600K<\/p>\n<p> <strong>Potencia:<\/strong> 150W<\/p>\n<p> <strong>Bater\u00eda de litio: Bater\u00eda<\/strong> Puerto en V<\/p>\n<p> <strong>Temperatura de color (K) +\/- 200K:<\/strong> 3300 &#8211; 5600<\/p>\n<p> <strong>TLCI:<\/strong> &gt;98<\/p>\n<p> <strong>CRI:<\/strong> &gt;96<\/p>\n<p> <strong>Rango de brillo de la luz:<\/strong> 10% -100%<\/p>\n<p> <strong>Temperatura de funcionamiento:<\/strong> -10 \u00b0C ~ 45 \u00b0C<\/p>\n<p> <strong>Canal:<\/strong> 16<\/p>\n<p> <strong>Grupo:<\/strong> 6 grupos (A, B, C, D, E, F)<\/p>\n<p> <strong>Distancia del control remoto inal\u00e1mbrico:<\/strong> &lt;30 m<\/p>\n<p> <strong>Distancia Bluetooth:<\/strong> &lt;50 m<\/p>\n<p> <strong>Fuente de alimentaci\u00f3n:<\/strong> CA 100-240V 50\/60Hz<\/p>\n<p> <strong>Dimensiones:<\/strong> 60x60cm<\/p>\n<p> <strong>Peso:<\/strong> 3,9 kg<\/p>\n","protected":false},"excerpt":{"rendered":"<p>Las luces LED de la serie FL son livianas, port\u00e1tiles, flexibles y maleables como piezas de tela para dar forma<\/p>\n","protected":false},"featured_media":58247,"comment_status":"closed","ping_status":"open","template":"","meta":{"_acf_changed":false},"product_brand":[2555],"product_cat":[998],"product_tag":[],"class_list":{"0":"post-72515","1":"product","2":"type-product","3":"status-publish","4":"has-post-thumbnail","6":"product_brand-godox-es","7":"product_cat-paneles-es","9":"first","10":"pre-order","11":"taxable","12":"shipping-taxable","13":"purchasable","14":"product-type-simple"},"bundled_by":[],"bundle_stock_status":"pre-order","bundle_stock_quantity":null,"bundle_virtual":false,"bundle_layout":"","bundle_add_to_cart_form_location":"","bundle_editable_in_cart":false,"bundle_sold_individually_context":"","bundle_item_grouping":"","bundle_min_size":"","bundle_max_size":"","bundle_price":[],"bundled_items":[],"bundle_sell_ids":[],"acf":[],"_links":{"self":[{"href":"https:\/\/hi-techwonder.com\/es\/wp-json\/wp\/v2\/product\/72515","targetHints":{"allow":["GET"]}}],"collection":[{"href":"https:\/\/hi-techwonder.com\/es\/wp-json\/wp\/v2\/product"}],"about":[{"href":"https:\/\/hi-techwonder.com\/es\/wp-json\/wp\/v2\/types\/product"}],"replies":[{"embeddable":true,"href":"https:\/\/hi-techwonder.com\/es\/wp-json\/wp\/v2\/comments?post=72515"}],"wp:featuredmedia":[{"embeddable":true,"href":"https:\/\/hi-techwonder.com\/es\/wp-json\/wp\/v2\/media\/58247"}],"wp:attachment":[{"href":"https:\/\/hi-techwonder.com\/es\/wp-json\/wp\/v2\/media?parent=72515"}],"wp:term":[{"taxonomy":"product_brand","embeddable":true,"href":"https:\/\/hi-techwonder.com\/es\/wp-json\/wp\/v2\/product_brand?post=72515"},{"taxonomy":"product_cat","embeddable":true,"href":"https:\/\/hi-techwonder.com\/es\/wp-json\/wp\/v2\/product_cat?post=72515"},{"taxonomy":"product_tag","embeddable":true,"href":"https:\/\/hi-techwonder.com\/es\/wp-json\/wp\/v2\/product_tag?post=72515"}],"curies":[{"name":"wp","href":"https:\/\/api.w.org\/{rel}","templated":true}]}}