{"id":72517,"date":"2025-07-28T23:42:48","date_gmt":"2025-07-28T23:42:48","guid":{"rendered":"https:\/\/fv6qoy3ls0.wpdns.site\/produto\/godox-jirafa-lb03-con-contrapeso\/"},"modified":"2026-04-02T10:41:38","modified_gmt":"2026-04-02T09:41:38","slug":"godox-jirafa-lb03-con-contrapeso","status":"publish","type":"product","link":"https:\/\/hi-techwonder.com\/es\/producto\/godox-jirafa-lb03-con-contrapeso\/","title":{"rendered":"GODOX Jirafa LB03 con contrapeso"},"content":{"rendered":"<p>El LB03 consta de un tr\u00edpode, un contrapeso y un brazo telesc\u00f3pico que est\u00e1 equipado con una espiga.<\/p>\n<p>Cuando est\u00e1 completamente extendido, tiene una longitud de 265 cm y el tr\u00edpode tiene una altura m\u00e1xima de 200 cm.<\/p>\n<p>El contrapeso incluido pesa 4 kg.<\/p>\n<p>Godox LB-03 se utiliza en fotograf\u00eda de estudio y de localizaci\u00f3n para suspender la luz sobre el sujeto o la escena que desea capturar.<\/p>\n<p>La longitud de la pluma es de 2 m y el peso de la bolsa de arena de contrapeso de 4 kg.<\/p>\n","protected":false},"excerpt":{"rendered":"<p>El LB03 consta de un tr\u00edpode, un contrapeso y un brazo telesc\u00f3pico que est\u00e1 equipado con una espiga. Cuando est\u00e1<\/p>\n","protected":false},"featured_media":26625,"comment_status":"closed","ping_status":"open","template":"","meta":{"_acf_changed":false},"product_brand":[2555],"product_cat":[969],"product_tag":[],"class_list":{"0":"post-72517","1":"product","2":"type-product","3":"status-publish","4":"has-post-thumbnail","6":"product_brand-godox-es","7":"product_cat-jirafas","9":"first","10":"instock","11":"taxable","12":"shipping-taxable","13":"purchasable","14":"product-type-simple"},"bundled_by":[],"bundle_stock_status":"instock","bundle_stock_quantity":4,"bundle_virtual":false,"bundle_layout":"","bundle_add_to_cart_form_location":"","bundle_editable_in_cart":false,"bundle_sold_individually_context":"","bundle_item_grouping":"","bundle_min_size":"","bundle_max_size":"","bundle_price":[],"bundled_items":[],"bundle_sell_ids":[],"acf":[],"_links":{"self":[{"href":"https:\/\/hi-techwonder.com\/es\/wp-json\/wp\/v2\/product\/72517","targetHints":{"allow":["GET"]}}],"collection":[{"href":"https:\/\/hi-techwonder.com\/es\/wp-json\/wp\/v2\/product"}],"about":[{"href":"https:\/\/hi-techwonder.com\/es\/wp-json\/wp\/v2\/types\/product"}],"replies":[{"embeddable":true,"href":"https:\/\/hi-techwonder.com\/es\/wp-json\/wp\/v2\/comments?post=72517"}],"wp:featuredmedia":[{"embeddable":true,"href":"https:\/\/hi-techwonder.com\/es\/wp-json\/wp\/v2\/media\/26625"}],"wp:attachment":[{"href":"https:\/\/hi-techwonder.com\/es\/wp-json\/wp\/v2\/media?parent=72517"}],"wp:term":[{"taxonomy":"product_brand","embeddable":true,"href":"https:\/\/hi-techwonder.com\/es\/wp-json\/wp\/v2\/product_brand?post=72517"},{"taxonomy":"product_cat","embeddable":true,"href":"https:\/\/hi-techwonder.com\/es\/wp-json\/wp\/v2\/product_cat?post=72517"},{"taxonomy":"product_tag","embeddable":true,"href":"https:\/\/hi-techwonder.com\/es\/wp-json\/wp\/v2\/product_tag?post=72517"}],"curies":[{"name":"wp","href":"https:\/\/api.w.org\/{rel}","templated":true}]}}