{"id":72518,"date":"2025-07-29T10:14:56","date_gmt":"2025-07-29T10:14:56","guid":{"rendered":"https:\/\/fv6qoy3ls0.wpdns.site\/produto\/rejilla-de-softbox-godox-qr-p70\/"},"modified":"2026-02-06T16:46:12","modified_gmt":"2026-02-06T16:46:12","slug":"godox-rejilla-de-softbox-godox-qr-p70","status":"publish","type":"product","link":"https:\/\/hi-techwonder.com\/es\/producto\/godox-rejilla-de-softbox-godox-qr-p70\/","title":{"rendered":"Rejilla de softbox GODOX QR-P70"},"content":{"rendered":"<p><strong>Rejilla de softbox GODOX QR-P70<\/strong><\/p>\n<p><strong>Funciones:&nbsp;<\/strong><\/p>\n<ul>\n<li>Elimina la luz par\u00e1sita<\/li>\n<li>Control direccional &#8211; Iluminaci\u00f3n selectiva<\/li>\n<li>Rejilla de tela plegable<\/li>\n<li>Fabricado para la caja de luz de la serie Godox QR<\/li>\n<\/ul>\n<p><strong>Contenido del paquete:<\/strong><\/p>\n<ul>\n<li>1 x Rejilla de caja de luz QR-P70<\/li>\n<\/ul>\n<p><strong>Informaci\u00f3n<\/strong><\/p>\n<p style=\"padding-left: 40px\">Rejilla Godox Softbox QR-P70<\/p>\n<ul>\n<li>Rejilla Godox para softbox QR-P70 caja de liberaci\u00f3n r\u00e1pida. El modificador de tela plegable reduce la dispersi\u00f3n del haz de la caja de luz, elimina la luz derramada y proporciona el control direccional necesario para la iluminaci\u00f3n selectiva. <\/li>\n<\/ul>\n","protected":false},"excerpt":{"rendered":"<p>Rejilla de softbox GODOX QR-P70 Funciones:&nbsp; Elimina la luz par\u00e1sita Control direccional &#8211; Iluminaci\u00f3n selectiva Rejilla de tela plegable Fabricado<\/p>\n","protected":false},"featured_media":60748,"comment_status":"closed","ping_status":"open","template":"","meta":{"_acf_changed":false},"product_brand":[2555],"product_cat":[1007],"product_tag":[],"class_list":{"0":"post-72518","1":"product","2":"type-product","3":"status-publish","4":"has-post-thumbnail","6":"product_brand-godox-es","7":"product_cat-sofboxes-es","9":"first","10":"onbackorder","11":"taxable","12":"shipping-taxable","13":"purchasable","14":"product-type-simple"},"bundled_by":[],"bundle_stock_status":"onbackorder","bundle_stock_quantity":null,"bundle_virtual":false,"bundle_layout":"","bundle_add_to_cart_form_location":"","bundle_editable_in_cart":false,"bundle_sold_individually_context":"","bundle_item_grouping":"","bundle_min_size":"","bundle_max_size":"","bundle_price":[],"bundled_items":[],"bundle_sell_ids":[],"acf":[],"_links":{"self":[{"href":"https:\/\/hi-techwonder.com\/es\/wp-json\/wp\/v2\/product\/72518","targetHints":{"allow":["GET"]}}],"collection":[{"href":"https:\/\/hi-techwonder.com\/es\/wp-json\/wp\/v2\/product"}],"about":[{"href":"https:\/\/hi-techwonder.com\/es\/wp-json\/wp\/v2\/types\/product"}],"replies":[{"embeddable":true,"href":"https:\/\/hi-techwonder.com\/es\/wp-json\/wp\/v2\/comments?post=72518"}],"wp:featuredmedia":[{"embeddable":true,"href":"https:\/\/hi-techwonder.com\/es\/wp-json\/wp\/v2\/media\/60748"}],"wp:attachment":[{"href":"https:\/\/hi-techwonder.com\/es\/wp-json\/wp\/v2\/media?parent=72518"}],"wp:term":[{"taxonomy":"product_brand","embeddable":true,"href":"https:\/\/hi-techwonder.com\/es\/wp-json\/wp\/v2\/product_brand?post=72518"},{"taxonomy":"product_cat","embeddable":true,"href":"https:\/\/hi-techwonder.com\/es\/wp-json\/wp\/v2\/product_cat?post=72518"},{"taxonomy":"product_tag","embeddable":true,"href":"https:\/\/hi-techwonder.com\/es\/wp-json\/wp\/v2\/product_tag?post=72518"}],"curies":[{"name":"wp","href":"https:\/\/api.w.org\/{rel}","templated":true}]}}