{"id":72520,"date":"2025-07-28T23:42:48","date_gmt":"2025-07-28T23:42:48","guid":{"rendered":"https:\/\/fv6qoy3ls0.wpdns.site\/produto\/godox-jirafa-lb02-con-contrapeso\/"},"modified":"2026-03-12T17:40:03","modified_gmt":"2026-03-12T17:40:03","slug":"godox-jirafa-lb02-con-contrapeso","status":"publish","type":"product","link":"https:\/\/hi-techwonder.com\/es\/producto\/godox-jirafa-lb02-con-contrapeso\/","title":{"rendered":"GODOX Jirafa LB02 con contrapeso"},"content":{"rendered":"<p><span style=\"font-size: small;\">El LB02 consta de un tr\u00edpode, un contrapeso y un brazo y se suministra con una abrazadera de inclinaci\u00f3n, que se monta en la parte superior del soporte de luz. <\/p>\n<p>Ideal para luces y efectos de luz desde atr\u00e1s o desde arriba.<\/p>\n<p>El brazo es telesc\u00f3pico y est\u00e1 equipado con una tija de sill\u00edn.<\/p>\n<p>Cuando est\u00e1 completamente extendido, el tr\u00edpode tiene una longitud de 265 cm y el tr\u00edpode tiene una altura m\u00e1xima de 180 cm.<\/p>\n<p>El contrapeso incluido pesa 4 kg.<\/p>\n<p><strong>Contenido de la caja:<\/strong><br \/><\/span><\/p>\n<ul>\n<li><span style=\"font-size: small;\">1x Tr\u00edpode<\/span><\/li>\n<li><span style=\"font-size: small;\">1x Brazo<\/span><\/li>\n<li><span style=\"font-size: small;\">1x Contrapeso<\/span><\/li>\n<\/ul>\n<div><span style=\"font-size: small;\">&nbsp;<\/span><\/div>\n<div>\n<table style=\"border-collapse: collapse; border-spacing: 0px; color: #434343; font-size: 14px; font-style: normal; font-variant-ligatures: normal; font-variant-caps: normal; font-weight: 400; letter-spacing: normal; text-align: start; text-indent: 0px; text-transform: none; white-space: normal; word-spacing: 0px; -webkit-text-stroke-width: 0px; background-color: #ffffff; text-decoration-style: initial; text-decoration-color: initial; width: 700px;\" border=\"0\">\n<tbody>\n<tr style=\"border: 1px solid #b8b8b8;\">\n<td style=\"border: 1px solid #b8b8b8; padding: 5px;\">\n<p style=\"font-style: normal; font-weight: normal; margin: 0px; padding: 6px 0px;\"><span style=\"font-size: small;\">Longitud m\u00e1xima (cm): <\/span><\/p>\n<\/td>\n<td style=\"border: 1px solid #b8b8b8; padding: 5px;\">\n<p style=\"font-style: normal; font-weight: normal; margin: 0px; padding: 6px 0px;\"><span style=\"font-size: small;\">265<\/span><\/p>\n<\/td>\n<\/tr>\n<tr style=\"border: 1px solid #b8b8b8;\">\n<td style=\"border: 1px solid #b8b8b8; padding: 5px;\" width=\"208\">\n<p style=\"font-style: normal; font-weight: normal; margin: 0px; padding: 6px 0px;\"><span style=\"font-size: small;\">Altura m\u00e1xima (cm): <\/span><\/p>\n<\/td>\n<td style=\"border: 1px solid #b8b8b8; padding: 5px;\" width=\"482\">\n<p style=\"font-style: normal; font-weight: normal; margin: 0px; padding: 6px 0px;\"><span style=\"font-size: small;\">180<\/span><\/p>\n<\/td>\n<\/tr>\n<tr style=\"border: 1px solid #b8b8b8;\">\n<td style=\"border: 1px solid #b8b8b8; padding: 5px;\">\n<p style=\"font-style: normal; font-weight: normal; margin: 0px; padding: 6px 0px;\"><span style=\"font-size: small;\">Conexi\u00f3n:<\/span><\/p>\n<\/td>\n<td style=\"border: 1px solid #b8b8b8; padding: 5px;\">\n<p style=\"font-style: normal; font-weight: normal; margin: 0px; padding: 6px 0px;\"><span style=\"font-size: small;\">Clavar&nbsp;<\/span><\/p>\n<\/td>\n<\/tr>\n<tr style=\"border: 1px solid #b8b8b8;\">\n<td style=\"border: 1px solid #b8b8b8; padding: 5px;\">\n<p style=\"font-style: normal; font-weight: normal; margin: 0px; padding: 6px 0px;\"><span style=\"font-size: small;\">Di\u00e1metro del tubo (cm):<\/span><\/p>\n<\/td>\n<td style=\"border: 1px solid #b8b8b8; padding: 5px;\">\n<p style=\"font-style: normal; font-weight: normal; margin: 0px; padding: 6px 0px;\"><span style=\"font-size: small;\">34,5 mm y 29,5 mm<\/span><\/p>\n<\/td>\n<\/tr>\n<tr style=\"border: 1px solid #b8b8b8;\">\n<td style=\"border: 1px solid #b8b8b8; padding: 5px;\">\n<p style=\"font-style: normal; font-weight: normal; margin: 0px; padding: 6px 0px;\"><span style=\"font-size: small;\">Material:<\/span><\/p>\n<\/td>\n<td style=\"border: 1px solid #b8b8b8; padding: 5px;\">\n<p style=\"font-style: normal; font-weight: normal; margin: 0px; padding: 6px 0px;\"><span style=\"font-size: small;\">Aluminio<\/span><\/p>\n<\/td>\n<\/tr>\n<\/tbody>\n<\/table>\n<\/div>\n<div><span style=\"font-size: small;\">&nbsp;<\/span><\/div>\n","protected":false},"excerpt":{"rendered":"<p>El LB02 consta de un tr\u00edpode, un contrapeso y un brazo y se suministra con una abrazadera de inclinaci\u00f3n, que<\/p>\n","protected":false},"featured_media":26611,"comment_status":"closed","ping_status":"open","template":"","meta":{"_acf_changed":false},"product_brand":[2555],"product_cat":[969],"product_tag":[],"class_list":{"0":"post-72520","1":"product","2":"type-product","3":"status-publish","4":"has-post-thumbnail","6":"product_brand-godox-es","7":"product_cat-jirafas","9":"first","10":"instock","11":"taxable","12":"shipping-taxable","13":"purchasable","14":"product-type-simple"},"bundled_by":[],"bundle_stock_status":"instock","bundle_stock_quantity":2,"bundle_virtual":false,"bundle_layout":"","bundle_add_to_cart_form_location":"","bundle_editable_in_cart":false,"bundle_sold_individually_context":"","bundle_item_grouping":"","bundle_min_size":"","bundle_max_size":"","bundle_price":[],"bundled_items":[],"bundle_sell_ids":[],"acf":[],"_links":{"self":[{"href":"https:\/\/hi-techwonder.com\/es\/wp-json\/wp\/v2\/product\/72520","targetHints":{"allow":["GET"]}}],"collection":[{"href":"https:\/\/hi-techwonder.com\/es\/wp-json\/wp\/v2\/product"}],"about":[{"href":"https:\/\/hi-techwonder.com\/es\/wp-json\/wp\/v2\/types\/product"}],"replies":[{"embeddable":true,"href":"https:\/\/hi-techwonder.com\/es\/wp-json\/wp\/v2\/comments?post=72520"}],"wp:featuredmedia":[{"embeddable":true,"href":"https:\/\/hi-techwonder.com\/es\/wp-json\/wp\/v2\/media\/26611"}],"wp:attachment":[{"href":"https:\/\/hi-techwonder.com\/es\/wp-json\/wp\/v2\/media?parent=72520"}],"wp:term":[{"taxonomy":"product_brand","embeddable":true,"href":"https:\/\/hi-techwonder.com\/es\/wp-json\/wp\/v2\/product_brand?post=72520"},{"taxonomy":"product_cat","embeddable":true,"href":"https:\/\/hi-techwonder.com\/es\/wp-json\/wp\/v2\/product_cat?post=72520"},{"taxonomy":"product_tag","embeddable":true,"href":"https:\/\/hi-techwonder.com\/es\/wp-json\/wp\/v2\/product_tag?post=72520"}],"curies":[{"name":"wp","href":"https:\/\/api.w.org\/{rel}","templated":true}]}}