{"id":72525,"date":"2025-07-29T10:20:07","date_gmt":"2025-07-29T10:20:07","guid":{"rendered":"https:\/\/fv6qoy3ls0.wpdns.site\/produto\/rejilla-godox-ad-s12-filtros-de-color-ad-s11-para-ad200\/"},"modified":"2026-01-31T01:41:24","modified_gmt":"2026-01-31T01:41:24","slug":"godox-rejilla-godox-ad-s12-filtros-de-color-ad-s11-para-ad200","status":"publish","type":"product","link":"https:\/\/hi-techwonder.com\/es\/producto\/godox-rejilla-godox-ad-s12-filtros-de-color-ad-s11-para-ad200\/","title":{"rendered":"Rejilla GODOX AD-S12 + Filtros de color AD-S11 para AD200"},"content":{"rendered":"<p>Esto puede limitar la luz y ofrecer sombras m\u00e1s n\u00edtidas.<\/p>\n<p>Este conjunto incluye cuatro filtros de color (rojo, amarillo, azul y verde) para colorear la luz de fondo.<\/p>\n<p><strong>Caracter\u00edsticas del producto:<\/strong><\/p>\n<ul>\n<li>Paquete de filtros de cuatro colores (verde, amarillo, rojo, azul)<\/li>\n<li>Los filtros se pueden fijar f\u00e1cil y r\u00e1pidamente al reflector est\u00e1ndar mediante un anillo de retenci\u00f3n negro.<\/li>\n<li>Cubierta de nido de abeja est\u00e1ndar, dise\u00f1ada para trabajar con reflector est\u00e1ndar.<\/li>\n<li>Limita la propagaci\u00f3n de la luz y proporciona sombras m\u00e1s n\u00edtidas.<\/li>\n<li>Godox AD-S11 Paquete de gel de filtro de color con reflector de cubierta de rejilla de nido de abeja AD-S12 para Witstro Flash AD200 AD360II AD180 AD360<\/li>\n<li>Tama\u00f1o del filtro: 120 mm<\/li>\n<\/ul>\n<p>Los flashes Godox AD-S11 color Gel and Grid For Witstro vienen con cuatro colores en un paquete para colorear la luz de fondo. Fijaci\u00f3n f\u00e1cil y r\u00e1pida al reflector est\u00e1ndar mediante un anillo de retenci\u00f3n negro. Limita la propagaci\u00f3n de la luz y proporciona sombras m\u00e1s n\u00edtidas.  <\/p>\n<p>El paquete <strong>incluye:<\/strong> 4 x Filtro de color (Rojo, Azul, Verde, Amarillo) 1 x Rejilla para reflector est\u00e1ndar<\/p>\n","protected":false},"excerpt":{"rendered":"<p>Esto puede limitar la luz y ofrecer sombras m\u00e1s n\u00edtidas. Este conjunto incluye cuatro filtros de color (rojo, amarillo, azul<\/p>\n","protected":false},"featured_media":61853,"comment_status":"closed","ping_status":"open","template":"","meta":{"_acf_changed":false},"product_brand":[2555],"product_cat":[1003],"product_tag":[],"class_list":{"0":"post-72525","1":"product","2":"type-product","3":"status-publish","4":"has-post-thumbnail","6":"product_brand-godox-es","7":"product_cat-filtros-geles","9":"first","10":"instock","11":"taxable","12":"shipping-taxable","13":"purchasable","14":"product-type-simple"},"bundled_by":[],"bundle_stock_status":"instock","bundle_stock_quantity":1,"bundle_virtual":false,"bundle_layout":"","bundle_add_to_cart_form_location":"","bundle_editable_in_cart":false,"bundle_sold_individually_context":"","bundle_item_grouping":"","bundle_min_size":"","bundle_max_size":"","bundle_price":[],"bundled_items":[],"bundle_sell_ids":[],"acf":[],"_links":{"self":[{"href":"https:\/\/hi-techwonder.com\/es\/wp-json\/wp\/v2\/product\/72525","targetHints":{"allow":["GET"]}}],"collection":[{"href":"https:\/\/hi-techwonder.com\/es\/wp-json\/wp\/v2\/product"}],"about":[{"href":"https:\/\/hi-techwonder.com\/es\/wp-json\/wp\/v2\/types\/product"}],"replies":[{"embeddable":true,"href":"https:\/\/hi-techwonder.com\/es\/wp-json\/wp\/v2\/comments?post=72525"}],"wp:featuredmedia":[{"embeddable":true,"href":"https:\/\/hi-techwonder.com\/es\/wp-json\/wp\/v2\/media\/61853"}],"wp:attachment":[{"href":"https:\/\/hi-techwonder.com\/es\/wp-json\/wp\/v2\/media?parent=72525"}],"wp:term":[{"taxonomy":"product_brand","embeddable":true,"href":"https:\/\/hi-techwonder.com\/es\/wp-json\/wp\/v2\/product_brand?post=72525"},{"taxonomy":"product_cat","embeddable":true,"href":"https:\/\/hi-techwonder.com\/es\/wp-json\/wp\/v2\/product_cat?post=72525"},{"taxonomy":"product_tag","embeddable":true,"href":"https:\/\/hi-techwonder.com\/es\/wp-json\/wp\/v2\/product_tag?post=72525"}],"curies":[{"name":"wp","href":"https:\/\/api.w.org\/{rel}","templated":true}]}}