{"id":72526,"date":"2025-07-29T10:19:33","date_gmt":"2025-07-29T10:19:33","guid":{"rendered":"https:\/\/fv6qoy3ls0.wpdns.site\/produto\/godox-bandeja-reflectante-para-ad600pro\/"},"modified":"2025-10-10T13:03:50","modified_gmt":"2025-10-10T13:03:50","slug":"godox-bandeja-reflectante-para-ad600pro","status":"publish","type":"product","link":"https:\/\/hi-techwonder.com\/es\/producto\/godox-bandeja-reflectante-para-ad600pro\/","title":{"rendered":"GODOX Bandeja reflectante para AD600PRO"},"content":{"rendered":"<p><strong>Sart\u00e9n reflectante Godox para AD600PRO<\/strong><\/p>\n<p>Este reflector est\u00e1ndar crea una luz m\u00e1s brillante y dura.<br \/>Se puede combinar con palas, jaleas, colmenas, etc.<\/p>\n<p><strong>Contenido de la caja:<\/strong><\/p>\n<ul>\n<li>1x Bandeja reflectante<\/li>\n<\/ul>\n","protected":false},"excerpt":{"rendered":"<p>Sart\u00e9n reflectante Godox para AD600PRO Este reflector est\u00e1ndar crea una luz m\u00e1s brillante y dura.Se puede combinar con palas, jaleas,<\/p>\n","protected":false},"featured_media":61691,"comment_status":"closed","ping_status":"open","template":"","meta":{"_acf_changed":false},"product_brand":[2555],"product_cat":[1002],"product_tag":[],"class_list":{"0":"post-72526","1":"product","2":"type-product","3":"status-publish","4":"has-post-thumbnail","6":"product_brand-godox-es","7":"product_cat-beauty-dish-es","9":"first","10":"pre-order","11":"taxable","12":"shipping-taxable","13":"purchasable","14":"product-type-simple"},"bundled_by":[],"bundle_stock_status":"pre-order","bundle_stock_quantity":null,"bundle_virtual":false,"bundle_layout":"","bundle_add_to_cart_form_location":"","bundle_editable_in_cart":false,"bundle_sold_individually_context":"","bundle_item_grouping":"","bundle_min_size":"","bundle_max_size":"","bundle_price":[],"bundled_items":[],"bundle_sell_ids":[],"acf":[],"_links":{"self":[{"href":"https:\/\/hi-techwonder.com\/es\/wp-json\/wp\/v2\/product\/72526","targetHints":{"allow":["GET"]}}],"collection":[{"href":"https:\/\/hi-techwonder.com\/es\/wp-json\/wp\/v2\/product"}],"about":[{"href":"https:\/\/hi-techwonder.com\/es\/wp-json\/wp\/v2\/types\/product"}],"replies":[{"embeddable":true,"href":"https:\/\/hi-techwonder.com\/es\/wp-json\/wp\/v2\/comments?post=72526"}],"wp:featuredmedia":[{"embeddable":true,"href":"https:\/\/hi-techwonder.com\/es\/wp-json\/wp\/v2\/media\/61691"}],"wp:attachment":[{"href":"https:\/\/hi-techwonder.com\/es\/wp-json\/wp\/v2\/media?parent=72526"}],"wp:term":[{"taxonomy":"product_brand","embeddable":true,"href":"https:\/\/hi-techwonder.com\/es\/wp-json\/wp\/v2\/product_brand?post=72526"},{"taxonomy":"product_cat","embeddable":true,"href":"https:\/\/hi-techwonder.com\/es\/wp-json\/wp\/v2\/product_cat?post=72526"},{"taxonomy":"product_tag","embeddable":true,"href":"https:\/\/hi-techwonder.com\/es\/wp-json\/wp\/v2\/product_tag?post=72526"}],"curies":[{"name":"wp","href":"https:\/\/api.w.org\/{rel}","templated":true}]}}