{"id":72535,"date":"2025-07-29T10:15:35","date_gmt":"2025-07-29T10:15:35","guid":{"rendered":"https:\/\/fv6qoy3ls0.wpdns.site\/produto\/soporte-godox-s-type-speedlite-para-bowens\/"},"modified":"2026-01-31T01:45:11","modified_gmt":"2026-01-31T01:45:11","slug":"godox-soporte-godox-s-type-speedlite-para-bowens","status":"publish","type":"product","link":"https:\/\/hi-techwonder.com\/es\/producto\/godox-soporte-godox-s-type-speedlite-para-bowens\/","title":{"rendered":"Soporte GODOX S-Type Speedlite para Bowens"},"content":{"rendered":"<p><strong><span style=\"font-size: 12pt\">Este modelo no es compatible con los flashes de cabeza redonda Godox ni con otros fabricantes.&nbsp;<\/strong><\/span><\/p>\n<p><strong><span style=\"font-size: 12pt\"><br \/><\/strong><\/span><\/p>\n<p><strong><span style=\"font-size: 12pt\">Soporte Godox S-Type Speedlite para Bowens<\/strong><\/span><\/p>\n<p><strong><span style=\"font-size: 12pt\"><br \/><\/strong><\/span><\/p>\n<p><font color=\"#545353\">Ajustable para adaptarse a la mayor\u00eda de los flashes Speedlite, el soporte Speedlite Godox S-Type para Bowens le permite maximizar el potencial del flash de la c\u00e1mara mientras le permite usar accesorios Bowens. El soporte soporta el flash vertical u horizontalmente, empleando una presi\u00f3n ligera y sin ara\u00f1azos en lugar de sujetadores t\u00e1ctiles o cinta adhesiva. Los modificadores de luz, como reflectores, cajas de luz y snoots, se montan delante de la montura, como lo har\u00edan en un cabezal de flash Bowens. El soporte se inclina casi 180 grados y tiene un receptor de 5\/8&#8243; para el montaje del soporte.   <\/font><\/p>\n<p><font color=\"#545353\"><b>Ventajas:<\/b><\/font><\/p>\n<p><font color=\"#545353\">No se desmonta antes o despu\u00e9s.<\/font><\/p>\n<p><font color=\"#545353\">Montaje de un flash speedlite vertical u horizontalmente.<\/font><\/p>\n<p><font color=\"#545353\">Soportes de presi\u00f3n ligera, sin sujetadores t\u00e1ctiles.<\/font><\/p>\n<p><font color=\"#545353\">Ajustable para todas las marcas de flashes speedlites.<\/font><\/p>\n<p><font color=\"#545353\">Permite el uso de modificadores de luz de estudio.<\/font><\/p>\n<p><font color=\"#545353\">Canal de entrada para sombrilla.<\/font><\/p>\n<ul>\n<\/ul>\n<p><\/p>\n<h2 class=\"western\" style=\"font-style: normal;font-weight: normal\"><strong><span style=\"font-size: 12pt\"><span style=\"font-family: OpenSans, Segoe UI, Helvetica, Roboto, Arial, sans-serif\">Especificaciones de Godox S-Type:<\/span><\/strong><\/span><\/h2>\n<table border=\"0\" width=\"308\" cellspacing=\"0\" cellpadding=\"2\">\n<colgroup>\n<col width=\"80\">\n<col width=\"220\"> <\/colgroup>\n<tbody>\n<tr>\n<td width=\"80\"> Montar <\/td>\n<td width=\"220\"> Receptor de 5\/8&#8243; (16 mm) <\/td>\n<\/tr>\n<tr>\n<td width=\"80\"> Dimensiones<\/td>\n<td width=\"220\">22 x 15 x 5,5 cm<\/td>\n<\/tr>\n<tr>\n<td width=\"80\"> Peso<\/td>\n<td width=\"220\">410 g<\/td>\n<\/tr>\n<\/tbody>\n<\/table>\n","protected":false},"excerpt":{"rendered":"<p>Este modelo no es compatible con los flashes de cabeza redonda Godox ni con otros fabricantes.&nbsp; Soporte Godox S-Type Speedlite<\/p>\n","protected":false},"featured_media":60786,"comment_status":"closed","ping_status":"open","template":"","meta":{"_acf_changed":false},"product_brand":[2555],"product_cat":[1008],"product_tag":[],"class_list":{"0":"post-72535","1":"product","2":"type-product","3":"status-publish","4":"has-post-thumbnail","6":"product_brand-godox-es","7":"product_cat-adaptadores-ventanas","9":"first","10":"instock","11":"taxable","12":"shipping-taxable","13":"purchasable","14":"product-type-simple"},"bundled_by":[],"bundle_stock_status":"instock","bundle_stock_quantity":6,"bundle_virtual":false,"bundle_layout":"","bundle_add_to_cart_form_location":"","bundle_editable_in_cart":false,"bundle_sold_individually_context":"","bundle_item_grouping":"","bundle_min_size":"","bundle_max_size":"","bundle_price":[],"bundled_items":[],"bundle_sell_ids":[],"acf":[],"_links":{"self":[{"href":"https:\/\/hi-techwonder.com\/es\/wp-json\/wp\/v2\/product\/72535","targetHints":{"allow":["GET"]}}],"collection":[{"href":"https:\/\/hi-techwonder.com\/es\/wp-json\/wp\/v2\/product"}],"about":[{"href":"https:\/\/hi-techwonder.com\/es\/wp-json\/wp\/v2\/types\/product"}],"replies":[{"embeddable":true,"href":"https:\/\/hi-techwonder.com\/es\/wp-json\/wp\/v2\/comments?post=72535"}],"wp:featuredmedia":[{"embeddable":true,"href":"https:\/\/hi-techwonder.com\/es\/wp-json\/wp\/v2\/media\/60786"}],"wp:attachment":[{"href":"https:\/\/hi-techwonder.com\/es\/wp-json\/wp\/v2\/media?parent=72535"}],"wp:term":[{"taxonomy":"product_brand","embeddable":true,"href":"https:\/\/hi-techwonder.com\/es\/wp-json\/wp\/v2\/product_brand?post=72535"},{"taxonomy":"product_cat","embeddable":true,"href":"https:\/\/hi-techwonder.com\/es\/wp-json\/wp\/v2\/product_cat?post=72535"},{"taxonomy":"product_tag","embeddable":true,"href":"https:\/\/hi-techwonder.com\/es\/wp-json\/wp\/v2\/product_tag?post=72535"}],"curies":[{"name":"wp","href":"https:\/\/api.w.org\/{rel}","templated":true}]}}