{"id":72536,"date":"2025-07-28T23:41:57","date_gmt":"2025-07-28T23:41:57","guid":{"rendered":"https:\/\/fv6qoy3ls0.wpdns.site\/produto\/soporte-de-luz-de-video-godox-sa5045\/"},"modified":"2026-04-15T18:16:31","modified_gmt":"2026-04-15T17:16:31","slug":"godox-soporte-de-luz-de-video-godox-sa5045","status":"publish","type":"product","link":"https:\/\/hi-techwonder.com\/es\/producto\/godox-soporte-de-luz-de-video-godox-sa5045\/","title":{"rendered":"Soporte de luz de video GODOX SA5045"},"content":{"rendered":"<p><strong>Soporte de luz de video GODOX SA5045<\/strong><\/p>\n<p>El soporte de luz de video Godox SA5045 es un soporte resistente que puede soportar hasta 40 kg y cuenta con una base y ruedas plegables. Le brinda una excelente estabilidad gracias a su construcci\u00f3n robusta y dise\u00f1o s\u00f3lido. La altura desplegada del soporte var\u00eda de 146 cm a 450 cm. Con una pata ajustable, el soporte puede extenderse para nivelarlo en terrenos irregulares, en escaleras o en espacios reducidos. En el soporte se presentan un receptor Junior de 1-1\/8&#8243; y un pasador retr\u00e1ctil de 5\/8&#8243; que se puede girar 90 grados para permitir que el equipo se monte vertical u horizontalmente.    <\/p>\n<p><strong>Funciones:<\/strong><\/p>\n<ul>\n<li>Min. Altura abierta: 146 cm <\/li>\n<li>M\u00e1ximo. Altura abierta: 450 cm <\/li>\n<li>Capacidad de peso: 40kg<\/li>\n<li>Peso: 16,2 kg<\/li>\n<\/ul>\n","protected":false},"excerpt":{"rendered":"<p>Soporte de luz de video GODOX SA5045 El soporte de luz de video Godox SA5045 es un soporte resistente que<\/p>\n","protected":false},"featured_media":26363,"comment_status":"closed","ping_status":"open","template":"","meta":{"_acf_changed":false},"product_brand":[2555],"product_cat":[971],"product_tag":[],"class_list":{"0":"post-72536","1":"product","2":"type-product","3":"status-publish","4":"has-post-thumbnail","6":"product_brand-godox-es","7":"product_cat-pies-foco","9":"first","10":"pre-order","11":"taxable","12":"shipping-taxable","13":"purchasable","14":"product-type-simple"},"bundled_by":[],"bundle_stock_status":"pre-order","bundle_stock_quantity":null,"bundle_virtual":false,"bundle_layout":"","bundle_add_to_cart_form_location":"","bundle_editable_in_cart":false,"bundle_sold_individually_context":"","bundle_item_grouping":"","bundle_min_size":"","bundle_max_size":"","bundle_price":[],"bundled_items":[],"bundle_sell_ids":[],"acf":[],"_links":{"self":[{"href":"https:\/\/hi-techwonder.com\/es\/wp-json\/wp\/v2\/product\/72536","targetHints":{"allow":["GET"]}}],"collection":[{"href":"https:\/\/hi-techwonder.com\/es\/wp-json\/wp\/v2\/product"}],"about":[{"href":"https:\/\/hi-techwonder.com\/es\/wp-json\/wp\/v2\/types\/product"}],"replies":[{"embeddable":true,"href":"https:\/\/hi-techwonder.com\/es\/wp-json\/wp\/v2\/comments?post=72536"}],"wp:featuredmedia":[{"embeddable":true,"href":"https:\/\/hi-techwonder.com\/es\/wp-json\/wp\/v2\/media\/26363"}],"wp:attachment":[{"href":"https:\/\/hi-techwonder.com\/es\/wp-json\/wp\/v2\/media?parent=72536"}],"wp:term":[{"taxonomy":"product_brand","embeddable":true,"href":"https:\/\/hi-techwonder.com\/es\/wp-json\/wp\/v2\/product_brand?post=72536"},{"taxonomy":"product_cat","embeddable":true,"href":"https:\/\/hi-techwonder.com\/es\/wp-json\/wp\/v2\/product_cat?post=72536"},{"taxonomy":"product_tag","embeddable":true,"href":"https:\/\/hi-techwonder.com\/es\/wp-json\/wp\/v2\/product_tag?post=72536"}],"curies":[{"name":"wp","href":"https:\/\/api.w.org\/{rel}","templated":true}]}}