{"id":72537,"date":"2025-07-29T09:56:48","date_gmt":"2025-07-29T09:56:48","guid":{"rendered":"https:\/\/fv6qoy3ls0.wpdns.site\/produto\/gatillo-godox-rt-16\/"},"modified":"2026-03-06T16:30:43","modified_gmt":"2026-03-06T16:30:43","slug":"godox-gatillo-godox-rt-16","status":"publish","type":"product","link":"https:\/\/hi-techwonder.com\/es\/producto\/godox-gatillo-godox-rt-16\/","title":{"rendered":"Gatillo GODOX RT-16"},"content":{"rendered":"<p><strong>Gatillo GODOX RT-16<\/strong><\/p>\n<p>El Godox RT-16 es un conjunto de disparadores que consta de un transmisor y un receptor para disparar de forma remota un cabezal de flash de estudio. Este conjunto tiene diecis\u00e9is canales y opera a la frecuencia de 433MHz. En campo abierto, el conjunto tiene un alcance de unos 30 m. Puede controlar varios receptores con el transmisor. El transmisor se conecta a la zapata o al puerto de PC de la c\u00e1mara. Tanto el receptor como el transmisor est\u00e1n equipados con un LED para verificar el funcionamiento. El transmisor funciona con una bater\u00eda de 12V23A y el receptor con dos bater\u00edas AAA.      <\/p>\n<p><strong>Funciones<\/strong><\/p>\n<ul>\n<li>Luz LED para indicaci\u00f3n de activaci\u00f3n<\/li>\n<li>Alcance: unos 30 m<\/li>\n<li>Frecuencia: 433MHz<\/li>\n<li>N\u00famero de canales: 16<\/li>\n<li>Velocidad de sincronizaci\u00f3n: 1\/200s<\/li>\n<li>Fuente de alimentaci\u00f3n del receptor: 2 pilas AAA<\/li>\n<li>Transmisor de energ\u00eda: bater\u00eda de 12V23A<\/li>\n<\/ul>\n<p><strong>En la caja<\/strong><\/p>\n<ul>\n<li>1 x Transmisor&nbsp;<\/li>\n<li>1 x receptor con cable jack de 3,5 mm<\/li>\n<li>1 x Adaptador\/convertidor Jack de 3,5 mm a 6,35 mm&nbsp;&nbsp;<\/li>\n<\/ul>\n","protected":false},"excerpt":{"rendered":"<p>Gatillo GODOX RT-16 El Godox RT-16 es un conjunto de disparadores que consta de un transmisor y un receptor para<\/p>\n","protected":false},"featured_media":56267,"comment_status":"closed","ping_status":"closed","template":"","meta":{"_acf_changed":false},"product_brand":[2555],"product_cat":[984],"product_tag":[],"class_list":{"0":"post-72537","1":"product","2":"type-product","3":"status-publish","4":"has-post-thumbnail","6":"product_brand-godox-es","7":"product_cat-disparadores-luz","9":"first","10":"instock","11":"taxable","12":"shipping-taxable","13":"purchasable","14":"product-type-simple"},"bundled_by":[],"bundle_stock_status":"instock","bundle_stock_quantity":1,"bundle_virtual":false,"bundle_layout":"","bundle_add_to_cart_form_location":"","bundle_editable_in_cart":false,"bundle_sold_individually_context":"","bundle_item_grouping":"","bundle_min_size":"","bundle_max_size":"","bundle_price":[],"bundled_items":[],"bundle_sell_ids":[],"acf":[],"_links":{"self":[{"href":"https:\/\/hi-techwonder.com\/es\/wp-json\/wp\/v2\/product\/72537","targetHints":{"allow":["GET"]}}],"collection":[{"href":"https:\/\/hi-techwonder.com\/es\/wp-json\/wp\/v2\/product"}],"about":[{"href":"https:\/\/hi-techwonder.com\/es\/wp-json\/wp\/v2\/types\/product"}],"replies":[{"embeddable":true,"href":"https:\/\/hi-techwonder.com\/es\/wp-json\/wp\/v2\/comments?post=72537"}],"wp:featuredmedia":[{"embeddable":true,"href":"https:\/\/hi-techwonder.com\/es\/wp-json\/wp\/v2\/media\/56267"}],"wp:attachment":[{"href":"https:\/\/hi-techwonder.com\/es\/wp-json\/wp\/v2\/media?parent=72537"}],"wp:term":[{"taxonomy":"product_brand","embeddable":true,"href":"https:\/\/hi-techwonder.com\/es\/wp-json\/wp\/v2\/product_brand?post=72537"},{"taxonomy":"product_cat","embeddable":true,"href":"https:\/\/hi-techwonder.com\/es\/wp-json\/wp\/v2\/product_cat?post=72537"},{"taxonomy":"product_tag","embeddable":true,"href":"https:\/\/hi-techwonder.com\/es\/wp-json\/wp\/v2\/product_tag?post=72537"}],"curies":[{"name":"wp","href":"https:\/\/api.w.org\/{rel}","templated":true}]}}