{"id":72540,"date":"2025-07-29T10:02:40","date_gmt":"2025-07-29T10:02:40","guid":{"rendered":"https:\/\/fv6qoy3ls0.wpdns.site\/produto\/godox-ring72-macro-anillo-de-luz\/"},"modified":"2026-02-15T11:03:38","modified_gmt":"2026-02-15T11:03:38","slug":"godox-ring72-macro-anillo-de-luz","status":"publish","type":"product","link":"https:\/\/hi-techwonder.com\/es\/producto\/godox-ring72-macro-anillo-de-luz\/","title":{"rendered":"GODOX RING72 Macro Anillo de luz"},"content":{"rendered":"<p>Prep\u00e1rate para tus primeros planos con la luz LED RING72 Macro Ring de Godox. Equipado con 72 LED balanceados para luz diurna de 5600K, los fot\u00f3grafos y vide\u00f3grafos pueden disfrutar de una fuente de luz constante y brillante con un rango de primer plano efectivo. Adem\u00e1s, el dise\u00f1o circular ayuda a iluminar uniformemente peque\u00f1os sujetos macro, as\u00ed como a crear hermosos focos para retratos. Para un mayor control sobre la luz, los usuarios pueden elegir entre tener todo el anillo encendido o solo el lado izquierdo o derecho, lo que permite controlar la luz que incide sobre el objeto.   <\/p>\n<p>El RING72 se monta directamente en la mayor\u00eda de los lentes y viene con anillos adaptadores de 49, 52, 55, 62, 67, 72 y 77 mm.<\/p>\n<p><iframe loading=\"lazy\" style=\"min-height: 500px; width: 100%; height: auto;\" src=\"https:\/\/www.youtube.com\/embed\/S4jMDzjIhtI\" width=\"560\" height=\"314\" allowfullscreen=\"allowfullscreen\"><\/iframe><\/p>\n<h2 class=\"western\" style=\"font-style: normal; font-weight: normal;\"><strong><span style=\"font-family: OpenSans, Segoe UI, Helvetica, Roboto, Arial, sans-serif;\"><span style=\"font-size: medium;\">Especificaciones de Godox Ring72<\/span><\/span><\/strong><\/h2>\n<p><strong> <\/strong><\/p>\n<p style=\"margin-bottom: 0cm; border-top: none; border-bottom: 1.00pt solid #cdcdcd; border-left: none; border-right: none; font-style: normal; font-weight: normal; line-height: 200%; widows: 2; orphans: 2; padding: 0cm 0cm 0.05cm 0cm;\"><strong> <span style=\"font-family: OpenSans, Segoe UI, Helvetica, Roboto, Arial, sans-serif;\"><span style=\"font-size: medium;\">LED<\/span><\/span><\/strong><\/p>\n<table border=\"0\" width=\"212\" cellspacing=\"0\" cellpadding=\"2\">\n<colgroup>\n<col width=\"124\">\n<col width=\"79\"> <\/colgroup>\n<tbody>\n<tr>\n<td width=\"124\">\n<p style=\"border: none; padding: 0cm; font-weight: normal;\" align=\"LEFT\">N\u00famero de LED<\/p>\n<\/td>\n<td width=\"79\">\n<p style=\"border: none; padding: 0cm; font-weight: normal;\">72<\/p>\n<\/td>\n<\/tr>\n<tr>\n<td width=\"124\">\n<p style=\"border: none; padding: 0cm; font-weight: normal;\" align=\"LEFT\">Temperatura de color<\/p>\n<\/td>\n<td width=\"79\">\n<p style=\"border: none; padding: 0cm; font-weight: normal;\">5600K<\/p>\n<\/td>\n<\/tr>\n<tr>\n<td width=\"124\">\n<p style=\"border: none; padding: 0cm; font-weight: normal;\" align=\"LEFT\">Atenuaci\u00f3n<\/p>\n<\/td>\n<td width=\"79\">\n<p style=\"border: none; padding: 0cm; font-weight: normal;\">Del 100 al 10%<\/p>\n<\/td>\n<\/tr>\n<\/tbody>\n<\/table>\n<p style=\"margin-bottom: 0cm; border-top: none; border-bottom: 1.00pt solid #cdcdcd; border-left: none; border-right: none; font-style: normal; font-weight: normal; line-height: 200%; widows: 2; orphans: 2; padding: 0cm 0cm 0.05cm 0cm;\"><strong> <span style=\"font-family: OpenSans, Segoe UI, Helvetica, Roboto, Arial, sans-serif;\"><span style=\"font-size: medium;\">Poder<\/span><\/span><\/strong><\/p>\n<table border=\"0\" width=\"275\" cellspacing=\"0\" cellpadding=\"2\">\n<colgroup>\n<col width=\"97\">\n<col width=\"170\"> <\/colgroup>\n<tbody>\n<tr>\n<td width=\"97\">\n<p style=\"border: none; padding: 0cm; font-weight: normal;\" align=\"LEFT\">Alimentaci\u00f3n interna<\/p>\n<\/td>\n<td width=\"170\">\n<p style=\"border: none; padding: 0cm; font-weight: normal;\"><strong>4 x <\/strong>AA<\/p>\n<\/td>\n<\/tr>\n<tr>\n<td width=\"97\">\n<p style=\"border: none; padding: 0cm; font-weight: normal;\" align=\"LEFT\">Alimentaci\u00f3n de CA<\/p>\n<\/td>\n<td width=\"170\">\n<p style=\"border: none; padding: 0cm; font-weight: normal;\">S\u00ed, a trav\u00e9s del adaptador incluido<\/p>\n<\/td>\n<\/tr>\n<\/tbody>\n<\/table>\n<p style=\"margin-bottom: 0cm; border-top: none; border-bottom: 1.00pt solid #cdcdcd; border-left: none; border-right: none; font-style: normal; font-weight: normal; line-height: 200%; widows: 2; orphans: 2; padding: 0cm 0cm 0.05cm 0cm;\"><strong> <span style=\"font-family: OpenSans, Segoe UI, Helvetica, Roboto, Arial, sans-serif;\"><span style=\"font-size: medium;\">General<\/span><\/span><\/strong><\/p>\n<table border=\"0\" width=\"642\" cellspacing=\"0\" cellpadding=\"2\">\n<colgroup>\n<col width=\"144\">\n<col width=\"491\"> <\/colgroup>\n<tbody>\n<tr>\n<td width=\"144\">\n<p style=\"border: none; padding: 0cm; font-weight: normal;\" align=\"LEFT\">Montar<\/p>\n<\/td>\n<td width=\"491\">\n<p style=\"border: none; padding: 0cm; font-weight: normal;\">Soporte de zapata<\/p>\n<\/td>\n<\/tr>\n<tr>\n<td width=\"144\">\n<p style=\"border: none; padding: 0cm; font-weight: normal;\" align=\"LEFT\">Compatibilidad de lentes<\/p>\n<\/td>\n<td width=\"491\">\n<p style=\"border: none; padding: 0cm; font-weight: normal;\">Roscas de filtro de 49 mm \/ 52 mm \/ 55 mm \/ 58 mm \/ 62 mm \/ 67 mm \/ 72 mm \/ 72 mm \/ 77 mm (a trav\u00e9s del anillo adaptador incluido)<\/p>\n<\/td>\n<\/tr>\n<tr>\n<td width=\"144\">\n<p style=\"border: none; padding: 0cm; font-weight: normal;\" align=\"LEFT\">Monitor<\/p>\n<\/td>\n<td width=\"491\">\n<p style=\"border: none; padding: 0cm; font-weight: normal;\"><em>Ninguno<\/em><\/p>\n<\/td>\n<\/tr>\n<tr>\n<td width=\"144\">\n<p style=\"border: none; padding: 0cm; font-weight: normal;\" align=\"LEFT\">Dimensiones (ancho x alto x profundidad)<\/p>\n<\/td>\n<td width=\"491\">\n<p style=\"border: none; padding: 0cm; font-weight: normal;\">3,3 x 2,8 x 2,0&#8243; \/ 84,0 x 71,5 x 50,5 mm (controlador)<br \/>5,2 x 5,2 x 1,2&#8243; \/ 132,0 x 132,0 x 30,0 mm (anillo)<\/p>\n<\/td>\n<\/tr>\n<tr>\n<td width=\"144\">\n<p style=\"border: none; padding: 0cm; font-weight: normal;\" align=\"LEFT\">Peso<\/p>\n<\/td>\n<td width=\"491\">\n<p style=\"border: none; padding: 0cm; font-weight: normal;\">8,6 oz \/ 245 g (sin bater\u00eda)<\/p>\n<\/td>\n<\/tr>\n<\/tbody>\n<\/table>\n","protected":false},"excerpt":{"rendered":"<p>Prep\u00e1rate para tus primeros planos con la luz LED RING72 Macro Ring de Godox. Equipado con 72 LED balanceados para<\/p>\n","protected":false},"featured_media":57456,"comment_status":"closed","ping_status":"open","template":"","meta":{"_acf_changed":false},"product_brand":[2555],"product_cat":[993],"product_tag":[],"class_list":{"0":"post-72540","1":"product","2":"type-product","3":"status-publish","4":"has-post-thumbnail","6":"product_brand-godox-es","7":"product_cat-anulares","9":"first","10":"instock","11":"taxable","12":"shipping-taxable","13":"purchasable","14":"product-type-simple"},"bundled_by":[],"bundle_stock_status":"instock","bundle_stock_quantity":1,"bundle_virtual":false,"bundle_layout":"","bundle_add_to_cart_form_location":"","bundle_editable_in_cart":false,"bundle_sold_individually_context":"","bundle_item_grouping":"","bundle_min_size":"","bundle_max_size":"","bundle_price":[],"bundled_items":[],"bundle_sell_ids":[],"acf":[],"_links":{"self":[{"href":"https:\/\/hi-techwonder.com\/es\/wp-json\/wp\/v2\/product\/72540","targetHints":{"allow":["GET"]}}],"collection":[{"href":"https:\/\/hi-techwonder.com\/es\/wp-json\/wp\/v2\/product"}],"about":[{"href":"https:\/\/hi-techwonder.com\/es\/wp-json\/wp\/v2\/types\/product"}],"replies":[{"embeddable":true,"href":"https:\/\/hi-techwonder.com\/es\/wp-json\/wp\/v2\/comments?post=72540"}],"wp:featuredmedia":[{"embeddable":true,"href":"https:\/\/hi-techwonder.com\/es\/wp-json\/wp\/v2\/media\/57456"}],"wp:attachment":[{"href":"https:\/\/hi-techwonder.com\/es\/wp-json\/wp\/v2\/media?parent=72540"}],"wp:term":[{"taxonomy":"product_brand","embeddable":true,"href":"https:\/\/hi-techwonder.com\/es\/wp-json\/wp\/v2\/product_brand?post=72540"},{"taxonomy":"product_cat","embeddable":true,"href":"https:\/\/hi-techwonder.com\/es\/wp-json\/wp\/v2\/product_cat?post=72540"},{"taxonomy":"product_tag","embeddable":true,"href":"https:\/\/hi-techwonder.com\/es\/wp-json\/wp\/v2\/product_tag?post=72540"}],"curies":[{"name":"wp","href":"https:\/\/api.w.org\/{rel}","templated":true}]}}