{"id":72543,"date":"2025-07-29T10:00:16","date_gmt":"2025-07-29T10:00:16","guid":{"rendered":"https:\/\/fv6qoy3ls0.wpdns.site\/produto\/godox-reporter-snoot-y-parrilla\/"},"modified":"2025-07-29T10:00:16","modified_gmt":"2025-07-29T10:00:16","slug":"godox-reporter-snoot-y-parrilla","status":"publish","type":"product","link":"https:\/\/hi-techwonder.com\/es\/producto\/godox-reporter-snoot-y-parrilla\/","title":{"rendered":"GODOX Reporter Snoot y Parrilla"},"content":{"rendered":"<p><span style=\"font-size: small;\">Juego de dos snoots para flashes Reporter que permiten un control muy preciso del haz de luz. Estos modificadores de luz son extremadamente \u00fatiles en fotograf\u00eda de retratos y publicidad. Un Snoot en forma de cono se usa generalmente cuando un fot\u00f3grafo desea que solo se ilumine una peque\u00f1a parte del paisaje, produce un flujo estrecho de luz que crea l\u00edneas de sombra muy duras. Es una herramienta perfecta para iluminar el cabello en fotos de retratos. El juego incluye una correa de nido de abeja, lo que le permite producir una iluminaci\u00f3n a\u00fan m\u00e1s contrastante.    <br \/><\/span><\/p>\n<p><span style=\"font-size: small;\"><strong>Recursos:<\/strong><br \/><\/span><\/p>\n<ul>\n<li><span style=\"font-size: small;\">Peque\u00f1o y port\u00e1til, f\u00e1cil y r\u00e1pido de instalar.<\/span><\/li>\n<li><span style=\"font-size: small;\">Enfoca la luz en un \u00e1rea peque\u00f1a y resalta los detalles del producto.<\/span><\/li>\n<li><span style=\"font-size: small;\">El panal genera una luz potente y dirigida. Las zonas fronterizas desaparecen en la oscuridad. <\/span><\/li>\n<li><span style=\"font-size: small;\">Material: Aleaci\u00f3n de aluminio.<\/span><\/li>\n<\/ul>\n<p><span style=\"font-size: small;\"><br \/><strong>El kit incluye:<\/strong><br \/><\/span><\/p>\n<ul>\n<li><span style=\"font-size: small;\">1x Snoot c\u00f3nico de nido de abeja<\/span><\/li>\n<li><span style=\"font-size: small;\">1x Snoot cil\u00edndrico de nido de abeja<\/span><\/li>\n<\/ul>\n<p><span style=\"font-size: small;\"><strong>Especificaci\u00f3n:<\/strong><br \/><\/span><\/p>\n<ul>\n<li><span style=\"font-size: small;\">Reportero Cuadralista Snoot y Grid<\/span><\/li>\n<li><span style=\"font-size: small;\">Mango cil\u00edndrico 40x117mm<\/span><\/li>\n<li><span style=\"font-size: small;\">Mango cil\u00edndrico 80x150mm<\/span><\/li>\n<li><span style=\"font-size: small;\">Peso: 110g<\/span><\/li>\n<\/ul>\n","protected":false},"excerpt":{"rendered":"<p>Juego de dos snoots para flashes Reporter que permiten un control muy preciso del haz de luz. Estos modificadores de<\/p>\n","protected":false},"featured_media":57005,"comment_status":"closed","ping_status":"open","template":"","meta":{"_acf_changed":false},"product_brand":[2555],"product_cat":[1023],"product_tag":[],"class_list":{"0":"post-72543","1":"product","2":"type-product","3":"status-publish","4":"has-post-thumbnail","6":"product_brand-godox-es","7":"product_cat-modificadores-de-luz-es","9":"first","10":"instock","11":"taxable","12":"shipping-taxable","13":"purchasable","14":"product-type-simple"},"bundled_by":[],"bundle_stock_status":"instock","bundle_stock_quantity":1,"bundle_virtual":false,"bundle_layout":"","bundle_add_to_cart_form_location":"","bundle_editable_in_cart":false,"bundle_sold_individually_context":"","bundle_item_grouping":"","bundle_min_size":"","bundle_max_size":"","bundle_price":[],"bundled_items":[],"bundle_sell_ids":[],"acf":[],"_links":{"self":[{"href":"https:\/\/hi-techwonder.com\/es\/wp-json\/wp\/v2\/product\/72543","targetHints":{"allow":["GET"]}}],"collection":[{"href":"https:\/\/hi-techwonder.com\/es\/wp-json\/wp\/v2\/product"}],"about":[{"href":"https:\/\/hi-techwonder.com\/es\/wp-json\/wp\/v2\/types\/product"}],"replies":[{"embeddable":true,"href":"https:\/\/hi-techwonder.com\/es\/wp-json\/wp\/v2\/comments?post=72543"}],"wp:featuredmedia":[{"embeddable":true,"href":"https:\/\/hi-techwonder.com\/es\/wp-json\/wp\/v2\/media\/57005"}],"wp:attachment":[{"href":"https:\/\/hi-techwonder.com\/es\/wp-json\/wp\/v2\/media?parent=72543"}],"wp:term":[{"taxonomy":"product_brand","embeddable":true,"href":"https:\/\/hi-techwonder.com\/es\/wp-json\/wp\/v2\/product_brand?post=72543"},{"taxonomy":"product_cat","embeddable":true,"href":"https:\/\/hi-techwonder.com\/es\/wp-json\/wp\/v2\/product_cat?post=72543"},{"taxonomy":"product_tag","embeddable":true,"href":"https:\/\/hi-techwonder.com\/es\/wp-json\/wp\/v2\/product_tag?post=72543"}],"curies":[{"name":"wp","href":"https:\/\/api.w.org\/{rel}","templated":true}]}}