{"id":72548,"date":"2025-07-28T23:38:43","date_gmt":"2025-07-28T23:38:43","guid":{"rendered":"https:\/\/fv6qoy3ls0.wpdns.site\/produto\/godox-reflector-plegable-5-en-1-rft-06-80cm\/"},"modified":"2026-04-01T16:53:43","modified_gmt":"2026-04-01T15:53:43","slug":"godox-reflector-plegable-5-en-1-rft-06-80cm","status":"publish","type":"product","link":"https:\/\/hi-techwonder.com\/es\/producto\/godox-reflector-plegable-5-en-1-rft-06-80cm\/","title":{"rendered":"GODOX Reflector Plegable 5 en 1 RFT-06 80cm"},"content":{"rendered":"<h3 data-start=\"0\" data-end=\"44\"><strong data-start=\"4\" data-end=\"44\">Reflector plegable Godox 5 en 1 RFT-06 80 cm<\/strong><\/h3>\n<hr data-start=\"46\" data-end=\"49\">\n<h3 data-start=\"51\" data-end=\"74\"><strong data-start=\"55\" data-end=\"74\">Funciones<\/strong><\/h3>\n<ul data-start=\"76\" data-end=\"939\">\n<li data-start=\"76\" data-end=\"214\"><strong data-start=\"78\" data-end=\"97\">Dise\u00f1o plegable<\/strong><br data-start=\"97\" data-end=\"100\">La forma circular de 80 cm se pliega hasta un di\u00e1metro mucho m\u00e1s peque\u00f1o, lo que facilita su transporte y almacenamiento.<\/li>\n<li data-start=\"215\" data-end=\"360\"><strong data-start=\"217\" data-end=\"240\">Uso vers\u00e1til<\/strong><br data-start=\"240\" data-end=\"243\">Se puede utilizar en el estudio o en exteriores, con cualquier tipo de fuente de luz (flash, luz continua o luz solar).<\/li>\n<li data-start=\"361\" data-end=\"561\"><strong data-start=\"363\" data-end=\"389\">Control de iluminaci\u00f3n<\/strong><br data-start=\"389\" data-end=\"392\">Ideal para corregir, difundir o incluso bloquear la luz, permitiendo una gran variedad de efectos en retratos, fotograf\u00eda de producto, naturaleza, primeros planos, entre otros.<\/li>\n<li data-start=\"562\" data-end=\"727\"><strong data-start=\"564\" data-end=\"601\">Compatible con fotos y videos<\/strong><br data-start=\"601\" data-end=\"604\">Adecuado para fotograf\u00eda anal\u00f3gica y digital, as\u00ed como para aplicaciones de video, lo que ayuda a crear una luz m\u00e1s suave y ajustada.<\/li>\n<li data-start=\"728\" data-end=\"939\"><strong data-start=\"730\" data-end=\"764\">Efecto de tonos c\u00e1lidos y fr\u00edos<\/strong><br data-start=\"764\" data-end=\"767\">La superficie dorada genera una luz c\u00e1lida, mientras que la superficie plateada da un tono fr\u00edo con alto contraste. Las otras caras ofrecen una variedad a\u00fan mayor de opciones. <\/li>\n<\/ul>\n<hr data-start=\"941\" data-end=\"944\">\n<h3 data-start=\"946\" data-end=\"975\"><strong data-start=\"950\" data-end=\"975\">Contenido del paquete<\/strong><\/h3>\n<ol data-start=\"977\" data-end=\"1192\">\n<li data-start=\"977\" data-end=\"1016\"><strong data-start=\"980\" data-end=\"1014\">Reflector transl\u00facido (difusor)<\/strong><\/li>\n<li data-start=\"1017\" data-end=\"1057\"><strong data-start=\"1020\" data-end=\"1055\">Reflector Dorado (tonos c\u00e1lidos)<\/strong><\/li>\n<li data-start=\"1058\" data-end=\"1097\"><strong data-start=\"1061\" data-end=\"1095\">Reflector plateado (tonos fr\u00edos)<\/strong><\/li>\n<li data-start=\"1098\" data-end=\"1128\"><strong data-start=\"1101\" data-end=\"1126\">Fondo blanco (neutro)<\/strong><\/li>\n<li data-start=\"1129\" data-end=\"1166\"><strong data-start=\"1132\" data-end=\"1164\">Reflector Dorado (tono suave)<\/strong><\/li>\n<li data-start=\"1167\" data-end=\"1192\"><strong data-start=\"1170\" data-end=\"1192\">Bolsa de transporte<\/strong><\/li>\n<\/ol>\n<p data-start=\"1194\" data-end=\"1304\"><em data-start=\"1194\" data-end=\"1304\">(Las superficies doradas tienen variaciones sutiles en intensidad y tono, dependiendo de la ubicaci\u00f3n de la tela).<\/em><\/p>\n<hr data-start=\"1306\" data-end=\"1309\">\n<h3 data-start=\"1311\" data-end=\"1338\"><strong data-start=\"1315\" data-end=\"1338\">Descripci\u00f3n detallada<\/strong><\/h3>\n<p data-start=\"1340\" data-end=\"1450\">El <strong data-start=\"1342\" data-end=\"1382\">reflector plegable 5 en 1 Godox de 80 cm<\/strong> ofrece cinco superficies distintas para un control total de la luz:<\/p>\n<ul data-start=\"1452\" data-end=\"2069\">\n<li data-start=\"1452\" data-end=\"1577\"><strong data-start=\"1454\" data-end=\"1469\">Transl\u00facido<\/strong>: funciona como difusor, suavizando naturalmente la luz del flash o del sol, reduciendo las sombras arrugadas.<\/li>\n<li data-start=\"1578\" data-end=\"1685\"><strong data-start=\"1580\" data-end=\"1606\">Dorado (tonos c\u00e1lidos):<\/strong> agrega una luz c\u00e1lida, acerc\u00e1ndose a una puesta de sol o al final de la tarde.<\/li>\n<li data-start=\"1686\" data-end=\"1810\"><strong data-start=\"1688\" data-end=\"1713\">Plata (tonos fr\u00edos):<\/strong> proporciona alta reflectividad y alto contraste, contribuyendo a una apariencia m\u00e1s fresca.<\/li>\n<li data-start=\"1811\" data-end=\"1937\"><strong data-start=\"1813\" data-end=\"1832\">Blanco (neutro):<\/strong> reflector suave y neutro, que ayuda a rellenar las sombras con luz suave sin cambiar la temperatura del color.<\/li>\n<li data-start=\"1938\" data-end=\"2069\"><strong data-start=\"1940\" data-end=\"1963\">Dorado (tono suave):<\/strong> tambi\u00e9n ofrece una tonalidad c\u00e1lida, pero con una intensidad menos acentuada, creando un ambiente acogedor.<\/li>\n<\/ul>\n<p data-start=\"2071\" data-end=\"2322\">Perfecto para retratos y primeros planos, pero igualmente \u00fatil para la fotograf\u00eda de naturaleza o de productos, brinda flexibilidad para ajustar las condiciones de iluminaci\u00f3n. Se puede utilizar en todas las fuentes de luz, incluida la luz solar directa, flash o luz continua. <\/p>\n<hr data-start=\"2324\" data-end=\"2327\">\n<h3 data-start=\"2329\" data-end=\"2360\"><strong data-start=\"2333\" data-end=\"2360\">Especificaciones t\u00e9cnicas<\/strong><\/h3>\n<ul data-start=\"2362\" data-end=\"2748\">\n<li data-start=\"2362\" data-end=\"2414\"><strong data-start=\"2364\" data-end=\"2394\">Formato\/Dimensiones (abierto):<\/strong> 80 cm (circular)<\/li>\n<li data-start=\"2415\" data-end=\"2477\"><strong data-start=\"2417\" data-end=\"2448\">Formato\/Dimensiones (plegado):<\/strong> ~1\/3 del di\u00e1metro (aprox.)<\/li>\n<li data-start=\"2478\" data-end=\"2526\"><strong data-start=\"2480\" data-end=\"2501\">Estructura interna<\/strong>: Borde met\u00e1lico flexible<\/li>\n<li data-start=\"2527\" data-end=\"2637\"><strong data-start=\"2529\" data-end=\"2549\">Material externo<\/strong>: Tejido reflectante diferenciado (oro, plata, blanco, transl\u00facido, oro suave)<\/li>\n<li data-start=\"2638\" data-end=\"2690\"><strong data-start=\"2640\" data-end=\"2657\">Peso (aprox.):<\/strong> [consultar manual\/fabricante]<\/li>\n<li data-start=\"2691\" data-end=\"2748\"><strong data-start=\"2693\" data-end=\"2706\">Aplicaci\u00f3n<\/strong>: Foto y video (interior y exterior)<\/li>\n<\/ul>\n<p data-start=\"2750\" data-end=\"2813\"><em data-start=\"2750\" data-end=\"2813\">(Puede haber ligeras variaciones seg\u00fan el lote y el proveedor).<\/em><\/p>\n<hr data-start=\"2815\" data-end=\"2818\">\n<h3 data-start=\"2820\" data-end=\"2852\"><strong data-start=\"2824\" data-end=\"2850\">Informaci\u00f3n adicional<\/strong><\/h3>\n<p data-start=\"2853\" data-end=\"2992\">Nota: Im\u00e1genes ilustrativas. Equipo adicional no incluido. Consulte el contenido y las especificaciones del paquete para obtener m\u00e1s detalles.  <\/p>\n","protected":false},"excerpt":{"rendered":"<p>Reflector plegable Godox 5 en 1 RFT-06 80 cm Funciones Dise\u00f1o plegableLa forma circular de 80 cm se pliega hasta<\/p>\n","protected":false},"featured_media":25343,"comment_status":"closed","ping_status":"closed","template":"","meta":{"_acf_changed":false},"product_brand":[2555],"product_cat":[956,955],"product_tag":[],"class_list":{"0":"post-72548","1":"product","2":"type-product","3":"status-publish","4":"has-post-thumbnail","6":"product_brand-godox-es","7":"product_cat-plegables-reflectores","8":"product_cat-reflectores-es","10":"first","11":"instock","12":"taxable","13":"shipping-taxable","14":"purchasable","15":"product-type-simple"},"bundled_by":[],"bundle_stock_status":"instock","bundle_stock_quantity":1,"bundle_virtual":false,"bundle_layout":"","bundle_add_to_cart_form_location":"","bundle_editable_in_cart":false,"bundle_sold_individually_context":"","bundle_item_grouping":"","bundle_min_size":"","bundle_max_size":"","bundle_price":[],"bundled_items":[],"bundle_sell_ids":[],"acf":[],"_links":{"self":[{"href":"https:\/\/hi-techwonder.com\/es\/wp-json\/wp\/v2\/product\/72548","targetHints":{"allow":["GET"]}}],"collection":[{"href":"https:\/\/hi-techwonder.com\/es\/wp-json\/wp\/v2\/product"}],"about":[{"href":"https:\/\/hi-techwonder.com\/es\/wp-json\/wp\/v2\/types\/product"}],"replies":[{"embeddable":true,"href":"https:\/\/hi-techwonder.com\/es\/wp-json\/wp\/v2\/comments?post=72548"}],"wp:featuredmedia":[{"embeddable":true,"href":"https:\/\/hi-techwonder.com\/es\/wp-json\/wp\/v2\/media\/25343"}],"wp:attachment":[{"href":"https:\/\/hi-techwonder.com\/es\/wp-json\/wp\/v2\/media?parent=72548"}],"wp:term":[{"taxonomy":"product_brand","embeddable":true,"href":"https:\/\/hi-techwonder.com\/es\/wp-json\/wp\/v2\/product_brand?post=72548"},{"taxonomy":"product_cat","embeddable":true,"href":"https:\/\/hi-techwonder.com\/es\/wp-json\/wp\/v2\/product_cat?post=72548"},{"taxonomy":"product_tag","embeddable":true,"href":"https:\/\/hi-techwonder.com\/es\/wp-json\/wp\/v2\/product_tag?post=72548"}],"curies":[{"name":"wp","href":"https:\/\/api.w.org\/{rel}","templated":true}]}}