{"id":72549,"date":"2025-07-28T23:38:43","date_gmt":"2025-07-28T23:38:43","guid":{"rendered":"https:\/\/fv6qoy3ls0.wpdns.site\/produto\/godox-reflector-plegable-5-en-1-rft-05-80-cm\/"},"modified":"2026-04-01T16:53:48","modified_gmt":"2026-04-01T15:53:48","slug":"godox-reflector-plegable-5-en-1-rft-05-80-cm","status":"publish","type":"product","link":"https:\/\/hi-techwonder.com\/es\/producto\/godox-reflector-plegable-5-en-1-rft-05-80-cm\/","title":{"rendered":"GODOX Reflector Plegable 5 en 1 RFT-05 80 cm"},"content":{"rendered":"<h3 data-start=\"0\" data-end=\"44\"><strong data-start=\"4\" data-end=\"44\">Godox Reflector plegable 5 en 1 RFT-05 80 cm<\/strong><\/h3>\n<hr data-start=\"46\" data-end=\"49\">\n<h3 data-start=\"51\" data-end=\"74\"><strong data-start=\"55\" data-end=\"74\">Funciones<\/strong><\/h3>\n<ul data-start=\"76\" data-end=\"1016\">\n<li data-start=\"76\" data-end=\"225\">\n<p data-start=\"78\" data-end=\"225\"><strong data-start=\"78\" data-end=\"108\">Uso en interiores y exteriores<\/strong><br data-start=\"108\" data-end=\"111\">Funciona en cualquier entorno y es adecuado para todo tipo de fuentes de luz (luz natural, flash o continua).<\/p>\n<\/li>\n<li data-start=\"227\" data-end=\"406\">\n<p data-start=\"229\" data-end=\"406\"><strong data-start=\"229\" data-end=\"273\">Versatilidad fotogr\u00e1fica y videogr\u00e1fica<\/strong><br data-start=\"273\" data-end=\"276\">Adecuado para retratos, primeros planos, fotograf\u00eda de productos, escenas de naturaleza y v\u00eddeo, ya sea para fotograf\u00eda anal\u00f3gica o digital.<\/p>\n<\/li>\n<li data-start=\"408\" data-end=\"605\">\n<p data-start=\"410\" data-end=\"605\"><strong data-start=\"410\" data-end=\"436\">Control de iluminaci\u00f3n<\/strong><br data-start=\"436\" data-end=\"439\">Cada superficie reflectante o difusora ajusta la luz de manera diferente, lo que le permite suavizar, calentar, enfriar o incluso bloquear la luz, seg\u00fan las necesidades creativas.<\/p>\n<\/li>\n<li data-start=\"607\" data-end=\"778\">\n<p data-start=\"609\" data-end=\"778\"><strong data-start=\"609\" data-end=\"640\">Formato plegable y port\u00e1til<\/strong><br data-start=\"640\" data-end=\"643\">Con un di\u00e1metro abierto de 80 cm y una estructura de anillo met\u00e1lico flexible, se pliega f\u00e1cilmente, ocupando poco espacio en la bolsa de transporte.<\/p>\n<\/li>\n<li data-start=\"780\" data-end=\"1016\">\n<p data-start=\"782\" data-end=\"845\"><strong data-start=\"782\" data-end=\"803\">Construcci\u00f3n 5 en 1<\/strong><br data-start=\"803\" data-end=\"806\">Cuenta con 5 superficies diferentes:<\/p>\n<ul data-start=\"848\" data-end=\"1016\">\n<li data-start=\"848\" data-end=\"873\">Transl\u00facido (difusor)<\/li>\n<li data-start=\"876\" data-end=\"902\">Dorado (tonos c\u00e1lidos)<\/li>\n<li data-start=\"905\" data-end=\"947\">Plata (tonos fr\u00edos y alto contraste)<\/li>\n<li data-start=\"950\" data-end=\"977\">Blanco (neutro y suave)<\/li>\n<li data-start=\"980\" data-end=\"1016\">Negro (bloquea o reduce los reflejos)<\/li>\n<\/ul>\n<\/li>\n<\/ul>\n<hr data-start=\"1018\" data-end=\"1021\">\n<h3 data-start=\"1023\" data-end=\"1052\"><strong data-start=\"1027\" data-end=\"1052\">Contenido del paquete<\/strong><\/h3>\n<ul data-start=\"1054\" data-end=\"1268\">\n<li data-start=\"1054\" data-end=\"1093\">1 \u00d7 <strong data-start=\"1060\" data-end=\"1091\">Reflector blanco transl\u00facido<\/strong><\/li>\n<li data-start=\"1094\" data-end=\"1137\">1 \u00d7 <strong data-start=\"1100\" data-end=\"1135\">Reflector Dorado (tonos c\u00e1lidos)<\/strong><\/li>\n<li data-start=\"1138\" data-end=\"1180\">1 \u00d7 <strong data-start=\"1144\" data-end=\"1178\">Reflector Plateado (tonos fr\u00edos)<\/strong><\/li>\n<li data-start=\"1181\" data-end=\"1214\">1 \u00d7 <strong data-start=\"1187\" data-end=\"1212\">Fondo blanco (neutro)<\/strong><\/li>\n<li data-start=\"1215\" data-end=\"1238\">1 \u00d7 <strong data-start=\"1221\" data-end=\"1236\">Fondo Negro<\/strong><\/li>\n<li data-start=\"1239\" data-end=\"1268\">1 <strong data-start=\"1245\" data-end=\"1268\">\u00d7 bolsa de transporte<\/strong><\/li>\n<\/ul>\n<p data-start=\"1270\" data-end=\"1339\"><em data-start=\"1270\" data-end=\"1339\">(Los art\u00edculos pueden variar ligeramente dependiendo del lote o proveedor.)<\/em><\/p>\n<hr data-start=\"1341\" data-end=\"1344\">\n<h3 data-start=\"1346\" data-end=\"1373\"><strong data-start=\"1350\" data-end=\"1373\">Descripci\u00f3n detallada<\/strong><\/h3>\n<p data-start=\"1375\" data-end=\"1878\">El <strong data-start=\"1377\" data-end=\"1417\">reflector plegable Godox 5 en 1 de 80 cm<\/strong> ofrece cinco superficies para dar forma creativa a la luz, lo que ayuda a crear resultados profesionales en fotograf\u00eda y video. El material transl\u00facido act\u00faa como difusor, suavizando la luz solar o el destello, mientras que el dorado agrega tonos c\u00e1lidos y el plateado realza el contraste con tonos fr\u00edos. La superficie blanca refleja la luz de forma neutra, perfecta para rellenar suavemente las sombras, mientras que el fondo negro resta luz o bloquea los reflejos no deseados.  <\/p>\n<p data-start=\"1880\" data-end=\"2255\">Dise\u00f1ado tanto para uso en estudio como en exteriores, con una amplia variedad de aplicaciones (retratos, productos, naturaleza, retratos en primer plano), este reflector se pliega en un factor de forma compacto, lo que facilita su transporte. Con el borde met\u00e1lico interno y la tela reversible, los cambios de superficie son r\u00e1pidos y simples, lo que permite ajustes inmediatos a las condiciones de iluminaci\u00f3n. <\/p>\n<hr data-start=\"2257\" data-end=\"2260\">\n<h3 data-start=\"2262\" data-end=\"2293\"><strong data-start=\"2266\" data-end=\"2293\">Especificaciones t\u00e9cnicas<\/strong><\/h3>\n<ul data-start=\"2295\" data-end=\"2673\">\n<li data-start=\"2295\" data-end=\"2370\"><strong data-start=\"2297\" data-end=\"2309\">Factor de forma:<\/strong> 5 en 1 (transl\u00facido \/ dorado \/ plateado \/ blanco \/ negro)<\/li>\n<li data-start=\"2371\" data-end=\"2416\"><strong data-start=\"2373\" data-end=\"2396\">Dimensiones (abierto):<\/strong> 80 cm de di\u00e1metro<\/li>\n<li data-start=\"2417\" data-end=\"2478\"><strong data-start=\"2419\" data-end=\"2443\">Dimensiones (plegado):<\/strong> ~1\/3 del di\u00e1metro abierto (aprox.)<\/li>\n<li data-start=\"2479\" data-end=\"2519\"><strong data-start=\"2481\" data-end=\"2495\">Estructura:<\/strong> Llanta met\u00e1lica flexible<\/li>\n<li data-start=\"2520\" data-end=\"2565\"><strong data-start=\"2522\" data-end=\"2531\">Peso:<\/strong> [Consultar datos del fabricante]<\/li>\n<li data-start=\"2566\" data-end=\"2673\"><strong data-start=\"2568\" data-end=\"2583\">Aplicaciones:<\/strong> Fotograf\u00eda (anal\u00f3gica y digital), v\u00eddeo, exteriores e interiores, retratos, productos, etc.<\/li>\n<\/ul>\n<p data-start=\"2675\" data-end=\"2785\"><em data-start=\"2675\" data-end=\"2785\">(Los valores pueden variar seg\u00fan el lote de fabricaci\u00f3n. Consulte la documentaci\u00f3n oficial para obtener datos precisos).<\/em><\/p>\n<hr data-start=\"2787\" data-end=\"2790\">\n<h3 data-start=\"2792\" data-end=\"2824\"><strong data-start=\"2796\" data-end=\"2822\">Informaci\u00f3n adicional<\/strong><\/h3>\n<p data-start=\"2825\" data-end=\"2964\">Nota: Im\u00e1genes ilustrativas. Equipo adicional no incluido. Consulte el contenido y las especificaciones del paquete para obtener m\u00e1s detalles.  <\/p>\n","protected":false},"excerpt":{"rendered":"<p>Godox Reflector plegable 5 en 1 RFT-05 80 cm Funciones Uso en interiores y exterioresFunciona en cualquier entorno y es<\/p>\n","protected":false},"featured_media":25350,"comment_status":"closed","ping_status":"closed","template":"","meta":{"_acf_changed":false},"product_brand":[2555],"product_cat":[956,955],"product_tag":[],"class_list":{"0":"post-72549","1":"product","2":"type-product","3":"status-publish","4":"has-post-thumbnail","6":"product_brand-godox-es","7":"product_cat-plegables-reflectores","8":"product_cat-reflectores-es","10":"first","11":"instock","12":"taxable","13":"shipping-taxable","14":"purchasable","15":"product-type-simple"},"bundled_by":[],"bundle_stock_status":"instock","bundle_stock_quantity":2,"bundle_virtual":false,"bundle_layout":"","bundle_add_to_cart_form_location":"","bundle_editable_in_cart":false,"bundle_sold_individually_context":"","bundle_item_grouping":"","bundle_min_size":"","bundle_max_size":"","bundle_price":[],"bundled_items":[],"bundle_sell_ids":[],"acf":[],"_links":{"self":[{"href":"https:\/\/hi-techwonder.com\/es\/wp-json\/wp\/v2\/product\/72549","targetHints":{"allow":["GET"]}}],"collection":[{"href":"https:\/\/hi-techwonder.com\/es\/wp-json\/wp\/v2\/product"}],"about":[{"href":"https:\/\/hi-techwonder.com\/es\/wp-json\/wp\/v2\/types\/product"}],"replies":[{"embeddable":true,"href":"https:\/\/hi-techwonder.com\/es\/wp-json\/wp\/v2\/comments?post=72549"}],"wp:featuredmedia":[{"embeddable":true,"href":"https:\/\/hi-techwonder.com\/es\/wp-json\/wp\/v2\/media\/25350"}],"wp:attachment":[{"href":"https:\/\/hi-techwonder.com\/es\/wp-json\/wp\/v2\/media?parent=72549"}],"wp:term":[{"taxonomy":"product_brand","embeddable":true,"href":"https:\/\/hi-techwonder.com\/es\/wp-json\/wp\/v2\/product_brand?post=72549"},{"taxonomy":"product_cat","embeddable":true,"href":"https:\/\/hi-techwonder.com\/es\/wp-json\/wp\/v2\/product_cat?post=72549"},{"taxonomy":"product_tag","embeddable":true,"href":"https:\/\/hi-techwonder.com\/es\/wp-json\/wp\/v2\/product_tag?post=72549"}],"curies":[{"name":"wp","href":"https:\/\/api.w.org\/{rel}","templated":true}]}}