{"id":72552,"date":"2025-07-28T23:38:39","date_gmt":"2025-07-28T23:38:39","guid":{"rendered":"https:\/\/fv6qoy3ls0.wpdns.site\/produto\/godox-reflector-plegable-7-en-1-150x200cm\/"},"modified":"2026-04-08T10:16:13","modified_gmt":"2026-04-08T09:16:13","slug":"godox-reflector-plegable-7-en-1-150x200cm","status":"publish","type":"product","link":"https:\/\/hi-techwonder.com\/es\/producto\/godox-reflector-plegable-7-en-1-150x200cm\/","title":{"rendered":"GODOX Reflector plegable 7 en 1 150x200cm"},"content":{"rendered":"<p style=\"box-sizing: border-box; color: #4b4b4b; font-family: 'Open Sans', sans-serif; font-size: 14.4px; text-align: justify;\">Robusto reflector 7 en 1 de Godox, en colores dorado, plateado, negro, blanco, azul y verde. Adem\u00e1s, se incluye una pantalla transl\u00facida que tambi\u00e9n se puede utilizar como difusor. <\/p>\n<p style=\"box-sizing: border-box; color: #4b4b4b; font-family: 'Open Sans', sans-serif; font-size: 14.4px; text-align: justify;\"><strong style=\"box-sizing: border-box;\">Caracter\u00edsticas<\/strong><\/p>\n<ul style=\"box-sizing: border-box; color: #4b4b4b; font-family: 'Open Sans', sans-serif; font-size: 14.4px; text-align: justify;\">\n<li style=\"box-sizing: border-box;\">Tama\u00f1o: 150x200cm<\/li>\n<li style=\"box-sizing: border-box;\">Forma: Ovalada<\/li>\n<\/ul>\n","protected":false},"excerpt":{"rendered":"<p>Robusto reflector 7 en 1 de Godox, en colores dorado, plateado, negro, blanco, azul y verde. Adem\u00e1s, se incluye una<\/p>\n","protected":false},"featured_media":25337,"comment_status":"closed","ping_status":"closed","template":"","meta":{"_acf_changed":false},"product_brand":[2555],"product_cat":[956,955],"product_tag":[],"class_list":{"0":"post-72552","1":"product","2":"type-product","3":"status-publish","4":"has-post-thumbnail","6":"product_brand-godox-es","7":"product_cat-plegables-reflectores","8":"product_cat-reflectores-es","10":"first","11":"pre-order","12":"taxable","13":"shipping-taxable","14":"purchasable","15":"product-type-simple"},"bundled_by":[],"bundle_stock_status":"pre-order","bundle_stock_quantity":null,"bundle_virtual":false,"bundle_layout":"","bundle_add_to_cart_form_location":"","bundle_editable_in_cart":false,"bundle_sold_individually_context":"","bundle_item_grouping":"","bundle_min_size":"","bundle_max_size":"","bundle_price":[],"bundled_items":[],"bundle_sell_ids":[],"acf":[],"_links":{"self":[{"href":"https:\/\/hi-techwonder.com\/es\/wp-json\/wp\/v2\/product\/72552","targetHints":{"allow":["GET"]}}],"collection":[{"href":"https:\/\/hi-techwonder.com\/es\/wp-json\/wp\/v2\/product"}],"about":[{"href":"https:\/\/hi-techwonder.com\/es\/wp-json\/wp\/v2\/types\/product"}],"replies":[{"embeddable":true,"href":"https:\/\/hi-techwonder.com\/es\/wp-json\/wp\/v2\/comments?post=72552"}],"wp:featuredmedia":[{"embeddable":true,"href":"https:\/\/hi-techwonder.com\/es\/wp-json\/wp\/v2\/media\/25337"}],"wp:attachment":[{"href":"https:\/\/hi-techwonder.com\/es\/wp-json\/wp\/v2\/media?parent=72552"}],"wp:term":[{"taxonomy":"product_brand","embeddable":true,"href":"https:\/\/hi-techwonder.com\/es\/wp-json\/wp\/v2\/product_brand?post=72552"},{"taxonomy":"product_cat","embeddable":true,"href":"https:\/\/hi-techwonder.com\/es\/wp-json\/wp\/v2\/product_cat?post=72552"},{"taxonomy":"product_tag","embeddable":true,"href":"https:\/\/hi-techwonder.com\/es\/wp-json\/wp\/v2\/product_tag?post=72552"}],"curies":[{"name":"wp","href":"https:\/\/api.w.org\/{rel}","templated":true}]}}