{"id":72553,"date":"2025-07-29T10:19:33","date_gmt":"2025-07-29T10:19:33","guid":{"rendered":"https:\/\/fv6qoy3ls0.wpdns.site\/produto\/reflector-godox-panal-filtros-para-ad300pro\/"},"modified":"2026-01-31T01:41:49","modified_gmt":"2026-01-31T01:41:49","slug":"godox-reflector-godox-panal-filtros-para-ad300pro","status":"publish","type":"product","link":"https:\/\/hi-techwonder.com\/es\/producto\/godox-reflector-godox-panal-filtros-para-ad300pro\/","title":{"rendered":"Reflector GODOX + Panal + Filtros para AD300Pro"},"content":{"rendered":"<h3><strong>Reflector GODOX + Panal + Filtros para AD300Pro<\/strong><\/h3>\n<p>Godox proporcion\u00f3 un modificador de control y cinco filtros para estimular la creatividad con el reflector est\u00e1ndar con portafiltros para el cabezal de flash AD300pro. La rejilla se monta f\u00e1cilmente en el reflector, donde elimina la luz derramada mientras reduce la dispersi\u00f3n del haz de luz para una iluminaci\u00f3n selectiva. Para una expresi\u00f3n creativa, los filtros rojo, amarillo, azul y verde vienen con el modificador. Tambi\u00e9n se incluye un filtro de difusi\u00f3n.   <\/p>\n<p><strong>En la caja<\/strong><\/p>\n<ul>\n<li>Reflector est\u00e1ndar Godox con soporte de filtro para cabezal de flash AD300pro<\/li>\n<li>Parrilla de nido de abeja<\/li>\n<li>Filtro rojo<\/li>\n<li>Filtro amarillo<\/li>\n<li>Filtro azul<\/li>\n<li>Filtro verde<\/li>\n<li>Difusor<\/li>\n<\/ul>\n","protected":false},"excerpt":{"rendered":"<p>Reflector GODOX + Panal + Filtros para AD300Pro Godox proporcion\u00f3 un modificador de control y cinco filtros para estimular la<\/p>\n","protected":false},"featured_media":61696,"comment_status":"closed","ping_status":"open","template":"","meta":{"_acf_changed":false},"product_brand":[2555],"product_cat":[1002],"product_tag":[],"class_list":{"0":"post-72553","1":"product","2":"type-product","3":"status-publish","4":"has-post-thumbnail","6":"product_brand-godox-es","7":"product_cat-beauty-dish-es","9":"first","10":"onbackorder","11":"taxable","12":"shipping-taxable","13":"purchasable","14":"product-type-simple"},"bundled_by":[],"bundle_stock_status":"onbackorder","bundle_stock_quantity":0,"bundle_virtual":false,"bundle_layout":"","bundle_add_to_cart_form_location":"","bundle_editable_in_cart":false,"bundle_sold_individually_context":"","bundle_item_grouping":"","bundle_min_size":"","bundle_max_size":"","bundle_price":[],"bundled_items":[],"bundle_sell_ids":[],"acf":[],"_links":{"self":[{"href":"https:\/\/hi-techwonder.com\/es\/wp-json\/wp\/v2\/product\/72553","targetHints":{"allow":["GET"]}}],"collection":[{"href":"https:\/\/hi-techwonder.com\/es\/wp-json\/wp\/v2\/product"}],"about":[{"href":"https:\/\/hi-techwonder.com\/es\/wp-json\/wp\/v2\/types\/product"}],"replies":[{"embeddable":true,"href":"https:\/\/hi-techwonder.com\/es\/wp-json\/wp\/v2\/comments?post=72553"}],"wp:featuredmedia":[{"embeddable":true,"href":"https:\/\/hi-techwonder.com\/es\/wp-json\/wp\/v2\/media\/61696"}],"wp:attachment":[{"href":"https:\/\/hi-techwonder.com\/es\/wp-json\/wp\/v2\/media?parent=72553"}],"wp:term":[{"taxonomy":"product_brand","embeddable":true,"href":"https:\/\/hi-techwonder.com\/es\/wp-json\/wp\/v2\/product_brand?post=72553"},{"taxonomy":"product_cat","embeddable":true,"href":"https:\/\/hi-techwonder.com\/es\/wp-json\/wp\/v2\/product_cat?post=72553"},{"taxonomy":"product_tag","embeddable":true,"href":"https:\/\/hi-techwonder.com\/es\/wp-json\/wp\/v2\/product_tag?post=72553"}],"curies":[{"name":"wp","href":"https:\/\/api.w.org\/{rel}","templated":true}]}}